{"id":19213,"date":"2021-01-20T15:33:16","date_gmt":"2021-01-20T14:33:16","guid":{"rendered":"https:\/\/emasweden.com\/produkt\/hd-500-nivellierloeffel-1600l-2000mm-s80\/"},"modified":"2025-10-01T13:47:54","modified_gmt":"2025-10-01T11:47:54","slug":"hd-500-nivellierloeffel-1600l-2000mm-s80","status":"publish","type":"product","link":"https:\/\/emasweden.com\/de\/produkt\/hd-500-nivellierloeffel-1600l-2000mm-s80\/","title":{"rendered":"HD 500 Nivellierl\u00f6ffel 1600L &#8211; 2000mm &#8211; S80"},"content":{"rendered":"<p><sup>HD 500 Nivellierl\u00f6ffel 1600L &#8211; 2000mm &#8211; S80<\/sup><br \/>Nivellierl\u00f6ffel HD500<br \/>\n<br \/>&#8211; Heavy Duty 500 (HD500) ist eine Serie von Nivellierl\u00f6ffeln von EMA, die haupts\u00e4chlich aus dem langlebigen Material HARDOX 500 gefertigt sind. Laut SSAB und deren Tests erh\u00f6ht HARDOX 500 die Lebensdauer der Schaufel um bis zu 50%. Die Schaufeln sind robust gebaut und mit Verschlei\u00dfrippen und Verst\u00e4rkungen gegen die Befestigung versehen.  <\/p>\n<p>&#8211; Der Schnitt in 500 Brinell  <a href=\"https:\/\/www.borox.se\/produkter\/skopst%C3%A5l\" target=\"_blank\" rel=\"noopener\">BOROX<\/a><br \/>\n<br \/>&#8211; Boden, Kanten, Verschlei\u00dfstreifen und Seiten aus <a href=\"https:\/\/www.ssab.com\/products\/brands\/hardox\/products\/hardox-500\" target=\"_blank\" rel=\"noopener\">HARDOX 500<\/a><br \/>\n<br \/>&#8211; Schutzkappe vor dem Schaufelaufsatz, um zu verhindern, dass Material in den Netzaufsatz gelangt<\/p>\n","protected":false},"excerpt":{"rendered":"<p>HD 500 Nivellierl\u00f6ffel 1600L &#8211; 2000mm &#8211; S80Nivellierl\u00f6ffel HD500 &#8211; Heavy Duty 500 (HD500) ist eine Serie von Nivellierl\u00f6ffeln von EMA, die haupts\u00e4chlich aus dem langlebigen Material HARDOX 500 gefertigt sind. Laut SSAB und deren Tests erh\u00f6ht HARDOX 500 die Lebensdauer der Schaufel um bis zu 50%. Die Schaufeln sind robust gebaut und mit Verschlei\u00dfrippen [&hellip;]<\/p>\n","protected":false},"featured_media":21106,"template":"","meta":{"_monsterinsights_skip_tracking":false,"_monsterinsights_sitenote_active":false,"_monsterinsights_sitenote_note":"","_monsterinsights_sitenote_category":0},"product_brand":[],"product_cat":[3594],"product_tag":[],"faste-y":[],"class_list":{"0":"post-19213","1":"product","2":"type-product","3":"status-publish","4":"has-post-thumbnail","6":"product_cat-planierloeffel-grabenraumloeffel-mobilbagger-hardox-450-500","7":"pa_max-bredd-2000mm","8":"pa_vikt-1300kg","10":"first","11":"instock","12":"purchasable","13":"product-type-simple"},"yoast_head":"<!-- This site is optimized with the Yoast SEO plugin v27.3 - https:\/\/yoast.com\/product\/yoast-seo-wordpress\/ -->\n<title>HD 500 Nivellierl\u00f6ffel 1600L - 2000mm - S80 - EMA Sverige<\/title>\n<meta name=\"description\" content=\"HD 500 Planierschaufel 1600L - 2000mm - S80 Schneidet in 500 Brinell BOROX. \u00c4u\u00dfere Teile aus HARDOX 500 Schutzkappe vor dem Schaufelaufsatz\" \/>\n<meta name=\"robots\" content=\"index, follow, max-snippet:-1, max-image-preview:large, max-video-preview:-1\" \/>\n<link rel=\"canonical\" href=\"https:\/\/emasweden.com\/de\/produkt\/hd-500-nivellierloeffel-1600l-2000mm-s80\/\" \/>\n<meta property=\"og:locale\" content=\"de_DE\" \/>\n<meta property=\"og:type\" content=\"article\" \/>\n<meta property=\"og:title\" content=\"HD 500 Nivellierl\u00f6ffel 1600L - 2000mm - S80 - EMA Sverige\" \/>\n<meta property=\"og:description\" content=\"HD 500 Planierschaufel 1600L - 2000mm - S80 Schneidet in 500 Brinell BOROX. \u00c4u\u00dfere Teile aus HARDOX 500 Schutzkappe vor dem Schaufelaufsatz\" \/>\n<meta property=\"og:url\" content=\"https:\/\/emasweden.com\/de\/produkt\/hd-500-nivellierloeffel-1600l-2000mm-s80\/\" \/>\n<meta property=\"og:site_name\" content=\"EMA Sverige\" \/>\n<meta property=\"article:modified_time\" content=\"2025-10-01T11:47:54+00:00\" \/>\n<meta property=\"og:image\" content=\"https:\/\/emasweden.com\/wp-content\/uploads\/2021\/01\/PRO-003873_1-3-scaled.jpg\" \/>\n\t<meta property=\"og:image:width\" content=\"2560\" \/>\n\t<meta property=\"og:image:height\" content=\"1920\" \/>\n\t<meta property=\"og:image:type\" content=\"image\/jpeg\" \/>\n<meta name=\"twitter:card\" content=\"summary_large_image\" \/>\n<script type=\"application\/ld+json\" class=\"yoast-schema-graph\">{\"@context\":\"https:\\\/\\\/schema.org\",\"@graph\":[{\"@type\":\"WebPage\",\"@id\":\"https:\\\/\\\/emasweden.com\\\/de\\\/produkt\\\/hd-500-nivellierloeffel-1600l-2000mm-s80\\\/\",\"url\":\"https:\\\/\\\/emasweden.com\\\/de\\\/produkt\\\/hd-500-nivellierloeffel-1600l-2000mm-s80\\\/\",\"name\":\"HD 500 Nivellierl\u00f6ffel 1600L - 2000mm - S80 - EMA Sverige\",\"isPartOf\":{\"@id\":\"https:\\\/\\\/emasweden.com\\\/de\\\/#website\"},\"primaryImageOfPage\":{\"@id\":\"https:\\\/\\\/emasweden.com\\\/de\\\/produkt\\\/hd-500-nivellierloeffel-1600l-2000mm-s80\\\/#primaryimage\"},\"image\":{\"@id\":\"https:\\\/\\\/emasweden.com\\\/de\\\/produkt\\\/hd-500-nivellierloeffel-1600l-2000mm-s80\\\/#primaryimage\"},\"thumbnailUrl\":\"https:\\\/\\\/emasweden.com\\\/wp-content\\\/uploads\\\/2021\\\/01\\\/PRO-003873_1-3-scaled.jpg\",\"datePublished\":\"2021-01-20T14:33:16+00:00\",\"dateModified\":\"2025-10-01T11:47:54+00:00\",\"description\":\"HD 500 Planierschaufel 1600L - 2000mm - S80 Schneidet in 500 Brinell BOROX. \u00c4u\u00dfere Teile aus HARDOX 500 Schutzkappe vor dem Schaufelaufsatz\",\"breadcrumb\":{\"@id\":\"https:\\\/\\\/emasweden.com\\\/de\\\/produkt\\\/hd-500-nivellierloeffel-1600l-2000mm-s80\\\/#breadcrumb\"},\"inLanguage\":\"de\",\"potentialAction\":[{\"@type\":\"ReadAction\",\"target\":[\"https:\\\/\\\/emasweden.com\\\/de\\\/produkt\\\/hd-500-nivellierloeffel-1600l-2000mm-s80\\\/\"]}]},{\"@type\":\"ImageObject\",\"inLanguage\":\"de\",\"@id\":\"https:\\\/\\\/emasweden.com\\\/de\\\/produkt\\\/hd-500-nivellierloeffel-1600l-2000mm-s80\\\/#primaryimage\",\"url\":\"https:\\\/\\\/emasweden.com\\\/wp-content\\\/uploads\\\/2021\\\/01\\\/PRO-003873_1-3-scaled.jpg\",\"contentUrl\":\"https:\\\/\\\/emasweden.com\\\/wp-content\\\/uploads\\\/2021\\\/01\\\/PRO-003873_1-3-scaled.jpg\",\"width\":2560,\"height\":1920,\"caption\":\"HD 500 Planeringsskopa 1600L - 2000mm - S80\"},{\"@type\":\"BreadcrumbList\",\"@id\":\"https:\\\/\\\/emasweden.com\\\/de\\\/produkt\\\/hd-500-nivellierloeffel-1600l-2000mm-s80\\\/#breadcrumb\",\"itemListElement\":[{\"@type\":\"ListItem\",\"position\":1,\"name\":\"Hem\",\"item\":\"https:\\\/\\\/emasweden.com\\\/de\\\/\"},{\"@type\":\"ListItem\",\"position\":2,\"name\":\"Produktsortiment\",\"item\":\"https:\\\/\\\/emasweden.com\\\/de\\\/produktsortiment-2\\\/\"},{\"@type\":\"ListItem\",\"position\":3,\"name\":\"HD 500 Nivellierl\u00f6ffel 1600L &#8211; 2000mm &#8211; S80\"}]},{\"@type\":\"WebSite\",\"@id\":\"https:\\\/\\\/emasweden.com\\\/de\\\/#website\",\"url\":\"https:\\\/\\\/emasweden.com\\\/de\\\/\",\"name\":\"EMA Sverige\",\"description\":\"\",\"potentialAction\":[{\"@type\":\"SearchAction\",\"target\":{\"@type\":\"EntryPoint\",\"urlTemplate\":\"https:\\\/\\\/emasweden.com\\\/de\\\/?s={search_term_string}\"},\"query-input\":{\"@type\":\"PropertyValueSpecification\",\"valueRequired\":true,\"valueName\":\"search_term_string\"}}],\"inLanguage\":\"de\"}]}<\/script>\n<!-- \/ Yoast SEO plugin. -->","yoast_head_json":{"title":"HD 500 Nivellierl\u00f6ffel 1600L - 2000mm - S80 - EMA Sverige","description":"HD 500 Planierschaufel 1600L - 2000mm - S80 Schneidet in 500 Brinell BOROX. \u00c4u\u00dfere Teile aus HARDOX 500 Schutzkappe vor dem Schaufelaufsatz","robots":{"index":"index","follow":"follow","max-snippet":"max-snippet:-1","max-image-preview":"max-image-preview:large","max-video-preview":"max-video-preview:-1"},"canonical":"https:\/\/emasweden.com\/de\/produkt\/hd-500-nivellierloeffel-1600l-2000mm-s80\/","og_locale":"de_DE","og_type":"article","og_title":"HD 500 Nivellierl\u00f6ffel 1600L - 2000mm - S80 - EMA Sverige","og_description":"HD 500 Planierschaufel 1600L - 2000mm - S80 Schneidet in 500 Brinell BOROX. \u00c4u\u00dfere Teile aus HARDOX 500 Schutzkappe vor dem Schaufelaufsatz","og_url":"https:\/\/emasweden.com\/de\/produkt\/hd-500-nivellierloeffel-1600l-2000mm-s80\/","og_site_name":"EMA Sverige","article_modified_time":"2025-10-01T11:47:54+00:00","og_image":[{"width":2560,"height":1920,"url":"https:\/\/emasweden.com\/wp-content\/uploads\/2021\/01\/PRO-003873_1-3-scaled.jpg","type":"image\/jpeg"}],"twitter_card":"summary_large_image","schema":{"@context":"https:\/\/schema.org","@graph":[{"@type":"WebPage","@id":"https:\/\/emasweden.com\/de\/produkt\/hd-500-nivellierloeffel-1600l-2000mm-s80\/","url":"https:\/\/emasweden.com\/de\/produkt\/hd-500-nivellierloeffel-1600l-2000mm-s80\/","name":"HD 500 Nivellierl\u00f6ffel 1600L - 2000mm - S80 - EMA Sverige","isPartOf":{"@id":"https:\/\/emasweden.com\/de\/#website"},"primaryImageOfPage":{"@id":"https:\/\/emasweden.com\/de\/produkt\/hd-500-nivellierloeffel-1600l-2000mm-s80\/#primaryimage"},"image":{"@id":"https:\/\/emasweden.com\/de\/produkt\/hd-500-nivellierloeffel-1600l-2000mm-s80\/#primaryimage"},"thumbnailUrl":"https:\/\/emasweden.com\/wp-content\/uploads\/2021\/01\/PRO-003873_1-3-scaled.jpg","datePublished":"2021-01-20T14:33:16+00:00","dateModified":"2025-10-01T11:47:54+00:00","description":"HD 500 Planierschaufel 1600L - 2000mm - S80 Schneidet in 500 Brinell BOROX. \u00c4u\u00dfere Teile aus HARDOX 500 Schutzkappe vor dem Schaufelaufsatz","breadcrumb":{"@id":"https:\/\/emasweden.com\/de\/produkt\/hd-500-nivellierloeffel-1600l-2000mm-s80\/#breadcrumb"},"inLanguage":"de","potentialAction":[{"@type":"ReadAction","target":["https:\/\/emasweden.com\/de\/produkt\/hd-500-nivellierloeffel-1600l-2000mm-s80\/"]}]},{"@type":"ImageObject","inLanguage":"de","@id":"https:\/\/emasweden.com\/de\/produkt\/hd-500-nivellierloeffel-1600l-2000mm-s80\/#primaryimage","url":"https:\/\/emasweden.com\/wp-content\/uploads\/2021\/01\/PRO-003873_1-3-scaled.jpg","contentUrl":"https:\/\/emasweden.com\/wp-content\/uploads\/2021\/01\/PRO-003873_1-3-scaled.jpg","width":2560,"height":1920,"caption":"HD 500 Planeringsskopa 1600L - 2000mm - S80"},{"@type":"BreadcrumbList","@id":"https:\/\/emasweden.com\/de\/produkt\/hd-500-nivellierloeffel-1600l-2000mm-s80\/#breadcrumb","itemListElement":[{"@type":"ListItem","position":1,"name":"Hem","item":"https:\/\/emasweden.com\/de\/"},{"@type":"ListItem","position":2,"name":"Produktsortiment","item":"https:\/\/emasweden.com\/de\/produktsortiment-2\/"},{"@type":"ListItem","position":3,"name":"HD 500 Nivellierl\u00f6ffel 1600L &#8211; 2000mm &#8211; S80"}]},{"@type":"WebSite","@id":"https:\/\/emasweden.com\/de\/#website","url":"https:\/\/emasweden.com\/de\/","name":"EMA Sverige","description":"","potentialAction":[{"@type":"SearchAction","target":{"@type":"EntryPoint","urlTemplate":"https:\/\/emasweden.com\/de\/?s={search_term_string}"},"query-input":{"@type":"PropertyValueSpecification","valueRequired":true,"valueName":"search_term_string"}}],"inLanguage":"de"}]}},"_links":{"self":[{"href":"https:\/\/emasweden.com\/de\/wp-json\/wp\/v2\/product\/19213","targetHints":{"allow":["GET"]}}],"collection":[{"href":"https:\/\/emasweden.com\/de\/wp-json\/wp\/v2\/product"}],"about":[{"href":"https:\/\/emasweden.com\/de\/wp-json\/wp\/v2\/types\/product"}],"wp:featuredmedia":[{"embeddable":true,"href":"https:\/\/emasweden.com\/de\/wp-json\/wp\/v2\/media\/21106"}],"wp:attachment":[{"href":"https:\/\/emasweden.com\/de\/wp-json\/wp\/v2\/media?parent=19213"}],"wp:term":[{"taxonomy":"product_brand","embeddable":true,"href":"https:\/\/emasweden.com\/de\/wp-json\/wp\/v2\/product_brand?post=19213"},{"taxonomy":"product_cat","embeddable":true,"href":"https:\/\/emasweden.com\/de\/wp-json\/wp\/v2\/product_cat?post=19213"},{"taxonomy":"product_tag","embeddable":true,"href":"https:\/\/emasweden.com\/de\/wp-json\/wp\/v2\/product_tag?post=19213"},{"taxonomy":"faste-y","embeddable":true,"href":"https:\/\/emasweden.com\/de\/wp-json\/wp\/v2\/faste-y?post=19213"}],"curies":[{"name":"wp","href":"https:\/\/api.w.org\/{rel}","templated":true}]}}