{"id":15368,"date":"2021-01-20T15:35:44","date_gmt":"2021-01-20T14:35:44","guid":{"rendered":"https:\/\/emasweden.com\/produkt\/hd-leveling-beam-with-bucket-2500mm-without-bracket\/"},"modified":"2025-11-18T18:20:32","modified_gmt":"2025-11-18T17:20:32","slug":"hd-leveling-beam-with-bucket-2500mm-without-bracket","status":"publish","type":"product","link":"https:\/\/emasweden.com\/en\/produkt\/hd-leveling-beam-with-bucket-2500mm-without-bracket\/","title":{"rendered":"HD Leveling beam with bucket &#8211; 2500mm &#8211; Without bracket"},"content":{"rendered":"<p><sup>HD Avj\u00e4mningsbalk med skopa &#8211; 2500mm &#8211; Utan f\u00e4ste<\/sup><br \/>_x000D_<br \/>\n\u2013 Smidig produkt f\u00f6r justering och planering av material med f\u00f6rh\u00f6jda delar p\u00e5 bak och framkant f\u00f6r att m\u00f6jligg\u00f6ra att nyttja balken p\u00e5 b\u00e4sta s\u00e4tt f\u00f6r uppsamling och utj\u00e4mning av material.<\/p>\n<p>_x000D_<\/p>\n<p>Avj\u00e4mningsbalken har en st\u00f6rre skopa f\u00f6r b\u00e4ttre uppsamlingsyta i framkant vilket medf\u00f6r att n\u00e4r du jobbar med balken s\u00e5 har du hela tiden med dig gott om material som kan fylla ut oj\u00e4mnheter i marken.<\/p>\n<p>_x000D_<\/p>\n<p>\u2022 Hardox 450 p\u00e5 utsatta slitdelar<\/p>\n<p>_x000D_<\/p>\n<p>\u2022 Bultat f\u00e4ste f\u00f6r ev. justering samt byte av f\u00e4ste<\/p>\n<p>_x000D_<\/p>\n<p>\u2022 Den djupa konstruktionen g\u00f6r att den inte dyker ner i materialet utan h\u00e5ller sig plan<\/p>\n<p>_x000D_<\/p>\n<p>\u2022 Stor skopdel och f\u00f6rh\u00f6jd bakkant vilket m\u00f6jligg\u00f6r att enkelt f\u00e5 med sig material<\/p>\n","protected":false},"excerpt":{"rendered":"<p>HD Avj\u00e4mningsbalk med skopa &#8211; 2500mm &#8211; Utan f\u00e4ste_x000D_ \u2013 Smidig produkt f\u00f6r justering och planering av material med f\u00f6rh\u00f6jda delar p\u00e5 bak och framkant f\u00f6r att m\u00f6jligg\u00f6ra att nyttja balken p\u00e5 b\u00e4sta s\u00e4tt f\u00f6r uppsamling och utj\u00e4mning av material. _x000D_ Avj\u00e4mningsbalken har en st\u00f6rre skopa f\u00f6r b\u00e4ttre uppsamlingsyta i framkant vilket medf\u00f6r att n\u00e4r [&hellip;]<\/p>\n","protected":false},"featured_media":7437,"template":"","meta":{"_monsterinsights_skip_tracking":false,"_monsterinsights_sitenote_active":false,"_monsterinsights_sitenote_note":"","_monsterinsights_sitenote_category":0},"product_brand":[],"product_cat":[1253,2889],"product_tag":[],"faste-y":[],"class_list":{"0":"post-15368","1":"product","2":"type-product","3":"status-publish","4":"has-post-thumbnail","6":"product_cat-grading-beam-planning-bar","7":"product_cat-grading-beam-with-bucket","8":"pa_max-bredd-2500mm-en","9":"pa_vikt-720kg-en","11":"first","12":"instock","13":"purchasable","14":"product-type-simple"},"yoast_head":"<!-- This site is optimized with the Yoast SEO plugin v27.3 - https:\/\/yoast.com\/product\/yoast-seo-wordpress\/ -->\n<title>EMA Sweden | Earth Moving Attachments - Gr\u00e4vskopor och andra tillbeh\u00f6r<\/title>\n<meta name=\"description\" content=\"Vi p\u00e5 EMA \u00e4lskar skopor och andra maskintillbeh\u00f6r. H\u00e4r hittar du Sveriges kanske st\u00f6rsta skopsortiment med modeller fr\u00e5n 50 till 4500 liter.\" \/>\n<meta name=\"robots\" content=\"index, follow, max-snippet:-1, max-image-preview:large, max-video-preview:-1\" \/>\n<link rel=\"canonical\" href=\"https:\/\/emasweden.com\/en\/produkt\/hd-leveling-beam-with-bucket-2500mm-without-bracket\/\" \/>\n<meta property=\"og:locale\" content=\"en_US\" \/>\n<meta property=\"og:type\" content=\"article\" \/>\n<meta property=\"og:title\" content=\"EMA Sweden | Earth Moving Attachments - Gr\u00e4vskopor och andra tillbeh\u00f6r\" \/>\n<meta property=\"og:description\" content=\"Vi p\u00e5 EMA \u00e4lskar skopor och andra maskintillbeh\u00f6r. H\u00e4r hittar du Sveriges kanske st\u00f6rsta skopsortiment med modeller fr\u00e5n 50 till 4500 liter.\" \/>\n<meta property=\"og:url\" content=\"https:\/\/emasweden.com\/en\/produkt\/hd-leveling-beam-with-bucket-2500mm-without-bracket\/\" \/>\n<meta property=\"og:site_name\" content=\"EMA Sverige\" \/>\n<meta property=\"article:modified_time\" content=\"2025-11-18T17:20:32+00:00\" \/>\n<meta property=\"og:image\" content=\"https:\/\/emasweden.com\/wp-content\/uploads\/2021\/01\/Gi-230GB-S-1.jpg\" \/>\n\t<meta property=\"og:image:width\" content=\"1000\" \/>\n\t<meta property=\"og:image:height\" content=\"750\" \/>\n\t<meta property=\"og:image:type\" content=\"image\/jpeg\" \/>\n<meta name=\"twitter:card\" content=\"summary_large_image\" \/>\n<meta name=\"twitter:label1\" content=\"Est. reading time\" \/>\n\t<meta name=\"twitter:data1\" content=\"1 minute\" \/>\n<script type=\"application\/ld+json\" class=\"yoast-schema-graph\">{\"@context\":\"https:\\\/\\\/schema.org\",\"@graph\":[{\"@type\":\"WebPage\",\"@id\":\"https:\\\/\\\/emasweden.com\\\/en\\\/produkt\\\/hd-leveling-beam-with-bucket-2500mm-without-bracket\\\/\",\"url\":\"https:\\\/\\\/emasweden.com\\\/en\\\/produkt\\\/hd-leveling-beam-with-bucket-2500mm-without-bracket\\\/\",\"name\":\"EMA Sweden | Earth Moving Attachments - Gr\u00e4vskopor och andra tillbeh\u00f6r\",\"isPartOf\":{\"@id\":\"https:\\\/\\\/emasweden.com\\\/en\\\/#website\"},\"primaryImageOfPage\":{\"@id\":\"https:\\\/\\\/emasweden.com\\\/en\\\/produkt\\\/hd-leveling-beam-with-bucket-2500mm-without-bracket\\\/#primaryimage\"},\"image\":{\"@id\":\"https:\\\/\\\/emasweden.com\\\/en\\\/produkt\\\/hd-leveling-beam-with-bucket-2500mm-without-bracket\\\/#primaryimage\"},\"thumbnailUrl\":\"https:\\\/\\\/emasweden.com\\\/wp-content\\\/uploads\\\/2021\\\/01\\\/Gi-230GB-S-1.jpg\",\"datePublished\":\"2021-01-20T14:35:44+00:00\",\"dateModified\":\"2025-11-18T17:20:32+00:00\",\"description\":\"Vi p\u00e5 EMA \u00e4lskar skopor och andra maskintillbeh\u00f6r. H\u00e4r hittar du Sveriges kanske st\u00f6rsta skopsortiment med modeller fr\u00e5n 50 till 4500 liter.\",\"breadcrumb\":{\"@id\":\"https:\\\/\\\/emasweden.com\\\/en\\\/produkt\\\/hd-leveling-beam-with-bucket-2500mm-without-bracket\\\/#breadcrumb\"},\"inLanguage\":\"en-US\",\"potentialAction\":[{\"@type\":\"ReadAction\",\"target\":[\"https:\\\/\\\/emasweden.com\\\/en\\\/produkt\\\/hd-leveling-beam-with-bucket-2500mm-without-bracket\\\/\"]}]},{\"@type\":\"ImageObject\",\"inLanguage\":\"en-US\",\"@id\":\"https:\\\/\\\/emasweden.com\\\/en\\\/produkt\\\/hd-leveling-beam-with-bucket-2500mm-without-bracket\\\/#primaryimage\",\"url\":\"https:\\\/\\\/emasweden.com\\\/wp-content\\\/uploads\\\/2021\\\/01\\\/Gi-230GB-S-1.jpg\",\"contentUrl\":\"https:\\\/\\\/emasweden.com\\\/wp-content\\\/uploads\\\/2021\\\/01\\\/Gi-230GB-S-1.jpg\",\"width\":1000,\"height\":750,\"caption\":\"HD Avj\u00e4mningsbalk med skopa - 2500mm - Utan f\u00e4ste\"},{\"@type\":\"BreadcrumbList\",\"@id\":\"https:\\\/\\\/emasweden.com\\\/en\\\/produkt\\\/hd-leveling-beam-with-bucket-2500mm-without-bracket\\\/#breadcrumb\",\"itemListElement\":[{\"@type\":\"ListItem\",\"position\":1,\"name\":\"Home\",\"item\":\"https:\\\/\\\/emasweden.com\\\/en\\\/\"},{\"@type\":\"ListItem\",\"position\":2,\"name\":\"Products\",\"item\":\"https:\\\/\\\/emasweden.com\\\/en\\\/products\\\/\"},{\"@type\":\"ListItem\",\"position\":3,\"name\":\"HD Leveling beam with bucket &#8211; 2500mm &#8211; Without bracket\"}]},{\"@type\":\"WebSite\",\"@id\":\"https:\\\/\\\/emasweden.com\\\/en\\\/#website\",\"url\":\"https:\\\/\\\/emasweden.com\\\/en\\\/\",\"name\":\"EMA Sverige\",\"description\":\"\",\"potentialAction\":[{\"@type\":\"SearchAction\",\"target\":{\"@type\":\"EntryPoint\",\"urlTemplate\":\"https:\\\/\\\/emasweden.com\\\/en\\\/?s={search_term_string}\"},\"query-input\":{\"@type\":\"PropertyValueSpecification\",\"valueRequired\":true,\"valueName\":\"search_term_string\"}}],\"inLanguage\":\"en-US\"}]}<\/script>\n<!-- \/ Yoast SEO plugin. -->","yoast_head_json":{"title":"EMA Sweden | Earth Moving Attachments - Gr\u00e4vskopor och andra tillbeh\u00f6r","description":"Vi p\u00e5 EMA \u00e4lskar skopor och andra maskintillbeh\u00f6r. H\u00e4r hittar du Sveriges kanske st\u00f6rsta skopsortiment med modeller fr\u00e5n 50 till 4500 liter.","robots":{"index":"index","follow":"follow","max-snippet":"max-snippet:-1","max-image-preview":"max-image-preview:large","max-video-preview":"max-video-preview:-1"},"canonical":"https:\/\/emasweden.com\/en\/produkt\/hd-leveling-beam-with-bucket-2500mm-without-bracket\/","og_locale":"en_US","og_type":"article","og_title":"EMA Sweden | Earth Moving Attachments - Gr\u00e4vskopor och andra tillbeh\u00f6r","og_description":"Vi p\u00e5 EMA \u00e4lskar skopor och andra maskintillbeh\u00f6r. H\u00e4r hittar du Sveriges kanske st\u00f6rsta skopsortiment med modeller fr\u00e5n 50 till 4500 liter.","og_url":"https:\/\/emasweden.com\/en\/produkt\/hd-leveling-beam-with-bucket-2500mm-without-bracket\/","og_site_name":"EMA Sverige","article_modified_time":"2025-11-18T17:20:32+00:00","og_image":[{"width":1000,"height":750,"url":"https:\/\/emasweden.com\/wp-content\/uploads\/2021\/01\/Gi-230GB-S-1.jpg","type":"image\/jpeg"}],"twitter_card":"summary_large_image","twitter_misc":{"Est. reading time":"1 minute"},"schema":{"@context":"https:\/\/schema.org","@graph":[{"@type":"WebPage","@id":"https:\/\/emasweden.com\/en\/produkt\/hd-leveling-beam-with-bucket-2500mm-without-bracket\/","url":"https:\/\/emasweden.com\/en\/produkt\/hd-leveling-beam-with-bucket-2500mm-without-bracket\/","name":"EMA Sweden | Earth Moving Attachments - Gr\u00e4vskopor och andra tillbeh\u00f6r","isPartOf":{"@id":"https:\/\/emasweden.com\/en\/#website"},"primaryImageOfPage":{"@id":"https:\/\/emasweden.com\/en\/produkt\/hd-leveling-beam-with-bucket-2500mm-without-bracket\/#primaryimage"},"image":{"@id":"https:\/\/emasweden.com\/en\/produkt\/hd-leveling-beam-with-bucket-2500mm-without-bracket\/#primaryimage"},"thumbnailUrl":"https:\/\/emasweden.com\/wp-content\/uploads\/2021\/01\/Gi-230GB-S-1.jpg","datePublished":"2021-01-20T14:35:44+00:00","dateModified":"2025-11-18T17:20:32+00:00","description":"Vi p\u00e5 EMA \u00e4lskar skopor och andra maskintillbeh\u00f6r. H\u00e4r hittar du Sveriges kanske st\u00f6rsta skopsortiment med modeller fr\u00e5n 50 till 4500 liter.","breadcrumb":{"@id":"https:\/\/emasweden.com\/en\/produkt\/hd-leveling-beam-with-bucket-2500mm-without-bracket\/#breadcrumb"},"inLanguage":"en-US","potentialAction":[{"@type":"ReadAction","target":["https:\/\/emasweden.com\/en\/produkt\/hd-leveling-beam-with-bucket-2500mm-without-bracket\/"]}]},{"@type":"ImageObject","inLanguage":"en-US","@id":"https:\/\/emasweden.com\/en\/produkt\/hd-leveling-beam-with-bucket-2500mm-without-bracket\/#primaryimage","url":"https:\/\/emasweden.com\/wp-content\/uploads\/2021\/01\/Gi-230GB-S-1.jpg","contentUrl":"https:\/\/emasweden.com\/wp-content\/uploads\/2021\/01\/Gi-230GB-S-1.jpg","width":1000,"height":750,"caption":"HD Avj\u00e4mningsbalk med skopa - 2500mm - Utan f\u00e4ste"},{"@type":"BreadcrumbList","@id":"https:\/\/emasweden.com\/en\/produkt\/hd-leveling-beam-with-bucket-2500mm-without-bracket\/#breadcrumb","itemListElement":[{"@type":"ListItem","position":1,"name":"Home","item":"https:\/\/emasweden.com\/en\/"},{"@type":"ListItem","position":2,"name":"Products","item":"https:\/\/emasweden.com\/en\/products\/"},{"@type":"ListItem","position":3,"name":"HD Leveling beam with bucket &#8211; 2500mm &#8211; Without bracket"}]},{"@type":"WebSite","@id":"https:\/\/emasweden.com\/en\/#website","url":"https:\/\/emasweden.com\/en\/","name":"EMA Sverige","description":"","potentialAction":[{"@type":"SearchAction","target":{"@type":"EntryPoint","urlTemplate":"https:\/\/emasweden.com\/en\/?s={search_term_string}"},"query-input":{"@type":"PropertyValueSpecification","valueRequired":true,"valueName":"search_term_string"}}],"inLanguage":"en-US"}]}},"_links":{"self":[{"href":"https:\/\/emasweden.com\/en\/wp-json\/wp\/v2\/product\/15368","targetHints":{"allow":["GET"]}}],"collection":[{"href":"https:\/\/emasweden.com\/en\/wp-json\/wp\/v2\/product"}],"about":[{"href":"https:\/\/emasweden.com\/en\/wp-json\/wp\/v2\/types\/product"}],"wp:featuredmedia":[{"embeddable":true,"href":"https:\/\/emasweden.com\/en\/wp-json\/wp\/v2\/media\/7437"}],"wp:attachment":[{"href":"https:\/\/emasweden.com\/en\/wp-json\/wp\/v2\/media?parent=15368"}],"wp:term":[{"taxonomy":"product_brand","embeddable":true,"href":"https:\/\/emasweden.com\/en\/wp-json\/wp\/v2\/product_brand?post=15368"},{"taxonomy":"product_cat","embeddable":true,"href":"https:\/\/emasweden.com\/en\/wp-json\/wp\/v2\/product_cat?post=15368"},{"taxonomy":"product_tag","embeddable":true,"href":"https:\/\/emasweden.com\/en\/wp-json\/wp\/v2\/product_tag?post=15368"},{"taxonomy":"faste-y","embeddable":true,"href":"https:\/\/emasweden.com\/en\/wp-json\/wp\/v2\/faste-y?post=15368"}],"curies":[{"name":"wp","href":"https:\/\/api.w.org\/{rel}","templated":true}]}}