{"id":15853,"date":"2024-10-01T17:28:49","date_gmt":"2024-10-01T15:28:49","guid":{"rendered":"https:\/\/emasweden.com\/?page_id=15853"},"modified":"2024-10-01T17:37:08","modified_gmt":"2024-10-01T15:37:08","slug":"kataloger","status":"publish","type":"page","link":"https:\/\/emasweden.com\/fi\/kataloger\/","title":{"rendered":"Kataloger"},"content":{"rendered":"\t\t<div data-elementor-type=\"wp-page\" data-elementor-id=\"15853\" class=\"elementor elementor-15853\" data-elementor-post-type=\"page\">\n\t\t\t\t\t\t<section class=\"elementor-section elementor-top-section elementor-element elementor-element-18441f5 elementor-section-boxed elementor-section-height-default elementor-section-height-default\" data-id=\"18441f5\" data-element_type=\"section\" data-e-type=\"section\" data-settings=\"{&quot;background_background&quot;:&quot;classic&quot;,&quot;jet_parallax_layout_list&quot;:[]}\">\n\t\t\t\t\t\t<div class=\"elementor-container elementor-column-gap-no\">\n\t\t\t\t\t<div class=\"elementor-column elementor-col-100 elementor-top-column elementor-element elementor-element-d932baf\" data-id=\"d932baf\" data-element_type=\"column\" data-e-type=\"column\">\n\t\t\t<div class=\"elementor-widget-wrap elementor-element-populated\">\n\t\t\t\t\t\t<div class=\"elementor-element elementor-element-cb7ac61 elementor-widget elementor-widget-heading\" data-id=\"cb7ac61\" data-element_type=\"widget\" data-e-type=\"widget\" data-widget_type=\"heading.default\">\n\t\t\t\t<div class=\"elementor-widget-container\">\n\t\t\t\t\t<h2 class=\"elementor-heading-title elementor-size-default\">Kataloger<\/h2>\t\t\t\t<\/div>\n\t\t\t\t<\/div>\n\t\t\t\t<div class=\"elementor-element elementor-element-08c0b83 elementor-widget elementor-widget-woocommerce-breadcrumb\" data-id=\"08c0b83\" data-element_type=\"widget\" data-e-type=\"widget\" data-widget_type=\"woocommerce-breadcrumb.default\">\n\t\t\t\t<div class=\"elementor-widget-container\">\n\t\t\t\t\t<nav class=\"woocommerce-breadcrumb\" aria-label=\"Breadcrumb\">Etusivu<\/nav>\t\t\t\t<\/div>\n\t\t\t\t<\/div>\n\t\t\t\t\t<\/div>\n\t\t<\/div>\n\t\t\t\t\t<\/div>\n\t\t<\/section>\n\t\t\t\t<section class=\"elementor-section elementor-top-section elementor-element elementor-element-7a4b754 elementor-section-boxed elementor-section-height-default elementor-section-height-default\" data-id=\"7a4b754\" data-element_type=\"section\" data-e-type=\"section\" data-settings=\"{&quot;background_background&quot;:&quot;classic&quot;,&quot;jet_parallax_layout_list&quot;:[]}\">\n\t\t\t\t\t\t<div class=\"elementor-container elementor-column-gap-no\">\n\t\t\t\t\t<div class=\"elementor-column elementor-col-50 elementor-top-column elementor-element elementor-element-d1d90ca\" data-id=\"d1d90ca\" data-element_type=\"column\" data-e-type=\"column\">\n\t\t\t<div class=\"elementor-widget-wrap elementor-element-populated\">\n\t\t\t\t\t\t<div class=\"elementor-element elementor-element-5d2bfde elementor-widget elementor-widget-heading\" data-id=\"5d2bfde\" data-element_type=\"widget\" data-e-type=\"widget\" data-widget_type=\"heading.default\">\n\t\t\t\t<div class=\"elementor-widget-container\">\n\t\t\t\t\t<h2 class=\"elementor-heading-title elementor-size-default\">Produktblad<\/h2>\t\t\t\t<\/div>\n\t\t\t\t<\/div>\n\t\t\t\t<div class=\"elementor-element elementor-element-6f5a47c ema-sub-menu elementor-widget__width-auto elementor-hidden-mobile elementor-widget elementor-widget-heading\" data-id=\"6f5a47c\" data-element_type=\"widget\" data-e-type=\"widget\" data-widget_type=\"heading.default\">\n\t\t\t\t<div class=\"elementor-widget-container\">\n\t\t\t\t\t<h2 class=\"elementor-heading-title elementor-size-default\">Ladda ner<\/h2>\t\t\t\t<\/div>\n\t\t\t\t<\/div>\n\t\t\t\t<div class=\"elementor-element elementor-element-6350c8a elementor-widget elementor-widget-text-editor\" data-id=\"6350c8a\" data-element_type=\"widget\" data-e-type=\"widget\" data-widget_type=\"text-editor.default\">\n\t\t\t\t<div class=\"elementor-widget-container\">\n\t\t\t\t\t\t\t\t\t<p>Vi som jobbar med <strong>EMA<\/strong> \u00e4lskar skopor och maskintillbeh\u00f6r. Genom \u00e5ren har vi samlat p\u00e5 oss en djup f\u00f6rst\u00e5else f\u00f6r vad Sveriges maskinf\u00f6rare verkligen beh\u00f6ver. V\u00e5rt m\u00e5l \u00e4r att alltid leverera den b\u00e4sta utrustningen, anpassad efter de tuffaste kraven p\u00e5 marknaden. H\u00e4r har vi samlat v\u00e5ra produktkataloger, fyllda med de verktyg och tillbeh\u00f6r du beh\u00f6ver f\u00f6r att g\u00f6ra jobbet \u2013 varje dag, \u00e5ret runt.<\/p><p>Oavsett om du letar efter den perfekta skopan eller andra maskintillbeh\u00f6r, hittar du det h\u00e4r. Ta en titt i v\u00e5ra kataloger och uppt\u00e4ck vad som passar dina behov.<\/p>\t\t\t\t\t\t\t\t<\/div>\n\t\t\t\t<\/div>\n\t\t\t\t\t<\/div>\n\t\t<\/div>\n\t\t\t\t<div class=\"elementor-column elementor-col-50 elementor-top-column elementor-element elementor-element-8f9a550\" data-id=\"8f9a550\" data-element_type=\"column\" data-e-type=\"column\">\n\t\t\t<div class=\"elementor-widget-wrap elementor-element-populated\">\n\t\t\t\t\t\t<div class=\"elementor-element elementor-element-54d4c83 elementor-icon-list--layout-traditional elementor-list-item-link-full_width elementor-widget elementor-widget-icon-list\" data-id=\"54d4c83\" data-element_type=\"widget\" data-e-type=\"widget\" data-widget_type=\"icon-list.default\">\n\t\t\t\t<div class=\"elementor-widget-container\">\n\t\t\t\t\t\t\t<ul class=\"elementor-icon-list-items\">\n\t\t\t\t\t\t\t<li class=\"elementor-icon-list-item\">\n\t\t\t\t\t\t\t\t\t\t\t<a href=\"https:\/\/emasweden.com\/wp-content\/uploads\/2024\/10\/ema-produktblad_svenska-2024.07.pdf\" target=\"_blank\">\n\n\t\t\t\t\t\t\t\t\t\t\t\t<span class=\"elementor-icon-list-icon\">\n\t\t\t\t\t\t\t<i aria-hidden=\"true\" class=\"fas fa-file-pdf\"><\/i>\t\t\t\t\t\t<\/span>\n\t\t\t\t\t\t\t\t\t\t<span class=\"elementor-icon-list-text\">EMA produktblad<\/span>\n\t\t\t\t\t\t\t\t\t\t\t<\/a>\n\t\t\t\t\t\t\t\t\t<\/li>\n\t\t\t\t\t\t\t\t<li class=\"elementor-icon-list-item\">\n\t\t\t\t\t\t\t\t\t\t\t<a href=\"https:\/\/emasweden.com\/wp-content\/uploads\/2024\/10\/ema-core-produkter_svenska-2024.07.pdf\" target=\"_blank\">\n\n\t\t\t\t\t\t\t\t\t\t\t\t<span class=\"elementor-icon-list-icon\">\n\t\t\t\t\t\t\t<i aria-hidden=\"true\" class=\"fas fa-file-pdf\"><\/i>\t\t\t\t\t\t<\/span>\n\t\t\t\t\t\t\t\t\t\t<span class=\"elementor-icon-list-text\">EMA CORE produktblad<\/span>\n\t\t\t\t\t\t\t\t\t\t\t<\/a>\n\t\t\t\t\t\t\t\t\t<\/li>\n\t\t\t\t\t\t<\/ul>\n\t\t\t\t\t\t<\/div>\n\t\t\t\t<\/div>\n\t\t\t\t\t<\/div>\n\t\t<\/div>\n\t\t\t\t\t<\/div>\n\t\t<\/section>\n\t\t\t\t<\/div>\n\t\t","protected":false},"excerpt":{"rendered":"<p>Kataloger Produktblad Ladda ner Vi som jobbar med EMA \u00e4lskar skopor och maskintillbeh\u00f6r. Genom \u00e5ren har vi samlat p\u00e5 oss en djup f\u00f6rst\u00e5else f\u00f6r vad Sveriges maskinf\u00f6rare verkligen beh\u00f6ver. V\u00e5rt m\u00e5l \u00e4r att alltid leverera den b\u00e4sta utrustningen, anpassad efter de tuffaste kraven p\u00e5 marknaden. H\u00e4r har vi samlat v\u00e5ra produktkataloger, fyllda med de verktyg [&hellip;]<\/p>\n","protected":false},"author":177,"featured_media":0,"parent":0,"menu_order":0,"comment_status":"closed","ping_status":"closed","template":"","meta":{"_monsterinsights_skip_tracking":false,"_monsterinsights_sitenote_active":false,"_monsterinsights_sitenote_note":"","_monsterinsights_sitenote_category":0,"footnotes":""},"class_list":["post-15853","page","type-page","status-publish","hentry"],"yoast_head":"<!-- This site is optimized with the Yoast SEO plugin v27.5 - https:\/\/yoast.com\/product\/yoast-seo-wordpress\/ -->\n<title>Kataloger - EMA Sverige<\/title>\n<meta name=\"robots\" content=\"index, follow, max-snippet:-1, max-image-preview:large, max-video-preview:-1\" \/>\n<link rel=\"canonical\" href=\"https:\/\/emasweden.com\/fi\/kataloger\/\" \/>\n<meta property=\"og:locale\" content=\"fi_FI\" \/>\n<meta property=\"og:type\" content=\"article\" \/>\n<meta property=\"og:title\" content=\"Kataloger - EMA Sverige\" \/>\n<meta property=\"og:description\" content=\"Kataloger Produktblad Ladda ner Vi som jobbar med EMA \u00e4lskar skopor och maskintillbeh\u00f6r. Genom \u00e5ren har vi samlat p\u00e5 oss en djup f\u00f6rst\u00e5else f\u00f6r vad Sveriges maskinf\u00f6rare verkligen beh\u00f6ver. V\u00e5rt m\u00e5l \u00e4r att alltid leverera den b\u00e4sta utrustningen, anpassad efter de tuffaste kraven p\u00e5 marknaden. H\u00e4r har vi samlat v\u00e5ra produktkataloger, fyllda med de verktyg [&hellip;]\" \/>\n<meta property=\"og:url\" content=\"https:\/\/emasweden.com\/fi\/kataloger\/\" \/>\n<meta property=\"og:site_name\" content=\"EMA Sverige\" \/>\n<meta property=\"article:modified_time\" content=\"2024-10-01T15:37:08+00:00\" \/>\n<meta name=\"twitter:card\" content=\"summary_large_image\" \/>\n<meta name=\"twitter:label1\" content=\"Arvioitu lukuaika\" \/>\n\t<meta name=\"twitter:data1\" content=\"1 minuutti\" \/>\n<script type=\"application\/ld+json\" class=\"yoast-schema-graph\">{\"@context\":\"https:\\\/\\\/schema.org\",\"@graph\":[{\"@type\":\"WebPage\",\"@id\":\"https:\\\/\\\/emasweden.com\\\/fi\\\/kataloger\\\/\",\"url\":\"https:\\\/\\\/emasweden.com\\\/fi\\\/kataloger\\\/\",\"name\":\"Kataloger - EMA Sverige\",\"isPartOf\":{\"@id\":\"https:\\\/\\\/emasweden.com\\\/fi\\\/#website\"},\"datePublished\":\"2024-10-01T15:28:49+00:00\",\"dateModified\":\"2024-10-01T15:37:08+00:00\",\"breadcrumb\":{\"@id\":\"https:\\\/\\\/emasweden.com\\\/fi\\\/kataloger\\\/#breadcrumb\"},\"inLanguage\":\"fi\",\"potentialAction\":[{\"@type\":\"ReadAction\",\"target\":[\"https:\\\/\\\/emasweden.com\\\/fi\\\/kataloger\\\/\"]}]},{\"@type\":\"BreadcrumbList\",\"@id\":\"https:\\\/\\\/emasweden.com\\\/fi\\\/kataloger\\\/#breadcrumb\",\"itemListElement\":[{\"@type\":\"ListItem\",\"position\":1,\"name\":\"Hem\",\"item\":\"https:\\\/\\\/emasweden.com\\\/fi\\\/\"},{\"@type\":\"ListItem\",\"position\":2,\"name\":\"Kataloger\"}]},{\"@type\":\"WebSite\",\"@id\":\"https:\\\/\\\/emasweden.com\\\/fi\\\/#website\",\"url\":\"https:\\\/\\\/emasweden.com\\\/fi\\\/\",\"name\":\"EMA Sverige\",\"description\":\"\",\"potentialAction\":[{\"@type\":\"SearchAction\",\"target\":{\"@type\":\"EntryPoint\",\"urlTemplate\":\"https:\\\/\\\/emasweden.com\\\/fi\\\/?s={search_term_string}\"},\"query-input\":{\"@type\":\"PropertyValueSpecification\",\"valueRequired\":true,\"valueName\":\"search_term_string\"}}],\"inLanguage\":\"fi\"}]}<\/script>\n<!-- \/ Yoast SEO plugin. -->","yoast_head_json":{"title":"Kataloger - EMA Sverige","robots":{"index":"index","follow":"follow","max-snippet":"max-snippet:-1","max-image-preview":"max-image-preview:large","max-video-preview":"max-video-preview:-1"},"canonical":"https:\/\/emasweden.com\/fi\/kataloger\/","og_locale":"fi_FI","og_type":"article","og_title":"Kataloger - EMA Sverige","og_description":"Kataloger Produktblad Ladda ner Vi som jobbar med EMA \u00e4lskar skopor och maskintillbeh\u00f6r. Genom \u00e5ren har vi samlat p\u00e5 oss en djup f\u00f6rst\u00e5else f\u00f6r vad Sveriges maskinf\u00f6rare verkligen beh\u00f6ver. V\u00e5rt m\u00e5l \u00e4r att alltid leverera den b\u00e4sta utrustningen, anpassad efter de tuffaste kraven p\u00e5 marknaden. H\u00e4r har vi samlat v\u00e5ra produktkataloger, fyllda med de verktyg [&hellip;]","og_url":"https:\/\/emasweden.com\/fi\/kataloger\/","og_site_name":"EMA Sverige","article_modified_time":"2024-10-01T15:37:08+00:00","twitter_card":"summary_large_image","twitter_misc":{"Arvioitu lukuaika":"1 minuutti"},"schema":{"@context":"https:\/\/schema.org","@graph":[{"@type":"WebPage","@id":"https:\/\/emasweden.com\/fi\/kataloger\/","url":"https:\/\/emasweden.com\/fi\/kataloger\/","name":"Kataloger - EMA Sverige","isPartOf":{"@id":"https:\/\/emasweden.com\/fi\/#website"},"datePublished":"2024-10-01T15:28:49+00:00","dateModified":"2024-10-01T15:37:08+00:00","breadcrumb":{"@id":"https:\/\/emasweden.com\/fi\/kataloger\/#breadcrumb"},"inLanguage":"fi","potentialAction":[{"@type":"ReadAction","target":["https:\/\/emasweden.com\/fi\/kataloger\/"]}]},{"@type":"BreadcrumbList","@id":"https:\/\/emasweden.com\/fi\/kataloger\/#breadcrumb","itemListElement":[{"@type":"ListItem","position":1,"name":"Hem","item":"https:\/\/emasweden.com\/fi\/"},{"@type":"ListItem","position":2,"name":"Kataloger"}]},{"@type":"WebSite","@id":"https:\/\/emasweden.com\/fi\/#website","url":"https:\/\/emasweden.com\/fi\/","name":"EMA Sverige","description":"","potentialAction":[{"@type":"SearchAction","target":{"@type":"EntryPoint","urlTemplate":"https:\/\/emasweden.com\/fi\/?s={search_term_string}"},"query-input":{"@type":"PropertyValueSpecification","valueRequired":true,"valueName":"search_term_string"}}],"inLanguage":"fi"}]}},"_links":{"self":[{"href":"https:\/\/emasweden.com\/fi\/wp-json\/wp\/v2\/pages\/15853","targetHints":{"allow":["GET"]}}],"collection":[{"href":"https:\/\/emasweden.com\/fi\/wp-json\/wp\/v2\/pages"}],"about":[{"href":"https:\/\/emasweden.com\/fi\/wp-json\/wp\/v2\/types\/page"}],"author":[{"embeddable":true,"href":"https:\/\/emasweden.com\/fi\/wp-json\/wp\/v2\/users\/177"}],"replies":[{"embeddable":true,"href":"https:\/\/emasweden.com\/fi\/wp-json\/wp\/v2\/comments?post=15853"}],"version-history":[{"count":8,"href":"https:\/\/emasweden.com\/fi\/wp-json\/wp\/v2\/pages\/15853\/revisions"}],"predecessor-version":[{"id":15881,"href":"https:\/\/emasweden.com\/fi\/wp-json\/wp\/v2\/pages\/15853\/revisions\/15881"}],"wp:attachment":[{"href":"https:\/\/emasweden.com\/fi\/wp-json\/wp\/v2\/media?parent=15853"}],"curies":[{"name":"wp","href":"https:\/\/api.w.org\/{rel}","templated":true}]}}