{"id":11716,"date":"2021-08-31T14:43:20","date_gmt":"2021-08-31T12:43:20","guid":{"rendered":"https:\/\/emasweden.com\/produkt\/katso-tuotteemme-alla\/"},"modified":"2025-08-26T18:29:36","modified_gmt":"2025-08-26T16:29:36","slug":"hd-tasauskauha-1400l-suojalipalla-1800mm-s70","status":"publish","type":"product","link":"https:\/\/emasweden.com\/fi\/tuote\/hd-tasauskauha-1400l-suojalipalla-1800mm-s70\/","title":{"rendered":"Katso tuotteemme alla."},"content":{"rendered":"<p><sup>HD Tasauskauha 1400L suojalipalla &#8211; 1800mm &#8211; S70<\/sup><br \/>\nTilttikauhat Heavy Duty<br \/>\n<br \/>\u2013 Heavy duty (HD) on tuotevalikoimamme tehopaketti. T\u00e4m\u00e4n kanssa ei materiaalien suhteen tehd\u00e4 kompromisseja. Laitteet on varustettu pohjan kulutuskiskoilla ja ne on usein normaalia paksumpia. T\u00e4t\u00e4 tehopakettia k\u00e4ytt\u00e4v\u00e4t enimm\u00e4kseen k\u00e4ytt\u00e4j\u00e4t, jotka asettavat tuotteilleen eritt\u00e4in korkeat vaatimukset. He ty\u00f6skentelev\u00e4t usein materiaaleilla ja ymp\u00e4rist\u00f6iss\u00e4, jotka vaativat hieman ylim\u00e4\u00e4r\u00e4ist\u00e4 kest\u00e4vyyden suhteen. T\u00e4m\u00e4n luokan kauhat ovat usein raskaampia, koska k\u00e4ytet\u00e4\u00e4n ylim\u00e4\u00e4r\u00e4ist\u00e4 ter\u00e4st\u00e4. Tuloksena on eritt\u00e4in kest\u00e4v\u00e4 kauha.<\/p>\n<p>\u2022 <a href=\"https:\/\/www.borox.se\/produkter\/skopst%C3%A5l\" target=\"_blank\" rel=\"noopener\">Huulilevy 500 Brinell Borox<\/a><br \/>\n<br \/>\u2022 <a href=\"https:\/\/www.ssab.com\/products\/brands\/hardox\/products\/hardox-450\" target=\"_blank\" rel=\"noopener\">Kulutussuojat kyljiss\u00e4, sivuveitsiss\u00e4, pohjassa sek\u00e4 kulutuskiskot Hardox\u00ae 450<\/a><br \/>\n<br \/>\u2022 Sopii rototilttiin<br \/>\n<br \/>\u2022 Kauhakiinnikkeen eteen on lis\u00e4tty suojalippa, joka est\u00e4\u00e4 materiaalin p\u00e4\u00e4syn laitekiinnikeeseen.<br \/>\n<br \/>\u2022 Kauha on kehitetty yhdess\u00e4 koneenk\u00e4ytt\u00e4jien kanssa<\/p>\n","protected":false},"excerpt":{"rendered":"<p>HD Tasauskauha 1400L suojalipalla &#8211; 1800mm &#8211; S70 Tilttikauhat Heavy Duty \u2013 Heavy duty (HD) on tuotevalikoimamme tehopaketti. T\u00e4m\u00e4n kanssa ei materiaalien suhteen tehd\u00e4 kompromisseja. Laitteet on varustettu pohjan kulutuskiskoilla ja ne on usein normaalia paksumpia. T\u00e4t\u00e4 tehopakettia k\u00e4ytt\u00e4v\u00e4t enimm\u00e4kseen k\u00e4ytt\u00e4j\u00e4t, jotka asettavat tuotteilleen eritt\u00e4in korkeat vaatimukset. He ty\u00f6skentelev\u00e4t usein materiaaleilla ja ymp\u00e4rist\u00f6iss\u00e4, jotka vaativat [&hellip;]<\/p>\n","protected":false},"featured_media":11717,"template":"","meta":{"_monsterinsights_skip_tracking":false,"_monsterinsights_sitenote_active":false,"_monsterinsights_sitenote_note":"","_monsterinsights_sitenote_category":0},"product_brand":[],"product_cat":[2183],"product_tag":[],"faste-y":[],"class_list":{"0":"post-11716","1":"product","2":"type-product","3":"status-publish","4":"has-post-thumbnail","6":"product_cat-tasauskauha","7":"pa_max-bredd-2000mm-fi","8":"pa_skar-40x300mm-fi","9":"pa_vikt-940kg-fi","11":"first","12":"instock","13":"purchasable","14":"product-type-simple"},"yoast_head":"<!-- This site is optimized with the Yoast SEO plugin v27.3 - https:\/\/yoast.com\/product\/yoast-seo-wordpress\/ -->\n<title>Katso tuotteemme alla. - EMA Sverige<\/title>\n<meta name=\"description\" content=\"HD Tasauskauha 1400L suojalipalla - 1800mm - S70 Huulilevy 500 Brinell Borox. Sivuveitset, kulutussuoja kyljiss\u00e4 ja pohjassa Hardox\u00ae 450\" \/>\n<meta name=\"robots\" content=\"index, follow, max-snippet:-1, max-image-preview:large, max-video-preview:-1\" \/>\n<link rel=\"canonical\" href=\"https:\/\/emasweden.com\/fi\/tuote\/hd-tasauskauha-1400l-suojalipalla-1800mm-s70\/\" \/>\n<meta property=\"og:locale\" content=\"fi_FI\" \/>\n<meta property=\"og:type\" content=\"article\" \/>\n<meta property=\"og:title\" content=\"Katso tuotteemme alla. - EMA Sverige\" \/>\n<meta property=\"og:description\" content=\"HD Tasauskauha 1400L suojalipalla - 1800mm - S70 Huulilevy 500 Brinell Borox. Sivuveitset, kulutussuoja kyljiss\u00e4 ja pohjassa Hardox\u00ae 450\" \/>\n<meta property=\"og:url\" content=\"https:\/\/emasweden.com\/fi\/tuote\/hd-tasauskauha-1400l-suojalipalla-1800mm-s70\/\" \/>\n<meta property=\"og:site_name\" content=\"EMA Sverige\" \/>\n<meta property=\"article:modified_time\" content=\"2025-08-26T16:29:36+00:00\" \/>\n<meta property=\"og:image\" content=\"https:\/\/emasweden.com\/wp-content\/uploads\/2021\/01\/7294019_1.jpg\" \/>\n\t<meta property=\"og:image:width\" content=\"1000\" \/>\n\t<meta property=\"og:image:height\" content=\"750\" \/>\n\t<meta property=\"og:image:type\" content=\"image\/jpeg\" \/>\n<meta name=\"twitter:card\" content=\"summary_large_image\" \/>\n<meta name=\"twitter:label1\" content=\"Arvioitu lukuaika\" \/>\n\t<meta name=\"twitter:data1\" content=\"1 minuutti\" \/>\n<script type=\"application\/ld+json\" class=\"yoast-schema-graph\">{\"@context\":\"https:\\\/\\\/schema.org\",\"@graph\":[{\"@type\":\"WebPage\",\"@id\":\"https:\\\/\\\/emasweden.com\\\/fi\\\/tuote\\\/hd-tasauskauha-1400l-suojalipalla-1800mm-s70\\\/\",\"url\":\"https:\\\/\\\/emasweden.com\\\/fi\\\/tuote\\\/hd-tasauskauha-1400l-suojalipalla-1800mm-s70\\\/\",\"name\":\"Katso tuotteemme alla. - EMA Sverige\",\"isPartOf\":{\"@id\":\"https:\\\/\\\/emasweden.com\\\/fi\\\/#website\"},\"primaryImageOfPage\":{\"@id\":\"https:\\\/\\\/emasweden.com\\\/fi\\\/tuote\\\/hd-tasauskauha-1400l-suojalipalla-1800mm-s70\\\/#primaryimage\"},\"image\":{\"@id\":\"https:\\\/\\\/emasweden.com\\\/fi\\\/tuote\\\/hd-tasauskauha-1400l-suojalipalla-1800mm-s70\\\/#primaryimage\"},\"thumbnailUrl\":\"https:\\\/\\\/emasweden.com\\\/wp-content\\\/uploads\\\/2021\\\/01\\\/7294019_1.jpg\",\"datePublished\":\"2021-08-31T12:43:20+00:00\",\"dateModified\":\"2025-08-26T16:29:36+00:00\",\"description\":\"HD Tasauskauha 1400L suojalipalla - 1800mm - S70 Huulilevy 500 Brinell Borox. Sivuveitset, kulutussuoja kyljiss\u00e4 ja pohjassa Hardox\u00ae 450\",\"breadcrumb\":{\"@id\":\"https:\\\/\\\/emasweden.com\\\/fi\\\/tuote\\\/hd-tasauskauha-1400l-suojalipalla-1800mm-s70\\\/#breadcrumb\"},\"inLanguage\":\"fi\",\"potentialAction\":[{\"@type\":\"ReadAction\",\"target\":[\"https:\\\/\\\/emasweden.com\\\/fi\\\/tuote\\\/hd-tasauskauha-1400l-suojalipalla-1800mm-s70\\\/\"]}]},{\"@type\":\"ImageObject\",\"inLanguage\":\"fi\",\"@id\":\"https:\\\/\\\/emasweden.com\\\/fi\\\/tuote\\\/hd-tasauskauha-1400l-suojalipalla-1800mm-s70\\\/#primaryimage\",\"url\":\"https:\\\/\\\/emasweden.com\\\/wp-content\\\/uploads\\\/2021\\\/01\\\/7294019_1.jpg\",\"contentUrl\":\"https:\\\/\\\/emasweden.com\\\/wp-content\\\/uploads\\\/2021\\\/01\\\/7294019_1.jpg\",\"width\":1000,\"height\":750,\"caption\":\"HD 500 Tasauskauha 1550L suojalipalla - 2000mm - S80\"},{\"@type\":\"BreadcrumbList\",\"@id\":\"https:\\\/\\\/emasweden.com\\\/fi\\\/tuote\\\/hd-tasauskauha-1400l-suojalipalla-1800mm-s70\\\/#breadcrumb\",\"itemListElement\":[{\"@type\":\"ListItem\",\"position\":1,\"name\":\"Hem\",\"item\":\"https:\\\/\\\/emasweden.com\\\/fi\\\/\"},{\"@type\":\"ListItem\",\"position\":2,\"name\":\"Tuoteryhm\u00e4t\",\"item\":\"https:\\\/\\\/emasweden.com\\\/fi\\\/tuoteryhmat\\\/\"},{\"@type\":\"ListItem\",\"position\":3,\"name\":\"Katso tuotteemme alla.\"}]},{\"@type\":\"WebSite\",\"@id\":\"https:\\\/\\\/emasweden.com\\\/fi\\\/#website\",\"url\":\"https:\\\/\\\/emasweden.com\\\/fi\\\/\",\"name\":\"EMA Sverige\",\"description\":\"\",\"potentialAction\":[{\"@type\":\"SearchAction\",\"target\":{\"@type\":\"EntryPoint\",\"urlTemplate\":\"https:\\\/\\\/emasweden.com\\\/fi\\\/?s={search_term_string}\"},\"query-input\":{\"@type\":\"PropertyValueSpecification\",\"valueRequired\":true,\"valueName\":\"search_term_string\"}}],\"inLanguage\":\"fi\"}]}<\/script>\n<!-- \/ Yoast SEO plugin. -->","yoast_head_json":{"title":"Katso tuotteemme alla. - EMA Sverige","description":"HD Tasauskauha 1400L suojalipalla - 1800mm - S70 Huulilevy 500 Brinell Borox. Sivuveitset, kulutussuoja kyljiss\u00e4 ja pohjassa Hardox\u00ae 450","robots":{"index":"index","follow":"follow","max-snippet":"max-snippet:-1","max-image-preview":"max-image-preview:large","max-video-preview":"max-video-preview:-1"},"canonical":"https:\/\/emasweden.com\/fi\/tuote\/hd-tasauskauha-1400l-suojalipalla-1800mm-s70\/","og_locale":"fi_FI","og_type":"article","og_title":"Katso tuotteemme alla. - EMA Sverige","og_description":"HD Tasauskauha 1400L suojalipalla - 1800mm - S70 Huulilevy 500 Brinell Borox. Sivuveitset, kulutussuoja kyljiss\u00e4 ja pohjassa Hardox\u00ae 450","og_url":"https:\/\/emasweden.com\/fi\/tuote\/hd-tasauskauha-1400l-suojalipalla-1800mm-s70\/","og_site_name":"EMA Sverige","article_modified_time":"2025-08-26T16:29:36+00:00","og_image":[{"width":1000,"height":750,"url":"https:\/\/emasweden.com\/wp-content\/uploads\/2021\/01\/7294019_1.jpg","type":"image\/jpeg"}],"twitter_card":"summary_large_image","twitter_misc":{"Arvioitu lukuaika":"1 minuutti"},"schema":{"@context":"https:\/\/schema.org","@graph":[{"@type":"WebPage","@id":"https:\/\/emasweden.com\/fi\/tuote\/hd-tasauskauha-1400l-suojalipalla-1800mm-s70\/","url":"https:\/\/emasweden.com\/fi\/tuote\/hd-tasauskauha-1400l-suojalipalla-1800mm-s70\/","name":"Katso tuotteemme alla. - EMA Sverige","isPartOf":{"@id":"https:\/\/emasweden.com\/fi\/#website"},"primaryImageOfPage":{"@id":"https:\/\/emasweden.com\/fi\/tuote\/hd-tasauskauha-1400l-suojalipalla-1800mm-s70\/#primaryimage"},"image":{"@id":"https:\/\/emasweden.com\/fi\/tuote\/hd-tasauskauha-1400l-suojalipalla-1800mm-s70\/#primaryimage"},"thumbnailUrl":"https:\/\/emasweden.com\/wp-content\/uploads\/2021\/01\/7294019_1.jpg","datePublished":"2021-08-31T12:43:20+00:00","dateModified":"2025-08-26T16:29:36+00:00","description":"HD Tasauskauha 1400L suojalipalla - 1800mm - S70 Huulilevy 500 Brinell Borox. Sivuveitset, kulutussuoja kyljiss\u00e4 ja pohjassa Hardox\u00ae 450","breadcrumb":{"@id":"https:\/\/emasweden.com\/fi\/tuote\/hd-tasauskauha-1400l-suojalipalla-1800mm-s70\/#breadcrumb"},"inLanguage":"fi","potentialAction":[{"@type":"ReadAction","target":["https:\/\/emasweden.com\/fi\/tuote\/hd-tasauskauha-1400l-suojalipalla-1800mm-s70\/"]}]},{"@type":"ImageObject","inLanguage":"fi","@id":"https:\/\/emasweden.com\/fi\/tuote\/hd-tasauskauha-1400l-suojalipalla-1800mm-s70\/#primaryimage","url":"https:\/\/emasweden.com\/wp-content\/uploads\/2021\/01\/7294019_1.jpg","contentUrl":"https:\/\/emasweden.com\/wp-content\/uploads\/2021\/01\/7294019_1.jpg","width":1000,"height":750,"caption":"HD 500 Tasauskauha 1550L suojalipalla - 2000mm - S80"},{"@type":"BreadcrumbList","@id":"https:\/\/emasweden.com\/fi\/tuote\/hd-tasauskauha-1400l-suojalipalla-1800mm-s70\/#breadcrumb","itemListElement":[{"@type":"ListItem","position":1,"name":"Hem","item":"https:\/\/emasweden.com\/fi\/"},{"@type":"ListItem","position":2,"name":"Tuoteryhm\u00e4t","item":"https:\/\/emasweden.com\/fi\/tuoteryhmat\/"},{"@type":"ListItem","position":3,"name":"Katso tuotteemme alla."}]},{"@type":"WebSite","@id":"https:\/\/emasweden.com\/fi\/#website","url":"https:\/\/emasweden.com\/fi\/","name":"EMA Sverige","description":"","potentialAction":[{"@type":"SearchAction","target":{"@type":"EntryPoint","urlTemplate":"https:\/\/emasweden.com\/fi\/?s={search_term_string}"},"query-input":{"@type":"PropertyValueSpecification","valueRequired":true,"valueName":"search_term_string"}}],"inLanguage":"fi"}]}},"_links":{"self":[{"href":"https:\/\/emasweden.com\/fi\/wp-json\/wp\/v2\/product\/11716","targetHints":{"allow":["GET"]}}],"collection":[{"href":"https:\/\/emasweden.com\/fi\/wp-json\/wp\/v2\/product"}],"about":[{"href":"https:\/\/emasweden.com\/fi\/wp-json\/wp\/v2\/types\/product"}],"wp:featuredmedia":[{"embeddable":true,"href":"https:\/\/emasweden.com\/fi\/wp-json\/wp\/v2\/media\/11717"}],"wp:attachment":[{"href":"https:\/\/emasweden.com\/fi\/wp-json\/wp\/v2\/media?parent=11716"}],"wp:term":[{"taxonomy":"product_brand","embeddable":true,"href":"https:\/\/emasweden.com\/fi\/wp-json\/wp\/v2\/product_brand?post=11716"},{"taxonomy":"product_cat","embeddable":true,"href":"https:\/\/emasweden.com\/fi\/wp-json\/wp\/v2\/product_cat?post=11716"},{"taxonomy":"product_tag","embeddable":true,"href":"https:\/\/emasweden.com\/fi\/wp-json\/wp\/v2\/product_tag?post=11716"},{"taxonomy":"faste-y","embeddable":true,"href":"https:\/\/emasweden.com\/fi\/wp-json\/wp\/v2\/faste-y?post=11716"}],"curies":[{"name":"wp","href":"https:\/\/api.w.org\/{rel}","templated":true}]}}