{"id":11918,"date":"2021-03-16T11:17:10","date_gmt":"2021-03-16T10:17:10","guid":{"rendered":"https:\/\/emasweden.com\/produkt\/esirepija-hd-s40-txf350-1000\/"},"modified":"2025-08-26T18:41:24","modified_gmt":"2025-08-26T16:41:24","slug":"esirepija-hd-s40-txf350-1000","status":"publish","type":"product","link":"https:\/\/emasweden.com\/fi\/tuote\/esirepija-hd-s40-txf350-1000\/","title":{"rendered":"HD esirepij\u00e4 (HD-S40-TXF350-1000)"},"content":{"rendered":"<p>Esirepij\u00e4. K\u00e4ytet\u00e4\u00e4n esim. helpottamaan kaapeliauralla kynt\u00e4mist\u00e4.<br \/>\nEi pid\u00e4 sekoittaa routakoukkuun.<\/p>\n","protected":false},"excerpt":{"rendered":"<p>Esirepij\u00e4. K\u00e4ytet\u00e4\u00e4n esim. helpottamaan kaapeliauralla kynt\u00e4mist\u00e4. Ei pid\u00e4 sekoittaa routakoukkuun.<\/p>\n","protected":false},"featured_media":11919,"template":"","meta":{"_monsterinsights_skip_tracking":false,"_monsterinsights_sitenote_active":false,"_monsterinsights_sitenote_note":"","_monsterinsights_sitenote_category":0},"product_brand":[],"product_cat":[2175],"product_tag":[],"faste-y":[],"class_list":{"0":"post-11918","1":"product","2":"type-product","3":"status-publish","4":"has-post-thumbnail","6":"product_cat-esirepija","7":"pa_tand-j350-fi","8":"pa_vikt-130kg-fi","10":"first","11":"instock","12":"purchasable","13":"product-type-simple"},"yoast_head":"<!-- This site is optimized with the Yoast SEO plugin v27.3 - https:\/\/yoast.com\/product\/yoast-seo-wordpress\/ -->\n<title>HD esirepij\u00e4 (HD-S40-TXF350-1000) - EMA Sverige<\/title>\n<meta name=\"robots\" content=\"index, follow, max-snippet:-1, max-image-preview:large, max-video-preview:-1\" \/>\n<link rel=\"canonical\" href=\"https:\/\/emasweden.com\/fi\/tuote\/esirepija-hd-s40-txf350-1000\/\" \/>\n<meta property=\"og:locale\" content=\"fi_FI\" \/>\n<meta property=\"og:type\" content=\"article\" \/>\n<meta property=\"og:title\" content=\"HD esirepij\u00e4 (HD-S40-TXF350-1000) - EMA Sverige\" \/>\n<meta property=\"og:description\" content=\"Esirepij\u00e4. K\u00e4ytet\u00e4\u00e4n esim. helpottamaan kaapeliauralla kynt\u00e4mist\u00e4. Ei pid\u00e4 sekoittaa routakoukkuun.\" \/>\n<meta property=\"og:url\" content=\"https:\/\/emasweden.com\/fi\/tuote\/esirepija-hd-s40-txf350-1000\/\" \/>\n<meta property=\"og:site_name\" content=\"EMA Sverige\" \/>\n<meta property=\"article:modified_time\" content=\"2025-08-26T16:41:24+00:00\" \/>\n<meta property=\"og:image\" content=\"https:\/\/emasweden.com\/wp-content\/uploads\/2021\/03\/7299050_1.jpg\" \/>\n\t<meta property=\"og:image:width\" content=\"1000\" \/>\n\t<meta property=\"og:image:height\" content=\"750\" \/>\n\t<meta property=\"og:image:type\" content=\"image\/jpeg\" \/>\n<meta name=\"twitter:card\" content=\"summary_large_image\" \/>\n<script type=\"application\/ld+json\" class=\"yoast-schema-graph\">{\"@context\":\"https:\\\/\\\/schema.org\",\"@graph\":[{\"@type\":\"WebPage\",\"@id\":\"https:\\\/\\\/emasweden.com\\\/fi\\\/tuote\\\/esirepija-hd-s40-txf350-1000\\\/\",\"url\":\"https:\\\/\\\/emasweden.com\\\/fi\\\/tuote\\\/esirepija-hd-s40-txf350-1000\\\/\",\"name\":\"HD esirepij\u00e4 (HD-S40-TXF350-1000) - EMA Sverige\",\"isPartOf\":{\"@id\":\"https:\\\/\\\/emasweden.com\\\/fi\\\/#website\"},\"primaryImageOfPage\":{\"@id\":\"https:\\\/\\\/emasweden.com\\\/fi\\\/tuote\\\/esirepija-hd-s40-txf350-1000\\\/#primaryimage\"},\"image\":{\"@id\":\"https:\\\/\\\/emasweden.com\\\/fi\\\/tuote\\\/esirepija-hd-s40-txf350-1000\\\/#primaryimage\"},\"thumbnailUrl\":\"https:\\\/\\\/emasweden.com\\\/wp-content\\\/uploads\\\/2021\\\/03\\\/7299050_1.jpg\",\"datePublished\":\"2021-03-16T10:17:10+00:00\",\"dateModified\":\"2025-08-26T16:41:24+00:00\",\"breadcrumb\":{\"@id\":\"https:\\\/\\\/emasweden.com\\\/fi\\\/tuote\\\/esirepija-hd-s40-txf350-1000\\\/#breadcrumb\"},\"inLanguage\":\"fi\",\"potentialAction\":[{\"@type\":\"ReadAction\",\"target\":[\"https:\\\/\\\/emasweden.com\\\/fi\\\/tuote\\\/esirepija-hd-s40-txf350-1000\\\/\"]}]},{\"@type\":\"ImageObject\",\"inLanguage\":\"fi\",\"@id\":\"https:\\\/\\\/emasweden.com\\\/fi\\\/tuote\\\/esirepija-hd-s40-txf350-1000\\\/#primaryimage\",\"url\":\"https:\\\/\\\/emasweden.com\\\/wp-content\\\/uploads\\\/2021\\\/03\\\/7299050_1.jpg\",\"contentUrl\":\"https:\\\/\\\/emasweden.com\\\/wp-content\\\/uploads\\\/2021\\\/03\\\/7299050_1.jpg\",\"width\":1000,\"height\":750},{\"@type\":\"BreadcrumbList\",\"@id\":\"https:\\\/\\\/emasweden.com\\\/fi\\\/tuote\\\/esirepija-hd-s40-txf350-1000\\\/#breadcrumb\",\"itemListElement\":[{\"@type\":\"ListItem\",\"position\":1,\"name\":\"Hem\",\"item\":\"https:\\\/\\\/emasweden.com\\\/fi\\\/\"},{\"@type\":\"ListItem\",\"position\":2,\"name\":\"Tuoteryhm\u00e4t\",\"item\":\"https:\\\/\\\/emasweden.com\\\/fi\\\/tuoteryhmat\\\/\"},{\"@type\":\"ListItem\",\"position\":3,\"name\":\"HD esirepij\u00e4 (HD-S40-TXF350-1000)\"}]},{\"@type\":\"WebSite\",\"@id\":\"https:\\\/\\\/emasweden.com\\\/fi\\\/#website\",\"url\":\"https:\\\/\\\/emasweden.com\\\/fi\\\/\",\"name\":\"EMA Sverige\",\"description\":\"\",\"potentialAction\":[{\"@type\":\"SearchAction\",\"target\":{\"@type\":\"EntryPoint\",\"urlTemplate\":\"https:\\\/\\\/emasweden.com\\\/fi\\\/?s={search_term_string}\"},\"query-input\":{\"@type\":\"PropertyValueSpecification\",\"valueRequired\":true,\"valueName\":\"search_term_string\"}}],\"inLanguage\":\"fi\"}]}<\/script>\n<!-- \/ Yoast SEO plugin. -->","yoast_head_json":{"title":"HD esirepij\u00e4 (HD-S40-TXF350-1000) - EMA Sverige","robots":{"index":"index","follow":"follow","max-snippet":"max-snippet:-1","max-image-preview":"max-image-preview:large","max-video-preview":"max-video-preview:-1"},"canonical":"https:\/\/emasweden.com\/fi\/tuote\/esirepija-hd-s40-txf350-1000\/","og_locale":"fi_FI","og_type":"article","og_title":"HD esirepij\u00e4 (HD-S40-TXF350-1000) - EMA Sverige","og_description":"Esirepij\u00e4. K\u00e4ytet\u00e4\u00e4n esim. helpottamaan kaapeliauralla kynt\u00e4mist\u00e4. Ei pid\u00e4 sekoittaa routakoukkuun.","og_url":"https:\/\/emasweden.com\/fi\/tuote\/esirepija-hd-s40-txf350-1000\/","og_site_name":"EMA Sverige","article_modified_time":"2025-08-26T16:41:24+00:00","og_image":[{"width":1000,"height":750,"url":"https:\/\/emasweden.com\/wp-content\/uploads\/2021\/03\/7299050_1.jpg","type":"image\/jpeg"}],"twitter_card":"summary_large_image","schema":{"@context":"https:\/\/schema.org","@graph":[{"@type":"WebPage","@id":"https:\/\/emasweden.com\/fi\/tuote\/esirepija-hd-s40-txf350-1000\/","url":"https:\/\/emasweden.com\/fi\/tuote\/esirepija-hd-s40-txf350-1000\/","name":"HD esirepij\u00e4 (HD-S40-TXF350-1000) - EMA Sverige","isPartOf":{"@id":"https:\/\/emasweden.com\/fi\/#website"},"primaryImageOfPage":{"@id":"https:\/\/emasweden.com\/fi\/tuote\/esirepija-hd-s40-txf350-1000\/#primaryimage"},"image":{"@id":"https:\/\/emasweden.com\/fi\/tuote\/esirepija-hd-s40-txf350-1000\/#primaryimage"},"thumbnailUrl":"https:\/\/emasweden.com\/wp-content\/uploads\/2021\/03\/7299050_1.jpg","datePublished":"2021-03-16T10:17:10+00:00","dateModified":"2025-08-26T16:41:24+00:00","breadcrumb":{"@id":"https:\/\/emasweden.com\/fi\/tuote\/esirepija-hd-s40-txf350-1000\/#breadcrumb"},"inLanguage":"fi","potentialAction":[{"@type":"ReadAction","target":["https:\/\/emasweden.com\/fi\/tuote\/esirepija-hd-s40-txf350-1000\/"]}]},{"@type":"ImageObject","inLanguage":"fi","@id":"https:\/\/emasweden.com\/fi\/tuote\/esirepija-hd-s40-txf350-1000\/#primaryimage","url":"https:\/\/emasweden.com\/wp-content\/uploads\/2021\/03\/7299050_1.jpg","contentUrl":"https:\/\/emasweden.com\/wp-content\/uploads\/2021\/03\/7299050_1.jpg","width":1000,"height":750},{"@type":"BreadcrumbList","@id":"https:\/\/emasweden.com\/fi\/tuote\/esirepija-hd-s40-txf350-1000\/#breadcrumb","itemListElement":[{"@type":"ListItem","position":1,"name":"Hem","item":"https:\/\/emasweden.com\/fi\/"},{"@type":"ListItem","position":2,"name":"Tuoteryhm\u00e4t","item":"https:\/\/emasweden.com\/fi\/tuoteryhmat\/"},{"@type":"ListItem","position":3,"name":"HD esirepij\u00e4 (HD-S40-TXF350-1000)"}]},{"@type":"WebSite","@id":"https:\/\/emasweden.com\/fi\/#website","url":"https:\/\/emasweden.com\/fi\/","name":"EMA Sverige","description":"","potentialAction":[{"@type":"SearchAction","target":{"@type":"EntryPoint","urlTemplate":"https:\/\/emasweden.com\/fi\/?s={search_term_string}"},"query-input":{"@type":"PropertyValueSpecification","valueRequired":true,"valueName":"search_term_string"}}],"inLanguage":"fi"}]}},"_links":{"self":[{"href":"https:\/\/emasweden.com\/fi\/wp-json\/wp\/v2\/product\/11918","targetHints":{"allow":["GET"]}}],"collection":[{"href":"https:\/\/emasweden.com\/fi\/wp-json\/wp\/v2\/product"}],"about":[{"href":"https:\/\/emasweden.com\/fi\/wp-json\/wp\/v2\/types\/product"}],"wp:featuredmedia":[{"embeddable":true,"href":"https:\/\/emasweden.com\/fi\/wp-json\/wp\/v2\/media\/11919"}],"wp:attachment":[{"href":"https:\/\/emasweden.com\/fi\/wp-json\/wp\/v2\/media?parent=11918"}],"wp:term":[{"taxonomy":"product_brand","embeddable":true,"href":"https:\/\/emasweden.com\/fi\/wp-json\/wp\/v2\/product_brand?post=11918"},{"taxonomy":"product_cat","embeddable":true,"href":"https:\/\/emasweden.com\/fi\/wp-json\/wp\/v2\/product_cat?post=11918"},{"taxonomy":"product_tag","embeddable":true,"href":"https:\/\/emasweden.com\/fi\/wp-json\/wp\/v2\/product_tag?post=11918"},{"taxonomy":"faste-y","embeddable":true,"href":"https:\/\/emasweden.com\/fi\/wp-json\/wp\/v2\/faste-y?post=11918"}],"curies":[{"name":"wp","href":"https:\/\/api.w.org\/{rel}","templated":true}]}}