{"id":12112,"date":"2021-03-16T11:16:18","date_gmt":"2021-03-16T10:16:18","guid":{"rendered":"https:\/\/emasweden.com\/produkt\/hd-routakoukku-tx200-s40\/"},"modified":"2025-08-26T18:47:09","modified_gmt":"2025-08-26T16:47:09","slug":"hd-routakoukku-tx200-s40","status":"publish","type":"product","link":"https:\/\/emasweden.com\/fi\/tuote\/hd-routakoukku-tx200-s40\/","title":{"rendered":"HD Routakoukku &#8211; TX200 &#8211; S40"},"content":{"rendered":"<p><sup>HD Routakoukku &#8211; TX200 &#8211; S40<\/sup><br \/>\n\u2013 Heavy duty (HD) on tuotevalikoimamme tehopaketti. T\u00e4m\u00e4n kanssa ei materiaalien<br \/>\nsuhteen tehd\u00e4 kompromisseja. T\u00e4t\u00e4 tehopakettia k\u00e4ytt\u00e4v\u00e4t enimm\u00e4kseen k\u00e4ytt\u00e4j\u00e4t,<br \/>\njotka asettavat tuotteilleen eritt\u00e4in korkeat vaatimukset. He ty\u00f6skentelev\u00e4t usein materiaaleilla<br \/>\nja ymp\u00e4rist\u00f6iss\u00e4, jotka vaativat hieman ylim\u00e4\u00e4r\u00e4ist\u00e4 kest\u00e4vyyden suhteen. <\/p>\n<p>\u2022 Vankka rakenne<br \/>\n<br \/>\u2022 Rakennettu jatkuvaan ja vaativaan ty\u00f6h\u00f6n<br \/>\n<br \/>\u2022 Kaikki kulutuspinnat Hardox\u00ae 450<br \/>\n<br \/>\u2022 CAT kynsij\u00e4rjestelm\u00e4<br \/>\n<br \/>\u2022 Leve\u00e4 selk\u00e4 helppoa ja turvallista laitteen irrottamista varten &#8211; leve\u00e4 selk\u00e4 antaa my\u00f6s paremman tuen.<\/p>\n","protected":false},"excerpt":{"rendered":"<p>HD Routakoukku &#8211; TX200 &#8211; S40 \u2013 Heavy duty (HD) on tuotevalikoimamme tehopaketti. T\u00e4m\u00e4n kanssa ei materiaalien suhteen tehd\u00e4 kompromisseja. T\u00e4t\u00e4 tehopakettia k\u00e4ytt\u00e4v\u00e4t enimm\u00e4kseen k\u00e4ytt\u00e4j\u00e4t, jotka asettavat tuotteilleen eritt\u00e4in korkeat vaatimukset. He ty\u00f6skentelev\u00e4t usein materiaaleilla ja ymp\u00e4rist\u00f6iss\u00e4, jotka vaativat hieman ylim\u00e4\u00e4r\u00e4ist\u00e4 kest\u00e4vyyden suhteen. \u2022 Vankka rakenne \u2022 Rakennettu jatkuvaan ja vaativaan ty\u00f6h\u00f6n \u2022 Kaikki kulutuspinnat [&hellip;]<\/p>\n","protected":false},"featured_media":12113,"template":"","meta":{"_monsterinsights_skip_tracking":false,"_monsterinsights_sitenote_active":false,"_monsterinsights_sitenote_note":"","_monsterinsights_sitenote_category":0},"product_brand":[],"product_cat":[2185],"product_tag":[],"faste-y":[],"class_list":{"0":"post-12112","1":"product","2":"type-product","3":"status-publish","4":"has-post-thumbnail","6":"product_cat-routakoukku","7":"pa_max-bredd-256mm-fi","8":"pa_tand-j200-fi","9":"pa_vikt-90kg-fi","11":"first","12":"instock","13":"purchasable","14":"product-type-simple"},"yoast_head":"<!-- This site is optimized with the Yoast SEO plugin v27.3 - https:\/\/yoast.com\/product\/yoast-seo-wordpress\/ -->\n<title>HD Routakoukku - TX200 - S40 - EMA Sverige<\/title>\n<meta name=\"description\" content=\"HD Routakoukku - TX200 - S40. Kaikki kulutuspinnat Hardox\u00ae 450, rakennettu jatkuvaan ja vaativaan ty\u00f6h\u00f6n.\" \/>\n<meta name=\"robots\" content=\"index, follow, max-snippet:-1, max-image-preview:large, max-video-preview:-1\" \/>\n<link rel=\"canonical\" href=\"https:\/\/emasweden.com\/fi\/tuote\/hd-routakoukku-tx200-s40\/\" \/>\n<meta property=\"og:locale\" content=\"fi_FI\" \/>\n<meta property=\"og:type\" content=\"article\" \/>\n<meta property=\"og:title\" content=\"HD Routakoukku - TX200 - S40 - EMA Sverige\" \/>\n<meta property=\"og:description\" content=\"HD Routakoukku - TX200 - S40. Kaikki kulutuspinnat Hardox\u00ae 450, rakennettu jatkuvaan ja vaativaan ty\u00f6h\u00f6n.\" \/>\n<meta property=\"og:url\" content=\"https:\/\/emasweden.com\/fi\/tuote\/hd-routakoukku-tx200-s40\/\" \/>\n<meta property=\"og:site_name\" content=\"EMA Sverige\" \/>\n<meta property=\"article:modified_time\" content=\"2025-08-26T16:47:09+00:00\" \/>\n<meta property=\"og:image\" content=\"https:\/\/emasweden.com\/wp-content\/uploads\/2021\/03\/7299001_1.jpg\" \/>\n\t<meta property=\"og:image:width\" content=\"1000\" \/>\n\t<meta property=\"og:image:height\" content=\"750\" \/>\n\t<meta property=\"og:image:type\" content=\"image\/jpeg\" \/>\n<meta name=\"twitter:card\" content=\"summary_large_image\" \/>\n<script type=\"application\/ld+json\" class=\"yoast-schema-graph\">{\"@context\":\"https:\\\/\\\/schema.org\",\"@graph\":[{\"@type\":\"WebPage\",\"@id\":\"https:\\\/\\\/emasweden.com\\\/fi\\\/tuote\\\/hd-routakoukku-tx200-s40\\\/\",\"url\":\"https:\\\/\\\/emasweden.com\\\/fi\\\/tuote\\\/hd-routakoukku-tx200-s40\\\/\",\"name\":\"HD Routakoukku - TX200 - S40 - EMA Sverige\",\"isPartOf\":{\"@id\":\"https:\\\/\\\/emasweden.com\\\/fi\\\/#website\"},\"primaryImageOfPage\":{\"@id\":\"https:\\\/\\\/emasweden.com\\\/fi\\\/tuote\\\/hd-routakoukku-tx200-s40\\\/#primaryimage\"},\"image\":{\"@id\":\"https:\\\/\\\/emasweden.com\\\/fi\\\/tuote\\\/hd-routakoukku-tx200-s40\\\/#primaryimage\"},\"thumbnailUrl\":\"https:\\\/\\\/emasweden.com\\\/wp-content\\\/uploads\\\/2021\\\/03\\\/7299001_1.jpg\",\"datePublished\":\"2021-03-16T10:16:18+00:00\",\"dateModified\":\"2025-08-26T16:47:09+00:00\",\"description\":\"HD Routakoukku - TX200 - S40. Kaikki kulutuspinnat Hardox\u00ae 450, rakennettu jatkuvaan ja vaativaan ty\u00f6h\u00f6n.\",\"breadcrumb\":{\"@id\":\"https:\\\/\\\/emasweden.com\\\/fi\\\/tuote\\\/hd-routakoukku-tx200-s40\\\/#breadcrumb\"},\"inLanguage\":\"fi\",\"potentialAction\":[{\"@type\":\"ReadAction\",\"target\":[\"https:\\\/\\\/emasweden.com\\\/fi\\\/tuote\\\/hd-routakoukku-tx200-s40\\\/\"]}]},{\"@type\":\"ImageObject\",\"inLanguage\":\"fi\",\"@id\":\"https:\\\/\\\/emasweden.com\\\/fi\\\/tuote\\\/hd-routakoukku-tx200-s40\\\/#primaryimage\",\"url\":\"https:\\\/\\\/emasweden.com\\\/wp-content\\\/uploads\\\/2021\\\/03\\\/7299001_1.jpg\",\"contentUrl\":\"https:\\\/\\\/emasweden.com\\\/wp-content\\\/uploads\\\/2021\\\/03\\\/7299001_1.jpg\",\"width\":1000,\"height\":750,\"caption\":\"EMA HD Routakoukku\"},{\"@type\":\"BreadcrumbList\",\"@id\":\"https:\\\/\\\/emasweden.com\\\/fi\\\/tuote\\\/hd-routakoukku-tx200-s40\\\/#breadcrumb\",\"itemListElement\":[{\"@type\":\"ListItem\",\"position\":1,\"name\":\"Hem\",\"item\":\"https:\\\/\\\/emasweden.com\\\/fi\\\/\"},{\"@type\":\"ListItem\",\"position\":2,\"name\":\"Tuoteryhm\u00e4t\",\"item\":\"https:\\\/\\\/emasweden.com\\\/fi\\\/tuoteryhmat\\\/\"},{\"@type\":\"ListItem\",\"position\":3,\"name\":\"HD Routakoukku &#8211; TX200 &#8211; S40\"}]},{\"@type\":\"WebSite\",\"@id\":\"https:\\\/\\\/emasweden.com\\\/fi\\\/#website\",\"url\":\"https:\\\/\\\/emasweden.com\\\/fi\\\/\",\"name\":\"EMA Sverige\",\"description\":\"\",\"potentialAction\":[{\"@type\":\"SearchAction\",\"target\":{\"@type\":\"EntryPoint\",\"urlTemplate\":\"https:\\\/\\\/emasweden.com\\\/fi\\\/?s={search_term_string}\"},\"query-input\":{\"@type\":\"PropertyValueSpecification\",\"valueRequired\":true,\"valueName\":\"search_term_string\"}}],\"inLanguage\":\"fi\"}]}<\/script>\n<!-- \/ Yoast SEO plugin. -->","yoast_head_json":{"title":"HD Routakoukku - TX200 - S40 - EMA Sverige","description":"HD Routakoukku - TX200 - S40. Kaikki kulutuspinnat Hardox\u00ae 450, rakennettu jatkuvaan ja vaativaan ty\u00f6h\u00f6n.","robots":{"index":"index","follow":"follow","max-snippet":"max-snippet:-1","max-image-preview":"max-image-preview:large","max-video-preview":"max-video-preview:-1"},"canonical":"https:\/\/emasweden.com\/fi\/tuote\/hd-routakoukku-tx200-s40\/","og_locale":"fi_FI","og_type":"article","og_title":"HD Routakoukku - TX200 - S40 - EMA Sverige","og_description":"HD Routakoukku - TX200 - S40. Kaikki kulutuspinnat Hardox\u00ae 450, rakennettu jatkuvaan ja vaativaan ty\u00f6h\u00f6n.","og_url":"https:\/\/emasweden.com\/fi\/tuote\/hd-routakoukku-tx200-s40\/","og_site_name":"EMA Sverige","article_modified_time":"2025-08-26T16:47:09+00:00","og_image":[{"width":1000,"height":750,"url":"https:\/\/emasweden.com\/wp-content\/uploads\/2021\/03\/7299001_1.jpg","type":"image\/jpeg"}],"twitter_card":"summary_large_image","schema":{"@context":"https:\/\/schema.org","@graph":[{"@type":"WebPage","@id":"https:\/\/emasweden.com\/fi\/tuote\/hd-routakoukku-tx200-s40\/","url":"https:\/\/emasweden.com\/fi\/tuote\/hd-routakoukku-tx200-s40\/","name":"HD Routakoukku - TX200 - S40 - EMA Sverige","isPartOf":{"@id":"https:\/\/emasweden.com\/fi\/#website"},"primaryImageOfPage":{"@id":"https:\/\/emasweden.com\/fi\/tuote\/hd-routakoukku-tx200-s40\/#primaryimage"},"image":{"@id":"https:\/\/emasweden.com\/fi\/tuote\/hd-routakoukku-tx200-s40\/#primaryimage"},"thumbnailUrl":"https:\/\/emasweden.com\/wp-content\/uploads\/2021\/03\/7299001_1.jpg","datePublished":"2021-03-16T10:16:18+00:00","dateModified":"2025-08-26T16:47:09+00:00","description":"HD Routakoukku - TX200 - S40. Kaikki kulutuspinnat Hardox\u00ae 450, rakennettu jatkuvaan ja vaativaan ty\u00f6h\u00f6n.","breadcrumb":{"@id":"https:\/\/emasweden.com\/fi\/tuote\/hd-routakoukku-tx200-s40\/#breadcrumb"},"inLanguage":"fi","potentialAction":[{"@type":"ReadAction","target":["https:\/\/emasweden.com\/fi\/tuote\/hd-routakoukku-tx200-s40\/"]}]},{"@type":"ImageObject","inLanguage":"fi","@id":"https:\/\/emasweden.com\/fi\/tuote\/hd-routakoukku-tx200-s40\/#primaryimage","url":"https:\/\/emasweden.com\/wp-content\/uploads\/2021\/03\/7299001_1.jpg","contentUrl":"https:\/\/emasweden.com\/wp-content\/uploads\/2021\/03\/7299001_1.jpg","width":1000,"height":750,"caption":"EMA HD Routakoukku"},{"@type":"BreadcrumbList","@id":"https:\/\/emasweden.com\/fi\/tuote\/hd-routakoukku-tx200-s40\/#breadcrumb","itemListElement":[{"@type":"ListItem","position":1,"name":"Hem","item":"https:\/\/emasweden.com\/fi\/"},{"@type":"ListItem","position":2,"name":"Tuoteryhm\u00e4t","item":"https:\/\/emasweden.com\/fi\/tuoteryhmat\/"},{"@type":"ListItem","position":3,"name":"HD Routakoukku &#8211; TX200 &#8211; S40"}]},{"@type":"WebSite","@id":"https:\/\/emasweden.com\/fi\/#website","url":"https:\/\/emasweden.com\/fi\/","name":"EMA Sverige","description":"","potentialAction":[{"@type":"SearchAction","target":{"@type":"EntryPoint","urlTemplate":"https:\/\/emasweden.com\/fi\/?s={search_term_string}"},"query-input":{"@type":"PropertyValueSpecification","valueRequired":true,"valueName":"search_term_string"}}],"inLanguage":"fi"}]}},"_links":{"self":[{"href":"https:\/\/emasweden.com\/fi\/wp-json\/wp\/v2\/product\/12112","targetHints":{"allow":["GET"]}}],"collection":[{"href":"https:\/\/emasweden.com\/fi\/wp-json\/wp\/v2\/product"}],"about":[{"href":"https:\/\/emasweden.com\/fi\/wp-json\/wp\/v2\/types\/product"}],"wp:featuredmedia":[{"embeddable":true,"href":"https:\/\/emasweden.com\/fi\/wp-json\/wp\/v2\/media\/12113"}],"wp:attachment":[{"href":"https:\/\/emasweden.com\/fi\/wp-json\/wp\/v2\/media?parent=12112"}],"wp:term":[{"taxonomy":"product_brand","embeddable":true,"href":"https:\/\/emasweden.com\/fi\/wp-json\/wp\/v2\/product_brand?post=12112"},{"taxonomy":"product_cat","embeddable":true,"href":"https:\/\/emasweden.com\/fi\/wp-json\/wp\/v2\/product_cat?post=12112"},{"taxonomy":"product_tag","embeddable":true,"href":"https:\/\/emasweden.com\/fi\/wp-json\/wp\/v2\/product_tag?post=12112"},{"taxonomy":"faste-y","embeddable":true,"href":"https:\/\/emasweden.com\/fi\/wp-json\/wp\/v2\/faste-y?post=12112"}],"curies":[{"name":"wp","href":"https:\/\/api.w.org\/{rel}","templated":true}]}}