{"id":12357,"date":"2021-03-16T11:15:26","date_gmt":"2021-03-16T10:15:26","guid":{"rendered":"https:\/\/emasweden.com\/produkt\/std-vv-kauha-750l-900mm-s60\/"},"modified":"2025-08-26T18:38:26","modified_gmt":"2025-08-26T16:38:26","slug":"std-vv-kauha-750l-900mm-s60","status":"publish","type":"product","link":"https:\/\/emasweden.com\/fi\/tuote\/std-vv-kauha-750l-900mm-s60\/","title":{"rendered":"Std VV-Kauha 750L &#8211; 900mm &#8211; S60"},"content":{"rendered":"<p><sup>Std VV-Kauha 750L &#8211; 900mm &#8211; S60<\/sup><br \/>\n\u2013 Standard duty (STD) on laadusta tinkim\u00e4tt\u00e4 eritt\u00e4in edullinen osa valikoimaamme. Hardoxia\u00ae k\u00e4ytet\u00e4\u00e4n pinnoille, joilla materiaaliin kohdistuu suuri rasitus.<br \/>\nHardox\u00ae antaa tuotteelle pidemm\u00e4n k\u00e4ytt\u00f6i\u00e4n. <\/p>\n<p>T\u00e4m\u00e4 tuote on suunnattu k\u00e4ytt\u00e4jille, jotka asettavat tuotteilleen korkeat vaatimukset, arvostavat korkeaa suorituskyky\u00e4 ja jotka pitk\u00e4ll\u00e4 aikav\u00e4lill\u00e4 haluavat edist\u00e4\u00e4 parempaa kannattavuutta.<\/p>\n<p>\u2022 Huulilevy 500 Brinell Borox<br \/>\n<br \/>\u2022 Sivuveitset, kulutussuojat kyljiss\u00e4 ja pohja 450 Hardox\u00ae<br \/>\n<br \/>\u2022 Kauha on kehitetty yhdess\u00e4 koneenk\u00e4ytt\u00e4jien kanssa<br \/>\n<br \/>\u2022 Pitk\u00e4 pohja ja matalat sivuveitset antavat hyv\u00e4n tunnelointikyvyn<\/p>\n","protected":false},"excerpt":{"rendered":"<p>Std VV-Kauha 750L &#8211; 900mm &#8211; S60 \u2013 Standard duty (STD) on laadusta tinkim\u00e4tt\u00e4 eritt\u00e4in edullinen osa valikoimaamme. Hardoxia\u00ae k\u00e4ytet\u00e4\u00e4n pinnoille, joilla materiaaliin kohdistuu suuri rasitus. Hardox\u00ae antaa tuotteelle pidemm\u00e4n k\u00e4ytt\u00f6i\u00e4n. T\u00e4m\u00e4 tuote on suunnattu k\u00e4ytt\u00e4jille, jotka asettavat tuotteilleen korkeat vaatimukset, arvostavat korkeaa suorituskyky\u00e4 ja jotka pitk\u00e4ll\u00e4 aikav\u00e4lill\u00e4 haluavat edist\u00e4\u00e4 parempaa kannattavuutta. \u2022 Huulilevy 500 [&hellip;]<\/p>\n","protected":false},"featured_media":12358,"template":"","meta":{"_monsterinsights_skip_tracking":false,"_monsterinsights_sitenote_active":false,"_monsterinsights_sitenote_note":"","_monsterinsights_sitenote_category":0},"product_brand":[],"product_cat":[2186],"product_tag":[],"faste-y":[],"class_list":{"0":"post-12357","1":"product","2":"type-product","3":"status-publish","4":"has-post-thumbnail","6":"product_cat-vesijohto-ja-viemarikauha","7":"pa_max-bredd-900mm-fi","8":"pa_skar-30x300mm-fi","9":"pa_vikt-435kg-fi","11":"first","12":"instock","13":"purchasable","14":"product-type-simple"},"yoast_head":"<!-- This site is optimized with the Yoast SEO plugin v27.3 - https:\/\/yoast.com\/product\/yoast-seo-wordpress\/ -->\n<title>Std VV-Kauha 750L - 900mm - S60 - EMA Sverige<\/title>\n<meta name=\"description\" content=\"Std VV-Kauha 750L - 900mm - S60. - Huulilevy 500 Brinell Borox, sivuveitset, kulutussuojat kyljiss\u00e4 ja pohja 450 Hardox\u00ae\" \/>\n<meta name=\"robots\" content=\"index, follow, max-snippet:-1, max-image-preview:large, max-video-preview:-1\" \/>\n<link rel=\"canonical\" href=\"https:\/\/emasweden.com\/fi\/tuote\/std-vv-kauha-750l-900mm-s60\/\" \/>\n<meta property=\"og:locale\" content=\"fi_FI\" \/>\n<meta property=\"og:type\" content=\"article\" \/>\n<meta property=\"og:title\" content=\"Std VV-Kauha 750L - 900mm - S60 - EMA Sverige\" \/>\n<meta property=\"og:description\" content=\"Std VV-Kauha 750L - 900mm - S60. - Huulilevy 500 Brinell Borox, sivuveitset, kulutussuojat kyljiss\u00e4 ja pohja 450 Hardox\u00ae\" \/>\n<meta property=\"og:url\" content=\"https:\/\/emasweden.com\/fi\/tuote\/std-vv-kauha-750l-900mm-s60\/\" \/>\n<meta property=\"og:site_name\" content=\"EMA Sverige\" \/>\n<meta property=\"article:modified_time\" content=\"2025-08-26T16:38:26+00:00\" \/>\n<meta property=\"og:image\" content=\"https:\/\/emasweden.com\/wp-content\/uploads\/2021\/01\/7298003_1.jpg\" \/>\n\t<meta property=\"og:image:width\" content=\"1000\" \/>\n\t<meta property=\"og:image:height\" content=\"750\" \/>\n\t<meta property=\"og:image:type\" content=\"image\/jpeg\" \/>\n<meta name=\"twitter:card\" content=\"summary_large_image\" \/>\n<script type=\"application\/ld+json\" class=\"yoast-schema-graph\">{\"@context\":\"https:\\\/\\\/schema.org\",\"@graph\":[{\"@type\":\"WebPage\",\"@id\":\"https:\\\/\\\/emasweden.com\\\/fi\\\/tuote\\\/std-vv-kauha-750l-900mm-s60\\\/\",\"url\":\"https:\\\/\\\/emasweden.com\\\/fi\\\/tuote\\\/std-vv-kauha-750l-900mm-s60\\\/\",\"name\":\"Std VV-Kauha 750L - 900mm - S60 - EMA Sverige\",\"isPartOf\":{\"@id\":\"https:\\\/\\\/emasweden.com\\\/fi\\\/#website\"},\"primaryImageOfPage\":{\"@id\":\"https:\\\/\\\/emasweden.com\\\/fi\\\/tuote\\\/std-vv-kauha-750l-900mm-s60\\\/#primaryimage\"},\"image\":{\"@id\":\"https:\\\/\\\/emasweden.com\\\/fi\\\/tuote\\\/std-vv-kauha-750l-900mm-s60\\\/#primaryimage\"},\"thumbnailUrl\":\"https:\\\/\\\/emasweden.com\\\/wp-content\\\/uploads\\\/2021\\\/01\\\/7298003_1.jpg\",\"datePublished\":\"2021-03-16T10:15:26+00:00\",\"dateModified\":\"2025-08-26T16:38:26+00:00\",\"description\":\"Std VV-Kauha 750L - 900mm - S60. - Huulilevy 500 Brinell Borox, sivuveitset, kulutussuojat kyljiss\u00e4 ja pohja 450 Hardox\u00ae\",\"breadcrumb\":{\"@id\":\"https:\\\/\\\/emasweden.com\\\/fi\\\/tuote\\\/std-vv-kauha-750l-900mm-s60\\\/#breadcrumb\"},\"inLanguage\":\"fi\",\"potentialAction\":[{\"@type\":\"ReadAction\",\"target\":[\"https:\\\/\\\/emasweden.com\\\/fi\\\/tuote\\\/std-vv-kauha-750l-900mm-s60\\\/\"]}]},{\"@type\":\"ImageObject\",\"inLanguage\":\"fi\",\"@id\":\"https:\\\/\\\/emasweden.com\\\/fi\\\/tuote\\\/std-vv-kauha-750l-900mm-s60\\\/#primaryimage\",\"url\":\"https:\\\/\\\/emasweden.com\\\/wp-content\\\/uploads\\\/2021\\\/01\\\/7298003_1.jpg\",\"contentUrl\":\"https:\\\/\\\/emasweden.com\\\/wp-content\\\/uploads\\\/2021\\\/01\\\/7298003_1.jpg\",\"width\":1000,\"height\":750},{\"@type\":\"BreadcrumbList\",\"@id\":\"https:\\\/\\\/emasweden.com\\\/fi\\\/tuote\\\/std-vv-kauha-750l-900mm-s60\\\/#breadcrumb\",\"itemListElement\":[{\"@type\":\"ListItem\",\"position\":1,\"name\":\"Hem\",\"item\":\"https:\\\/\\\/emasweden.com\\\/fi\\\/\"},{\"@type\":\"ListItem\",\"position\":2,\"name\":\"Tuoteryhm\u00e4t\",\"item\":\"https:\\\/\\\/emasweden.com\\\/fi\\\/tuoteryhmat\\\/\"},{\"@type\":\"ListItem\",\"position\":3,\"name\":\"Std VV-Kauha 750L &#8211; 900mm &#8211; S60\"}]},{\"@type\":\"WebSite\",\"@id\":\"https:\\\/\\\/emasweden.com\\\/fi\\\/#website\",\"url\":\"https:\\\/\\\/emasweden.com\\\/fi\\\/\",\"name\":\"EMA Sverige\",\"description\":\"\",\"potentialAction\":[{\"@type\":\"SearchAction\",\"target\":{\"@type\":\"EntryPoint\",\"urlTemplate\":\"https:\\\/\\\/emasweden.com\\\/fi\\\/?s={search_term_string}\"},\"query-input\":{\"@type\":\"PropertyValueSpecification\",\"valueRequired\":true,\"valueName\":\"search_term_string\"}}],\"inLanguage\":\"fi\"}]}<\/script>\n<!-- \/ Yoast SEO plugin. -->","yoast_head_json":{"title":"Std VV-Kauha 750L - 900mm - S60 - EMA Sverige","description":"Std VV-Kauha 750L - 900mm - S60. - Huulilevy 500 Brinell Borox, sivuveitset, kulutussuojat kyljiss\u00e4 ja pohja 450 Hardox\u00ae","robots":{"index":"index","follow":"follow","max-snippet":"max-snippet:-1","max-image-preview":"max-image-preview:large","max-video-preview":"max-video-preview:-1"},"canonical":"https:\/\/emasweden.com\/fi\/tuote\/std-vv-kauha-750l-900mm-s60\/","og_locale":"fi_FI","og_type":"article","og_title":"Std VV-Kauha 750L - 900mm - S60 - EMA Sverige","og_description":"Std VV-Kauha 750L - 900mm - S60. - Huulilevy 500 Brinell Borox, sivuveitset, kulutussuojat kyljiss\u00e4 ja pohja 450 Hardox\u00ae","og_url":"https:\/\/emasweden.com\/fi\/tuote\/std-vv-kauha-750l-900mm-s60\/","og_site_name":"EMA Sverige","article_modified_time":"2025-08-26T16:38:26+00:00","og_image":[{"width":1000,"height":750,"url":"https:\/\/emasweden.com\/wp-content\/uploads\/2021\/01\/7298003_1.jpg","type":"image\/jpeg"}],"twitter_card":"summary_large_image","schema":{"@context":"https:\/\/schema.org","@graph":[{"@type":"WebPage","@id":"https:\/\/emasweden.com\/fi\/tuote\/std-vv-kauha-750l-900mm-s60\/","url":"https:\/\/emasweden.com\/fi\/tuote\/std-vv-kauha-750l-900mm-s60\/","name":"Std VV-Kauha 750L - 900mm - S60 - EMA Sverige","isPartOf":{"@id":"https:\/\/emasweden.com\/fi\/#website"},"primaryImageOfPage":{"@id":"https:\/\/emasweden.com\/fi\/tuote\/std-vv-kauha-750l-900mm-s60\/#primaryimage"},"image":{"@id":"https:\/\/emasweden.com\/fi\/tuote\/std-vv-kauha-750l-900mm-s60\/#primaryimage"},"thumbnailUrl":"https:\/\/emasweden.com\/wp-content\/uploads\/2021\/01\/7298003_1.jpg","datePublished":"2021-03-16T10:15:26+00:00","dateModified":"2025-08-26T16:38:26+00:00","description":"Std VV-Kauha 750L - 900mm - S60. - Huulilevy 500 Brinell Borox, sivuveitset, kulutussuojat kyljiss\u00e4 ja pohja 450 Hardox\u00ae","breadcrumb":{"@id":"https:\/\/emasweden.com\/fi\/tuote\/std-vv-kauha-750l-900mm-s60\/#breadcrumb"},"inLanguage":"fi","potentialAction":[{"@type":"ReadAction","target":["https:\/\/emasweden.com\/fi\/tuote\/std-vv-kauha-750l-900mm-s60\/"]}]},{"@type":"ImageObject","inLanguage":"fi","@id":"https:\/\/emasweden.com\/fi\/tuote\/std-vv-kauha-750l-900mm-s60\/#primaryimage","url":"https:\/\/emasweden.com\/wp-content\/uploads\/2021\/01\/7298003_1.jpg","contentUrl":"https:\/\/emasweden.com\/wp-content\/uploads\/2021\/01\/7298003_1.jpg","width":1000,"height":750},{"@type":"BreadcrumbList","@id":"https:\/\/emasweden.com\/fi\/tuote\/std-vv-kauha-750l-900mm-s60\/#breadcrumb","itemListElement":[{"@type":"ListItem","position":1,"name":"Hem","item":"https:\/\/emasweden.com\/fi\/"},{"@type":"ListItem","position":2,"name":"Tuoteryhm\u00e4t","item":"https:\/\/emasweden.com\/fi\/tuoteryhmat\/"},{"@type":"ListItem","position":3,"name":"Std VV-Kauha 750L &#8211; 900mm &#8211; S60"}]},{"@type":"WebSite","@id":"https:\/\/emasweden.com\/fi\/#website","url":"https:\/\/emasweden.com\/fi\/","name":"EMA Sverige","description":"","potentialAction":[{"@type":"SearchAction","target":{"@type":"EntryPoint","urlTemplate":"https:\/\/emasweden.com\/fi\/?s={search_term_string}"},"query-input":{"@type":"PropertyValueSpecification","valueRequired":true,"valueName":"search_term_string"}}],"inLanguage":"fi"}]}},"_links":{"self":[{"href":"https:\/\/emasweden.com\/fi\/wp-json\/wp\/v2\/product\/12357","targetHints":{"allow":["GET"]}}],"collection":[{"href":"https:\/\/emasweden.com\/fi\/wp-json\/wp\/v2\/product"}],"about":[{"href":"https:\/\/emasweden.com\/fi\/wp-json\/wp\/v2\/types\/product"}],"wp:featuredmedia":[{"embeddable":true,"href":"https:\/\/emasweden.com\/fi\/wp-json\/wp\/v2\/media\/12358"}],"wp:attachment":[{"href":"https:\/\/emasweden.com\/fi\/wp-json\/wp\/v2\/media?parent=12357"}],"wp:term":[{"taxonomy":"product_brand","embeddable":true,"href":"https:\/\/emasweden.com\/fi\/wp-json\/wp\/v2\/product_brand?post=12357"},{"taxonomy":"product_cat","embeddable":true,"href":"https:\/\/emasweden.com\/fi\/wp-json\/wp\/v2\/product_cat?post=12357"},{"taxonomy":"product_tag","embeddable":true,"href":"https:\/\/emasweden.com\/fi\/wp-json\/wp\/v2\/product_tag?post=12357"},{"taxonomy":"faste-y","embeddable":true,"href":"https:\/\/emasweden.com\/fi\/wp-json\/wp\/v2\/faste-y?post=12357"}],"curies":[{"name":"wp","href":"https:\/\/api.w.org\/{rel}","templated":true}]}}