{"id":12394,"date":"2021-03-16T11:15:15","date_gmt":"2021-03-16T10:15:15","guid":{"rendered":"https:\/\/emasweden.com\/produkt\/hd-tasauskauha-3500mm-s80\/"},"modified":"2025-08-26T18:29:01","modified_gmt":"2025-08-26T16:29:01","slug":"hd-tasauskauha-3500mm-s80-2","status":"publish","type":"product","link":"https:\/\/emasweden.com\/fi\/produkt\/hd-tasauskauha-3500mm-s80-2\/","title":{"rendered":"HD Tasauskauha 3500mm &#8211; S80"},"content":{"rendered":"<p><sup>HD Tasauskauha 3500mm &#8211; S80<\/sup><br \/>\n\u2013 Tehokas ty\u00f6kalu suurien pintojen tasaamiseen. Hardox\u00ae 450 kulutuspinnoilla ja kyljiss\u00e4 Hardox\u00ae 450 my\u00f6s kyljiss\u00e4 paremman kest\u00e4vyyden ja taloudellisuuden varmistamiseksi.<\/p>\n<p>\u2022 Borox leikkuuter\u00e4t<br \/>\n<br \/>\u2022 Hardox\u00ae 450 kulutuspinnoilla ja kyljiss\u00e4<br \/>\n<br \/>\u2022 Sis\u00e4- ja ulkovahvikkeet parempaa v\u00e4\u00e4nt\u00f6j\u00e4ykkyytt\u00e4 varten<br \/>\n<br \/>\u2022 Tehokas ty\u00f6kalu suurien pintojen tasaamiseen<\/p>\n","protected":false},"excerpt":{"rendered":"<p>HD Tasauskauha 3500mm &#8211; S80 \u2013 Tehokas ty\u00f6kalu suurien pintojen tasaamiseen. Hardox\u00ae 450 kulutuspinnoilla ja kyljiss\u00e4 Hardox\u00ae 450 my\u00f6s kyljiss\u00e4 paremman kest\u00e4vyyden ja taloudellisuuden varmistamiseksi. \u2022 Borox leikkuuter\u00e4t \u2022 Hardox\u00ae 450 kulutuspinnoilla ja kyljiss\u00e4 \u2022 Sis\u00e4- ja ulkovahvikkeet parempaa v\u00e4\u00e4nt\u00f6j\u00e4ykkyytt\u00e4 varten \u2022 Tehokas ty\u00f6kalu suurien pintojen tasaamiseen<\/p>\n","protected":false},"featured_media":12395,"template":"","meta":{"_monsterinsights_skip_tracking":false,"_monsterinsights_sitenote_active":false,"_monsterinsights_sitenote_note":"","_monsterinsights_sitenote_category":0},"product_brand":[],"product_cat":[2182],"product_tag":[],"faste-y":[],"class_list":{"0":"post-12394","1":"product","2":"type-product","3":"status-publish","4":"has-post-thumbnail","6":"product_cat-tasauspalkki-fi","7":"pa_max-bredd-3500mm-fi","8":"pa_skar-25x250mm-fi","9":"pa_vikt-1300kg-fi","11":"first","12":"instock","13":"purchasable","14":"product-type-simple"},"yoast_head":"<!-- This site is optimized with the Yoast SEO plugin v27.4 - https:\/\/yoast.com\/product\/yoast-seo-wordpress\/ -->\n<title>HD Tasauskauha 3500mm - S80 - EMA Sverige<\/title>\n<meta name=\"description\" content=\"HD Tasauskauha 3500mm - S80. Borox leikkuuter\u00e4t, Hardox\u00ae 450 kulutuspinnat. Tehokas ty\u00f6kalu suurien pintojen tasaamiseen\" \/>\n<meta name=\"robots\" content=\"index, follow, max-snippet:-1, max-image-preview:large, max-video-preview:-1\" \/>\n<link rel=\"canonical\" href=\"https:\/\/emasweden.com\/fi\/produkt\/hd-tasauskauha-3500mm-s80-2\/\" \/>\n<meta property=\"og:locale\" content=\"fi_FI\" \/>\n<meta property=\"og:type\" content=\"article\" \/>\n<meta property=\"og:title\" content=\"HD Tasauskauha 3500mm - S80 - EMA Sverige\" \/>\n<meta property=\"og:description\" content=\"HD Tasauskauha 3500mm - S80. Borox leikkuuter\u00e4t, Hardox\u00ae 450 kulutuspinnat. Tehokas ty\u00f6kalu suurien pintojen tasaamiseen\" \/>\n<meta property=\"og:url\" content=\"https:\/\/emasweden.com\/fi\/produkt\/hd-tasauskauha-3500mm-s80-2\/\" \/>\n<meta property=\"og:site_name\" content=\"EMA Sverige\" \/>\n<meta property=\"article:modified_time\" content=\"2025-08-26T16:29:01+00:00\" \/>\n<meta property=\"og:image\" content=\"https:\/\/emasweden.com\/wp-content\/uploads\/2021\/03\/7296028_1.jpg\" \/>\n\t<meta property=\"og:image:width\" content=\"1000\" \/>\n\t<meta property=\"og:image:height\" content=\"750\" \/>\n\t<meta property=\"og:image:type\" content=\"image\/jpeg\" \/>\n<meta name=\"twitter:card\" content=\"summary_large_image\" \/>\n<script type=\"application\/ld+json\" class=\"yoast-schema-graph\">{\"@context\":\"https:\\\/\\\/schema.org\",\"@graph\":[{\"@type\":\"WebPage\",\"@id\":\"https:\\\/\\\/emasweden.com\\\/fi\\\/produkt\\\/hd-tasauskauha-3500mm-s80-2\\\/\",\"url\":\"https:\\\/\\\/emasweden.com\\\/fi\\\/produkt\\\/hd-tasauskauha-3500mm-s80-2\\\/\",\"name\":\"HD Tasauskauha 3500mm - S80 - EMA Sverige\",\"isPartOf\":{\"@id\":\"https:\\\/\\\/emasweden.com\\\/fi\\\/#website\"},\"primaryImageOfPage\":{\"@id\":\"https:\\\/\\\/emasweden.com\\\/fi\\\/produkt\\\/hd-tasauskauha-3500mm-s80-2\\\/#primaryimage\"},\"image\":{\"@id\":\"https:\\\/\\\/emasweden.com\\\/fi\\\/produkt\\\/hd-tasauskauha-3500mm-s80-2\\\/#primaryimage\"},\"thumbnailUrl\":\"https:\\\/\\\/emasweden.com\\\/wp-content\\\/uploads\\\/2021\\\/03\\\/7296028_1.jpg\",\"datePublished\":\"2021-03-16T10:15:15+00:00\",\"dateModified\":\"2025-08-26T16:29:01+00:00\",\"description\":\"HD Tasauskauha 3500mm - S80. Borox leikkuuter\u00e4t, Hardox\u00ae 450 kulutuspinnat. Tehokas ty\u00f6kalu suurien pintojen tasaamiseen\",\"breadcrumb\":{\"@id\":\"https:\\\/\\\/emasweden.com\\\/fi\\\/produkt\\\/hd-tasauskauha-3500mm-s80-2\\\/#breadcrumb\"},\"inLanguage\":\"fi\",\"potentialAction\":[{\"@type\":\"ReadAction\",\"target\":[\"https:\\\/\\\/emasweden.com\\\/fi\\\/produkt\\\/hd-tasauskauha-3500mm-s80-2\\\/\"]}]},{\"@type\":\"ImageObject\",\"inLanguage\":\"fi\",\"@id\":\"https:\\\/\\\/emasweden.com\\\/fi\\\/produkt\\\/hd-tasauskauha-3500mm-s80-2\\\/#primaryimage\",\"url\":\"https:\\\/\\\/emasweden.com\\\/wp-content\\\/uploads\\\/2021\\\/03\\\/7296028_1.jpg\",\"contentUrl\":\"https:\\\/\\\/emasweden.com\\\/wp-content\\\/uploads\\\/2021\\\/03\\\/7296028_1.jpg\",\"width\":1000,\"height\":750,\"caption\":\"Planeringsbalk\"},{\"@type\":\"BreadcrumbList\",\"@id\":\"https:\\\/\\\/emasweden.com\\\/fi\\\/produkt\\\/hd-tasauskauha-3500mm-s80-2\\\/#breadcrumb\",\"itemListElement\":[{\"@type\":\"ListItem\",\"position\":1,\"name\":\"Hem\",\"item\":\"https:\\\/\\\/emasweden.com\\\/fi\\\/\"},{\"@type\":\"ListItem\",\"position\":2,\"name\":\"Tuoteryhm\u00e4t\",\"item\":\"https:\\\/\\\/emasweden.com\\\/fi\\\/tuoteryhmat\\\/\"},{\"@type\":\"ListItem\",\"position\":3,\"name\":\"HD Tasauskauha 3500mm &#8211; S80\"}]},{\"@type\":\"WebSite\",\"@id\":\"https:\\\/\\\/emasweden.com\\\/fi\\\/#website\",\"url\":\"https:\\\/\\\/emasweden.com\\\/fi\\\/\",\"name\":\"EMA Sverige\",\"description\":\"\",\"potentialAction\":[{\"@type\":\"SearchAction\",\"target\":{\"@type\":\"EntryPoint\",\"urlTemplate\":\"https:\\\/\\\/emasweden.com\\\/fi\\\/?s={search_term_string}\"},\"query-input\":{\"@type\":\"PropertyValueSpecification\",\"valueRequired\":true,\"valueName\":\"search_term_string\"}}],\"inLanguage\":\"fi\"}]}<\/script>\n<!-- \/ Yoast SEO plugin. -->","yoast_head_json":{"title":"HD Tasauskauha 3500mm - S80 - EMA Sverige","description":"HD Tasauskauha 3500mm - S80. Borox leikkuuter\u00e4t, Hardox\u00ae 450 kulutuspinnat. Tehokas ty\u00f6kalu suurien pintojen tasaamiseen","robots":{"index":"index","follow":"follow","max-snippet":"max-snippet:-1","max-image-preview":"max-image-preview:large","max-video-preview":"max-video-preview:-1"},"canonical":"https:\/\/emasweden.com\/fi\/produkt\/hd-tasauskauha-3500mm-s80-2\/","og_locale":"fi_FI","og_type":"article","og_title":"HD Tasauskauha 3500mm - S80 - EMA Sverige","og_description":"HD Tasauskauha 3500mm - S80. Borox leikkuuter\u00e4t, Hardox\u00ae 450 kulutuspinnat. Tehokas ty\u00f6kalu suurien pintojen tasaamiseen","og_url":"https:\/\/emasweden.com\/fi\/produkt\/hd-tasauskauha-3500mm-s80-2\/","og_site_name":"EMA Sverige","article_modified_time":"2025-08-26T16:29:01+00:00","og_image":[{"width":1000,"height":750,"url":"https:\/\/emasweden.com\/wp-content\/uploads\/2021\/03\/7296028_1.jpg","type":"image\/jpeg"}],"twitter_card":"summary_large_image","schema":{"@context":"https:\/\/schema.org","@graph":[{"@type":"WebPage","@id":"https:\/\/emasweden.com\/fi\/produkt\/hd-tasauskauha-3500mm-s80-2\/","url":"https:\/\/emasweden.com\/fi\/produkt\/hd-tasauskauha-3500mm-s80-2\/","name":"HD Tasauskauha 3500mm - S80 - EMA Sverige","isPartOf":{"@id":"https:\/\/emasweden.com\/fi\/#website"},"primaryImageOfPage":{"@id":"https:\/\/emasweden.com\/fi\/produkt\/hd-tasauskauha-3500mm-s80-2\/#primaryimage"},"image":{"@id":"https:\/\/emasweden.com\/fi\/produkt\/hd-tasauskauha-3500mm-s80-2\/#primaryimage"},"thumbnailUrl":"https:\/\/emasweden.com\/wp-content\/uploads\/2021\/03\/7296028_1.jpg","datePublished":"2021-03-16T10:15:15+00:00","dateModified":"2025-08-26T16:29:01+00:00","description":"HD Tasauskauha 3500mm - S80. Borox leikkuuter\u00e4t, Hardox\u00ae 450 kulutuspinnat. Tehokas ty\u00f6kalu suurien pintojen tasaamiseen","breadcrumb":{"@id":"https:\/\/emasweden.com\/fi\/produkt\/hd-tasauskauha-3500mm-s80-2\/#breadcrumb"},"inLanguage":"fi","potentialAction":[{"@type":"ReadAction","target":["https:\/\/emasweden.com\/fi\/produkt\/hd-tasauskauha-3500mm-s80-2\/"]}]},{"@type":"ImageObject","inLanguage":"fi","@id":"https:\/\/emasweden.com\/fi\/produkt\/hd-tasauskauha-3500mm-s80-2\/#primaryimage","url":"https:\/\/emasweden.com\/wp-content\/uploads\/2021\/03\/7296028_1.jpg","contentUrl":"https:\/\/emasweden.com\/wp-content\/uploads\/2021\/03\/7296028_1.jpg","width":1000,"height":750,"caption":"Planeringsbalk"},{"@type":"BreadcrumbList","@id":"https:\/\/emasweden.com\/fi\/produkt\/hd-tasauskauha-3500mm-s80-2\/#breadcrumb","itemListElement":[{"@type":"ListItem","position":1,"name":"Hem","item":"https:\/\/emasweden.com\/fi\/"},{"@type":"ListItem","position":2,"name":"Tuoteryhm\u00e4t","item":"https:\/\/emasweden.com\/fi\/tuoteryhmat\/"},{"@type":"ListItem","position":3,"name":"HD Tasauskauha 3500mm &#8211; S80"}]},{"@type":"WebSite","@id":"https:\/\/emasweden.com\/fi\/#website","url":"https:\/\/emasweden.com\/fi\/","name":"EMA Sverige","description":"","potentialAction":[{"@type":"SearchAction","target":{"@type":"EntryPoint","urlTemplate":"https:\/\/emasweden.com\/fi\/?s={search_term_string}"},"query-input":{"@type":"PropertyValueSpecification","valueRequired":true,"valueName":"search_term_string"}}],"inLanguage":"fi"}]}},"_links":{"self":[{"href":"https:\/\/emasweden.com\/fi\/wp-json\/wp\/v2\/product\/12394","targetHints":{"allow":["GET"]}}],"collection":[{"href":"https:\/\/emasweden.com\/fi\/wp-json\/wp\/v2\/product"}],"about":[{"href":"https:\/\/emasweden.com\/fi\/wp-json\/wp\/v2\/types\/product"}],"wp:featuredmedia":[{"embeddable":true,"href":"https:\/\/emasweden.com\/fi\/wp-json\/wp\/v2\/media\/12395"}],"wp:attachment":[{"href":"https:\/\/emasweden.com\/fi\/wp-json\/wp\/v2\/media?parent=12394"}],"wp:term":[{"taxonomy":"product_brand","embeddable":true,"href":"https:\/\/emasweden.com\/fi\/wp-json\/wp\/v2\/product_brand?post=12394"},{"taxonomy":"product_cat","embeddable":true,"href":"https:\/\/emasweden.com\/fi\/wp-json\/wp\/v2\/product_cat?post=12394"},{"taxonomy":"product_tag","embeddable":true,"href":"https:\/\/emasweden.com\/fi\/wp-json\/wp\/v2\/product_tag?post=12394"},{"taxonomy":"faste-y","embeddable":true,"href":"https:\/\/emasweden.com\/fi\/wp-json\/wp\/v2\/faste-y?post=12394"}],"curies":[{"name":"wp","href":"https:\/\/api.w.org\/{rel}","templated":true}]}}