{"id":12468,"date":"2021-03-16T11:14:49","date_gmt":"2021-03-16T10:14:49","guid":{"rendered":"https:\/\/emasweden.com\/produkt\/std-tasauskauha-2000mm-s50\/"},"modified":"2025-08-26T18:41:05","modified_gmt":"2025-08-26T16:41:05","slug":"std-tasauskauha-2000mm-s50-2","status":"publish","type":"product","link":"https:\/\/emasweden.com\/fi\/tuote\/std-tasauskauha-2000mm-s50-2\/","title":{"rendered":"Std Tasauskauha 2000mm &#8211; S50"},"content":{"rendered":"<p><sup>Std Tasauskauha 2000mm &#8211; S50<\/sup><br \/>\nTehokas ty\u00f6kalu suurien pintojen tasaamiseen<\/p>\n<p>\u2022 Borox leikkuuter\u00e4t<br \/>\n<br \/>\u2022 Hardox\u00ae 450 kulutuspinnat<br \/>\n<br \/>\u2022 Sis\u00e4- ja ulkovahvikkeet parempaa v\u00e4\u00e4nt\u00f6j\u00e4ykkyytt\u00e4 varten<br \/>\n<br \/>\u2022 Tehokas ty\u00f6kalu suurien pintojen tasaamiseen<\/p>\n","protected":false},"excerpt":{"rendered":"<p>Std Tasauskauha 2000mm &#8211; S50 Tehokas ty\u00f6kalu suurien pintojen tasaamiseen \u2022 Borox leikkuuter\u00e4t \u2022 Hardox\u00ae 450 kulutuspinnat \u2022 Sis\u00e4- ja ulkovahvikkeet parempaa v\u00e4\u00e4nt\u00f6j\u00e4ykkyytt\u00e4 varten \u2022 Tehokas ty\u00f6kalu suurien pintojen tasaamiseen<\/p>\n","protected":false},"featured_media":12469,"template":"","meta":{"_monsterinsights_skip_tracking":false,"_monsterinsights_sitenote_active":false,"_monsterinsights_sitenote_note":"","_monsterinsights_sitenote_category":0},"product_brand":[],"product_cat":[2182],"product_tag":[],"faste-y":[],"class_list":{"0":"post-12468","1":"product","2":"type-product","3":"status-publish","4":"has-post-thumbnail","6":"product_cat-tasauspalkki-fi","7":"pa_max-bredd-2000mm-fi","8":"pa_skar-20x200mm-fi","9":"pa_vikt-295kg-fi","11":"first","12":"instock","13":"purchasable","14":"product-type-simple"},"yoast_head":"<!-- This site is optimized with the Yoast SEO plugin v27.3 - https:\/\/yoast.com\/product\/yoast-seo-wordpress\/ -->\n<title>Std Tasauskauha 2000mm - S50 - EMA Sverige<\/title>\n<meta name=\"description\" content=\"Std Tasauskauha 2000mm - S50. Borox leikkuuter\u00e4t ja Hardox\u00ae 450 kulutuspinnat. Sis\u00e4- ja ulkovahvikkeet parempaa v\u00e4\u00e4nt\u00f6j\u00e4ykkyytt\u00e4 varten\" \/>\n<meta name=\"robots\" content=\"index, follow, max-snippet:-1, max-image-preview:large, max-video-preview:-1\" \/>\n<link rel=\"canonical\" href=\"https:\/\/emasweden.com\/fi\/tuote\/std-tasauskauha-2000mm-s50-2\/\" \/>\n<meta property=\"og:locale\" content=\"fi_FI\" \/>\n<meta property=\"og:type\" content=\"article\" \/>\n<meta property=\"og:title\" content=\"Std Tasauskauha 2000mm - S50 - EMA Sverige\" \/>\n<meta property=\"og:description\" content=\"Std Tasauskauha 2000mm - S50. Borox leikkuuter\u00e4t ja Hardox\u00ae 450 kulutuspinnat. Sis\u00e4- ja ulkovahvikkeet parempaa v\u00e4\u00e4nt\u00f6j\u00e4ykkyytt\u00e4 varten\" \/>\n<meta property=\"og:url\" content=\"https:\/\/emasweden.com\/fi\/tuote\/std-tasauskauha-2000mm-s50-2\/\" \/>\n<meta property=\"og:site_name\" content=\"EMA Sverige\" \/>\n<meta property=\"article:modified_time\" content=\"2025-08-26T16:41:05+00:00\" \/>\n<meta property=\"og:image\" content=\"https:\/\/emasweden.com\/wp-content\/uploads\/2021\/03\/7296002_1.jpg\" \/>\n\t<meta property=\"og:image:width\" content=\"1000\" \/>\n\t<meta property=\"og:image:height\" content=\"750\" \/>\n\t<meta property=\"og:image:type\" content=\"image\/jpeg\" \/>\n<meta name=\"twitter:card\" content=\"summary_large_image\" \/>\n<script type=\"application\/ld+json\" class=\"yoast-schema-graph\">{\"@context\":\"https:\\\/\\\/schema.org\",\"@graph\":[{\"@type\":\"WebPage\",\"@id\":\"https:\\\/\\\/emasweden.com\\\/fi\\\/tuote\\\/std-tasauskauha-2000mm-s50-2\\\/\",\"url\":\"https:\\\/\\\/emasweden.com\\\/fi\\\/tuote\\\/std-tasauskauha-2000mm-s50-2\\\/\",\"name\":\"Std Tasauskauha 2000mm - S50 - EMA Sverige\",\"isPartOf\":{\"@id\":\"https:\\\/\\\/emasweden.com\\\/fi\\\/#website\"},\"primaryImageOfPage\":{\"@id\":\"https:\\\/\\\/emasweden.com\\\/fi\\\/tuote\\\/std-tasauskauha-2000mm-s50-2\\\/#primaryimage\"},\"image\":{\"@id\":\"https:\\\/\\\/emasweden.com\\\/fi\\\/tuote\\\/std-tasauskauha-2000mm-s50-2\\\/#primaryimage\"},\"thumbnailUrl\":\"https:\\\/\\\/emasweden.com\\\/wp-content\\\/uploads\\\/2021\\\/03\\\/7296002_1.jpg\",\"datePublished\":\"2021-03-16T10:14:49+00:00\",\"dateModified\":\"2025-08-26T16:41:05+00:00\",\"description\":\"Std Tasauskauha 2000mm - S50. Borox leikkuuter\u00e4t ja Hardox\u00ae 450 kulutuspinnat. Sis\u00e4- ja ulkovahvikkeet parempaa v\u00e4\u00e4nt\u00f6j\u00e4ykkyytt\u00e4 varten\",\"breadcrumb\":{\"@id\":\"https:\\\/\\\/emasweden.com\\\/fi\\\/tuote\\\/std-tasauskauha-2000mm-s50-2\\\/#breadcrumb\"},\"inLanguage\":\"fi\",\"potentialAction\":[{\"@type\":\"ReadAction\",\"target\":[\"https:\\\/\\\/emasweden.com\\\/fi\\\/tuote\\\/std-tasauskauha-2000mm-s50-2\\\/\"]}]},{\"@type\":\"ImageObject\",\"inLanguage\":\"fi\",\"@id\":\"https:\\\/\\\/emasweden.com\\\/fi\\\/tuote\\\/std-tasauskauha-2000mm-s50-2\\\/#primaryimage\",\"url\":\"https:\\\/\\\/emasweden.com\\\/wp-content\\\/uploads\\\/2021\\\/03\\\/7296002_1.jpg\",\"contentUrl\":\"https:\\\/\\\/emasweden.com\\\/wp-content\\\/uploads\\\/2021\\\/03\\\/7296002_1.jpg\",\"width\":1000,\"height\":750},{\"@type\":\"BreadcrumbList\",\"@id\":\"https:\\\/\\\/emasweden.com\\\/fi\\\/tuote\\\/std-tasauskauha-2000mm-s50-2\\\/#breadcrumb\",\"itemListElement\":[{\"@type\":\"ListItem\",\"position\":1,\"name\":\"Hem\",\"item\":\"https:\\\/\\\/emasweden.com\\\/fi\\\/\"},{\"@type\":\"ListItem\",\"position\":2,\"name\":\"Tuoteryhm\u00e4t\",\"item\":\"https:\\\/\\\/emasweden.com\\\/fi\\\/tuoteryhmat\\\/\"},{\"@type\":\"ListItem\",\"position\":3,\"name\":\"Std Tasauskauha 2000mm &#8211; S50\"}]},{\"@type\":\"WebSite\",\"@id\":\"https:\\\/\\\/emasweden.com\\\/fi\\\/#website\",\"url\":\"https:\\\/\\\/emasweden.com\\\/fi\\\/\",\"name\":\"EMA Sverige\",\"description\":\"\",\"potentialAction\":[{\"@type\":\"SearchAction\",\"target\":{\"@type\":\"EntryPoint\",\"urlTemplate\":\"https:\\\/\\\/emasweden.com\\\/fi\\\/?s={search_term_string}\"},\"query-input\":{\"@type\":\"PropertyValueSpecification\",\"valueRequired\":true,\"valueName\":\"search_term_string\"}}],\"inLanguage\":\"fi\"}]}<\/script>\n<!-- \/ Yoast SEO plugin. -->","yoast_head_json":{"title":"Std Tasauskauha 2000mm - S50 - EMA Sverige","description":"Std Tasauskauha 2000mm - S50. Borox leikkuuter\u00e4t ja Hardox\u00ae 450 kulutuspinnat. Sis\u00e4- ja ulkovahvikkeet parempaa v\u00e4\u00e4nt\u00f6j\u00e4ykkyytt\u00e4 varten","robots":{"index":"index","follow":"follow","max-snippet":"max-snippet:-1","max-image-preview":"max-image-preview:large","max-video-preview":"max-video-preview:-1"},"canonical":"https:\/\/emasweden.com\/fi\/tuote\/std-tasauskauha-2000mm-s50-2\/","og_locale":"fi_FI","og_type":"article","og_title":"Std Tasauskauha 2000mm - S50 - EMA Sverige","og_description":"Std Tasauskauha 2000mm - S50. Borox leikkuuter\u00e4t ja Hardox\u00ae 450 kulutuspinnat. Sis\u00e4- ja ulkovahvikkeet parempaa v\u00e4\u00e4nt\u00f6j\u00e4ykkyytt\u00e4 varten","og_url":"https:\/\/emasweden.com\/fi\/tuote\/std-tasauskauha-2000mm-s50-2\/","og_site_name":"EMA Sverige","article_modified_time":"2025-08-26T16:41:05+00:00","og_image":[{"width":1000,"height":750,"url":"https:\/\/emasweden.com\/wp-content\/uploads\/2021\/03\/7296002_1.jpg","type":"image\/jpeg"}],"twitter_card":"summary_large_image","schema":{"@context":"https:\/\/schema.org","@graph":[{"@type":"WebPage","@id":"https:\/\/emasweden.com\/fi\/tuote\/std-tasauskauha-2000mm-s50-2\/","url":"https:\/\/emasweden.com\/fi\/tuote\/std-tasauskauha-2000mm-s50-2\/","name":"Std Tasauskauha 2000mm - S50 - EMA Sverige","isPartOf":{"@id":"https:\/\/emasweden.com\/fi\/#website"},"primaryImageOfPage":{"@id":"https:\/\/emasweden.com\/fi\/tuote\/std-tasauskauha-2000mm-s50-2\/#primaryimage"},"image":{"@id":"https:\/\/emasweden.com\/fi\/tuote\/std-tasauskauha-2000mm-s50-2\/#primaryimage"},"thumbnailUrl":"https:\/\/emasweden.com\/wp-content\/uploads\/2021\/03\/7296002_1.jpg","datePublished":"2021-03-16T10:14:49+00:00","dateModified":"2025-08-26T16:41:05+00:00","description":"Std Tasauskauha 2000mm - S50. Borox leikkuuter\u00e4t ja Hardox\u00ae 450 kulutuspinnat. Sis\u00e4- ja ulkovahvikkeet parempaa v\u00e4\u00e4nt\u00f6j\u00e4ykkyytt\u00e4 varten","breadcrumb":{"@id":"https:\/\/emasweden.com\/fi\/tuote\/std-tasauskauha-2000mm-s50-2\/#breadcrumb"},"inLanguage":"fi","potentialAction":[{"@type":"ReadAction","target":["https:\/\/emasweden.com\/fi\/tuote\/std-tasauskauha-2000mm-s50-2\/"]}]},{"@type":"ImageObject","inLanguage":"fi","@id":"https:\/\/emasweden.com\/fi\/tuote\/std-tasauskauha-2000mm-s50-2\/#primaryimage","url":"https:\/\/emasweden.com\/wp-content\/uploads\/2021\/03\/7296002_1.jpg","contentUrl":"https:\/\/emasweden.com\/wp-content\/uploads\/2021\/03\/7296002_1.jpg","width":1000,"height":750},{"@type":"BreadcrumbList","@id":"https:\/\/emasweden.com\/fi\/tuote\/std-tasauskauha-2000mm-s50-2\/#breadcrumb","itemListElement":[{"@type":"ListItem","position":1,"name":"Hem","item":"https:\/\/emasweden.com\/fi\/"},{"@type":"ListItem","position":2,"name":"Tuoteryhm\u00e4t","item":"https:\/\/emasweden.com\/fi\/tuoteryhmat\/"},{"@type":"ListItem","position":3,"name":"Std Tasauskauha 2000mm &#8211; S50"}]},{"@type":"WebSite","@id":"https:\/\/emasweden.com\/fi\/#website","url":"https:\/\/emasweden.com\/fi\/","name":"EMA Sverige","description":"","potentialAction":[{"@type":"SearchAction","target":{"@type":"EntryPoint","urlTemplate":"https:\/\/emasweden.com\/fi\/?s={search_term_string}"},"query-input":{"@type":"PropertyValueSpecification","valueRequired":true,"valueName":"search_term_string"}}],"inLanguage":"fi"}]}},"_links":{"self":[{"href":"https:\/\/emasweden.com\/fi\/wp-json\/wp\/v2\/product\/12468","targetHints":{"allow":["GET"]}}],"collection":[{"href":"https:\/\/emasweden.com\/fi\/wp-json\/wp\/v2\/product"}],"about":[{"href":"https:\/\/emasweden.com\/fi\/wp-json\/wp\/v2\/types\/product"}],"wp:featuredmedia":[{"embeddable":true,"href":"https:\/\/emasweden.com\/fi\/wp-json\/wp\/v2\/media\/12469"}],"wp:attachment":[{"href":"https:\/\/emasweden.com\/fi\/wp-json\/wp\/v2\/media?parent=12468"}],"wp:term":[{"taxonomy":"product_brand","embeddable":true,"href":"https:\/\/emasweden.com\/fi\/wp-json\/wp\/v2\/product_brand?post=12468"},{"taxonomy":"product_cat","embeddable":true,"href":"https:\/\/emasweden.com\/fi\/wp-json\/wp\/v2\/product_cat?post=12468"},{"taxonomy":"product_tag","embeddable":true,"href":"https:\/\/emasweden.com\/fi\/wp-json\/wp\/v2\/product_tag?post=12468"},{"taxonomy":"faste-y","embeddable":true,"href":"https:\/\/emasweden.com\/fi\/wp-json\/wp\/v2\/faste-y?post=12468"}],"curies":[{"name":"wp","href":"https:\/\/api.w.org\/{rel}","templated":true}]}}