{"id":12961,"date":"2022-10-17T10:45:17","date_gmt":"2022-12-09T12:12:49","guid":{"rendered":"https:\/\/emasweden.com\/produkt\/hd-tasauslevy-huulilevylla-1800mm-ilman-kiinniketta\/"},"modified":"2025-08-26T18:41:08","modified_gmt":"2025-08-26T16:41:08","slug":"hd-tasauspalkki-huulilevylla-1800mm-ilman-kiinniketta","status":"publish","type":"product","link":"https:\/\/emasweden.com\/fi\/produkt\/hd-tasauspalkki-huulilevylla-1800mm-ilman-kiinniketta\/","title":{"rendered":"HD Tasauslevy huulilevyll\u00e4 &#8211; 1800mm &#8211; Ilman kiinnikett\u00e4"},"content":{"rendered":"<p><sup>HD Tasauslevy huulilevyll\u00e4 &#8211; 1800mm &#8211; Ilman kiinnikett\u00e4<\/sup><br \/>\nOlemme valinneet tasauspalkkien etuosaan viistetyt reunat muodostamaan<br \/>\nkauhaosan, joka mahdollistaa helpon maa-aineen tuomisen.<br \/>\nOlemme my\u00f6s kehitt\u00e4neet mallin, jossa on entist\u00e4 suurempi kauhaosa kuljettajalle,<br \/>\njoka haluaa tuoda viel\u00e4kin enemm\u00e4n maa-ainetta. Lue lis\u00e4\u00e4 tuotteesta Tasauspalkki kauhalla.<\/p>\n<p>Tasauspalkin etureunassa on suuri ker\u00e4ilyalue, joten ty\u00f6skennelless\u00e4si palkin kanssa<br \/>\non mukanasi aina runsaasti maa-ainesta, jolla t\u00e4ytt\u00e4\u00e4 maan ep\u00e4tasaisuudet.<br \/>\nPalkkia on saatavana kahta eri vaihtoehtoa, hitsatulla tai pultatulla<br \/>\nkiinnikkeell\u00e4. N\u00e4in voit asentaa erilaisia kiinnikkeit\u00e4 ja s\u00e4\u00e4t\u00e4\u00e4<br \/>\nniit\u00e4 haluamallasi tavalla.<\/p>\n<p>\u2022 Joustava laite maa-aineen s\u00e4\u00e4t\u00e4miseen ja tasaamiseen<\/p>\n<p>\u2022 Hardox kuluvilla pinnoilla<\/p>\n<p>\u2022 Syv\u00e4 rakenne est\u00e4\u00e4 sit\u00e4 uppoamasta maa-aineeseen<br \/>\nja se kulkee tasaisesti<\/p>\n","protected":false},"excerpt":{"rendered":"<p>HD Tasauslevy huulilevyll\u00e4 &#8211; 1800mm &#8211; Ilman kiinnikett\u00e4 Olemme valinneet tasauspalkkien etuosaan viistetyt reunat muodostamaan kauhaosan, joka mahdollistaa helpon maa-aineen tuomisen. Olemme my\u00f6s kehitt\u00e4neet mallin, jossa on entist\u00e4 suurempi kauhaosa kuljettajalle, joka haluaa tuoda viel\u00e4kin enemm\u00e4n maa-ainetta. Lue lis\u00e4\u00e4 tuotteesta Tasauspalkki kauhalla. Tasauspalkin etureunassa on suuri ker\u00e4ilyalue, joten ty\u00f6skennelless\u00e4si palkin kanssa on mukanasi aina runsaasti [&hellip;]<\/p>\n","protected":false},"featured_media":12962,"template":"","meta":{"_monsterinsights_skip_tracking":false,"_monsterinsights_sitenote_active":false,"_monsterinsights_sitenote_note":"","_monsterinsights_sitenote_category":0},"product_brand":[],"product_cat":[2168,2171,2891],"product_tag":[],"faste-y":[],"class_list":{"0":"post-12961","1":"product","2":"type-product","3":"status-publish","4":"has-post-thumbnail","6":"product_cat-kaivinkone","7":"product_cat-tasauspalkki","8":"product_cat-tasauspalkki-huulilevylla","9":"pa_max-bredd-1800mm-fi","10":"pa_skar-20x200mm-fi","11":"pa_vikt-340kg-fi","13":"first","14":"instock","15":"purchasable","16":"product-type-simple"},"yoast_head":"<!-- This site is optimized with the Yoast SEO plugin v27.4 - https:\/\/yoast.com\/product\/yoast-seo-wordpress\/ -->\n<title>HD Tasauslevy huulilevyll\u00e4 - 1800mm - Ilman kiinnikett\u00e4 - EMA Sverige<\/title>\n<meta name=\"description\" content=\"HD Tasauslevy huulilevyll\u00e4 - 1800mm - Ilman kiinnikett\u00e4 Joustava laite maa-aineen s\u00e4\u00e4t\u00e4miseen ja tasaamiseen. Hardox kuluvilla pinnoilla.\" \/>\n<meta name=\"robots\" content=\"index, follow, max-snippet:-1, max-image-preview:large, max-video-preview:-1\" \/>\n<link rel=\"canonical\" href=\"https:\/\/emasweden.com\/fi\/produkt\/hd-tasauspalkki-huulilevylla-1800mm-ilman-kiinniketta\/\" \/>\n<meta property=\"og:locale\" content=\"fi_FI\" \/>\n<meta property=\"og:type\" content=\"article\" \/>\n<meta property=\"og:title\" content=\"HD Tasauslevy huulilevyll\u00e4 - 1800mm - Ilman kiinnikett\u00e4 - EMA Sverige\" \/>\n<meta property=\"og:description\" content=\"HD Tasauslevy huulilevyll\u00e4 - 1800mm - Ilman kiinnikett\u00e4 Joustava laite maa-aineen s\u00e4\u00e4t\u00e4miseen ja tasaamiseen. Hardox kuluvilla pinnoilla.\" \/>\n<meta property=\"og:url\" content=\"https:\/\/emasweden.com\/fi\/produkt\/hd-tasauspalkki-huulilevylla-1800mm-ilman-kiinniketta\/\" \/>\n<meta property=\"og:site_name\" content=\"EMA Sverige\" \/>\n<meta property=\"article:modified_time\" content=\"2025-08-26T16:41:08+00:00\" \/>\n<meta property=\"og:image\" content=\"https:\/\/emasweden.com\/wp-content\/uploads\/2021\/01\/Gi-250GB-1.jpg\" \/>\n\t<meta property=\"og:image:width\" content=\"1000\" \/>\n\t<meta property=\"og:image:height\" content=\"750\" \/>\n\t<meta property=\"og:image:type\" content=\"image\/jpeg\" \/>\n<meta name=\"twitter:card\" content=\"summary_large_image\" \/>\n<meta name=\"twitter:label1\" content=\"Arvioitu lukuaika\" \/>\n\t<meta name=\"twitter:data1\" content=\"1 minuutti\" \/>\n<script type=\"application\/ld+json\" class=\"yoast-schema-graph\">{\"@context\":\"https:\\\/\\\/schema.org\",\"@graph\":[{\"@type\":\"WebPage\",\"@id\":\"https:\\\/\\\/emasweden.com\\\/fi\\\/produkt\\\/hd-tasauspalkki-huulilevylla-1800mm-ilman-kiinniketta\\\/\",\"url\":\"https:\\\/\\\/emasweden.com\\\/fi\\\/produkt\\\/hd-tasauspalkki-huulilevylla-1800mm-ilman-kiinniketta\\\/\",\"name\":\"HD Tasauslevy huulilevyll\u00e4 - 1800mm - Ilman kiinnikett\u00e4 - EMA Sverige\",\"isPartOf\":{\"@id\":\"https:\\\/\\\/emasweden.com\\\/fi\\\/#website\"},\"primaryImageOfPage\":{\"@id\":\"https:\\\/\\\/emasweden.com\\\/fi\\\/produkt\\\/hd-tasauspalkki-huulilevylla-1800mm-ilman-kiinniketta\\\/#primaryimage\"},\"image\":{\"@id\":\"https:\\\/\\\/emasweden.com\\\/fi\\\/produkt\\\/hd-tasauspalkki-huulilevylla-1800mm-ilman-kiinniketta\\\/#primaryimage\"},\"thumbnailUrl\":\"https:\\\/\\\/emasweden.com\\\/wp-content\\\/uploads\\\/2021\\\/01\\\/Gi-250GB-1.jpg\",\"datePublished\":\"2022-12-09T12:12:49+00:00\",\"dateModified\":\"2025-08-26T16:41:08+00:00\",\"description\":\"HD Tasauslevy huulilevyll\u00e4 - 1800mm - Ilman kiinnikett\u00e4 Joustava laite maa-aineen s\u00e4\u00e4t\u00e4miseen ja tasaamiseen. Hardox kuluvilla pinnoilla.\",\"breadcrumb\":{\"@id\":\"https:\\\/\\\/emasweden.com\\\/fi\\\/produkt\\\/hd-tasauspalkki-huulilevylla-1800mm-ilman-kiinniketta\\\/#breadcrumb\"},\"inLanguage\":\"fi\",\"potentialAction\":[{\"@type\":\"ReadAction\",\"target\":[\"https:\\\/\\\/emasweden.com\\\/fi\\\/produkt\\\/hd-tasauspalkki-huulilevylla-1800mm-ilman-kiinniketta\\\/\"]}]},{\"@type\":\"ImageObject\",\"inLanguage\":\"fi\",\"@id\":\"https:\\\/\\\/emasweden.com\\\/fi\\\/produkt\\\/hd-tasauspalkki-huulilevylla-1800mm-ilman-kiinniketta\\\/#primaryimage\",\"url\":\"https:\\\/\\\/emasweden.com\\\/wp-content\\\/uploads\\\/2021\\\/01\\\/Gi-250GB-1.jpg\",\"contentUrl\":\"https:\\\/\\\/emasweden.com\\\/wp-content\\\/uploads\\\/2021\\\/01\\\/Gi-250GB-1.jpg\",\"width\":1000,\"height\":750,\"caption\":\"HD-tasauspalkki-huulilevyll\u00e4-2000mm-ilman-kiinnikett\u00e4\"},{\"@type\":\"BreadcrumbList\",\"@id\":\"https:\\\/\\\/emasweden.com\\\/fi\\\/produkt\\\/hd-tasauspalkki-huulilevylla-1800mm-ilman-kiinniketta\\\/#breadcrumb\",\"itemListElement\":[{\"@type\":\"ListItem\",\"position\":1,\"name\":\"Hem\",\"item\":\"https:\\\/\\\/emasweden.com\\\/fi\\\/\"},{\"@type\":\"ListItem\",\"position\":2,\"name\":\"Tuoteryhm\u00e4t\",\"item\":\"https:\\\/\\\/emasweden.com\\\/fi\\\/tuoteryhmat\\\/\"},{\"@type\":\"ListItem\",\"position\":3,\"name\":\"HD Tasauslevy huulilevyll\u00e4 &#8211; 1800mm &#8211; Ilman kiinnikett\u00e4\"}]},{\"@type\":\"WebSite\",\"@id\":\"https:\\\/\\\/emasweden.com\\\/fi\\\/#website\",\"url\":\"https:\\\/\\\/emasweden.com\\\/fi\\\/\",\"name\":\"EMA Sverige\",\"description\":\"\",\"potentialAction\":[{\"@type\":\"SearchAction\",\"target\":{\"@type\":\"EntryPoint\",\"urlTemplate\":\"https:\\\/\\\/emasweden.com\\\/fi\\\/?s={search_term_string}\"},\"query-input\":{\"@type\":\"PropertyValueSpecification\",\"valueRequired\":true,\"valueName\":\"search_term_string\"}}],\"inLanguage\":\"fi\"}]}<\/script>\n<!-- \/ Yoast SEO plugin. -->","yoast_head_json":{"title":"HD Tasauslevy huulilevyll\u00e4 - 1800mm - Ilman kiinnikett\u00e4 - EMA Sverige","description":"HD Tasauslevy huulilevyll\u00e4 - 1800mm - Ilman kiinnikett\u00e4 Joustava laite maa-aineen s\u00e4\u00e4t\u00e4miseen ja tasaamiseen. Hardox kuluvilla pinnoilla.","robots":{"index":"index","follow":"follow","max-snippet":"max-snippet:-1","max-image-preview":"max-image-preview:large","max-video-preview":"max-video-preview:-1"},"canonical":"https:\/\/emasweden.com\/fi\/produkt\/hd-tasauspalkki-huulilevylla-1800mm-ilman-kiinniketta\/","og_locale":"fi_FI","og_type":"article","og_title":"HD Tasauslevy huulilevyll\u00e4 - 1800mm - Ilman kiinnikett\u00e4 - EMA Sverige","og_description":"HD Tasauslevy huulilevyll\u00e4 - 1800mm - Ilman kiinnikett\u00e4 Joustava laite maa-aineen s\u00e4\u00e4t\u00e4miseen ja tasaamiseen. Hardox kuluvilla pinnoilla.","og_url":"https:\/\/emasweden.com\/fi\/produkt\/hd-tasauspalkki-huulilevylla-1800mm-ilman-kiinniketta\/","og_site_name":"EMA Sverige","article_modified_time":"2025-08-26T16:41:08+00:00","og_image":[{"width":1000,"height":750,"url":"https:\/\/emasweden.com\/wp-content\/uploads\/2021\/01\/Gi-250GB-1.jpg","type":"image\/jpeg"}],"twitter_card":"summary_large_image","twitter_misc":{"Arvioitu lukuaika":"1 minuutti"},"schema":{"@context":"https:\/\/schema.org","@graph":[{"@type":"WebPage","@id":"https:\/\/emasweden.com\/fi\/produkt\/hd-tasauspalkki-huulilevylla-1800mm-ilman-kiinniketta\/","url":"https:\/\/emasweden.com\/fi\/produkt\/hd-tasauspalkki-huulilevylla-1800mm-ilman-kiinniketta\/","name":"HD Tasauslevy huulilevyll\u00e4 - 1800mm - Ilman kiinnikett\u00e4 - EMA Sverige","isPartOf":{"@id":"https:\/\/emasweden.com\/fi\/#website"},"primaryImageOfPage":{"@id":"https:\/\/emasweden.com\/fi\/produkt\/hd-tasauspalkki-huulilevylla-1800mm-ilman-kiinniketta\/#primaryimage"},"image":{"@id":"https:\/\/emasweden.com\/fi\/produkt\/hd-tasauspalkki-huulilevylla-1800mm-ilman-kiinniketta\/#primaryimage"},"thumbnailUrl":"https:\/\/emasweden.com\/wp-content\/uploads\/2021\/01\/Gi-250GB-1.jpg","datePublished":"2022-12-09T12:12:49+00:00","dateModified":"2025-08-26T16:41:08+00:00","description":"HD Tasauslevy huulilevyll\u00e4 - 1800mm - Ilman kiinnikett\u00e4 Joustava laite maa-aineen s\u00e4\u00e4t\u00e4miseen ja tasaamiseen. Hardox kuluvilla pinnoilla.","breadcrumb":{"@id":"https:\/\/emasweden.com\/fi\/produkt\/hd-tasauspalkki-huulilevylla-1800mm-ilman-kiinniketta\/#breadcrumb"},"inLanguage":"fi","potentialAction":[{"@type":"ReadAction","target":["https:\/\/emasweden.com\/fi\/produkt\/hd-tasauspalkki-huulilevylla-1800mm-ilman-kiinniketta\/"]}]},{"@type":"ImageObject","inLanguage":"fi","@id":"https:\/\/emasweden.com\/fi\/produkt\/hd-tasauspalkki-huulilevylla-1800mm-ilman-kiinniketta\/#primaryimage","url":"https:\/\/emasweden.com\/wp-content\/uploads\/2021\/01\/Gi-250GB-1.jpg","contentUrl":"https:\/\/emasweden.com\/wp-content\/uploads\/2021\/01\/Gi-250GB-1.jpg","width":1000,"height":750,"caption":"HD-tasauspalkki-huulilevyll\u00e4-2000mm-ilman-kiinnikett\u00e4"},{"@type":"BreadcrumbList","@id":"https:\/\/emasweden.com\/fi\/produkt\/hd-tasauspalkki-huulilevylla-1800mm-ilman-kiinniketta\/#breadcrumb","itemListElement":[{"@type":"ListItem","position":1,"name":"Hem","item":"https:\/\/emasweden.com\/fi\/"},{"@type":"ListItem","position":2,"name":"Tuoteryhm\u00e4t","item":"https:\/\/emasweden.com\/fi\/tuoteryhmat\/"},{"@type":"ListItem","position":3,"name":"HD Tasauslevy huulilevyll\u00e4 &#8211; 1800mm &#8211; Ilman kiinnikett\u00e4"}]},{"@type":"WebSite","@id":"https:\/\/emasweden.com\/fi\/#website","url":"https:\/\/emasweden.com\/fi\/","name":"EMA Sverige","description":"","potentialAction":[{"@type":"SearchAction","target":{"@type":"EntryPoint","urlTemplate":"https:\/\/emasweden.com\/fi\/?s={search_term_string}"},"query-input":{"@type":"PropertyValueSpecification","valueRequired":true,"valueName":"search_term_string"}}],"inLanguage":"fi"}]}},"_links":{"self":[{"href":"https:\/\/emasweden.com\/fi\/wp-json\/wp\/v2\/product\/12961","targetHints":{"allow":["GET"]}}],"collection":[{"href":"https:\/\/emasweden.com\/fi\/wp-json\/wp\/v2\/product"}],"about":[{"href":"https:\/\/emasweden.com\/fi\/wp-json\/wp\/v2\/types\/product"}],"wp:featuredmedia":[{"embeddable":true,"href":"https:\/\/emasweden.com\/fi\/wp-json\/wp\/v2\/media\/12962"}],"wp:attachment":[{"href":"https:\/\/emasweden.com\/fi\/wp-json\/wp\/v2\/media?parent=12961"}],"wp:term":[{"taxonomy":"product_brand","embeddable":true,"href":"https:\/\/emasweden.com\/fi\/wp-json\/wp\/v2\/product_brand?post=12961"},{"taxonomy":"product_cat","embeddable":true,"href":"https:\/\/emasweden.com\/fi\/wp-json\/wp\/v2\/product_cat?post=12961"},{"taxonomy":"product_tag","embeddable":true,"href":"https:\/\/emasweden.com\/fi\/wp-json\/wp\/v2\/product_tag?post=12961"},{"taxonomy":"faste-y","embeddable":true,"href":"https:\/\/emasweden.com\/fi\/wp-json\/wp\/v2\/faste-y?post=12961"}],"curies":[{"name":"wp","href":"https:\/\/api.w.org\/{rel}","templated":true}]}}