{"id":13022,"date":"2021-03-16T10:58:19","date_gmt":"2021-03-16T09:58:19","guid":{"rendered":"https:\/\/emasweden.com\/produkt\/hd-tasauspalkki-tiivistystelalla-ja-pyyhkaisysiivella-2500mm-ilman-kiinniketta\/"},"modified":"2025-08-26T18:36:33","modified_gmt":"2025-08-26T16:36:33","slug":"hd-tasauspalkki-tiivistystelalla-ja-siivella-2500mm-ilman-kiinniketta","status":"publish","type":"product","link":"https:\/\/emasweden.com\/fi\/tuote\/hd-tasauspalkki-tiivistystelalla-ja-siivella-2500mm-ilman-kiinniketta\/","title":{"rendered":"HD Tasauspalkki tiivistystelalla ja pyyhk\u00e4isysiivell\u00e4 2500mm &#8211; Ilman kiinnikett\u00e4."},"content":{"rendered":"<p><sup>HD Tasauspalkki tiivistystelalla ja pyyhk\u00e4isysiivell\u00e4 2500mm &#8211; Ilman kiinnikett\u00e4.<\/sup><br \/>\n\u2013 Olemme valinneet tasauspalkkien etuosaan viistetyt reunat muodostamaan<br \/>\nkauhaosan, joka mahdollistaa helpon maa-aineen tuomisen.<br \/>\nOlemme my\u00f6s kehitt\u00e4neet mallin, jossa on entist\u00e4 suurempi kauhaosa kuljettajalle,<br \/>\njoka haluaa tuoda viel\u00e4kin enemm\u00e4n maa-ainetta. Lue lis\u00e4\u00e4 tuotteesta Tasauspalkki kauhalla.<\/p>\n<p>Tasauspalkin etureunassa on suuri ker\u00e4ilyalue, joten ty\u00f6skennelless\u00e4si palkin kanssa<br \/>\non mukanasi aina runsaasti maa-ainesta,<br \/>\njolla t\u00e4ytt\u00e4\u00e4 maan ep\u00e4tasaisuudet. Joustava laite maa-aineen s\u00e4\u00e4t\u00e4miseen ja tasaamiseen. Lyhyess\u00e4 ajassa tasata<br \/>\neritt\u00e4in suuren alueen. Tasauspalkilla varmistat tasaisen pinnan esim.<br \/>\nennen sen p\u00e4\u00e4llyst\u00e4mist\u00e4. Heavy Duty Tasauspalkeissamme tiivistystelalla on paljon vahvempi rakenne.<br \/>\nNiiss\u00e4 on 325mm tela ja niihin kaikkiin on lis\u00e4tty pyyhk\u00e4isysiipi.<\/p>\n<p>\u2022 Joustava laite maa-aineen s\u00e4\u00e4t\u00e4miseen ja tasaamiseen<br \/>\n<br \/>\u2022 Hardox kuluvilla pinnoilla<br \/>\n<br \/>\u2022 Syv\u00e4 rakenne est\u00e4\u00e4 laitetta uppoamasta maa-aineeseen ja se kulkee tasaisesti.<br \/>\nja se kulkee tasaisesti<br \/>\n<br \/>\u2022 Pultatut kiinnikkeet<br \/>\n<br \/>\u2022 S\u00e4\u00e4dett\u00e4v\u00e4 tela 1 \u2013 5 mm pyyhk\u00e4isysiivell\u00e4<\/p>\n","protected":false},"excerpt":{"rendered":"<p>HD Tasauspalkki tiivistystelalla ja pyyhk\u00e4isysiivell\u00e4 2500mm &#8211; Ilman kiinnikett\u00e4. \u2013 Olemme valinneet tasauspalkkien etuosaan viistetyt reunat muodostamaan kauhaosan, joka mahdollistaa helpon maa-aineen tuomisen. Olemme my\u00f6s kehitt\u00e4neet mallin, jossa on entist\u00e4 suurempi kauhaosa kuljettajalle, joka haluaa tuoda viel\u00e4kin enemm\u00e4n maa-ainetta. Lue lis\u00e4\u00e4 tuotteesta Tasauspalkki kauhalla. Tasauspalkin etureunassa on suuri ker\u00e4ilyalue, joten ty\u00f6skennelless\u00e4si palkin kanssa on mukanasi [&hellip;]<\/p>\n","protected":false},"featured_media":22099,"template":"","meta":{"_monsterinsights_skip_tracking":false,"_monsterinsights_sitenote_active":false,"_monsterinsights_sitenote_note":"","_monsterinsights_sitenote_category":0},"product_brand":[],"product_cat":[2171,2892],"product_tag":[],"faste-y":[],"class_list":{"0":"post-13022","1":"product","2":"type-product","3":"status-publish","4":"has-post-thumbnail","6":"product_cat-tasauspalkki","7":"product_cat-tasauspalkki-tiivistystelalla-ja-pyyhkaisysiivella","8":"pa_max-bredd-2500mm-fi","9":"pa_skar-20x200mm-fi","10":"pa_vikt-680kg-fi","12":"first","13":"instock","14":"taxable","15":"shipping-taxable","16":"purchasable","17":"product-type-simple"},"yoast_head":"<!-- This site is optimized with the Yoast SEO plugin v27.3 - https:\/\/yoast.com\/product\/yoast-seo-wordpress\/ -->\n<title>HD Tasauspalkki tiivistystelalla ja pyyhk\u00e4isysiivell\u00e4 2500mm - Ilman kiinnikett\u00e4. - EMA Sverige<\/title>\n<meta name=\"description\" content=\"HD Tasauspalkki tiivistystelalla ja pyyhk\u00e4isysiivell\u00e4 2500mm - Ilman kiinnikett\u00e4. Joustava laite maa-aineen s\u00e4\u00e4t\u00e4miseen ja tasaamiseen. Hardox kuluvilla pinnoilla.\" \/>\n<meta name=\"robots\" content=\"index, follow, max-snippet:-1, max-image-preview:large, max-video-preview:-1\" \/>\n<link rel=\"canonical\" href=\"https:\/\/emasweden.com\/fi\/tuote\/hd-tasauspalkki-tiivistystelalla-ja-siivella-2500mm-ilman-kiinniketta\/\" \/>\n<meta property=\"og:locale\" content=\"fi_FI\" \/>\n<meta property=\"og:type\" content=\"article\" \/>\n<meta property=\"og:title\" content=\"HD Tasauspalkki tiivistystelalla ja pyyhk\u00e4isysiivell\u00e4 2500mm - Ilman kiinnikett\u00e4. - EMA Sverige\" \/>\n<meta property=\"og:description\" content=\"HD Tasauspalkki tiivistystelalla ja pyyhk\u00e4isysiivell\u00e4 2500mm - Ilman kiinnikett\u00e4. Joustava laite maa-aineen s\u00e4\u00e4t\u00e4miseen ja tasaamiseen. Hardox kuluvilla pinnoilla.\" \/>\n<meta property=\"og:url\" content=\"https:\/\/emasweden.com\/fi\/tuote\/hd-tasauspalkki-tiivistystelalla-ja-siivella-2500mm-ilman-kiinniketta\/\" \/>\n<meta property=\"og:site_name\" content=\"EMA Sverige\" \/>\n<meta property=\"article:modified_time\" content=\"2025-08-26T16:36:33+00:00\" \/>\n<meta property=\"og:image\" content=\"https:\/\/emasweden.com\/wp-content\/uploads\/2021\/03\/Gi-250GBR-1-1.jpg\" \/>\n\t<meta property=\"og:image:width\" content=\"1000\" \/>\n\t<meta property=\"og:image:height\" content=\"750\" \/>\n\t<meta property=\"og:image:type\" content=\"image\/jpeg\" \/>\n<meta name=\"twitter:card\" content=\"summary_large_image\" \/>\n<meta name=\"twitter:label1\" content=\"Arvioitu lukuaika\" \/>\n\t<meta name=\"twitter:data1\" content=\"1 minuutti\" \/>\n<script type=\"application\/ld+json\" class=\"yoast-schema-graph\">{\"@context\":\"https:\\\/\\\/schema.org\",\"@graph\":[{\"@type\":\"WebPage\",\"@id\":\"https:\\\/\\\/emasweden.com\\\/fi\\\/tuote\\\/hd-tasauspalkki-tiivistystelalla-ja-siivella-2500mm-ilman-kiinniketta\\\/\",\"url\":\"https:\\\/\\\/emasweden.com\\\/fi\\\/tuote\\\/hd-tasauspalkki-tiivistystelalla-ja-siivella-2500mm-ilman-kiinniketta\\\/\",\"name\":\"HD Tasauspalkki tiivistystelalla ja pyyhk\u00e4isysiivell\u00e4 2500mm - Ilman kiinnikett\u00e4. - EMA Sverige\",\"isPartOf\":{\"@id\":\"https:\\\/\\\/emasweden.com\\\/fi\\\/#website\"},\"primaryImageOfPage\":{\"@id\":\"https:\\\/\\\/emasweden.com\\\/fi\\\/tuote\\\/hd-tasauspalkki-tiivistystelalla-ja-siivella-2500mm-ilman-kiinniketta\\\/#primaryimage\"},\"image\":{\"@id\":\"https:\\\/\\\/emasweden.com\\\/fi\\\/tuote\\\/hd-tasauspalkki-tiivistystelalla-ja-siivella-2500mm-ilman-kiinniketta\\\/#primaryimage\"},\"thumbnailUrl\":\"https:\\\/\\\/emasweden.com\\\/wp-content\\\/uploads\\\/2021\\\/03\\\/Gi-250GBR-1-1.jpg\",\"datePublished\":\"2021-03-16T09:58:19+00:00\",\"dateModified\":\"2025-08-26T16:36:33+00:00\",\"description\":\"HD Tasauspalkki tiivistystelalla ja pyyhk\u00e4isysiivell\u00e4 2500mm - Ilman kiinnikett\u00e4. Joustava laite maa-aineen s\u00e4\u00e4t\u00e4miseen ja tasaamiseen. Hardox kuluvilla pinnoilla.\",\"breadcrumb\":{\"@id\":\"https:\\\/\\\/emasweden.com\\\/fi\\\/tuote\\\/hd-tasauspalkki-tiivistystelalla-ja-siivella-2500mm-ilman-kiinniketta\\\/#breadcrumb\"},\"inLanguage\":\"fi\",\"potentialAction\":[{\"@type\":\"ReadAction\",\"target\":[\"https:\\\/\\\/emasweden.com\\\/fi\\\/tuote\\\/hd-tasauspalkki-tiivistystelalla-ja-siivella-2500mm-ilman-kiinniketta\\\/\"]}]},{\"@type\":\"ImageObject\",\"inLanguage\":\"fi\",\"@id\":\"https:\\\/\\\/emasweden.com\\\/fi\\\/tuote\\\/hd-tasauspalkki-tiivistystelalla-ja-siivella-2500mm-ilman-kiinniketta\\\/#primaryimage\",\"url\":\"https:\\\/\\\/emasweden.com\\\/wp-content\\\/uploads\\\/2021\\\/03\\\/Gi-250GBR-1-1.jpg\",\"contentUrl\":\"https:\\\/\\\/emasweden.com\\\/wp-content\\\/uploads\\\/2021\\\/03\\\/Gi-250GBR-1-1.jpg\",\"width\":1000,\"height\":750,\"caption\":\"HD Avj\u00e4mningsbalk med rulle & blad 2500mm - Utan f\u00e4ste\"},{\"@type\":\"BreadcrumbList\",\"@id\":\"https:\\\/\\\/emasweden.com\\\/fi\\\/tuote\\\/hd-tasauspalkki-tiivistystelalla-ja-siivella-2500mm-ilman-kiinniketta\\\/#breadcrumb\",\"itemListElement\":[{\"@type\":\"ListItem\",\"position\":1,\"name\":\"Hem\",\"item\":\"https:\\\/\\\/emasweden.com\\\/fi\\\/\"},{\"@type\":\"ListItem\",\"position\":2,\"name\":\"Tuoteryhm\u00e4t\",\"item\":\"https:\\\/\\\/emasweden.com\\\/fi\\\/tuoteryhmat\\\/\"},{\"@type\":\"ListItem\",\"position\":3,\"name\":\"HD Tasauspalkki tiivistystelalla ja pyyhk\u00e4isysiivell\u00e4 2500mm &#8211; Ilman kiinnikett\u00e4.\"}]},{\"@type\":\"WebSite\",\"@id\":\"https:\\\/\\\/emasweden.com\\\/fi\\\/#website\",\"url\":\"https:\\\/\\\/emasweden.com\\\/fi\\\/\",\"name\":\"EMA Sverige\",\"description\":\"\",\"potentialAction\":[{\"@type\":\"SearchAction\",\"target\":{\"@type\":\"EntryPoint\",\"urlTemplate\":\"https:\\\/\\\/emasweden.com\\\/fi\\\/?s={search_term_string}\"},\"query-input\":{\"@type\":\"PropertyValueSpecification\",\"valueRequired\":true,\"valueName\":\"search_term_string\"}}],\"inLanguage\":\"fi\"}]}<\/script>\n<!-- \/ Yoast SEO plugin. -->","yoast_head_json":{"title":"HD Tasauspalkki tiivistystelalla ja pyyhk\u00e4isysiivell\u00e4 2500mm - Ilman kiinnikett\u00e4. - EMA Sverige","description":"HD Tasauspalkki tiivistystelalla ja pyyhk\u00e4isysiivell\u00e4 2500mm - Ilman kiinnikett\u00e4. Joustava laite maa-aineen s\u00e4\u00e4t\u00e4miseen ja tasaamiseen. Hardox kuluvilla pinnoilla.","robots":{"index":"index","follow":"follow","max-snippet":"max-snippet:-1","max-image-preview":"max-image-preview:large","max-video-preview":"max-video-preview:-1"},"canonical":"https:\/\/emasweden.com\/fi\/tuote\/hd-tasauspalkki-tiivistystelalla-ja-siivella-2500mm-ilman-kiinniketta\/","og_locale":"fi_FI","og_type":"article","og_title":"HD Tasauspalkki tiivistystelalla ja pyyhk\u00e4isysiivell\u00e4 2500mm - Ilman kiinnikett\u00e4. - EMA Sverige","og_description":"HD Tasauspalkki tiivistystelalla ja pyyhk\u00e4isysiivell\u00e4 2500mm - Ilman kiinnikett\u00e4. Joustava laite maa-aineen s\u00e4\u00e4t\u00e4miseen ja tasaamiseen. Hardox kuluvilla pinnoilla.","og_url":"https:\/\/emasweden.com\/fi\/tuote\/hd-tasauspalkki-tiivistystelalla-ja-siivella-2500mm-ilman-kiinniketta\/","og_site_name":"EMA Sverige","article_modified_time":"2025-08-26T16:36:33+00:00","og_image":[{"width":1000,"height":750,"url":"https:\/\/emasweden.com\/wp-content\/uploads\/2021\/03\/Gi-250GBR-1-1.jpg","type":"image\/jpeg"}],"twitter_card":"summary_large_image","twitter_misc":{"Arvioitu lukuaika":"1 minuutti"},"schema":{"@context":"https:\/\/schema.org","@graph":[{"@type":"WebPage","@id":"https:\/\/emasweden.com\/fi\/tuote\/hd-tasauspalkki-tiivistystelalla-ja-siivella-2500mm-ilman-kiinniketta\/","url":"https:\/\/emasweden.com\/fi\/tuote\/hd-tasauspalkki-tiivistystelalla-ja-siivella-2500mm-ilman-kiinniketta\/","name":"HD Tasauspalkki tiivistystelalla ja pyyhk\u00e4isysiivell\u00e4 2500mm - Ilman kiinnikett\u00e4. - EMA Sverige","isPartOf":{"@id":"https:\/\/emasweden.com\/fi\/#website"},"primaryImageOfPage":{"@id":"https:\/\/emasweden.com\/fi\/tuote\/hd-tasauspalkki-tiivistystelalla-ja-siivella-2500mm-ilman-kiinniketta\/#primaryimage"},"image":{"@id":"https:\/\/emasweden.com\/fi\/tuote\/hd-tasauspalkki-tiivistystelalla-ja-siivella-2500mm-ilman-kiinniketta\/#primaryimage"},"thumbnailUrl":"https:\/\/emasweden.com\/wp-content\/uploads\/2021\/03\/Gi-250GBR-1-1.jpg","datePublished":"2021-03-16T09:58:19+00:00","dateModified":"2025-08-26T16:36:33+00:00","description":"HD Tasauspalkki tiivistystelalla ja pyyhk\u00e4isysiivell\u00e4 2500mm - Ilman kiinnikett\u00e4. Joustava laite maa-aineen s\u00e4\u00e4t\u00e4miseen ja tasaamiseen. Hardox kuluvilla pinnoilla.","breadcrumb":{"@id":"https:\/\/emasweden.com\/fi\/tuote\/hd-tasauspalkki-tiivistystelalla-ja-siivella-2500mm-ilman-kiinniketta\/#breadcrumb"},"inLanguage":"fi","potentialAction":[{"@type":"ReadAction","target":["https:\/\/emasweden.com\/fi\/tuote\/hd-tasauspalkki-tiivistystelalla-ja-siivella-2500mm-ilman-kiinniketta\/"]}]},{"@type":"ImageObject","inLanguage":"fi","@id":"https:\/\/emasweden.com\/fi\/tuote\/hd-tasauspalkki-tiivistystelalla-ja-siivella-2500mm-ilman-kiinniketta\/#primaryimage","url":"https:\/\/emasweden.com\/wp-content\/uploads\/2021\/03\/Gi-250GBR-1-1.jpg","contentUrl":"https:\/\/emasweden.com\/wp-content\/uploads\/2021\/03\/Gi-250GBR-1-1.jpg","width":1000,"height":750,"caption":"HD Avj\u00e4mningsbalk med rulle & blad 2500mm - Utan f\u00e4ste"},{"@type":"BreadcrumbList","@id":"https:\/\/emasweden.com\/fi\/tuote\/hd-tasauspalkki-tiivistystelalla-ja-siivella-2500mm-ilman-kiinniketta\/#breadcrumb","itemListElement":[{"@type":"ListItem","position":1,"name":"Hem","item":"https:\/\/emasweden.com\/fi\/"},{"@type":"ListItem","position":2,"name":"Tuoteryhm\u00e4t","item":"https:\/\/emasweden.com\/fi\/tuoteryhmat\/"},{"@type":"ListItem","position":3,"name":"HD Tasauspalkki tiivistystelalla ja pyyhk\u00e4isysiivell\u00e4 2500mm &#8211; Ilman kiinnikett\u00e4."}]},{"@type":"WebSite","@id":"https:\/\/emasweden.com\/fi\/#website","url":"https:\/\/emasweden.com\/fi\/","name":"EMA Sverige","description":"","potentialAction":[{"@type":"SearchAction","target":{"@type":"EntryPoint","urlTemplate":"https:\/\/emasweden.com\/fi\/?s={search_term_string}"},"query-input":{"@type":"PropertyValueSpecification","valueRequired":true,"valueName":"search_term_string"}}],"inLanguage":"fi"}]}},"_links":{"self":[{"href":"https:\/\/emasweden.com\/fi\/wp-json\/wp\/v2\/product\/13022","targetHints":{"allow":["GET"]}}],"collection":[{"href":"https:\/\/emasweden.com\/fi\/wp-json\/wp\/v2\/product"}],"about":[{"href":"https:\/\/emasweden.com\/fi\/wp-json\/wp\/v2\/types\/product"}],"wp:featuredmedia":[{"embeddable":true,"href":"https:\/\/emasweden.com\/fi\/wp-json\/wp\/v2\/media\/22099"}],"wp:attachment":[{"href":"https:\/\/emasweden.com\/fi\/wp-json\/wp\/v2\/media?parent=13022"}],"wp:term":[{"taxonomy":"product_brand","embeddable":true,"href":"https:\/\/emasweden.com\/fi\/wp-json\/wp\/v2\/product_brand?post=13022"},{"taxonomy":"product_cat","embeddable":true,"href":"https:\/\/emasweden.com\/fi\/wp-json\/wp\/v2\/product_cat?post=13022"},{"taxonomy":"product_tag","embeddable":true,"href":"https:\/\/emasweden.com\/fi\/wp-json\/wp\/v2\/product_tag?post=13022"},{"taxonomy":"faste-y","embeddable":true,"href":"https:\/\/emasweden.com\/fi\/wp-json\/wp\/v2\/faste-y?post=13022"}],"curies":[{"name":"wp","href":"https:\/\/api.w.org\/{rel}","templated":true}]}}