{"id":13056,"date":"2021-01-20T15:38:01","date_gmt":"2021-01-20T14:38:01","guid":{"rendered":"https:\/\/emasweden.com\/produkt\/hd-kuokkakauha-2000l-kynsilla-1600mm-s80\/"},"modified":"2025-08-26T18:28:08","modified_gmt":"2025-08-26T16:28:08","slug":"hd-kuokkakauha-2000l-kynsilla-1600mm-s80","status":"publish","type":"product","link":"https:\/\/emasweden.com\/fi\/tuote\/hd-kuokkakauha-2000l-kynsilla-1600mm-s80\/","title":{"rendered":"HD Kuokkakauha 2000L kynsill\u00e4 &#8211; 1600mm &#8211; S80"},"content":{"rendered":"<p>HD Kuokkakauha 2000L kynsill\u00e4 &#8211; 1600mm &#8211; S80 \u2013 Heavy duty (HD) on tuotevalikoimamme tehopaketti. T\u00e4m\u00e4n kanssa ei materiaalien suhteen tehd\u00e4 kompromisseja. Laitteet on varustettu pohjan kulutuskiskoilla ja ne on usein normaalia paksumpia. T\u00e4t\u00e4 tehopakettia k\u00e4ytt\u00e4v\u00e4t enimm\u00e4kseen k\u00e4ytt\u00e4j\u00e4t, jotka asettavat tuotteilleen eritt\u00e4in korkeat vaatimukset. He ty\u00f6skentelev\u00e4t usein materiaaleilla ja ymp\u00e4rist\u00f6iss\u00e4, jotka vaativat hieman ylim\u00e4\u00e4r\u00e4ist\u00e4 kest\u00e4vyyden suhteen. T\u00e4m\u00e4n luokan kauhat ovat usein raskaampia, koska k\u00e4ytet\u00e4\u00e4n ylim\u00e4\u00e4r\u00e4ist\u00e4 ter\u00e4st\u00e4. Tuloksena on eritt\u00e4in kest\u00e4v\u00e4 kauha.<\/p>\n<p>\u2022 Huulilevy 500 Brinell <a href=\"https:\/\/www.borox.se\/produkter\/skopst%C3%A5l\" target=\"_blank\" rel=\"noopener\">Borox<\/a><br \/>\n<br \/>\u2022 Kulutussuojat kyljiss\u00e4, pohja ja kulutussuojat 450 <a href=\"https:\/\/www.ssab.com\/products\/brands\/hardox\/products\/hardox-450\" target=\"_blank\" rel=\"noopener\">HARDOX<\/a><br \/>\n<br \/>\u2022 CAT-kynsij\u00e4rjestelm\u00e4<br \/>\n<br \/>\u2022 Kauha on kehitetty yhdess\u00e4 koneenk\u00e4ytt\u00e4jien kanssa\n<\/ul>\n","protected":false},"excerpt":{"rendered":"<p>HD Kuokkakauha 2000L kynsill\u00e4 &#8211; 1600mm &#8211; S80 \u2013 Heavy duty (HD) on tuotevalikoimamme tehopaketti. T\u00e4m\u00e4n kanssa ei materiaalien suhteen tehd\u00e4 kompromisseja. Laitteet on varustettu pohjan kulutuskiskoilla ja ne on usein normaalia paksumpia. T\u00e4t\u00e4 tehopakettia k\u00e4ytt\u00e4v\u00e4t enimm\u00e4kseen k\u00e4ytt\u00e4j\u00e4t, jotka asettavat tuotteilleen eritt\u00e4in korkeat vaatimukset. He ty\u00f6skentelev\u00e4t usein materiaaleilla ja ymp\u00e4rist\u00f6iss\u00e4, jotka vaativat hieman ylim\u00e4\u00e4r\u00e4ist\u00e4 kest\u00e4vyyden [&hellip;]<\/p>\n","protected":false},"featured_media":21516,"template":"","meta":{"_monsterinsights_skip_tracking":false,"_monsterinsights_sitenote_active":false,"_monsterinsights_sitenote_note":"","_monsterinsights_sitenote_category":0},"product_brand":[],"product_cat":[2173],"product_tag":[],"faste-y":[],"class_list":{"0":"post-13056","1":"product","2":"type-product","3":"status-publish","4":"has-post-thumbnail","6":"product_cat-kuokkakauha","7":"pa_antal-tander-5kpl","8":"pa_max-bredd-1600mm-fi","9":"pa_skar-45x400mm-fi","10":"pa_tand-j450-fi","11":"pa_vikt-1920kg-fi","13":"first","14":"instock","15":"purchasable","16":"product-type-simple"},"yoast_head":"<!-- This site is optimized with the Yoast SEO plugin v27.3 - https:\/\/yoast.com\/product\/yoast-seo-wordpress\/ -->\n<title>HD Kuokkakauha 2000L kynsill\u00e4 - 1600mm - S80 - EMA Sverige<\/title>\n<meta name=\"description\" content=\"HD Kuokkakauha 2000L kynsill\u00e4 - 1600mm - S80 Huulilevy 500 Brinell Borox. Muotoilu, kulutussuojat kyljiss\u00e4 ja pohja 450 Hardox\u00ae CAT-kynsij\u00e4rjestelm\u00e4\" \/>\n<meta name=\"robots\" content=\"index, follow, max-snippet:-1, max-image-preview:large, max-video-preview:-1\" \/>\n<link rel=\"canonical\" href=\"https:\/\/emasweden.com\/fi\/tuote\/hd-kuokkakauha-2000l-kynsilla-1600mm-s80\/\" \/>\n<meta property=\"og:locale\" content=\"fi_FI\" \/>\n<meta property=\"og:type\" content=\"article\" \/>\n<meta property=\"og:title\" content=\"HD Kuokkakauha 2000L kynsill\u00e4 - 1600mm - S80 - EMA Sverige\" \/>\n<meta property=\"og:description\" content=\"HD Kuokkakauha 2000L kynsill\u00e4 - 1600mm - S80 Huulilevy 500 Brinell Borox. Muotoilu, kulutussuojat kyljiss\u00e4 ja pohja 450 Hardox\u00ae CAT-kynsij\u00e4rjestelm\u00e4\" \/>\n<meta property=\"og:url\" content=\"https:\/\/emasweden.com\/fi\/tuote\/hd-kuokkakauha-2000l-kynsilla-1600mm-s80\/\" \/>\n<meta property=\"og:site_name\" content=\"EMA Sverige\" \/>\n<meta property=\"article:modified_time\" content=\"2025-08-26T16:28:08+00:00\" \/>\n<meta property=\"og:image\" content=\"https:\/\/emasweden.com\/wp-content\/uploads\/2021\/01\/7291261_1.jpg\" \/>\n\t<meta property=\"og:image:width\" content=\"1000\" \/>\n\t<meta property=\"og:image:height\" content=\"750\" \/>\n\t<meta property=\"og:image:type\" content=\"image\/jpeg\" \/>\n<meta name=\"twitter:card\" content=\"summary_large_image\" \/>\n<meta name=\"twitter:label1\" content=\"Arvioitu lukuaika\" \/>\n\t<meta name=\"twitter:data1\" content=\"1 minuutti\" \/>\n<script type=\"application\/ld+json\" class=\"yoast-schema-graph\">{\"@context\":\"https:\\\/\\\/schema.org\",\"@graph\":[{\"@type\":\"WebPage\",\"@id\":\"https:\\\/\\\/emasweden.com\\\/fi\\\/tuote\\\/hd-kuokkakauha-2000l-kynsilla-1600mm-s80\\\/\",\"url\":\"https:\\\/\\\/emasweden.com\\\/fi\\\/tuote\\\/hd-kuokkakauha-2000l-kynsilla-1600mm-s80\\\/\",\"name\":\"HD Kuokkakauha 2000L kynsill\u00e4 - 1600mm - S80 - EMA Sverige\",\"isPartOf\":{\"@id\":\"https:\\\/\\\/emasweden.com\\\/fi\\\/#website\"},\"primaryImageOfPage\":{\"@id\":\"https:\\\/\\\/emasweden.com\\\/fi\\\/tuote\\\/hd-kuokkakauha-2000l-kynsilla-1600mm-s80\\\/#primaryimage\"},\"image\":{\"@id\":\"https:\\\/\\\/emasweden.com\\\/fi\\\/tuote\\\/hd-kuokkakauha-2000l-kynsilla-1600mm-s80\\\/#primaryimage\"},\"thumbnailUrl\":\"https:\\\/\\\/emasweden.com\\\/wp-content\\\/uploads\\\/2021\\\/01\\\/7291261_1.jpg\",\"datePublished\":\"2021-01-20T14:38:01+00:00\",\"dateModified\":\"2025-08-26T16:28:08+00:00\",\"description\":\"HD Kuokkakauha 2000L kynsill\u00e4 - 1600mm - S80 Huulilevy 500 Brinell Borox. Muotoilu, kulutussuojat kyljiss\u00e4 ja pohja 450 Hardox\u00ae CAT-kynsij\u00e4rjestelm\u00e4\",\"breadcrumb\":{\"@id\":\"https:\\\/\\\/emasweden.com\\\/fi\\\/tuote\\\/hd-kuokkakauha-2000l-kynsilla-1600mm-s80\\\/#breadcrumb\"},\"inLanguage\":\"fi\",\"potentialAction\":[{\"@type\":\"ReadAction\",\"target\":[\"https:\\\/\\\/emasweden.com\\\/fi\\\/tuote\\\/hd-kuokkakauha-2000l-kynsilla-1600mm-s80\\\/\"]}]},{\"@type\":\"ImageObject\",\"inLanguage\":\"fi\",\"@id\":\"https:\\\/\\\/emasweden.com\\\/fi\\\/tuote\\\/hd-kuokkakauha-2000l-kynsilla-1600mm-s80\\\/#primaryimage\",\"url\":\"https:\\\/\\\/emasweden.com\\\/wp-content\\\/uploads\\\/2021\\\/01\\\/7291261_1.jpg\",\"contentUrl\":\"https:\\\/\\\/emasweden.com\\\/wp-content\\\/uploads\\\/2021\\\/01\\\/7291261_1.jpg\",\"width\":1000,\"height\":750},{\"@type\":\"BreadcrumbList\",\"@id\":\"https:\\\/\\\/emasweden.com\\\/fi\\\/tuote\\\/hd-kuokkakauha-2000l-kynsilla-1600mm-s80\\\/#breadcrumb\",\"itemListElement\":[{\"@type\":\"ListItem\",\"position\":1,\"name\":\"Hem\",\"item\":\"https:\\\/\\\/emasweden.com\\\/fi\\\/\"},{\"@type\":\"ListItem\",\"position\":2,\"name\":\"Tuoteryhm\u00e4t\",\"item\":\"https:\\\/\\\/emasweden.com\\\/fi\\\/tuoteryhmat\\\/\"},{\"@type\":\"ListItem\",\"position\":3,\"name\":\"HD Kuokkakauha 2000L kynsill\u00e4 &#8211; 1600mm &#8211; S80\"}]},{\"@type\":\"WebSite\",\"@id\":\"https:\\\/\\\/emasweden.com\\\/fi\\\/#website\",\"url\":\"https:\\\/\\\/emasweden.com\\\/fi\\\/\",\"name\":\"EMA Sverige\",\"description\":\"\",\"potentialAction\":[{\"@type\":\"SearchAction\",\"target\":{\"@type\":\"EntryPoint\",\"urlTemplate\":\"https:\\\/\\\/emasweden.com\\\/fi\\\/?s={search_term_string}\"},\"query-input\":{\"@type\":\"PropertyValueSpecification\",\"valueRequired\":true,\"valueName\":\"search_term_string\"}}],\"inLanguage\":\"fi\"}]}<\/script>\n<!-- \/ Yoast SEO plugin. -->","yoast_head_json":{"title":"HD Kuokkakauha 2000L kynsill\u00e4 - 1600mm - S80 - EMA Sverige","description":"HD Kuokkakauha 2000L kynsill\u00e4 - 1600mm - S80 Huulilevy 500 Brinell Borox. Muotoilu, kulutussuojat kyljiss\u00e4 ja pohja 450 Hardox\u00ae CAT-kynsij\u00e4rjestelm\u00e4","robots":{"index":"index","follow":"follow","max-snippet":"max-snippet:-1","max-image-preview":"max-image-preview:large","max-video-preview":"max-video-preview:-1"},"canonical":"https:\/\/emasweden.com\/fi\/tuote\/hd-kuokkakauha-2000l-kynsilla-1600mm-s80\/","og_locale":"fi_FI","og_type":"article","og_title":"HD Kuokkakauha 2000L kynsill\u00e4 - 1600mm - S80 - EMA Sverige","og_description":"HD Kuokkakauha 2000L kynsill\u00e4 - 1600mm - S80 Huulilevy 500 Brinell Borox. Muotoilu, kulutussuojat kyljiss\u00e4 ja pohja 450 Hardox\u00ae CAT-kynsij\u00e4rjestelm\u00e4","og_url":"https:\/\/emasweden.com\/fi\/tuote\/hd-kuokkakauha-2000l-kynsilla-1600mm-s80\/","og_site_name":"EMA Sverige","article_modified_time":"2025-08-26T16:28:08+00:00","og_image":[{"width":1000,"height":750,"url":"https:\/\/emasweden.com\/wp-content\/uploads\/2021\/01\/7291261_1.jpg","type":"image\/jpeg"}],"twitter_card":"summary_large_image","twitter_misc":{"Arvioitu lukuaika":"1 minuutti"},"schema":{"@context":"https:\/\/schema.org","@graph":[{"@type":"WebPage","@id":"https:\/\/emasweden.com\/fi\/tuote\/hd-kuokkakauha-2000l-kynsilla-1600mm-s80\/","url":"https:\/\/emasweden.com\/fi\/tuote\/hd-kuokkakauha-2000l-kynsilla-1600mm-s80\/","name":"HD Kuokkakauha 2000L kynsill\u00e4 - 1600mm - S80 - EMA Sverige","isPartOf":{"@id":"https:\/\/emasweden.com\/fi\/#website"},"primaryImageOfPage":{"@id":"https:\/\/emasweden.com\/fi\/tuote\/hd-kuokkakauha-2000l-kynsilla-1600mm-s80\/#primaryimage"},"image":{"@id":"https:\/\/emasweden.com\/fi\/tuote\/hd-kuokkakauha-2000l-kynsilla-1600mm-s80\/#primaryimage"},"thumbnailUrl":"https:\/\/emasweden.com\/wp-content\/uploads\/2021\/01\/7291261_1.jpg","datePublished":"2021-01-20T14:38:01+00:00","dateModified":"2025-08-26T16:28:08+00:00","description":"HD Kuokkakauha 2000L kynsill\u00e4 - 1600mm - S80 Huulilevy 500 Brinell Borox. Muotoilu, kulutussuojat kyljiss\u00e4 ja pohja 450 Hardox\u00ae CAT-kynsij\u00e4rjestelm\u00e4","breadcrumb":{"@id":"https:\/\/emasweden.com\/fi\/tuote\/hd-kuokkakauha-2000l-kynsilla-1600mm-s80\/#breadcrumb"},"inLanguage":"fi","potentialAction":[{"@type":"ReadAction","target":["https:\/\/emasweden.com\/fi\/tuote\/hd-kuokkakauha-2000l-kynsilla-1600mm-s80\/"]}]},{"@type":"ImageObject","inLanguage":"fi","@id":"https:\/\/emasweden.com\/fi\/tuote\/hd-kuokkakauha-2000l-kynsilla-1600mm-s80\/#primaryimage","url":"https:\/\/emasweden.com\/wp-content\/uploads\/2021\/01\/7291261_1.jpg","contentUrl":"https:\/\/emasweden.com\/wp-content\/uploads\/2021\/01\/7291261_1.jpg","width":1000,"height":750},{"@type":"BreadcrumbList","@id":"https:\/\/emasweden.com\/fi\/tuote\/hd-kuokkakauha-2000l-kynsilla-1600mm-s80\/#breadcrumb","itemListElement":[{"@type":"ListItem","position":1,"name":"Hem","item":"https:\/\/emasweden.com\/fi\/"},{"@type":"ListItem","position":2,"name":"Tuoteryhm\u00e4t","item":"https:\/\/emasweden.com\/fi\/tuoteryhmat\/"},{"@type":"ListItem","position":3,"name":"HD Kuokkakauha 2000L kynsill\u00e4 &#8211; 1600mm &#8211; S80"}]},{"@type":"WebSite","@id":"https:\/\/emasweden.com\/fi\/#website","url":"https:\/\/emasweden.com\/fi\/","name":"EMA Sverige","description":"","potentialAction":[{"@type":"SearchAction","target":{"@type":"EntryPoint","urlTemplate":"https:\/\/emasweden.com\/fi\/?s={search_term_string}"},"query-input":{"@type":"PropertyValueSpecification","valueRequired":true,"valueName":"search_term_string"}}],"inLanguage":"fi"}]}},"_links":{"self":[{"href":"https:\/\/emasweden.com\/fi\/wp-json\/wp\/v2\/product\/13056","targetHints":{"allow":["GET"]}}],"collection":[{"href":"https:\/\/emasweden.com\/fi\/wp-json\/wp\/v2\/product"}],"about":[{"href":"https:\/\/emasweden.com\/fi\/wp-json\/wp\/v2\/types\/product"}],"wp:featuredmedia":[{"embeddable":true,"href":"https:\/\/emasweden.com\/fi\/wp-json\/wp\/v2\/media\/21516"}],"wp:attachment":[{"href":"https:\/\/emasweden.com\/fi\/wp-json\/wp\/v2\/media?parent=13056"}],"wp:term":[{"taxonomy":"product_brand","embeddable":true,"href":"https:\/\/emasweden.com\/fi\/wp-json\/wp\/v2\/product_brand?post=13056"},{"taxonomy":"product_cat","embeddable":true,"href":"https:\/\/emasweden.com\/fi\/wp-json\/wp\/v2\/product_cat?post=13056"},{"taxonomy":"product_tag","embeddable":true,"href":"https:\/\/emasweden.com\/fi\/wp-json\/wp\/v2\/product_tag?post=13056"},{"taxonomy":"faste-y","embeddable":true,"href":"https:\/\/emasweden.com\/fi\/wp-json\/wp\/v2\/faste-y?post=13056"}],"curies":[{"name":"wp","href":"https:\/\/api.w.org\/{rel}","templated":true}]}}