{"id":13269,"date":"2021-01-20T15:38:21","date_gmt":"2021-01-20T14:38:21","guid":{"rendered":"https:\/\/emasweden.com\/produkt\/hdrp-louhoskauha-panssari-3200l-5kpl-j550-hampaita-2040mm-g90\/"},"modified":"2025-08-26T17:30:59","modified_gmt":"2025-08-26T15:30:59","slug":"hdrp-bergskopa-pansar-3200l-5st-j550-tander-2040mm-g90-2","status":"publish","type":"product","link":"https:\/\/emasweden.com\/fi\/produkt\/hdrp-bergskopa-pansar-3200l-5st-j550-tander-2040mm-g90-2\/","title":{"rendered":"HDRP Louhoskauha Panssari 3200L &#8211; 5kpl J550 hampaita &#8211; 2040mm &#8211; G90"},"content":{"rendered":"<p><sup>HDRP Louhoskauha Panssari 3200L &#8211; 5kpl J550 hampaita &#8211; 2040mm &#8211; G90<\/sup><br \/>\n<br \/>\n\u2013 Heavy Duty Rock Panssari \u2013<br \/>\n<br \/>EMA 500 PANSSARI on pitk\u00e4lti rakennettu eritt\u00e4in kest\u00e4v\u00e4st\u00e4 Hardox\u00ae 500 -materiaalista. Se tarkoittaa sit\u00e4, ett\u00e4 t\u00e4m\u00e4n sarjan tuotteilla on eritt\u00e4in pitk\u00e4 elinkaari jopa vaikeimmissa ymp\u00e4rist\u00f6iss\u00e4.<br \/>\n<br \/> PANSSARI-sarjan kauhat on varustettu kannan suojilla, maitohampailla, kulutuskiekoilla ja chocko-tangoilla ja ne voidaan my\u00f6s varustaa yksil\u00f6llisten toiveiden mukaan. <br \/>Valitseminen materiaaliksi Hardox\u00ae 500 tarkoittaa my\u00f6s sit\u00e4, ett\u00e4 voit poistaa kuluvia osia, kuten sivusein\u00e4n suojat, mik\u00e4 tarkoittaa kevyemp\u00e4\u00e4 painoa ja pienemp\u00e4\u00e4 polttoaineenkulutusta.<\/p>\n<p>Huulilevy, kyljet, kulutustangot ja runko <a href=\"https:\/\/www.ssab.com\/products\/brands\/hardox\/products\/hardox-500\" target=\"_blank\" rel=\"noopener\">HARDOX 500<\/a>.<br \/>\n<br \/>\u2022 Pohja ja reunat <a href=\"https:\/\/www.ssab.com\/products\/brands\/hardox\/products\/hardox-450\" target=\"_blank\" rel=\"noopener\">HARDOX 450<\/a><br \/>\n<br \/>\u2022 Kulutussuojan lis\u00e4 hampaiden yl\u00e4- ja alapuolella.<br \/>\n<br \/>\u2022 Maitohampaat vakiona<br \/>\n<br \/>\u2022 Suora tai delta huulilevy\n<\/ul>\n","protected":false},"excerpt":{"rendered":"<p>HDRP Louhoskauha Panssari 3200L &#8211; 5kpl J550 hampaita &#8211; 2040mm &#8211; G90 \u2013 Heavy Duty Rock Panssari \u2013 EMA 500 PANSSARI on pitk\u00e4lti rakennettu eritt\u00e4in kest\u00e4v\u00e4st\u00e4 Hardox\u00ae 500 -materiaalista. Se tarkoittaa sit\u00e4, ett\u00e4 t\u00e4m\u00e4n sarjan tuotteilla on eritt\u00e4in pitk\u00e4 elinkaari jopa vaikeimmissa ymp\u00e4rist\u00f6iss\u00e4. PANSSARI-sarjan kauhat on varustettu kannan suojilla, maitohampailla, kulutuskiekoilla ja chocko-tangoilla ja ne [&hellip;]<\/p>\n","protected":false},"featured_media":21652,"template":"","meta":{"_monsterinsights_skip_tracking":false,"_monsterinsights_sitenote_active":false,"_monsterinsights_sitenote_note":"","_monsterinsights_sitenote_category":0},"product_brand":[],"product_cat":[2172],"product_tag":[],"faste-y":[],"class_list":{"0":"post-13269","1":"product","2":"type-product","3":"status-publish","4":"has-post-thumbnail","6":"product_cat-louhoskauha","7":"pa_antal-tander-5kpl","8":"pa_max-bredd-2040mm-fi","9":"pa_skar-60x570mm-fi","10":"pa_tand-j550-fi","11":"pa_vikt-3675kg-fi","13":"first","14":"instock","15":"purchasable","16":"product-type-simple"},"yoast_head":"<!-- This site is optimized with the Yoast SEO plugin v27.4 - https:\/\/yoast.com\/product\/yoast-seo-wordpress\/ -->\n<title>HDRP Louhoskauha Panssari 3200L - 5kpl J550 hampaita - 2040mm - G90 - EMA Sverige<\/title>\n<meta name=\"description\" content=\"HDRP Louhoskauha Panssari 3200L - 5kpl J550 hampaita - 2040mm - G90 Huulilevy, kyljet, kulutustangot ja runko HARDOX 500. Pohja ja kyljet HARDOX 450.\" \/>\n<meta name=\"robots\" content=\"index, follow, max-snippet:-1, max-image-preview:large, max-video-preview:-1\" \/>\n<link rel=\"canonical\" href=\"https:\/\/emasweden.com\/fi\/produkt\/hdrp-bergskopa-pansar-3200l-5st-j550-tander-2040mm-g90-2\/\" \/>\n<meta property=\"og:locale\" content=\"fi_FI\" \/>\n<meta property=\"og:type\" content=\"article\" \/>\n<meta property=\"og:title\" content=\"HDRP Louhoskauha Panssari 3200L - 5kpl J550 hampaita - 2040mm - G90 - EMA Sverige\" \/>\n<meta property=\"og:description\" content=\"HDRP Louhoskauha Panssari 3200L - 5kpl J550 hampaita - 2040mm - G90 Huulilevy, kyljet, kulutustangot ja runko HARDOX 500. Pohja ja kyljet HARDOX 450.\" \/>\n<meta property=\"og:url\" content=\"https:\/\/emasweden.com\/fi\/produkt\/hdrp-bergskopa-pansar-3200l-5st-j550-tander-2040mm-g90-2\/\" \/>\n<meta property=\"og:site_name\" content=\"EMA Sverige\" \/>\n<meta property=\"article:modified_time\" content=\"2025-08-26T15:30:59+00:00\" \/>\n<meta property=\"og:image\" content=\"https:\/\/emasweden.com\/wp-content\/uploads\/2021\/01\/7291311_1.jpg\" \/>\n\t<meta property=\"og:image:width\" content=\"1000\" \/>\n\t<meta property=\"og:image:height\" content=\"750\" \/>\n\t<meta property=\"og:image:type\" content=\"image\/jpeg\" \/>\n<meta name=\"twitter:card\" content=\"summary_large_image\" \/>\n<meta name=\"twitter:label1\" content=\"Arvioitu lukuaika\" \/>\n\t<meta name=\"twitter:data1\" content=\"1 minuutti\" \/>\n<script type=\"application\/ld+json\" class=\"yoast-schema-graph\">{\"@context\":\"https:\\\/\\\/schema.org\",\"@graph\":[{\"@type\":\"WebPage\",\"@id\":\"https:\\\/\\\/emasweden.com\\\/fi\\\/produkt\\\/hdrp-bergskopa-pansar-3200l-5st-j550-tander-2040mm-g90-2\\\/\",\"url\":\"https:\\\/\\\/emasweden.com\\\/fi\\\/produkt\\\/hdrp-bergskopa-pansar-3200l-5st-j550-tander-2040mm-g90-2\\\/\",\"name\":\"HDRP Louhoskauha Panssari 3200L - 5kpl J550 hampaita - 2040mm - G90 - EMA Sverige\",\"isPartOf\":{\"@id\":\"https:\\\/\\\/emasweden.com\\\/fi\\\/#website\"},\"primaryImageOfPage\":{\"@id\":\"https:\\\/\\\/emasweden.com\\\/fi\\\/produkt\\\/hdrp-bergskopa-pansar-3200l-5st-j550-tander-2040mm-g90-2\\\/#primaryimage\"},\"image\":{\"@id\":\"https:\\\/\\\/emasweden.com\\\/fi\\\/produkt\\\/hdrp-bergskopa-pansar-3200l-5st-j550-tander-2040mm-g90-2\\\/#primaryimage\"},\"thumbnailUrl\":\"https:\\\/\\\/emasweden.com\\\/wp-content\\\/uploads\\\/2021\\\/01\\\/7291311_1.jpg\",\"datePublished\":\"2021-01-20T14:38:21+00:00\",\"dateModified\":\"2025-08-26T15:30:59+00:00\",\"description\":\"HDRP Louhoskauha Panssari 3200L - 5kpl J550 hampaita - 2040mm - G90 Huulilevy, kyljet, kulutustangot ja runko HARDOX 500. Pohja ja kyljet HARDOX 450.\",\"breadcrumb\":{\"@id\":\"https:\\\/\\\/emasweden.com\\\/fi\\\/produkt\\\/hdrp-bergskopa-pansar-3200l-5st-j550-tander-2040mm-g90-2\\\/#breadcrumb\"},\"inLanguage\":\"fi\",\"potentialAction\":[{\"@type\":\"ReadAction\",\"target\":[\"https:\\\/\\\/emasweden.com\\\/fi\\\/produkt\\\/hdrp-bergskopa-pansar-3200l-5st-j550-tander-2040mm-g90-2\\\/\"]}]},{\"@type\":\"ImageObject\",\"inLanguage\":\"fi\",\"@id\":\"https:\\\/\\\/emasweden.com\\\/fi\\\/produkt\\\/hdrp-bergskopa-pansar-3200l-5st-j550-tander-2040mm-g90-2\\\/#primaryimage\",\"url\":\"https:\\\/\\\/emasweden.com\\\/wp-content\\\/uploads\\\/2021\\\/01\\\/7291311_1.jpg\",\"contentUrl\":\"https:\\\/\\\/emasweden.com\\\/wp-content\\\/uploads\\\/2021\\\/01\\\/7291311_1.jpg\",\"width\":1000,\"height\":750},{\"@type\":\"BreadcrumbList\",\"@id\":\"https:\\\/\\\/emasweden.com\\\/fi\\\/produkt\\\/hdrp-bergskopa-pansar-3200l-5st-j550-tander-2040mm-g90-2\\\/#breadcrumb\",\"itemListElement\":[{\"@type\":\"ListItem\",\"position\":1,\"name\":\"Hem\",\"item\":\"https:\\\/\\\/emasweden.com\\\/fi\\\/\"},{\"@type\":\"ListItem\",\"position\":2,\"name\":\"Tuoteryhm\u00e4t\",\"item\":\"https:\\\/\\\/emasweden.com\\\/fi\\\/tuoteryhmat\\\/\"},{\"@type\":\"ListItem\",\"position\":3,\"name\":\"HDRP Louhoskauha Panssari 3200L &#8211; 5kpl J550 hampaita &#8211; 2040mm &#8211; G90\"}]},{\"@type\":\"WebSite\",\"@id\":\"https:\\\/\\\/emasweden.com\\\/fi\\\/#website\",\"url\":\"https:\\\/\\\/emasweden.com\\\/fi\\\/\",\"name\":\"EMA Sverige\",\"description\":\"\",\"potentialAction\":[{\"@type\":\"SearchAction\",\"target\":{\"@type\":\"EntryPoint\",\"urlTemplate\":\"https:\\\/\\\/emasweden.com\\\/fi\\\/?s={search_term_string}\"},\"query-input\":{\"@type\":\"PropertyValueSpecification\",\"valueRequired\":true,\"valueName\":\"search_term_string\"}}],\"inLanguage\":\"fi\"}]}<\/script>\n<!-- \/ Yoast SEO plugin. -->","yoast_head_json":{"title":"HDRP Louhoskauha Panssari 3200L - 5kpl J550 hampaita - 2040mm - G90 - EMA Sverige","description":"HDRP Louhoskauha Panssari 3200L - 5kpl J550 hampaita - 2040mm - G90 Huulilevy, kyljet, kulutustangot ja runko HARDOX 500. Pohja ja kyljet HARDOX 450.","robots":{"index":"index","follow":"follow","max-snippet":"max-snippet:-1","max-image-preview":"max-image-preview:large","max-video-preview":"max-video-preview:-1"},"canonical":"https:\/\/emasweden.com\/fi\/produkt\/hdrp-bergskopa-pansar-3200l-5st-j550-tander-2040mm-g90-2\/","og_locale":"fi_FI","og_type":"article","og_title":"HDRP Louhoskauha Panssari 3200L - 5kpl J550 hampaita - 2040mm - G90 - EMA Sverige","og_description":"HDRP Louhoskauha Panssari 3200L - 5kpl J550 hampaita - 2040mm - G90 Huulilevy, kyljet, kulutustangot ja runko HARDOX 500. Pohja ja kyljet HARDOX 450.","og_url":"https:\/\/emasweden.com\/fi\/produkt\/hdrp-bergskopa-pansar-3200l-5st-j550-tander-2040mm-g90-2\/","og_site_name":"EMA Sverige","article_modified_time":"2025-08-26T15:30:59+00:00","og_image":[{"width":1000,"height":750,"url":"https:\/\/emasweden.com\/wp-content\/uploads\/2021\/01\/7291311_1.jpg","type":"image\/jpeg"}],"twitter_card":"summary_large_image","twitter_misc":{"Arvioitu lukuaika":"1 minuutti"},"schema":{"@context":"https:\/\/schema.org","@graph":[{"@type":"WebPage","@id":"https:\/\/emasweden.com\/fi\/produkt\/hdrp-bergskopa-pansar-3200l-5st-j550-tander-2040mm-g90-2\/","url":"https:\/\/emasweden.com\/fi\/produkt\/hdrp-bergskopa-pansar-3200l-5st-j550-tander-2040mm-g90-2\/","name":"HDRP Louhoskauha Panssari 3200L - 5kpl J550 hampaita - 2040mm - G90 - EMA Sverige","isPartOf":{"@id":"https:\/\/emasweden.com\/fi\/#website"},"primaryImageOfPage":{"@id":"https:\/\/emasweden.com\/fi\/produkt\/hdrp-bergskopa-pansar-3200l-5st-j550-tander-2040mm-g90-2\/#primaryimage"},"image":{"@id":"https:\/\/emasweden.com\/fi\/produkt\/hdrp-bergskopa-pansar-3200l-5st-j550-tander-2040mm-g90-2\/#primaryimage"},"thumbnailUrl":"https:\/\/emasweden.com\/wp-content\/uploads\/2021\/01\/7291311_1.jpg","datePublished":"2021-01-20T14:38:21+00:00","dateModified":"2025-08-26T15:30:59+00:00","description":"HDRP Louhoskauha Panssari 3200L - 5kpl J550 hampaita - 2040mm - G90 Huulilevy, kyljet, kulutustangot ja runko HARDOX 500. Pohja ja kyljet HARDOX 450.","breadcrumb":{"@id":"https:\/\/emasweden.com\/fi\/produkt\/hdrp-bergskopa-pansar-3200l-5st-j550-tander-2040mm-g90-2\/#breadcrumb"},"inLanguage":"fi","potentialAction":[{"@type":"ReadAction","target":["https:\/\/emasweden.com\/fi\/produkt\/hdrp-bergskopa-pansar-3200l-5st-j550-tander-2040mm-g90-2\/"]}]},{"@type":"ImageObject","inLanguage":"fi","@id":"https:\/\/emasweden.com\/fi\/produkt\/hdrp-bergskopa-pansar-3200l-5st-j550-tander-2040mm-g90-2\/#primaryimage","url":"https:\/\/emasweden.com\/wp-content\/uploads\/2021\/01\/7291311_1.jpg","contentUrl":"https:\/\/emasweden.com\/wp-content\/uploads\/2021\/01\/7291311_1.jpg","width":1000,"height":750},{"@type":"BreadcrumbList","@id":"https:\/\/emasweden.com\/fi\/produkt\/hdrp-bergskopa-pansar-3200l-5st-j550-tander-2040mm-g90-2\/#breadcrumb","itemListElement":[{"@type":"ListItem","position":1,"name":"Hem","item":"https:\/\/emasweden.com\/fi\/"},{"@type":"ListItem","position":2,"name":"Tuoteryhm\u00e4t","item":"https:\/\/emasweden.com\/fi\/tuoteryhmat\/"},{"@type":"ListItem","position":3,"name":"HDRP Louhoskauha Panssari 3200L &#8211; 5kpl J550 hampaita &#8211; 2040mm &#8211; G90"}]},{"@type":"WebSite","@id":"https:\/\/emasweden.com\/fi\/#website","url":"https:\/\/emasweden.com\/fi\/","name":"EMA Sverige","description":"","potentialAction":[{"@type":"SearchAction","target":{"@type":"EntryPoint","urlTemplate":"https:\/\/emasweden.com\/fi\/?s={search_term_string}"},"query-input":{"@type":"PropertyValueSpecification","valueRequired":true,"valueName":"search_term_string"}}],"inLanguage":"fi"}]}},"_links":{"self":[{"href":"https:\/\/emasweden.com\/fi\/wp-json\/wp\/v2\/product\/13269","targetHints":{"allow":["GET"]}}],"collection":[{"href":"https:\/\/emasweden.com\/fi\/wp-json\/wp\/v2\/product"}],"about":[{"href":"https:\/\/emasweden.com\/fi\/wp-json\/wp\/v2\/types\/product"}],"wp:featuredmedia":[{"embeddable":true,"href":"https:\/\/emasweden.com\/fi\/wp-json\/wp\/v2\/media\/21652"}],"wp:attachment":[{"href":"https:\/\/emasweden.com\/fi\/wp-json\/wp\/v2\/media?parent=13269"}],"wp:term":[{"taxonomy":"product_brand","embeddable":true,"href":"https:\/\/emasweden.com\/fi\/wp-json\/wp\/v2\/product_brand?post=13269"},{"taxonomy":"product_cat","embeddable":true,"href":"https:\/\/emasweden.com\/fi\/wp-json\/wp\/v2\/product_cat?post=13269"},{"taxonomy":"product_tag","embeddable":true,"href":"https:\/\/emasweden.com\/fi\/wp-json\/wp\/v2\/product_tag?post=13269"},{"taxonomy":"faste-y","embeddable":true,"href":"https:\/\/emasweden.com\/fi\/wp-json\/wp\/v2\/faste-y?post=13269"}],"curies":[{"name":"wp","href":"https:\/\/api.w.org\/{rel}","templated":true}]}}