{"id":13331,"date":"2021-01-20T15:37:24","date_gmt":"2021-01-20T14:37:24","guid":{"rendered":"https:\/\/emasweden.com\/produkt\/hdr-louhoskauha-4200l-delta-huulilevy-6kpl-j600-hampaita-2240mm-smp155\/"},"modified":"2025-08-26T17:29:07","modified_gmt":"2025-08-26T15:29:07","slug":"hdr-louhoskauha-4200l-delta-huulilevy-6kpl-j600-hampaita-2240mm-smp155","status":"publish","type":"product","link":"https:\/\/emasweden.com\/fi\/tuote\/hdr-louhoskauha-4200l-delta-huulilevy-6kpl-j600-hampaita-2240mm-smp155\/","title":{"rendered":"HDR Louhoskauha 4200L delta huulilevy &#8211; 6kpl J600 hampaita &#8211; 2240mm &#8211; SMP155"},"content":{"rendered":"<p>HDR Louhoskauha 4200L delta huulilevy &#8211; 6kpl J600 hampaita &#8211; 2240mm &#8211; SMP155. Heavy Duty Rock -sarjan kauhat on valmistettu eritt\u00e4in kest\u00e4vist\u00e4 Hardox\u00ae 450 ja 500 materiaaleista. T\u00e4m\u00e4n sarjan tuotteet ovat eritt\u00e4in kest\u00e4vi\u00e4 ja suunniteltu toimimaan mahdollisimman tehokkaasti vaativissa olosuhteissa. Kulutuspinnat on sijoitettu k\u00e4ytetyimmille alueille suojaamaan perusrunkoa. T\u00e4m\u00e4n sarjan kauhat voidaan varustaa my\u00f6s yksil\u00f6llisten toiveiden mukaan.<\/p>\n<p>\u2022 Huulilevy HARDOX 500<br \/>\n<br \/>\u2022 Pohja, reunat, runko ja kyljet <a href=\"https:\/\/www.ssab.com\/products\/brands\/hardox\/products\/hardox-450\" target=\"_blank\" rel=\"noopener\">HARDOX<\/a> 450<br \/>\n<br \/>\u2022 Kulutussuojan lis\u00e4 hampaiden yl\u00e4- ja alapuolella.<br \/>\n<br \/>\u2022 Maitohampaat vakiona<br \/>\n<br \/>\u2022 Kulutustangot sis\u00e4\u00e4n- ja ulosp\u00e4in <a href=\"https:\/\/www.ssab.com\/products\/brands\/hardox\/products\/hardox-500\" target=\"_blank\" rel=\"noopener\">HARDOX<\/a> 500<br \/>\n<br \/>\u2022 Suora tai delta huulilevy\n<\/ul>\n","protected":false},"excerpt":{"rendered":"<p>HDR Louhoskauha 4200L delta huulilevy &#8211; 6kpl J600 hampaita &#8211; 2240mm &#8211; SMP155. Heavy Duty Rock -sarjan kauhat on valmistettu eritt\u00e4in kest\u00e4vist\u00e4 Hardox\u00ae 450 ja 500 materiaaleista. T\u00e4m\u00e4n sarjan tuotteet ovat eritt\u00e4in kest\u00e4vi\u00e4 ja suunniteltu toimimaan mahdollisimman tehokkaasti vaativissa olosuhteissa. Kulutuspinnat on sijoitettu k\u00e4ytetyimmille alueille suojaamaan perusrunkoa. T\u00e4m\u00e4n sarjan kauhat voidaan varustaa my\u00f6s yksil\u00f6llisten toiveiden [&hellip;]<\/p>\n","protected":false},"featured_media":21590,"template":"","meta":{"_monsterinsights_skip_tracking":false,"_monsterinsights_sitenote_active":false,"_monsterinsights_sitenote_note":"","_monsterinsights_sitenote_category":0},"product_brand":[],"product_cat":[2172],"product_tag":[],"faste-y":[],"class_list":{"0":"post-13331","1":"product","2":"type-product","3":"status-publish","4":"has-post-thumbnail","6":"product_cat-louhoskauha","7":"pa_antal-tander-5kpl","8":"pa_max-bredd-2240mm-fi","9":"pa_skar-70x680-500mm-fi","10":"pa_tand-j600-fi","11":"pa_vikt-5360kg-fi","13":"first","14":"instock","15":"purchasable","16":"product-type-simple"},"yoast_head":"<!-- This site is optimized with the Yoast SEO plugin v27.3 - https:\/\/yoast.com\/product\/yoast-seo-wordpress\/ -->\n<title>HDR Louhoskauha 4200L delta huulilevy - 6kpl J600 hampaita - 2240mm - SMP155 - EMA Sverige<\/title>\n<meta name=\"description\" content=\"HDR Louhoskauha 4200L delta huulilevy - 6kpl J600 hampaita - 2240mm - SMP155. Kulutustangot sis\u00e4\u00e4n- ja ulosp\u00e4in HARDOX 500. Pohja, kyljet, reuna ja runko HARDOX 450.\" \/>\n<meta name=\"robots\" content=\"index, follow, max-snippet:-1, max-image-preview:large, max-video-preview:-1\" \/>\n<link rel=\"canonical\" href=\"https:\/\/emasweden.com\/fi\/tuote\/hdr-louhoskauha-4200l-delta-huulilevy-6kpl-j600-hampaita-2240mm-smp155\/\" \/>\n<meta property=\"og:locale\" content=\"fi_FI\" \/>\n<meta property=\"og:type\" content=\"article\" \/>\n<meta property=\"og:title\" content=\"HDR Louhoskauha 4200L delta huulilevy - 6kpl J600 hampaita - 2240mm - SMP155 - EMA Sverige\" \/>\n<meta property=\"og:description\" content=\"HDR Louhoskauha 4200L delta huulilevy - 6kpl J600 hampaita - 2240mm - SMP155. Kulutustangot sis\u00e4\u00e4n- ja ulosp\u00e4in HARDOX 500. Pohja, kyljet, reuna ja runko HARDOX 450.\" \/>\n<meta property=\"og:url\" content=\"https:\/\/emasweden.com\/fi\/tuote\/hdr-louhoskauha-4200l-delta-huulilevy-6kpl-j600-hampaita-2240mm-smp155\/\" \/>\n<meta property=\"og:site_name\" content=\"EMA Sverige\" \/>\n<meta property=\"article:modified_time\" content=\"2025-08-26T15:29:07+00:00\" \/>\n<meta property=\"og:image\" content=\"https:\/\/emasweden.com\/wp-content\/uploads\/2021\/01\/7291169_1.jpg\" \/>\n\t<meta property=\"og:image:width\" content=\"1000\" \/>\n\t<meta property=\"og:image:height\" content=\"750\" \/>\n\t<meta property=\"og:image:type\" content=\"image\/jpeg\" \/>\n<meta name=\"twitter:card\" content=\"summary_large_image\" \/>\n<script type=\"application\/ld+json\" class=\"yoast-schema-graph\">{\"@context\":\"https:\\\/\\\/schema.org\",\"@graph\":[{\"@type\":\"WebPage\",\"@id\":\"https:\\\/\\\/emasweden.com\\\/fi\\\/tuote\\\/hdr-louhoskauha-4200l-delta-huulilevy-6kpl-j600-hampaita-2240mm-smp155\\\/\",\"url\":\"https:\\\/\\\/emasweden.com\\\/fi\\\/tuote\\\/hdr-louhoskauha-4200l-delta-huulilevy-6kpl-j600-hampaita-2240mm-smp155\\\/\",\"name\":\"HDR Louhoskauha 4200L delta huulilevy - 6kpl J600 hampaita - 2240mm - SMP155 - EMA Sverige\",\"isPartOf\":{\"@id\":\"https:\\\/\\\/emasweden.com\\\/fi\\\/#website\"},\"primaryImageOfPage\":{\"@id\":\"https:\\\/\\\/emasweden.com\\\/fi\\\/tuote\\\/hdr-louhoskauha-4200l-delta-huulilevy-6kpl-j600-hampaita-2240mm-smp155\\\/#primaryimage\"},\"image\":{\"@id\":\"https:\\\/\\\/emasweden.com\\\/fi\\\/tuote\\\/hdr-louhoskauha-4200l-delta-huulilevy-6kpl-j600-hampaita-2240mm-smp155\\\/#primaryimage\"},\"thumbnailUrl\":\"https:\\\/\\\/emasweden.com\\\/wp-content\\\/uploads\\\/2021\\\/01\\\/7291169_1.jpg\",\"datePublished\":\"2021-01-20T14:37:24+00:00\",\"dateModified\":\"2025-08-26T15:29:07+00:00\",\"description\":\"HDR Louhoskauha 4200L delta huulilevy - 6kpl J600 hampaita - 2240mm - SMP155. Kulutustangot sis\u00e4\u00e4n- ja ulosp\u00e4in HARDOX 500. Pohja, kyljet, reuna ja runko HARDOX 450.\",\"breadcrumb\":{\"@id\":\"https:\\\/\\\/emasweden.com\\\/fi\\\/tuote\\\/hdr-louhoskauha-4200l-delta-huulilevy-6kpl-j600-hampaita-2240mm-smp155\\\/#breadcrumb\"},\"inLanguage\":\"fi\",\"potentialAction\":[{\"@type\":\"ReadAction\",\"target\":[\"https:\\\/\\\/emasweden.com\\\/fi\\\/tuote\\\/hdr-louhoskauha-4200l-delta-huulilevy-6kpl-j600-hampaita-2240mm-smp155\\\/\"]}]},{\"@type\":\"ImageObject\",\"inLanguage\":\"fi\",\"@id\":\"https:\\\/\\\/emasweden.com\\\/fi\\\/tuote\\\/hdr-louhoskauha-4200l-delta-huulilevy-6kpl-j600-hampaita-2240mm-smp155\\\/#primaryimage\",\"url\":\"https:\\\/\\\/emasweden.com\\\/wp-content\\\/uploads\\\/2021\\\/01\\\/7291169_1.jpg\",\"contentUrl\":\"https:\\\/\\\/emasweden.com\\\/wp-content\\\/uploads\\\/2021\\\/01\\\/7291169_1.jpg\",\"width\":1000,\"height\":750,\"caption\":\"HDR Bergskopa 4200L deltask\u00e4r - 6st J600 t\u00e4nder - 2240mm - S120\"},{\"@type\":\"BreadcrumbList\",\"@id\":\"https:\\\/\\\/emasweden.com\\\/fi\\\/tuote\\\/hdr-louhoskauha-4200l-delta-huulilevy-6kpl-j600-hampaita-2240mm-smp155\\\/#breadcrumb\",\"itemListElement\":[{\"@type\":\"ListItem\",\"position\":1,\"name\":\"Hem\",\"item\":\"https:\\\/\\\/emasweden.com\\\/fi\\\/\"},{\"@type\":\"ListItem\",\"position\":2,\"name\":\"Tuoteryhm\u00e4t\",\"item\":\"https:\\\/\\\/emasweden.com\\\/fi\\\/tuoteryhmat\\\/\"},{\"@type\":\"ListItem\",\"position\":3,\"name\":\"HDR Louhoskauha 4200L delta huulilevy &#8211; 6kpl J600 hampaita &#8211; 2240mm &#8211; SMP155\"}]},{\"@type\":\"WebSite\",\"@id\":\"https:\\\/\\\/emasweden.com\\\/fi\\\/#website\",\"url\":\"https:\\\/\\\/emasweden.com\\\/fi\\\/\",\"name\":\"EMA Sverige\",\"description\":\"\",\"potentialAction\":[{\"@type\":\"SearchAction\",\"target\":{\"@type\":\"EntryPoint\",\"urlTemplate\":\"https:\\\/\\\/emasweden.com\\\/fi\\\/?s={search_term_string}\"},\"query-input\":{\"@type\":\"PropertyValueSpecification\",\"valueRequired\":true,\"valueName\":\"search_term_string\"}}],\"inLanguage\":\"fi\"}]}<\/script>\n<!-- \/ Yoast SEO plugin. -->","yoast_head_json":{"title":"HDR Louhoskauha 4200L delta huulilevy - 6kpl J600 hampaita - 2240mm - SMP155 - EMA Sverige","description":"HDR Louhoskauha 4200L delta huulilevy - 6kpl J600 hampaita - 2240mm - SMP155. Kulutustangot sis\u00e4\u00e4n- ja ulosp\u00e4in HARDOX 500. Pohja, kyljet, reuna ja runko HARDOX 450.","robots":{"index":"index","follow":"follow","max-snippet":"max-snippet:-1","max-image-preview":"max-image-preview:large","max-video-preview":"max-video-preview:-1"},"canonical":"https:\/\/emasweden.com\/fi\/tuote\/hdr-louhoskauha-4200l-delta-huulilevy-6kpl-j600-hampaita-2240mm-smp155\/","og_locale":"fi_FI","og_type":"article","og_title":"HDR Louhoskauha 4200L delta huulilevy - 6kpl J600 hampaita - 2240mm - SMP155 - EMA Sverige","og_description":"HDR Louhoskauha 4200L delta huulilevy - 6kpl J600 hampaita - 2240mm - SMP155. Kulutustangot sis\u00e4\u00e4n- ja ulosp\u00e4in HARDOX 500. Pohja, kyljet, reuna ja runko HARDOX 450.","og_url":"https:\/\/emasweden.com\/fi\/tuote\/hdr-louhoskauha-4200l-delta-huulilevy-6kpl-j600-hampaita-2240mm-smp155\/","og_site_name":"EMA Sverige","article_modified_time":"2025-08-26T15:29:07+00:00","og_image":[{"width":1000,"height":750,"url":"https:\/\/emasweden.com\/wp-content\/uploads\/2021\/01\/7291169_1.jpg","type":"image\/jpeg"}],"twitter_card":"summary_large_image","schema":{"@context":"https:\/\/schema.org","@graph":[{"@type":"WebPage","@id":"https:\/\/emasweden.com\/fi\/tuote\/hdr-louhoskauha-4200l-delta-huulilevy-6kpl-j600-hampaita-2240mm-smp155\/","url":"https:\/\/emasweden.com\/fi\/tuote\/hdr-louhoskauha-4200l-delta-huulilevy-6kpl-j600-hampaita-2240mm-smp155\/","name":"HDR Louhoskauha 4200L delta huulilevy - 6kpl J600 hampaita - 2240mm - SMP155 - EMA Sverige","isPartOf":{"@id":"https:\/\/emasweden.com\/fi\/#website"},"primaryImageOfPage":{"@id":"https:\/\/emasweden.com\/fi\/tuote\/hdr-louhoskauha-4200l-delta-huulilevy-6kpl-j600-hampaita-2240mm-smp155\/#primaryimage"},"image":{"@id":"https:\/\/emasweden.com\/fi\/tuote\/hdr-louhoskauha-4200l-delta-huulilevy-6kpl-j600-hampaita-2240mm-smp155\/#primaryimage"},"thumbnailUrl":"https:\/\/emasweden.com\/wp-content\/uploads\/2021\/01\/7291169_1.jpg","datePublished":"2021-01-20T14:37:24+00:00","dateModified":"2025-08-26T15:29:07+00:00","description":"HDR Louhoskauha 4200L delta huulilevy - 6kpl J600 hampaita - 2240mm - SMP155. Kulutustangot sis\u00e4\u00e4n- ja ulosp\u00e4in HARDOX 500. Pohja, kyljet, reuna ja runko HARDOX 450.","breadcrumb":{"@id":"https:\/\/emasweden.com\/fi\/tuote\/hdr-louhoskauha-4200l-delta-huulilevy-6kpl-j600-hampaita-2240mm-smp155\/#breadcrumb"},"inLanguage":"fi","potentialAction":[{"@type":"ReadAction","target":["https:\/\/emasweden.com\/fi\/tuote\/hdr-louhoskauha-4200l-delta-huulilevy-6kpl-j600-hampaita-2240mm-smp155\/"]}]},{"@type":"ImageObject","inLanguage":"fi","@id":"https:\/\/emasweden.com\/fi\/tuote\/hdr-louhoskauha-4200l-delta-huulilevy-6kpl-j600-hampaita-2240mm-smp155\/#primaryimage","url":"https:\/\/emasweden.com\/wp-content\/uploads\/2021\/01\/7291169_1.jpg","contentUrl":"https:\/\/emasweden.com\/wp-content\/uploads\/2021\/01\/7291169_1.jpg","width":1000,"height":750,"caption":"HDR Bergskopa 4200L deltask\u00e4r - 6st J600 t\u00e4nder - 2240mm - S120"},{"@type":"BreadcrumbList","@id":"https:\/\/emasweden.com\/fi\/tuote\/hdr-louhoskauha-4200l-delta-huulilevy-6kpl-j600-hampaita-2240mm-smp155\/#breadcrumb","itemListElement":[{"@type":"ListItem","position":1,"name":"Hem","item":"https:\/\/emasweden.com\/fi\/"},{"@type":"ListItem","position":2,"name":"Tuoteryhm\u00e4t","item":"https:\/\/emasweden.com\/fi\/tuoteryhmat\/"},{"@type":"ListItem","position":3,"name":"HDR Louhoskauha 4200L delta huulilevy &#8211; 6kpl J600 hampaita &#8211; 2240mm &#8211; SMP155"}]},{"@type":"WebSite","@id":"https:\/\/emasweden.com\/fi\/#website","url":"https:\/\/emasweden.com\/fi\/","name":"EMA Sverige","description":"","potentialAction":[{"@type":"SearchAction","target":{"@type":"EntryPoint","urlTemplate":"https:\/\/emasweden.com\/fi\/?s={search_term_string}"},"query-input":{"@type":"PropertyValueSpecification","valueRequired":true,"valueName":"search_term_string"}}],"inLanguage":"fi"}]}},"_links":{"self":[{"href":"https:\/\/emasweden.com\/fi\/wp-json\/wp\/v2\/product\/13331","targetHints":{"allow":["GET"]}}],"collection":[{"href":"https:\/\/emasweden.com\/fi\/wp-json\/wp\/v2\/product"}],"about":[{"href":"https:\/\/emasweden.com\/fi\/wp-json\/wp\/v2\/types\/product"}],"wp:featuredmedia":[{"embeddable":true,"href":"https:\/\/emasweden.com\/fi\/wp-json\/wp\/v2\/media\/21590"}],"wp:attachment":[{"href":"https:\/\/emasweden.com\/fi\/wp-json\/wp\/v2\/media?parent=13331"}],"wp:term":[{"taxonomy":"product_brand","embeddable":true,"href":"https:\/\/emasweden.com\/fi\/wp-json\/wp\/v2\/product_brand?post=13331"},{"taxonomy":"product_cat","embeddable":true,"href":"https:\/\/emasweden.com\/fi\/wp-json\/wp\/v2\/product_cat?post=13331"},{"taxonomy":"product_tag","embeddable":true,"href":"https:\/\/emasweden.com\/fi\/wp-json\/wp\/v2\/product_tag?post=13331"},{"taxonomy":"faste-y","embeddable":true,"href":"https:\/\/emasweden.com\/fi\/wp-json\/wp\/v2\/faste-y?post=13331"}],"curies":[{"name":"wp","href":"https:\/\/api.w.org\/{rel}","templated":true}]}}