{"id":13528,"date":"2021-03-16T11:07:40","date_gmt":"2021-03-16T10:07:40","guid":{"rendered":"https:\/\/emasweden.com\/produkt\/std-valppakauha-250l-sivuveitsilla-1200mm-ilman-kiinniketta\/"},"modified":"2025-08-26T18:43:25","modified_gmt":"2025-08-26T16:43:25","slug":"std-valppaakauha-250l-sivuveitsilla-1200mm-ilman-kiinniketta","status":"publish","type":"product","link":"https:\/\/emasweden.com\/fi\/tuote\/std-valppaakauha-250l-sivuveitsilla-1200mm-ilman-kiinniketta\/","title":{"rendered":"Std V\u00e4lpp\u00e4kauha 250L sivuveitsill\u00e4 &#8211; 1200mm &#8211; Ilman kiinnikett\u00e4"},"content":{"rendered":"<p><sup>Std V\u00e4lpp\u00e4kauha 250L sivuveitsill\u00e4 &#8211; 1200mm &#8211; Ilman kiinnikett\u00e4<\/sup><br \/>\n\u2013 V\u00e4lpp\u00e4kauhoissamme on suosittujen tilttikauhojen muoto, ts. pitk\u00e4ll\u00e4 pohjalla. Olemme valinneet py\u00f6re\u00e4n raudan parhaan seulontakyvyn ja k\u00e4ytt\u00f6i\u00e4n vuoksi.<br \/>\nReilusti vahvistettu huulilevvy antaa vakautta koko kauhan rakenteelle.<\/p>\n<p>\u2022 Vankka ja ainutlaatuinen, pidennetyll\u00e4 pohjalla tarjoaa tehokkaan seulonta-alan.<br \/>\n<br \/>\u2022 Huulilevy 500 brinell <a href=\"https:\/\/www.borox.se\/produkter\/skopst%C3%A5l\" target=\"_blank\" rel=\"noopener\">BOROX<\/a>.<br \/>\n<br \/>\u2022 Kulutuspinnat vahvistettu <a href=\"https:\/\/www.ssab.com\/products\/brands\/hardox\/products\/hardox-450\" target=\"_blank\" rel=\"noopener\">HARDOX 450<\/a>.<br \/>\n<br \/>\u2022 Rakenteeseen asennetut akselit parantavat kest\u00e4vyytt\u00e4 ja vakautta.<\/p>\n","protected":false},"excerpt":{"rendered":"<p>Std V\u00e4lpp\u00e4kauha 250L sivuveitsill\u00e4 &#8211; 1200mm &#8211; Ilman kiinnikett\u00e4 \u2013 V\u00e4lpp\u00e4kauhoissamme on suosittujen tilttikauhojen muoto, ts. pitk\u00e4ll\u00e4 pohjalla. Olemme valinneet py\u00f6re\u00e4n raudan parhaan seulontakyvyn ja k\u00e4ytt\u00f6i\u00e4n vuoksi. Reilusti vahvistettu huulilevvy antaa vakautta koko kauhan rakenteelle. \u2022 Vankka ja ainutlaatuinen, pidennetyll\u00e4 pohjalla tarjoaa tehokkaan seulonta-alan. \u2022 Huulilevy 500 brinell BOROX. \u2022 Kulutuspinnat vahvistettu HARDOX 450. \u2022 [&hellip;]<\/p>\n","protected":false},"featured_media":22284,"template":"","meta":{"_monsterinsights_skip_tracking":false,"_monsterinsights_sitenote_active":false,"_monsterinsights_sitenote_note":"","_monsterinsights_sitenote_category":0},"product_brand":[],"product_cat":[2176],"product_tag":[],"faste-y":[],"class_list":{"0":"post-13528","1":"product","2":"type-product","3":"status-publish","4":"has-post-thumbnail","6":"product_cat-valppakauha","7":"pa_max-bredd-1200mm-fi","8":"pa_skar-16x150mm-fi","9":"pa_tand-ei","10":"pa_vikt-125kg-fi","12":"first","13":"instock","14":"taxable","15":"shipping-taxable","16":"purchasable","17":"product-type-simple"},"yoast_head":"<!-- This site is optimized with the Yoast SEO plugin v27.3 - https:\/\/yoast.com\/product\/yoast-seo-wordpress\/ -->\n<title>Std V\u00e4lpp\u00e4kauha 250L sivuveitsill\u00e4 - 1200mm - Ilman kiinnikett\u00e4 - EMA Sverige<\/title>\n<meta name=\"description\" content=\"Std V\u00e4lpp\u00e4kauha 250L sivuveitsill\u00e4 - 1200mm - Ilman kiinnikett\u00e4 Vankka ja ainutlaatuinen muotoilu pidennetyll\u00e4 pohjalla tarjoaa tehokkaan seulonta-alan. Rakenteeseen asennetut akselit parantavat kest\u00e4vyytt\u00e4 ja vakautta.\" \/>\n<meta name=\"robots\" content=\"index, follow, max-snippet:-1, max-image-preview:large, max-video-preview:-1\" \/>\n<link rel=\"canonical\" href=\"https:\/\/emasweden.com\/fi\/tuote\/std-valppaakauha-250l-sivuveitsilla-1200mm-ilman-kiinniketta\/\" \/>\n<meta property=\"og:locale\" content=\"fi_FI\" \/>\n<meta property=\"og:type\" content=\"article\" \/>\n<meta property=\"og:title\" content=\"Std V\u00e4lpp\u00e4kauha 250L sivuveitsill\u00e4 - 1200mm - Ilman kiinnikett\u00e4 - EMA Sverige\" \/>\n<meta property=\"og:description\" content=\"Std V\u00e4lpp\u00e4kauha 250L sivuveitsill\u00e4 - 1200mm - Ilman kiinnikett\u00e4 Vankka ja ainutlaatuinen muotoilu pidennetyll\u00e4 pohjalla tarjoaa tehokkaan seulonta-alan. Rakenteeseen asennetut akselit parantavat kest\u00e4vyytt\u00e4 ja vakautta.\" \/>\n<meta property=\"og:url\" content=\"https:\/\/emasweden.com\/fi\/tuote\/std-valppaakauha-250l-sivuveitsilla-1200mm-ilman-kiinniketta\/\" \/>\n<meta property=\"og:site_name\" content=\"EMA Sverige\" \/>\n<meta property=\"article:modified_time\" content=\"2025-08-26T16:43:25+00:00\" \/>\n<meta property=\"og:image\" content=\"https:\/\/emasweden.com\/wp-content\/uploads\/2021\/03\/7292110_1-2.jpg\" \/>\n\t<meta property=\"og:image:width\" content=\"1000\" \/>\n\t<meta property=\"og:image:height\" content=\"750\" \/>\n\t<meta property=\"og:image:type\" content=\"image\/jpeg\" \/>\n<meta name=\"twitter:card\" content=\"summary_large_image\" \/>\n<script type=\"application\/ld+json\" class=\"yoast-schema-graph\">{\"@context\":\"https:\\\/\\\/schema.org\",\"@graph\":[{\"@type\":\"WebPage\",\"@id\":\"https:\\\/\\\/emasweden.com\\\/fi\\\/tuote\\\/std-valppaakauha-250l-sivuveitsilla-1200mm-ilman-kiinniketta\\\/\",\"url\":\"https:\\\/\\\/emasweden.com\\\/fi\\\/tuote\\\/std-valppaakauha-250l-sivuveitsilla-1200mm-ilman-kiinniketta\\\/\",\"name\":\"Std V\u00e4lpp\u00e4kauha 250L sivuveitsill\u00e4 - 1200mm - Ilman kiinnikett\u00e4 - EMA Sverige\",\"isPartOf\":{\"@id\":\"https:\\\/\\\/emasweden.com\\\/fi\\\/#website\"},\"primaryImageOfPage\":{\"@id\":\"https:\\\/\\\/emasweden.com\\\/fi\\\/tuote\\\/std-valppaakauha-250l-sivuveitsilla-1200mm-ilman-kiinniketta\\\/#primaryimage\"},\"image\":{\"@id\":\"https:\\\/\\\/emasweden.com\\\/fi\\\/tuote\\\/std-valppaakauha-250l-sivuveitsilla-1200mm-ilman-kiinniketta\\\/#primaryimage\"},\"thumbnailUrl\":\"https:\\\/\\\/emasweden.com\\\/wp-content\\\/uploads\\\/2021\\\/03\\\/7292110_1-2.jpg\",\"datePublished\":\"2021-03-16T10:07:40+00:00\",\"dateModified\":\"2025-08-26T16:43:25+00:00\",\"description\":\"Std V\u00e4lpp\u00e4kauha 250L sivuveitsill\u00e4 - 1200mm - Ilman kiinnikett\u00e4 Vankka ja ainutlaatuinen muotoilu pidennetyll\u00e4 pohjalla tarjoaa tehokkaan seulonta-alan. Rakenteeseen asennetut akselit parantavat kest\u00e4vyytt\u00e4 ja vakautta.\",\"breadcrumb\":{\"@id\":\"https:\\\/\\\/emasweden.com\\\/fi\\\/tuote\\\/std-valppaakauha-250l-sivuveitsilla-1200mm-ilman-kiinniketta\\\/#breadcrumb\"},\"inLanguage\":\"fi\",\"potentialAction\":[{\"@type\":\"ReadAction\",\"target\":[\"https:\\\/\\\/emasweden.com\\\/fi\\\/tuote\\\/std-valppaakauha-250l-sivuveitsilla-1200mm-ilman-kiinniketta\\\/\"]}]},{\"@type\":\"ImageObject\",\"inLanguage\":\"fi\",\"@id\":\"https:\\\/\\\/emasweden.com\\\/fi\\\/tuote\\\/std-valppaakauha-250l-sivuveitsilla-1200mm-ilman-kiinniketta\\\/#primaryimage\",\"url\":\"https:\\\/\\\/emasweden.com\\\/wp-content\\\/uploads\\\/2021\\\/03\\\/7292110_1-2.jpg\",\"contentUrl\":\"https:\\\/\\\/emasweden.com\\\/wp-content\\\/uploads\\\/2021\\\/03\\\/7292110_1-2.jpg\",\"width\":1000,\"height\":750,\"caption\":\"Std Gallerskopa 250L med blad - 1200mm - Utan f\u00e4ste\"},{\"@type\":\"BreadcrumbList\",\"@id\":\"https:\\\/\\\/emasweden.com\\\/fi\\\/tuote\\\/std-valppaakauha-250l-sivuveitsilla-1200mm-ilman-kiinniketta\\\/#breadcrumb\",\"itemListElement\":[{\"@type\":\"ListItem\",\"position\":1,\"name\":\"Hem\",\"item\":\"https:\\\/\\\/emasweden.com\\\/fi\\\/\"},{\"@type\":\"ListItem\",\"position\":2,\"name\":\"Tuoteryhm\u00e4t\",\"item\":\"https:\\\/\\\/emasweden.com\\\/fi\\\/tuoteryhmat\\\/\"},{\"@type\":\"ListItem\",\"position\":3,\"name\":\"Std V\u00e4lpp\u00e4kauha 250L sivuveitsill\u00e4 &#8211; 1200mm &#8211; Ilman kiinnikett\u00e4\"}]},{\"@type\":\"WebSite\",\"@id\":\"https:\\\/\\\/emasweden.com\\\/fi\\\/#website\",\"url\":\"https:\\\/\\\/emasweden.com\\\/fi\\\/\",\"name\":\"EMA Sverige\",\"description\":\"\",\"potentialAction\":[{\"@type\":\"SearchAction\",\"target\":{\"@type\":\"EntryPoint\",\"urlTemplate\":\"https:\\\/\\\/emasweden.com\\\/fi\\\/?s={search_term_string}\"},\"query-input\":{\"@type\":\"PropertyValueSpecification\",\"valueRequired\":true,\"valueName\":\"search_term_string\"}}],\"inLanguage\":\"fi\"}]}<\/script>\n<!-- \/ Yoast SEO plugin. -->","yoast_head_json":{"title":"Std V\u00e4lpp\u00e4kauha 250L sivuveitsill\u00e4 - 1200mm - Ilman kiinnikett\u00e4 - EMA Sverige","description":"Std V\u00e4lpp\u00e4kauha 250L sivuveitsill\u00e4 - 1200mm - Ilman kiinnikett\u00e4 Vankka ja ainutlaatuinen muotoilu pidennetyll\u00e4 pohjalla tarjoaa tehokkaan seulonta-alan. Rakenteeseen asennetut akselit parantavat kest\u00e4vyytt\u00e4 ja vakautta.","robots":{"index":"index","follow":"follow","max-snippet":"max-snippet:-1","max-image-preview":"max-image-preview:large","max-video-preview":"max-video-preview:-1"},"canonical":"https:\/\/emasweden.com\/fi\/tuote\/std-valppaakauha-250l-sivuveitsilla-1200mm-ilman-kiinniketta\/","og_locale":"fi_FI","og_type":"article","og_title":"Std V\u00e4lpp\u00e4kauha 250L sivuveitsill\u00e4 - 1200mm - Ilman kiinnikett\u00e4 - EMA Sverige","og_description":"Std V\u00e4lpp\u00e4kauha 250L sivuveitsill\u00e4 - 1200mm - Ilman kiinnikett\u00e4 Vankka ja ainutlaatuinen muotoilu pidennetyll\u00e4 pohjalla tarjoaa tehokkaan seulonta-alan. Rakenteeseen asennetut akselit parantavat kest\u00e4vyytt\u00e4 ja vakautta.","og_url":"https:\/\/emasweden.com\/fi\/tuote\/std-valppaakauha-250l-sivuveitsilla-1200mm-ilman-kiinniketta\/","og_site_name":"EMA Sverige","article_modified_time":"2025-08-26T16:43:25+00:00","og_image":[{"width":1000,"height":750,"url":"https:\/\/emasweden.com\/wp-content\/uploads\/2021\/03\/7292110_1-2.jpg","type":"image\/jpeg"}],"twitter_card":"summary_large_image","schema":{"@context":"https:\/\/schema.org","@graph":[{"@type":"WebPage","@id":"https:\/\/emasweden.com\/fi\/tuote\/std-valppaakauha-250l-sivuveitsilla-1200mm-ilman-kiinniketta\/","url":"https:\/\/emasweden.com\/fi\/tuote\/std-valppaakauha-250l-sivuveitsilla-1200mm-ilman-kiinniketta\/","name":"Std V\u00e4lpp\u00e4kauha 250L sivuveitsill\u00e4 - 1200mm - Ilman kiinnikett\u00e4 - EMA Sverige","isPartOf":{"@id":"https:\/\/emasweden.com\/fi\/#website"},"primaryImageOfPage":{"@id":"https:\/\/emasweden.com\/fi\/tuote\/std-valppaakauha-250l-sivuveitsilla-1200mm-ilman-kiinniketta\/#primaryimage"},"image":{"@id":"https:\/\/emasweden.com\/fi\/tuote\/std-valppaakauha-250l-sivuveitsilla-1200mm-ilman-kiinniketta\/#primaryimage"},"thumbnailUrl":"https:\/\/emasweden.com\/wp-content\/uploads\/2021\/03\/7292110_1-2.jpg","datePublished":"2021-03-16T10:07:40+00:00","dateModified":"2025-08-26T16:43:25+00:00","description":"Std V\u00e4lpp\u00e4kauha 250L sivuveitsill\u00e4 - 1200mm - Ilman kiinnikett\u00e4 Vankka ja ainutlaatuinen muotoilu pidennetyll\u00e4 pohjalla tarjoaa tehokkaan seulonta-alan. Rakenteeseen asennetut akselit parantavat kest\u00e4vyytt\u00e4 ja vakautta.","breadcrumb":{"@id":"https:\/\/emasweden.com\/fi\/tuote\/std-valppaakauha-250l-sivuveitsilla-1200mm-ilman-kiinniketta\/#breadcrumb"},"inLanguage":"fi","potentialAction":[{"@type":"ReadAction","target":["https:\/\/emasweden.com\/fi\/tuote\/std-valppaakauha-250l-sivuveitsilla-1200mm-ilman-kiinniketta\/"]}]},{"@type":"ImageObject","inLanguage":"fi","@id":"https:\/\/emasweden.com\/fi\/tuote\/std-valppaakauha-250l-sivuveitsilla-1200mm-ilman-kiinniketta\/#primaryimage","url":"https:\/\/emasweden.com\/wp-content\/uploads\/2021\/03\/7292110_1-2.jpg","contentUrl":"https:\/\/emasweden.com\/wp-content\/uploads\/2021\/03\/7292110_1-2.jpg","width":1000,"height":750,"caption":"Std Gallerskopa 250L med blad - 1200mm - Utan f\u00e4ste"},{"@type":"BreadcrumbList","@id":"https:\/\/emasweden.com\/fi\/tuote\/std-valppaakauha-250l-sivuveitsilla-1200mm-ilman-kiinniketta\/#breadcrumb","itemListElement":[{"@type":"ListItem","position":1,"name":"Hem","item":"https:\/\/emasweden.com\/fi\/"},{"@type":"ListItem","position":2,"name":"Tuoteryhm\u00e4t","item":"https:\/\/emasweden.com\/fi\/tuoteryhmat\/"},{"@type":"ListItem","position":3,"name":"Std V\u00e4lpp\u00e4kauha 250L sivuveitsill\u00e4 &#8211; 1200mm &#8211; Ilman kiinnikett\u00e4"}]},{"@type":"WebSite","@id":"https:\/\/emasweden.com\/fi\/#website","url":"https:\/\/emasweden.com\/fi\/","name":"EMA Sverige","description":"","potentialAction":[{"@type":"SearchAction","target":{"@type":"EntryPoint","urlTemplate":"https:\/\/emasweden.com\/fi\/?s={search_term_string}"},"query-input":{"@type":"PropertyValueSpecification","valueRequired":true,"valueName":"search_term_string"}}],"inLanguage":"fi"}]}},"_links":{"self":[{"href":"https:\/\/emasweden.com\/fi\/wp-json\/wp\/v2\/product\/13528","targetHints":{"allow":["GET"]}}],"collection":[{"href":"https:\/\/emasweden.com\/fi\/wp-json\/wp\/v2\/product"}],"about":[{"href":"https:\/\/emasweden.com\/fi\/wp-json\/wp\/v2\/types\/product"}],"wp:featuredmedia":[{"embeddable":true,"href":"https:\/\/emasweden.com\/fi\/wp-json\/wp\/v2\/media\/22284"}],"wp:attachment":[{"href":"https:\/\/emasweden.com\/fi\/wp-json\/wp\/v2\/media?parent=13528"}],"wp:term":[{"taxonomy":"product_brand","embeddable":true,"href":"https:\/\/emasweden.com\/fi\/wp-json\/wp\/v2\/product_brand?post=13528"},{"taxonomy":"product_cat","embeddable":true,"href":"https:\/\/emasweden.com\/fi\/wp-json\/wp\/v2\/product_cat?post=13528"},{"taxonomy":"product_tag","embeddable":true,"href":"https:\/\/emasweden.com\/fi\/wp-json\/wp\/v2\/product_tag?post=13528"},{"taxonomy":"faste-y","embeddable":true,"href":"https:\/\/emasweden.com\/fi\/wp-json\/wp\/v2\/faste-y?post=13528"}],"curies":[{"name":"wp","href":"https:\/\/api.w.org\/{rel}","templated":true}]}}