{"id":13960,"date":"2023-02-13T17:40:52","date_gmt":"2023-02-13T16:40:52","guid":{"rendered":"https:\/\/emasweden.com\/?post_type=product&#038;p=13960"},"modified":"2025-08-26T17:28:59","modified_gmt":"2025-08-26T15:28:59","slug":"hd-tasauslevy-kauhalla-2500mm-ilman-kiinniketta-kopia","status":"publish","type":"product","link":"https:\/\/emasweden.com\/fi\/produkt\/hd-tasauslevy-kauhalla-2500mm-ilman-kiinniketta-kopia\/","title":{"rendered":"HD Tasauslevy kauhalla &#8211; 2500mm &#8211; Ilman kiinnikett\u00e4 (kopia)"},"content":{"rendered":"<p><sup>HD Tasauslevy kauhalla &#8211; 2500mm &#8211; Ilman kiinnikett\u00e4<\/sup><br \/>\n\u2013 Monipuolinen laite korotetulla etu- ja takaosalla maa-aineiden s\u00e4\u00e4t\u00e4miseen ja suunnitteluun, niiden ker\u00e4\u00e4miseen ja tasaamiseen. Tasauspalkkien etureunassa on suurempi kauha paremmalla ker\u00e4yspinnalla. T\u00e4m\u00e4 tarkoittaa sit\u00e4, ett\u00e4 palkin kanssa ty\u00f6skennelless\u00e4si on aina mukana runsaasti maa-ainesta, jolla t\u00e4ytt\u00e4\u00e4 maan ep\u00e4tasaisuudet.<\/p>\n<p>\u2022 Hardox 450 kuluvilla pinnoilla<\/p>\n<p>\u2022 Pultatut kiinnikkeet mahdollista kiinnikkeen s\u00e4\u00e4t\u00f6\u00e4 tai vaihtoa ajatellen.<\/p>\n<p>\u2022 Syv\u00e4 rakenne est\u00e4\u00e4 laitetta uppoamasta maa-aineeseen ja se kulkee tasaisesti.<\/p>\n<p>\u2022 Iso kauhaosa ja korotettu takareuna mahdollistavat lis\u00e4kuorman.<\/p>\n","protected":false},"excerpt":{"rendered":"<p>HD Tasauslevy kauhalla &#8211; 2500mm &#8211; Ilman kiinnikett\u00e4 \u2013 Monipuolinen laite korotetulla etu- ja takaosalla maa-aineiden s\u00e4\u00e4t\u00e4miseen ja suunnitteluun, niiden ker\u00e4\u00e4miseen ja tasaamiseen. Tasauspalkkien etureunassa on suurempi kauha paremmalla ker\u00e4yspinnalla. T\u00e4m\u00e4 tarkoittaa sit\u00e4, ett\u00e4 palkin kanssa ty\u00f6skennelless\u00e4si on aina mukana runsaasti maa-ainesta, jolla t\u00e4ytt\u00e4\u00e4 maan ep\u00e4tasaisuudet. \u2022 Hardox 450 kuluvilla pinnoilla \u2022 Pultatut kiinnikkeet mahdollista [&hellip;]<\/p>\n","protected":false},"featured_media":12967,"template":"","meta":{"_monsterinsights_skip_tracking":false,"_monsterinsights_sitenote_active":false,"_monsterinsights_sitenote_note":"","_monsterinsights_sitenote_category":0},"product_brand":[],"product_cat":[2168,2893,2171],"product_tag":[],"faste-y":[],"class_list":{"0":"post-13960","1":"product","2":"type-product","3":"status-publish","4":"has-post-thumbnail","6":"product_cat-kaivinkone","7":"product_cat-tasauslevy-kauhalla","8":"product_cat-tasauspalkki","9":"pa_max-bredd-2500mm-fi","10":"pa_skar-20x200mm-fi","11":"pa_vikt-700kg-fi","13":"first","14":"instock","15":"taxable","16":"shipping-taxable","17":"purchasable","18":"product-type-simple"},"yoast_head":"<!-- This site is optimized with the Yoast SEO plugin v27.4 - https:\/\/yoast.com\/product\/yoast-seo-wordpress\/ -->\n<title>HD Tasauslevy kauhalla - 2500mm - Ilman kiinnikett\u00e4 (kopia) - EMA Sverige<\/title>\n<meta name=\"description\" content=\"HD Tasauslevy kauhalla - 2500mm - Ilman kiinnikett\u00e4 Hardox 450 kuluvilla pinnoilla. Iso kauhaosa ja korotettu takareuna.\" \/>\n<meta name=\"robots\" content=\"index, follow, max-snippet:-1, max-image-preview:large, max-video-preview:-1\" \/>\n<link rel=\"canonical\" href=\"https:\/\/emasweden.com\/fi\/produkt\/hd-tasauslevy-kauhalla-2500mm-ilman-kiinniketta-kopia\/\" \/>\n<meta property=\"og:locale\" content=\"fi_FI\" \/>\n<meta property=\"og:type\" content=\"article\" \/>\n<meta property=\"og:title\" content=\"HD Tasauslevy kauhalla - 2500mm - Ilman kiinnikett\u00e4 (kopia) - EMA Sverige\" \/>\n<meta property=\"og:description\" content=\"HD Tasauslevy kauhalla - 2500mm - Ilman kiinnikett\u00e4 Hardox 450 kuluvilla pinnoilla. Iso kauhaosa ja korotettu takareuna.\" \/>\n<meta property=\"og:url\" content=\"https:\/\/emasweden.com\/fi\/produkt\/hd-tasauslevy-kauhalla-2500mm-ilman-kiinniketta-kopia\/\" \/>\n<meta property=\"og:site_name\" content=\"EMA Sverige\" \/>\n<meta property=\"article:modified_time\" content=\"2025-08-26T15:28:59+00:00\" \/>\n<meta property=\"og:image\" content=\"https:\/\/emasweden.com\/wp-content\/uploads\/2021\/03\/Gi-230GB-S-1.jpg\" \/>\n\t<meta property=\"og:image:width\" content=\"1000\" \/>\n\t<meta property=\"og:image:height\" content=\"750\" \/>\n\t<meta property=\"og:image:type\" content=\"image\/jpeg\" \/>\n<meta name=\"twitter:card\" content=\"summary_large_image\" \/>\n<meta name=\"twitter:label1\" content=\"Arvioitu lukuaika\" \/>\n\t<meta name=\"twitter:data1\" content=\"1 minuutti\" \/>\n<script type=\"application\/ld+json\" class=\"yoast-schema-graph\">{\"@context\":\"https:\\\/\\\/schema.org\",\"@graph\":[{\"@type\":\"WebPage\",\"@id\":\"https:\\\/\\\/emasweden.com\\\/fi\\\/produkt\\\/hd-tasauslevy-kauhalla-2500mm-ilman-kiinniketta-kopia\\\/\",\"url\":\"https:\\\/\\\/emasweden.com\\\/fi\\\/produkt\\\/hd-tasauslevy-kauhalla-2500mm-ilman-kiinniketta-kopia\\\/\",\"name\":\"HD Tasauslevy kauhalla - 2500mm - Ilman kiinnikett\u00e4 (kopia) - EMA Sverige\",\"isPartOf\":{\"@id\":\"https:\\\/\\\/emasweden.com\\\/fi\\\/#website\"},\"primaryImageOfPage\":{\"@id\":\"https:\\\/\\\/emasweden.com\\\/fi\\\/produkt\\\/hd-tasauslevy-kauhalla-2500mm-ilman-kiinniketta-kopia\\\/#primaryimage\"},\"image\":{\"@id\":\"https:\\\/\\\/emasweden.com\\\/fi\\\/produkt\\\/hd-tasauslevy-kauhalla-2500mm-ilman-kiinniketta-kopia\\\/#primaryimage\"},\"thumbnailUrl\":\"https:\\\/\\\/emasweden.com\\\/wp-content\\\/uploads\\\/2021\\\/03\\\/Gi-230GB-S-1.jpg\",\"datePublished\":\"2023-02-13T16:40:52+00:00\",\"dateModified\":\"2025-08-26T15:28:59+00:00\",\"description\":\"HD Tasauslevy kauhalla - 2500mm - Ilman kiinnikett\u00e4 Hardox 450 kuluvilla pinnoilla. Iso kauhaosa ja korotettu takareuna.\",\"breadcrumb\":{\"@id\":\"https:\\\/\\\/emasweden.com\\\/fi\\\/produkt\\\/hd-tasauslevy-kauhalla-2500mm-ilman-kiinniketta-kopia\\\/#breadcrumb\"},\"inLanguage\":\"fi\",\"potentialAction\":[{\"@type\":\"ReadAction\",\"target\":[\"https:\\\/\\\/emasweden.com\\\/fi\\\/produkt\\\/hd-tasauslevy-kauhalla-2500mm-ilman-kiinniketta-kopia\\\/\"]}]},{\"@type\":\"ImageObject\",\"inLanguage\":\"fi\",\"@id\":\"https:\\\/\\\/emasweden.com\\\/fi\\\/produkt\\\/hd-tasauslevy-kauhalla-2500mm-ilman-kiinniketta-kopia\\\/#primaryimage\",\"url\":\"https:\\\/\\\/emasweden.com\\\/wp-content\\\/uploads\\\/2021\\\/03\\\/Gi-230GB-S-1.jpg\",\"contentUrl\":\"https:\\\/\\\/emasweden.com\\\/wp-content\\\/uploads\\\/2021\\\/03\\\/Gi-230GB-S-1.jpg\",\"width\":1000,\"height\":750,\"caption\":\"HD Tasauslevy kauhalla - 2300mm - Ilman kiinnikett\u00e4\"},{\"@type\":\"BreadcrumbList\",\"@id\":\"https:\\\/\\\/emasweden.com\\\/fi\\\/produkt\\\/hd-tasauslevy-kauhalla-2500mm-ilman-kiinniketta-kopia\\\/#breadcrumb\",\"itemListElement\":[{\"@type\":\"ListItem\",\"position\":1,\"name\":\"Hem\",\"item\":\"https:\\\/\\\/emasweden.com\\\/fi\\\/\"},{\"@type\":\"ListItem\",\"position\":2,\"name\":\"Tuoteryhm\u00e4t\",\"item\":\"https:\\\/\\\/emasweden.com\\\/fi\\\/tuoteryhmat\\\/\"},{\"@type\":\"ListItem\",\"position\":3,\"name\":\"HD Tasauslevy kauhalla &#8211; 2500mm &#8211; Ilman kiinnikett\u00e4 (kopia)\"}]},{\"@type\":\"WebSite\",\"@id\":\"https:\\\/\\\/emasweden.com\\\/fi\\\/#website\",\"url\":\"https:\\\/\\\/emasweden.com\\\/fi\\\/\",\"name\":\"EMA Sverige\",\"description\":\"\",\"potentialAction\":[{\"@type\":\"SearchAction\",\"target\":{\"@type\":\"EntryPoint\",\"urlTemplate\":\"https:\\\/\\\/emasweden.com\\\/fi\\\/?s={search_term_string}\"},\"query-input\":{\"@type\":\"PropertyValueSpecification\",\"valueRequired\":true,\"valueName\":\"search_term_string\"}}],\"inLanguage\":\"fi\"}]}<\/script>\n<!-- \/ Yoast SEO plugin. -->","yoast_head_json":{"title":"HD Tasauslevy kauhalla - 2500mm - Ilman kiinnikett\u00e4 (kopia) - EMA Sverige","description":"HD Tasauslevy kauhalla - 2500mm - Ilman kiinnikett\u00e4 Hardox 450 kuluvilla pinnoilla. Iso kauhaosa ja korotettu takareuna.","robots":{"index":"index","follow":"follow","max-snippet":"max-snippet:-1","max-image-preview":"max-image-preview:large","max-video-preview":"max-video-preview:-1"},"canonical":"https:\/\/emasweden.com\/fi\/produkt\/hd-tasauslevy-kauhalla-2500mm-ilman-kiinniketta-kopia\/","og_locale":"fi_FI","og_type":"article","og_title":"HD Tasauslevy kauhalla - 2500mm - Ilman kiinnikett\u00e4 (kopia) - EMA Sverige","og_description":"HD Tasauslevy kauhalla - 2500mm - Ilman kiinnikett\u00e4 Hardox 450 kuluvilla pinnoilla. Iso kauhaosa ja korotettu takareuna.","og_url":"https:\/\/emasweden.com\/fi\/produkt\/hd-tasauslevy-kauhalla-2500mm-ilman-kiinniketta-kopia\/","og_site_name":"EMA Sverige","article_modified_time":"2025-08-26T15:28:59+00:00","og_image":[{"width":1000,"height":750,"url":"https:\/\/emasweden.com\/wp-content\/uploads\/2021\/03\/Gi-230GB-S-1.jpg","type":"image\/jpeg"}],"twitter_card":"summary_large_image","twitter_misc":{"Arvioitu lukuaika":"1 minuutti"},"schema":{"@context":"https:\/\/schema.org","@graph":[{"@type":"WebPage","@id":"https:\/\/emasweden.com\/fi\/produkt\/hd-tasauslevy-kauhalla-2500mm-ilman-kiinniketta-kopia\/","url":"https:\/\/emasweden.com\/fi\/produkt\/hd-tasauslevy-kauhalla-2500mm-ilman-kiinniketta-kopia\/","name":"HD Tasauslevy kauhalla - 2500mm - Ilman kiinnikett\u00e4 (kopia) - EMA Sverige","isPartOf":{"@id":"https:\/\/emasweden.com\/fi\/#website"},"primaryImageOfPage":{"@id":"https:\/\/emasweden.com\/fi\/produkt\/hd-tasauslevy-kauhalla-2500mm-ilman-kiinniketta-kopia\/#primaryimage"},"image":{"@id":"https:\/\/emasweden.com\/fi\/produkt\/hd-tasauslevy-kauhalla-2500mm-ilman-kiinniketta-kopia\/#primaryimage"},"thumbnailUrl":"https:\/\/emasweden.com\/wp-content\/uploads\/2021\/03\/Gi-230GB-S-1.jpg","datePublished":"2023-02-13T16:40:52+00:00","dateModified":"2025-08-26T15:28:59+00:00","description":"HD Tasauslevy kauhalla - 2500mm - Ilman kiinnikett\u00e4 Hardox 450 kuluvilla pinnoilla. Iso kauhaosa ja korotettu takareuna.","breadcrumb":{"@id":"https:\/\/emasweden.com\/fi\/produkt\/hd-tasauslevy-kauhalla-2500mm-ilman-kiinniketta-kopia\/#breadcrumb"},"inLanguage":"fi","potentialAction":[{"@type":"ReadAction","target":["https:\/\/emasweden.com\/fi\/produkt\/hd-tasauslevy-kauhalla-2500mm-ilman-kiinniketta-kopia\/"]}]},{"@type":"ImageObject","inLanguage":"fi","@id":"https:\/\/emasweden.com\/fi\/produkt\/hd-tasauslevy-kauhalla-2500mm-ilman-kiinniketta-kopia\/#primaryimage","url":"https:\/\/emasweden.com\/wp-content\/uploads\/2021\/03\/Gi-230GB-S-1.jpg","contentUrl":"https:\/\/emasweden.com\/wp-content\/uploads\/2021\/03\/Gi-230GB-S-1.jpg","width":1000,"height":750,"caption":"HD Tasauslevy kauhalla - 2300mm - Ilman kiinnikett\u00e4"},{"@type":"BreadcrumbList","@id":"https:\/\/emasweden.com\/fi\/produkt\/hd-tasauslevy-kauhalla-2500mm-ilman-kiinniketta-kopia\/#breadcrumb","itemListElement":[{"@type":"ListItem","position":1,"name":"Hem","item":"https:\/\/emasweden.com\/fi\/"},{"@type":"ListItem","position":2,"name":"Tuoteryhm\u00e4t","item":"https:\/\/emasweden.com\/fi\/tuoteryhmat\/"},{"@type":"ListItem","position":3,"name":"HD Tasauslevy kauhalla &#8211; 2500mm &#8211; Ilman kiinnikett\u00e4 (kopia)"}]},{"@type":"WebSite","@id":"https:\/\/emasweden.com\/fi\/#website","url":"https:\/\/emasweden.com\/fi\/","name":"EMA Sverige","description":"","potentialAction":[{"@type":"SearchAction","target":{"@type":"EntryPoint","urlTemplate":"https:\/\/emasweden.com\/fi\/?s={search_term_string}"},"query-input":{"@type":"PropertyValueSpecification","valueRequired":true,"valueName":"search_term_string"}}],"inLanguage":"fi"}]}},"_links":{"self":[{"href":"https:\/\/emasweden.com\/fi\/wp-json\/wp\/v2\/product\/13960","targetHints":{"allow":["GET"]}}],"collection":[{"href":"https:\/\/emasweden.com\/fi\/wp-json\/wp\/v2\/product"}],"about":[{"href":"https:\/\/emasweden.com\/fi\/wp-json\/wp\/v2\/types\/product"}],"wp:featuredmedia":[{"embeddable":true,"href":"https:\/\/emasweden.com\/fi\/wp-json\/wp\/v2\/media\/12967"}],"wp:attachment":[{"href":"https:\/\/emasweden.com\/fi\/wp-json\/wp\/v2\/media?parent=13960"}],"wp:term":[{"taxonomy":"product_brand","embeddable":true,"href":"https:\/\/emasweden.com\/fi\/wp-json\/wp\/v2\/product_brand?post=13960"},{"taxonomy":"product_cat","embeddable":true,"href":"https:\/\/emasweden.com\/fi\/wp-json\/wp\/v2\/product_cat?post=13960"},{"taxonomy":"product_tag","embeddable":true,"href":"https:\/\/emasweden.com\/fi\/wp-json\/wp\/v2\/product_tag?post=13960"},{"taxonomy":"faste-y","embeddable":true,"href":"https:\/\/emasweden.com\/fi\/wp-json\/wp\/v2\/faste-y?post=13960"}],"curies":[{"name":"wp","href":"https:\/\/api.w.org\/{rel}","templated":true}]}}