{"id":16987,"date":"2025-08-26T18:46:30","date_gmt":"2025-08-26T16:46:30","guid":{"rendered":"https:\/\/emasweden.com\/produkt\/asfalttileikkuri-s40-keskitetty-400mm-2\/"},"modified":"2025-08-27T11:31:53","modified_gmt":"2025-08-27T09:31:53","slug":"asfalttileikkuri-s40-keskitetty-400mm-2","status":"publish","type":"product","link":"https:\/\/emasweden.com\/fi\/produkt\/asfalttileikkuri-s40-keskitetty-400mm-2\/","title":{"rendered":"Asfalttileikkuri S40 Keskitetty &#8211; 400mm"},"content":{"rendered":"<p><sup>Asfaltsk\u00e4rare S40 Centrummonterad &#8211; 400mm<\/sup><br \/>\nAsfaltsk\u00e4rare centrummonterad<\/p>\n<p>\u2013 Med en centrummonterad trissa f\u00e5r du mer kraft mot marken och kan l\u00e4ttare sk\u00e4ra dig genom asfalten<\/p>\n<p>&#8211; Robust design<\/p>\n<p>&#8211; Trissa i <strong><a href=\"https:\/\/www.ssab.com\/sv-se\/varumarken-och-produkter\/hardox\/produktprogram\/450\">HARDOX 450<\/a><\/strong><\/p>\n<p>&#8211; Skyddad sm\u00f6rjnippel<\/p>\n<p>&#8211; Svetsat centrumnav<\/p>\n<p>&#8211; Designad f\u00f6r maximalt sk\u00e4rdjup<\/p>\n<p>&nbsp;<\/p>\n<p>Bl\u00e4ddra mellan fler asfaltsk\u00e4rare <strong><a href=\"https:\/\/emasweden.com\/fi\/produkt-kategori\/kaivinkone\/asfalttileikkuri\/\">h\u00e4r!<\/a><\/strong><\/p>\n","protected":false},"excerpt":{"rendered":"<p>Asfaltsk\u00e4rare S40 Centrummonterad &#8211; 400mm Asfaltsk\u00e4rare centrummonterad \u2013 Med en centrummonterad trissa f\u00e5r du mer kraft mot marken och kan l\u00e4ttare sk\u00e4ra dig genom asfalten &#8211; Robust design &#8211; Trissa i HARDOX 450 &#8211; Skyddad sm\u00f6rjnippel &#8211; Svetsat centrumnav &#8211; Designad f\u00f6r maximalt sk\u00e4rdjup &nbsp; Bl\u00e4ddra mellan fler asfaltsk\u00e4rare h\u00e4r!<\/p>\n","protected":false},"featured_media":25970,"template":"","meta":{"_monsterinsights_skip_tracking":false,"_monsterinsights_sitenote_active":false,"_monsterinsights_sitenote_note":"","_monsterinsights_sitenote_category":0},"product_brand":[],"product_cat":[2170],"product_tag":[],"faste-y":[],"class_list":{"0":"post-16987","1":"product","2":"type-product","3":"status-publish","4":"has-post-thumbnail","6":"product_cat-asfalttileikkuri","8":"first","9":"instock","10":"purchasable","11":"product-type-simple"},"yoast_head":"<!-- This site is optimized with the Yoast SEO plugin v27.4 - https:\/\/yoast.com\/product\/yoast-seo-wordpress\/ -->\n<title>Asfalttileikkuri S40 Keskitetty - 400mm - EMA Sverige<\/title>\n<meta name=\"robots\" content=\"index, follow, max-snippet:-1, max-image-preview:large, max-video-preview:-1\" \/>\n<link rel=\"canonical\" href=\"https:\/\/emasweden.com\/fi\/produkt\/asfalttileikkuri-s40-keskitetty-400mm-2\/\" \/>\n<meta property=\"og:locale\" content=\"fi_FI\" \/>\n<meta property=\"og:type\" content=\"article\" \/>\n<meta property=\"og:title\" content=\"Asfalttileikkuri S40 Keskitetty - 400mm - EMA Sverige\" \/>\n<meta property=\"og:description\" content=\"Asfaltsk\u00e4rare S40 Centrummonterad &#8211; 400mm Asfaltsk\u00e4rare centrummonterad \u2013 Med en centrummonterad trissa f\u00e5r du mer kraft mot marken och kan l\u00e4ttare sk\u00e4ra dig genom asfalten &#8211; Robust design &#8211; Trissa i HARDOX 450 &#8211; Skyddad sm\u00f6rjnippel &#8211; Svetsat centrumnav &#8211; Designad f\u00f6r maximalt sk\u00e4rdjup &nbsp; Bl\u00e4ddra mellan fler asfaltsk\u00e4rare h\u00e4r!\" \/>\n<meta property=\"og:url\" content=\"https:\/\/emasweden.com\/fi\/produkt\/asfalttileikkuri-s40-keskitetty-400mm-2\/\" \/>\n<meta property=\"og:site_name\" content=\"EMA Sverige\" \/>\n<meta property=\"article:modified_time\" content=\"2025-08-27T09:31:53+00:00\" \/>\n<meta property=\"og:image\" content=\"https:\/\/emasweden.com\/wp-content\/uploads\/2025\/08\/asfaltskarare_centrum_svets1.jpg\" \/>\n\t<meta property=\"og:image:width\" content=\"1000\" \/>\n\t<meta property=\"og:image:height\" content=\"750\" \/>\n\t<meta property=\"og:image:type\" content=\"image\/jpeg\" \/>\n<meta name=\"twitter:card\" content=\"summary_large_image\" \/>\n<script type=\"application\/ld+json\" class=\"yoast-schema-graph\">{\"@context\":\"https:\\\/\\\/schema.org\",\"@graph\":[{\"@type\":\"WebPage\",\"@id\":\"https:\\\/\\\/emasweden.com\\\/fi\\\/produkt\\\/asfalttileikkuri-s40-keskitetty-400mm-2\\\/\",\"url\":\"https:\\\/\\\/emasweden.com\\\/fi\\\/produkt\\\/asfalttileikkuri-s40-keskitetty-400mm-2\\\/\",\"name\":\"Asfalttileikkuri S40 Keskitetty - 400mm - EMA Sverige\",\"isPartOf\":{\"@id\":\"https:\\\/\\\/emasweden.com\\\/fi\\\/#website\"},\"primaryImageOfPage\":{\"@id\":\"https:\\\/\\\/emasweden.com\\\/fi\\\/produkt\\\/asfalttileikkuri-s40-keskitetty-400mm-2\\\/#primaryimage\"},\"image\":{\"@id\":\"https:\\\/\\\/emasweden.com\\\/fi\\\/produkt\\\/asfalttileikkuri-s40-keskitetty-400mm-2\\\/#primaryimage\"},\"thumbnailUrl\":\"https:\\\/\\\/emasweden.com\\\/wp-content\\\/uploads\\\/2025\\\/08\\\/asfaltskarare_centrum_svets1.jpg\",\"datePublished\":\"2025-08-26T16:46:30+00:00\",\"dateModified\":\"2025-08-27T09:31:53+00:00\",\"breadcrumb\":{\"@id\":\"https:\\\/\\\/emasweden.com\\\/fi\\\/produkt\\\/asfalttileikkuri-s40-keskitetty-400mm-2\\\/#breadcrumb\"},\"inLanguage\":\"fi\",\"potentialAction\":[{\"@type\":\"ReadAction\",\"target\":[\"https:\\\/\\\/emasweden.com\\\/fi\\\/produkt\\\/asfalttileikkuri-s40-keskitetty-400mm-2\\\/\"]}]},{\"@type\":\"ImageObject\",\"inLanguage\":\"fi\",\"@id\":\"https:\\\/\\\/emasweden.com\\\/fi\\\/produkt\\\/asfalttileikkuri-s40-keskitetty-400mm-2\\\/#primaryimage\",\"url\":\"https:\\\/\\\/emasweden.com\\\/wp-content\\\/uploads\\\/2025\\\/08\\\/asfaltskarare_centrum_svets1.jpg\",\"contentUrl\":\"https:\\\/\\\/emasweden.com\\\/wp-content\\\/uploads\\\/2025\\\/08\\\/asfaltskarare_centrum_svets1.jpg\",\"width\":1000,\"height\":750},{\"@type\":\"BreadcrumbList\",\"@id\":\"https:\\\/\\\/emasweden.com\\\/fi\\\/produkt\\\/asfalttileikkuri-s40-keskitetty-400mm-2\\\/#breadcrumb\",\"itemListElement\":[{\"@type\":\"ListItem\",\"position\":1,\"name\":\"Hem\",\"item\":\"https:\\\/\\\/emasweden.com\\\/fi\\\/\"},{\"@type\":\"ListItem\",\"position\":2,\"name\":\"Tuoteryhm\u00e4t\",\"item\":\"https:\\\/\\\/emasweden.com\\\/fi\\\/tuoteryhmat\\\/\"},{\"@type\":\"ListItem\",\"position\":3,\"name\":\"Asfalttileikkuri S40 Keskitetty &#8211; 400mm\"}]},{\"@type\":\"WebSite\",\"@id\":\"https:\\\/\\\/emasweden.com\\\/fi\\\/#website\",\"url\":\"https:\\\/\\\/emasweden.com\\\/fi\\\/\",\"name\":\"EMA Sverige\",\"description\":\"\",\"potentialAction\":[{\"@type\":\"SearchAction\",\"target\":{\"@type\":\"EntryPoint\",\"urlTemplate\":\"https:\\\/\\\/emasweden.com\\\/fi\\\/?s={search_term_string}\"},\"query-input\":{\"@type\":\"PropertyValueSpecification\",\"valueRequired\":true,\"valueName\":\"search_term_string\"}}],\"inLanguage\":\"fi\"}]}<\/script>\n<!-- \/ Yoast SEO plugin. -->","yoast_head_json":{"title":"Asfalttileikkuri S40 Keskitetty - 400mm - EMA Sverige","robots":{"index":"index","follow":"follow","max-snippet":"max-snippet:-1","max-image-preview":"max-image-preview:large","max-video-preview":"max-video-preview:-1"},"canonical":"https:\/\/emasweden.com\/fi\/produkt\/asfalttileikkuri-s40-keskitetty-400mm-2\/","og_locale":"fi_FI","og_type":"article","og_title":"Asfalttileikkuri S40 Keskitetty - 400mm - EMA Sverige","og_description":"Asfaltsk\u00e4rare S40 Centrummonterad &#8211; 400mm Asfaltsk\u00e4rare centrummonterad \u2013 Med en centrummonterad trissa f\u00e5r du mer kraft mot marken och kan l\u00e4ttare sk\u00e4ra dig genom asfalten &#8211; Robust design &#8211; Trissa i HARDOX 450 &#8211; Skyddad sm\u00f6rjnippel &#8211; Svetsat centrumnav &#8211; Designad f\u00f6r maximalt sk\u00e4rdjup &nbsp; Bl\u00e4ddra mellan fler asfaltsk\u00e4rare h\u00e4r!","og_url":"https:\/\/emasweden.com\/fi\/produkt\/asfalttileikkuri-s40-keskitetty-400mm-2\/","og_site_name":"EMA Sverige","article_modified_time":"2025-08-27T09:31:53+00:00","og_image":[{"width":1000,"height":750,"url":"https:\/\/emasweden.com\/wp-content\/uploads\/2025\/08\/asfaltskarare_centrum_svets1.jpg","type":"image\/jpeg"}],"twitter_card":"summary_large_image","schema":{"@context":"https:\/\/schema.org","@graph":[{"@type":"WebPage","@id":"https:\/\/emasweden.com\/fi\/produkt\/asfalttileikkuri-s40-keskitetty-400mm-2\/","url":"https:\/\/emasweden.com\/fi\/produkt\/asfalttileikkuri-s40-keskitetty-400mm-2\/","name":"Asfalttileikkuri S40 Keskitetty - 400mm - EMA Sverige","isPartOf":{"@id":"https:\/\/emasweden.com\/fi\/#website"},"primaryImageOfPage":{"@id":"https:\/\/emasweden.com\/fi\/produkt\/asfalttileikkuri-s40-keskitetty-400mm-2\/#primaryimage"},"image":{"@id":"https:\/\/emasweden.com\/fi\/produkt\/asfalttileikkuri-s40-keskitetty-400mm-2\/#primaryimage"},"thumbnailUrl":"https:\/\/emasweden.com\/wp-content\/uploads\/2025\/08\/asfaltskarare_centrum_svets1.jpg","datePublished":"2025-08-26T16:46:30+00:00","dateModified":"2025-08-27T09:31:53+00:00","breadcrumb":{"@id":"https:\/\/emasweden.com\/fi\/produkt\/asfalttileikkuri-s40-keskitetty-400mm-2\/#breadcrumb"},"inLanguage":"fi","potentialAction":[{"@type":"ReadAction","target":["https:\/\/emasweden.com\/fi\/produkt\/asfalttileikkuri-s40-keskitetty-400mm-2\/"]}]},{"@type":"ImageObject","inLanguage":"fi","@id":"https:\/\/emasweden.com\/fi\/produkt\/asfalttileikkuri-s40-keskitetty-400mm-2\/#primaryimage","url":"https:\/\/emasweden.com\/wp-content\/uploads\/2025\/08\/asfaltskarare_centrum_svets1.jpg","contentUrl":"https:\/\/emasweden.com\/wp-content\/uploads\/2025\/08\/asfaltskarare_centrum_svets1.jpg","width":1000,"height":750},{"@type":"BreadcrumbList","@id":"https:\/\/emasweden.com\/fi\/produkt\/asfalttileikkuri-s40-keskitetty-400mm-2\/#breadcrumb","itemListElement":[{"@type":"ListItem","position":1,"name":"Hem","item":"https:\/\/emasweden.com\/fi\/"},{"@type":"ListItem","position":2,"name":"Tuoteryhm\u00e4t","item":"https:\/\/emasweden.com\/fi\/tuoteryhmat\/"},{"@type":"ListItem","position":3,"name":"Asfalttileikkuri S40 Keskitetty &#8211; 400mm"}]},{"@type":"WebSite","@id":"https:\/\/emasweden.com\/fi\/#website","url":"https:\/\/emasweden.com\/fi\/","name":"EMA Sverige","description":"","potentialAction":[{"@type":"SearchAction","target":{"@type":"EntryPoint","urlTemplate":"https:\/\/emasweden.com\/fi\/?s={search_term_string}"},"query-input":{"@type":"PropertyValueSpecification","valueRequired":true,"valueName":"search_term_string"}}],"inLanguage":"fi"}]}},"_links":{"self":[{"href":"https:\/\/emasweden.com\/fi\/wp-json\/wp\/v2\/product\/16987","targetHints":{"allow":["GET"]}}],"collection":[{"href":"https:\/\/emasweden.com\/fi\/wp-json\/wp\/v2\/product"}],"about":[{"href":"https:\/\/emasweden.com\/fi\/wp-json\/wp\/v2\/types\/product"}],"wp:featuredmedia":[{"embeddable":true,"href":"https:\/\/emasweden.com\/fi\/wp-json\/wp\/v2\/media\/25970"}],"wp:attachment":[{"href":"https:\/\/emasweden.com\/fi\/wp-json\/wp\/v2\/media?parent=16987"}],"wp:term":[{"taxonomy":"product_brand","embeddable":true,"href":"https:\/\/emasweden.com\/fi\/wp-json\/wp\/v2\/product_brand?post=16987"},{"taxonomy":"product_cat","embeddable":true,"href":"https:\/\/emasweden.com\/fi\/wp-json\/wp\/v2\/product_cat?post=16987"},{"taxonomy":"product_tag","embeddable":true,"href":"https:\/\/emasweden.com\/fi\/wp-json\/wp\/v2\/product_tag?post=16987"},{"taxonomy":"faste-y","embeddable":true,"href":"https:\/\/emasweden.com\/fi\/wp-json\/wp\/v2\/faste-y?post=16987"}],"curies":[{"name":"wp","href":"https:\/\/api.w.org\/{rel}","templated":true}]}}