{"id":23225,"date":"2026-01-12T14:56:09","date_gmt":"2026-01-12T13:56:09","guid":{"rendered":"https:\/\/emasweden.com\/sjalfbaerni\/"},"modified":"2026-01-12T14:56:10","modified_gmt":"2026-01-12T13:56:10","slug":"sjalfbaerni","status":"publish","type":"page","link":"https:\/\/emasweden.com\/is\/sjalfbaerni\/","title":{"rendered":"Sj\u00e1lfb\u00e6rni"},"content":{"rendered":"\t\t<div data-elementor-type=\"wp-page\" data-elementor-id=\"23225\" class=\"elementor elementor-23225 elementor-13776\" data-elementor-post-type=\"page\">\n\t\t\t\t\t\t<section class=\"elementor-section elementor-top-section elementor-element elementor-element-a112d01 elementor-section-boxed elementor-section-height-default elementor-section-height-default\" data-id=\"a112d01\" data-element_type=\"section\" data-e-type=\"section\" data-settings=\"{&quot;background_background&quot;:&quot;classic&quot;,&quot;jet_parallax_layout_list&quot;:[]}\">\n\t\t\t\t\t\t<div class=\"elementor-container elementor-column-gap-no\">\n\t\t\t\t\t<div class=\"elementor-column elementor-col-100 elementor-top-column elementor-element elementor-element-61c6dc6\" data-id=\"61c6dc6\" data-element_type=\"column\" data-e-type=\"column\">\n\t\t\t<div class=\"elementor-widget-wrap elementor-element-populated\">\n\t\t\t\t\t\t<div class=\"elementor-element elementor-element-33dd40b5 elementor-widget elementor-widget-heading\" data-id=\"33dd40b5\" data-element_type=\"widget\" data-e-type=\"widget\" data-widget_type=\"heading.default\">\n\t\t\t\t<div class=\"elementor-widget-container\">\n\t\t\t\t\t<h1 class=\"elementor-heading-title elementor-size-default\">Sj\u00e1lfb\u00e6rni<\/h1>\t\t\t\t<\/div>\n\t\t\t\t<\/div>\n\t\t\t\t<div class=\"elementor-element elementor-element-101e36de elementor-widget elementor-widget-woocommerce-breadcrumb\" data-id=\"101e36de\" data-element_type=\"widget\" data-e-type=\"widget\" data-widget_type=\"woocommerce-breadcrumb.default\">\n\t\t\t\t<div class=\"elementor-widget-container\">\n\t\t\t\t\t<nav class=\"woocommerce-breadcrumb\" aria-label=\"Breadcrumb\">Startseite<\/nav>\t\t\t\t<\/div>\n\t\t\t\t<\/div>\n\t\t\t\t\t<\/div>\n\t\t<\/div>\n\t\t\t\t\t<\/div>\n\t\t<\/section>\n\t\t\t\t<section class=\"elementor-section elementor-top-section elementor-element elementor-element-73e2d64 elementor-section-boxed elementor-section-height-default elementor-section-height-default\" data-id=\"73e2d64\" data-element_type=\"section\" data-e-type=\"section\" data-settings=\"{&quot;background_background&quot;:&quot;classic&quot;,&quot;jet_parallax_layout_list&quot;:[]}\">\n\t\t\t\t\t\t<div class=\"elementor-container elementor-column-gap-no\">\n\t\t\t\t\t<div class=\"elementor-column elementor-col-100 elementor-top-column elementor-element elementor-element-70c77ef\" data-id=\"70c77ef\" data-element_type=\"column\" data-e-type=\"column\">\n\t\t\t<div class=\"elementor-widget-wrap elementor-element-populated\">\n\t\t\t\t\t\t<div class=\"elementor-element elementor-element-243ce69 ema-sub-menu elementor-widget__width-auto elementor-hidden-mobile elementor-widget elementor-widget-heading\" data-id=\"243ce69\" data-element_type=\"widget\" data-e-type=\"widget\" data-widget_type=\"heading.default\">\n\t\t\t\t<div class=\"elementor-widget-container\">\n\t\t\t\t\t<h2 class=\"elementor-heading-title elementor-size-default\">SJ\u00c1LFB\u00c6RNI<\/h2>\t\t\t\t<\/div>\n\t\t\t\t<\/div>\n\t\t\t\t<div class=\"elementor-element elementor-element-0949ee6 elementor-widget elementor-widget-text-editor\" data-id=\"0949ee6\" data-element_type=\"widget\" data-e-type=\"widget\" data-widget_type=\"text-editor.default\">\n\t\t\t\t<div class=\"elementor-widget-container\">\n\t\t\t\t\t\t\t\t\t<p><strong>EMA b\u00fd\u00f0ur upp \u00e1 v\u00f6rur sem endast, h\u00e6gt er a\u00f0 endurn\u00fdta og endurvinna<\/strong><\/p><p>Sj\u00e1lfb\u00e6rnistarf okkar ver\u00f0ur a\u00f0 taka tillit til neikv\u00e6\u00f0ra \u00e1hrifa sem tengjast f\u00f3lki og umhverfi, en einnig annarra \u00fe\u00e1tta sem tengjast rekstri okkar, birg\u00f0ake\u00f0jum og \u00f6\u00f0rum vi\u00f0skiptasamb\u00f6ndum.<\/p><h3>Starfsmenn og vinnuumhverfi<\/h3><p>Starfsmenn okkar eru mikilv\u00e6gasta eign okkar. Markmi\u00f0 okkar er a\u00f0 skapa vinnuumhverfi me\u00f0 g\u00f3\u00f0um, \u00f6ruggum og merkingarb\u00e6rum st\u00f6rfum fyrir alla starfsmenn. St\u00f6rf sem \u00fer\u00f3a h\u00e6fileika og getu einstaklingsins me\u00f0 sanngj\u00f6rnu launum. Vi\u00f0 mismunum aldrei neinum. Allir, \u00f3h\u00e1\u00f0 kyni, \u00fej\u00f3\u00f0erni e\u00f0a kynhneig\u00f0, eru velkomnir \u00e1 EMA.    <\/p><h3>Sj\u00e1lfb\u00e6rar v\u00f6rur til a\u00f0 b\u00e6ta kolefnisspor<\/h3><p>Vi\u00f0 \u00fer\u00f3um, seljum og framlei\u00f0um v\u00f6rur sem stu\u00f0la a\u00f0 \u00fer\u00f3un bygginga og innvi\u00f0a fyrir komandi kynsl\u00f3\u00f0ir. H\u00e1g\u00e6\u00f0a og sj\u00e1lfb\u00e6rar v\u00f6rur tryggja l\u00e1gmarks \u00fargang og losun gr\u00f3\u00f0urh\u00fasalofttegunda \u00e1 l\u00edft\u00edma \u00feeirra. EMA vinnur \u00f6tullega a\u00f0 \u00fev\u00ed a\u00f0 b\u00e6ta l\u00edft\u00edma v\u00f6runnar me\u00f0 \u00fev\u00ed a\u00f0 bj\u00f3\u00f0a upp \u00e1 fj\u00f6lbreytt \u00farval varahluta.  <\/p><h3>\u00c1byrg vi\u00f0skipti<\/h3><p>EMA tr\u00fair \u00e1 a\u00f0 byggja upp sterkt samstarf vi\u00f0 birgja og vi\u00f0skiptavini til a\u00f0 stu\u00f0la a\u00f0 gagnkv\u00e6mu samstarfi og \u00fer\u00f3a h\u00e1a sta\u00f0la \u00e1 svi\u00f0i f\u00e9lagslegra, umhverfislegra og spillingarvarna. Vi\u00f0 vinnum a\u00f0 \u00fev\u00ed a\u00f0 tryggja a\u00f0 allir birgjar okkar f\u00e1i sanngjarna grei\u00f0slu fyrir starfsmenn s\u00edna og fylgi \u00feeim reglum og l\u00f6gum sem gilda \u00ed \u00feeim l\u00f6ndum \u00fear sem vi\u00f0 st\u00f6rfum. <\/p><h3>St\u00f6\u00f0ug umb\u00f3t<\/h3><p>Eins og allir a\u00f0rir \u00fe\u00e6ttir fyrirt\u00e6kisins er sj\u00e1lfb\u00e6rni st\u00f6\u00f0ug fer\u00f0alag umb\u00f3ta \u00fear sem vi\u00f0 stefnum alltaf a\u00f0 \u00fev\u00ed a\u00f0 b\u00e6ta okkur dag fr\u00e1 degi. EMA hefur metna\u00f0 til a\u00f0 vera lei\u00f0andi \u00e1 okkar marka\u00f0ssvi\u00f0um, \u00fear sem v\u00f6rur okkar, \u00fej\u00f3nusta og vi\u00f0skiptal\u00edk\u00f6n eru \u00fer\u00f3u\u00f0 til a\u00f0 m\u00e6ta \u00fe\u00f6rfum framt\u00ed\u00f0arinnar. <\/p><h4>Tengili\u00f0i:<\/h4><p>Staffan Anderberg<br><a href=\"mailto:sa@cegroup.no\">sa@cegroup.no<\/a><br>+47 971 73 837<\/p><p> <\/p><p> <\/p>\t\t\t\t\t\t\t\t<\/div>\n\t\t\t\t<\/div>\n\t\t\t\t\t<\/div>\n\t\t<\/div>\n\t\t\t\t\t<\/div>\n\t\t<\/section>\n\t\t\t\t<\/div>\n\t\t","protected":false},"excerpt":{"rendered":"<p>Sj\u00e1lfb\u00e6rni SJ\u00c1LFB\u00c6RNI EMA b\u00fd\u00f0ur upp \u00e1 v\u00f6rur sem endast, h\u00e6gt er a\u00f0 endurn\u00fdta og endurvinna Sj\u00e1lfb\u00e6rnistarf okkar ver\u00f0ur a\u00f0 taka tillit til neikv\u00e6\u00f0ra \u00e1hrifa sem tengjast f\u00f3lki og umhverfi, en einnig annarra \u00fe\u00e1tta sem tengjast rekstri okkar, birg\u00f0ake\u00f0jum og \u00f6\u00f0rum vi\u00f0skiptasamb\u00f6ndum. Starfsmenn og vinnuumhverfi Starfsmenn okkar eru mikilv\u00e6gasta eign okkar. Markmi\u00f0 okkar er a\u00f0 skapa [&hellip;]<\/p>\n","protected":false},"author":25,"featured_media":0,"parent":0,"menu_order":0,"comment_status":"closed","ping_status":"closed","template":"","meta":{"_monsterinsights_skip_tracking":false,"_monsterinsights_sitenote_active":false,"_monsterinsights_sitenote_note":"","_monsterinsights_sitenote_category":0,"footnotes":""},"class_list":["post-23225","page","type-page","status-publish","hentry"],"yoast_head":"<!-- This site is optimized with the Yoast SEO plugin v27.3 - https:\/\/yoast.com\/product\/yoast-seo-wordpress\/ -->\n<title>Sj\u00e1lfb\u00e6rni - EMA Sverige<\/title>\n<meta name=\"robots\" content=\"index, follow, max-snippet:-1, max-image-preview:large, max-video-preview:-1\" \/>\n<link rel=\"canonical\" href=\"https:\/\/emasweden.com\/is\/sjalfbaerni\/\" \/>\n<meta property=\"og:locale\" content=\"is_IS\" \/>\n<meta property=\"og:type\" content=\"article\" \/>\n<meta property=\"og:title\" content=\"Sj\u00e1lfb\u00e6rni - EMA Sverige\" \/>\n<meta property=\"og:description\" content=\"Sj\u00e1lfb\u00e6rni SJ\u00c1LFB\u00c6RNI EMA b\u00fd\u00f0ur upp \u00e1 v\u00f6rur sem endast, h\u00e6gt er a\u00f0 endurn\u00fdta og endurvinna Sj\u00e1lfb\u00e6rnistarf okkar ver\u00f0ur a\u00f0 taka tillit til neikv\u00e6\u00f0ra \u00e1hrifa sem tengjast f\u00f3lki og umhverfi, en einnig annarra \u00fe\u00e1tta sem tengjast rekstri okkar, birg\u00f0ake\u00f0jum og \u00f6\u00f0rum vi\u00f0skiptasamb\u00f6ndum. Starfsmenn og vinnuumhverfi Starfsmenn okkar eru mikilv\u00e6gasta eign okkar. Markmi\u00f0 okkar er a\u00f0 skapa [&hellip;]\" \/>\n<meta property=\"og:url\" content=\"https:\/\/emasweden.com\/is\/sjalfbaerni\/\" \/>\n<meta property=\"og:site_name\" content=\"EMA Sverige\" \/>\n<meta property=\"article:modified_time\" content=\"2026-01-12T13:56:10+00:00\" \/>\n<meta name=\"twitter:card\" content=\"summary_large_image\" \/>\n<meta name=\"twitter:label1\" content=\"Est. reading time\" \/>\n\t<meta name=\"twitter:data1\" content=\"2 minutes\" \/>\n<script type=\"application\/ld+json\" class=\"yoast-schema-graph\">{\"@context\":\"https:\\\/\\\/schema.org\",\"@graph\":[{\"@type\":\"WebPage\",\"@id\":\"https:\\\/\\\/emasweden.com\\\/is\\\/sjalfbaerni\\\/\",\"url\":\"https:\\\/\\\/emasweden.com\\\/is\\\/sjalfbaerni\\\/\",\"name\":\"Sj\u00e1lfb\u00e6rni - EMA Sverige\",\"isPartOf\":{\"@id\":\"https:\\\/\\\/emasweden.com\\\/is\\\/#website\"},\"datePublished\":\"2026-01-12T13:56:09+00:00\",\"dateModified\":\"2026-01-12T13:56:10+00:00\",\"breadcrumb\":{\"@id\":\"https:\\\/\\\/emasweden.com\\\/is\\\/sjalfbaerni\\\/#breadcrumb\"},\"inLanguage\":\"is\",\"potentialAction\":[{\"@type\":\"ReadAction\",\"target\":[\"https:\\\/\\\/emasweden.com\\\/is\\\/sjalfbaerni\\\/\"]}]},{\"@type\":\"BreadcrumbList\",\"@id\":\"https:\\\/\\\/emasweden.com\\\/is\\\/sjalfbaerni\\\/#breadcrumb\",\"itemListElement\":[{\"@type\":\"ListItem\",\"position\":1,\"name\":\"Hem\",\"item\":\"https:\\\/\\\/emasweden.com\\\/is\\\/\"},{\"@type\":\"ListItem\",\"position\":2,\"name\":\"Sj\u00e1lfb\u00e6rni\"}]},{\"@type\":\"WebSite\",\"@id\":\"https:\\\/\\\/emasweden.com\\\/is\\\/#website\",\"url\":\"https:\\\/\\\/emasweden.com\\\/is\\\/\",\"name\":\"EMA Sverige\",\"description\":\"\",\"potentialAction\":[{\"@type\":\"SearchAction\",\"target\":{\"@type\":\"EntryPoint\",\"urlTemplate\":\"https:\\\/\\\/emasweden.com\\\/is\\\/?s={search_term_string}\"},\"query-input\":{\"@type\":\"PropertyValueSpecification\",\"valueRequired\":true,\"valueName\":\"search_term_string\"}}],\"inLanguage\":\"is\"}]}<\/script>\n<!-- \/ Yoast SEO plugin. -->","yoast_head_json":{"title":"Sj\u00e1lfb\u00e6rni - EMA Sverige","robots":{"index":"index","follow":"follow","max-snippet":"max-snippet:-1","max-image-preview":"max-image-preview:large","max-video-preview":"max-video-preview:-1"},"canonical":"https:\/\/emasweden.com\/is\/sjalfbaerni\/","og_locale":"is_IS","og_type":"article","og_title":"Sj\u00e1lfb\u00e6rni - EMA Sverige","og_description":"Sj\u00e1lfb\u00e6rni SJ\u00c1LFB\u00c6RNI EMA b\u00fd\u00f0ur upp \u00e1 v\u00f6rur sem endast, h\u00e6gt er a\u00f0 endurn\u00fdta og endurvinna Sj\u00e1lfb\u00e6rnistarf okkar ver\u00f0ur a\u00f0 taka tillit til neikv\u00e6\u00f0ra \u00e1hrifa sem tengjast f\u00f3lki og umhverfi, en einnig annarra \u00fe\u00e1tta sem tengjast rekstri okkar, birg\u00f0ake\u00f0jum og \u00f6\u00f0rum vi\u00f0skiptasamb\u00f6ndum. Starfsmenn og vinnuumhverfi Starfsmenn okkar eru mikilv\u00e6gasta eign okkar. Markmi\u00f0 okkar er a\u00f0 skapa [&hellip;]","og_url":"https:\/\/emasweden.com\/is\/sjalfbaerni\/","og_site_name":"EMA Sverige","article_modified_time":"2026-01-12T13:56:10+00:00","twitter_card":"summary_large_image","twitter_misc":{"Est. reading time":"2 minutes"},"schema":{"@context":"https:\/\/schema.org","@graph":[{"@type":"WebPage","@id":"https:\/\/emasweden.com\/is\/sjalfbaerni\/","url":"https:\/\/emasweden.com\/is\/sjalfbaerni\/","name":"Sj\u00e1lfb\u00e6rni - EMA Sverige","isPartOf":{"@id":"https:\/\/emasweden.com\/is\/#website"},"datePublished":"2026-01-12T13:56:09+00:00","dateModified":"2026-01-12T13:56:10+00:00","breadcrumb":{"@id":"https:\/\/emasweden.com\/is\/sjalfbaerni\/#breadcrumb"},"inLanguage":"is","potentialAction":[{"@type":"ReadAction","target":["https:\/\/emasweden.com\/is\/sjalfbaerni\/"]}]},{"@type":"BreadcrumbList","@id":"https:\/\/emasweden.com\/is\/sjalfbaerni\/#breadcrumb","itemListElement":[{"@type":"ListItem","position":1,"name":"Hem","item":"https:\/\/emasweden.com\/is\/"},{"@type":"ListItem","position":2,"name":"Sj\u00e1lfb\u00e6rni"}]},{"@type":"WebSite","@id":"https:\/\/emasweden.com\/is\/#website","url":"https:\/\/emasweden.com\/is\/","name":"EMA Sverige","description":"","potentialAction":[{"@type":"SearchAction","target":{"@type":"EntryPoint","urlTemplate":"https:\/\/emasweden.com\/is\/?s={search_term_string}"},"query-input":{"@type":"PropertyValueSpecification","valueRequired":true,"valueName":"search_term_string"}}],"inLanguage":"is"}]}},"_links":{"self":[{"href":"https:\/\/emasweden.com\/is\/wp-json\/wp\/v2\/pages\/23225","targetHints":{"allow":["GET"]}}],"collection":[{"href":"https:\/\/emasweden.com\/is\/wp-json\/wp\/v2\/pages"}],"about":[{"href":"https:\/\/emasweden.com\/is\/wp-json\/wp\/v2\/types\/page"}],"author":[{"embeddable":true,"href":"https:\/\/emasweden.com\/is\/wp-json\/wp\/v2\/users\/25"}],"replies":[{"embeddable":true,"href":"https:\/\/emasweden.com\/is\/wp-json\/wp\/v2\/comments?post=23225"}],"version-history":[{"count":1,"href":"https:\/\/emasweden.com\/is\/wp-json\/wp\/v2\/pages\/23225\/revisions"}],"predecessor-version":[{"id":23229,"href":"https:\/\/emasweden.com\/is\/wp-json\/wp\/v2\/pages\/23225\/revisions\/23229"}],"wp:attachment":[{"href":"https:\/\/emasweden.com\/is\/wp-json\/wp\/v2\/media?parent=23225"}],"curies":[{"name":"wp","href":"https:\/\/api.w.org\/{rel}","templated":true}]}}