{"id":23232,"date":"2026-01-12T14:56:11","date_gmt":"2026-01-12T13:56:11","guid":{"rendered":"https:\/\/emasweden.com\/endurgreidsla-og-skilastefna\/"},"modified":"2026-02-24T10:36:58","modified_gmt":"2026-02-24T09:36:58","slug":"endurgreidsla-og-skilastefna","status":"publish","type":"page","link":"https:\/\/emasweden.com\/is\/endurgreidsla-og-skilastefna\/","title":{"rendered":"Endurgrei\u00f0sla og skilastefna"},"content":{"rendered":"\n<p><b>\u00deetta er s\u00fdnishornss\u00ed\u00f0a.<\/b><\/p>\n\n<h3>Overview<\/h3>\n\n<p>Endurgrei\u00f0slu- og skilastefna okkar gildir \u00ed 30 daga. Ef 30 dagar eru li\u00f0nir fr\u00e1 kaupunum getum vi\u00f0 ekki bo\u00f0i\u00f0 \u00fe\u00e9r fulla endurgrei\u00f0slu e\u00f0a skipti. <\/p>\n\n<p>Til a\u00f0 vera gjaldgengur til skila \u00fearf varan \u00fe\u00edn a\u00f0 vera \u00f3notu\u00f0 og \u00ed sama \u00e1standi og \u00fe\u00fa f\u00e9kkst hana. \u00dea\u00f0 ver\u00f0ur l\u00edka a\u00f0 vera \u00ed upprunalegu umb\u00fa\u00f0unum. <\/p>\n\n<p>Fj\u00f6lmargar tegundir vara eru undan\u00feegnar skilum. Ekki er h\u00e6gt a\u00f0 skila vi\u00f0kv\u00e6mum v\u00f6rum eins og mat, bl\u00f3mum, dagbl\u00f6\u00f0um e\u00f0a t\u00edmaritum. Vi\u00f0 t\u00f6kum heldur ekki vi\u00f0 v\u00f6rum sem eru pers\u00f3nulegar e\u00f0a hreinl\u00e6tisv\u00f6rur, h\u00e6ttuleg efni e\u00f0a eldfim v\u00f6kvar e\u00f0a lofttegundir.  <\/p>\n\n<p>Aukahlutir sem ekki er h\u00e6gt a\u00f0 skila aftur:<\/p>\n\n<ul class=\"wp-block-list\">\n<li>Gjafakort<\/li>\n<li>Ni\u00f0urhalanlegar hugb\u00fana\u00f0arv\u00f6rur<\/li>\n<li>Sumar heilsu- og pers\u00f3nulegar umhir\u00f0uv\u00f6rur<\/li>\n<\/ul>\n\n<p>Til a\u00f0 lj\u00faka skilinu \u00fe\u00ednu \u00feurfum vi\u00f0 kvittun e\u00f0a s\u00f6nnun \u00e1 kaupum.<\/p>\n\n<p>Vinsamlegast sendu ekki kaupin \u00fe\u00edn til baka til framlei\u00f0anda.<\/p>\n\n<p>\u00dea\u00f0 eru \u00e1kve\u00f0nar a\u00f0st\u00e6\u00f0ur \u00fear sem a\u00f0eins hluti endurgrei\u00f0slna eru veittar:<\/p>\n\n<ul class=\"wp-block-list\">\n<li>B\u00f3k me\u00f0 auglj\u00f3sum notkunarmerkjum<\/li>\n<li>CD, DVD, VHS sp\u00f3la, hugb\u00fana\u00f0ur, t\u00f6lvuleikur, kassettusp\u00f3la e\u00f0a v\u00ednylplata sem hefur veri\u00f0 opnu\u00f0.<\/li>\n<li>Allur hlutur sem er ekki \u00ed upprunalegu \u00e1standi er skemmdur e\u00f0a vantar varahluti, ekki vegna mistaka okkar.<\/li>\n<li>Hva\u00f0a vara sem er skila\u00f0 meira en 30 d\u00f6gum eftir afhendingu<\/li>\n<\/ul>\n\n<h2>Endurgrei\u00f0slur<\/h2>\n\n<p>\u00deegar \u00fe\u00fa skilar fr\u00e1 \u00fe\u00e9r v\u00f6ru og h\u00fan er m\u00f3ttekin og sko\u00f0u\u00f0 munum vi\u00f0 senda \u00fe\u00e9r t\u00f6lvup\u00f3st til a\u00f0 tilkynna a\u00f0 vi\u00f0 h\u00f6fum m\u00f3tteki\u00f0 v\u00f6runa sem \u00fe\u00fa skilar. Vi\u00f0 munum einnig tilkynna \u00fe\u00e9r hvort endurgrei\u00f0slan \u00fe\u00edn s\u00e9 sam\u00feykkt e\u00f0a hafna\u00f0. <\/p>\n\n<p>Ef \u00fe\u00fa f\u00e6r\u00f0 sam\u00feykki ver\u00f0ur endurgrei\u00f0slan unnin og inneign sj\u00e1lfkrafa l\u00f6g\u00f0 \u00e1 kreditkorti\u00f0 \u00feitt e\u00f0a upprunalega grei\u00f0slum\u00e1ta innan \u00e1kve\u00f0ins fj\u00f6lda daga.<\/p>\n\n<b>Late or missing refunds<\/b>\n\n<p>Ef \u00fe\u00fa hefur ekki fengi\u00f0 endurgrei\u00f0slu enn, sko\u00f0a\u00f0u bankareikninginn \u00feinn aftur.<\/p>\n\n<p>Haf\u00f0u svo samband vi\u00f0 kreditkortafyrirt\u00e6ki\u00f0 \u00feitt, \u00fea\u00f0 g\u00e6ti teki\u00f0 sm\u00e1 t\u00edma \u00e1\u00f0ur en endurgrei\u00f0slan \u00fe\u00edn er formlega skr\u00e1\u00f0.<\/p>\n\n<p>Haf\u00f0u n\u00e6st samband vi\u00f0 bankann \u00feinn. Oft er \u00e1kve\u00f0inn afgrei\u00f0slut\u00edmi \u00e1\u00f0ur en endurgrei\u00f0sla er skr\u00e1\u00f0. <\/p>\n\n<p>Ef \u00fe\u00fa hefur gert allt \u00feetta og hefur enn ekki fengi\u00f0 endurgrei\u00f0slu, vinsamlegast haf\u00f0u samband vi\u00f0 okkur \u00e1 {netfang}.<\/p>\n\n<b>Sale items<\/b>\n\n<p>A\u00f0eins v\u00f6rur \u00e1 venjulegu ver\u00f0i m\u00e1 endurgrei\u00f0a. S\u00f6luv\u00f6rur er ekki h\u00e6gt a\u00f0 endurgrei\u00f0a. <\/p>\n\n<h2>Skiptist\u00f6\u00f0var<\/h2>\n\n<p>Vi\u00f0 skiptum a\u00f0eins \u00fat hlutum ef \u00feeir eru galla\u00f0ir e\u00f0a skemmdir. Ef \u00fe\u00fa \u00fearft a\u00f0 skipta honum fyrir sama hlut, sendu okkur t\u00f6lvup\u00f3st \u00e1 {netfang} og sendu hlutinn \u00feinn \u00e1: {raunverulegt heimilisfang}. <\/p>\n\n<h2>Gjafir<\/h2>\n\n<p>Ef varan var merkt sem gj\u00f6f \u00feegar h\u00fan var keypt og send beint til \u00fe\u00edn, f\u00e6r\u00f0u gjafainneign fyrir ver\u00f0m\u00e6ti skilsins. \u00deegar varan er skila\u00f0 ver\u00f0ur \u00fe\u00e9r sent gjafabr\u00e9f sent me\u00f0 p\u00f3sti. <\/p>\n\n<p>Ef varan var ekki merkt sem gj\u00f6f vi\u00f0 kaupin, e\u00f0a gjafagjafinn f\u00e9kk p\u00f6ntunina sendar til s\u00edn til a\u00f0 gefa \u00fe\u00e9r s\u00ed\u00f0ar, munum vi\u00f0 senda endurgrei\u00f0slu til gjafagjafans og hann mun komast a\u00f0 \u00fev\u00ed hvort \u00fe\u00fa skilar \u00fe\u00e9r.<\/p>\n\n<h2>Sendingarskilm\u00e1lar<\/h2>\n\n<p>Til a\u00f0 skila v\u00f6runni \u00feinni \u00e6ttir \u00fe\u00fa a\u00f0 senda v\u00f6runa \u00e1: {heimilisfang}.<\/p>\n\n<p>\u00de\u00fa ber\u00f0 \u00e1byrg\u00f0 \u00e1 a\u00f0 grei\u00f0a eigin sendingarkostna\u00f0 vi\u00f0 a\u00f0 skila v\u00f6runni. Sendingarkostna\u00f0ur er ekki endurgrei\u00f0anlegur. Ef \u00fe\u00fa f\u00e6r\u00f0 endurgrei\u00f0slu ver\u00f0ur kostna\u00f0ur vi\u00f0 endurgrei\u00f0slu dreginn fr\u00e1 endurgrei\u00f0slunni.  <\/p>\n\n<p>Fer eftir \u00fev\u00ed hvar \u00fe\u00fa b\u00fdr\u00f0, getur t\u00edminn sem \u00fea\u00f0 tekur fyrir v\u00f6runa sem \u00fe\u00fa hefur skipt um a\u00f0 n\u00e1 til \u00fe\u00edn veri\u00f0 mismunandi.<\/p>\n\n<p>Ef \u00fe\u00fa ert a\u00f0 skila d\u00fdrari v\u00f6rum g\u00e6tir\u00f0u \u00edhuga\u00f0 a\u00f0 nota rekjanlega sendingar\u00fej\u00f3nustu e\u00f0a kaupa sendingartryggingu. Vi\u00f0 \u00e1byrgjumst ekki a\u00f0 vi\u00f0 f\u00e1um v\u00f6runa sem \u00fe\u00fa skilar aftur. <\/p>\n\n<h2>\u00dearftu hj\u00e1lp?<\/h2>\n\n<p>Haf\u00f0u samband vi\u00f0 okkur ef {email} \u00fe\u00fa hefur spurningar var\u00f0andi endurgrei\u00f0slur og skil.<\/p>\n","protected":false},"excerpt":{"rendered":"<p>\u00deetta er s\u00fdnishornss\u00ed\u00f0a. Overview Endurgrei\u00f0slu- og skilastefna okkar gildir \u00ed 30 daga. Ef 30 dagar eru li\u00f0nir fr\u00e1 kaupunum getum vi\u00f0 ekki bo\u00f0i\u00f0 \u00fe\u00e9r fulla endurgrei\u00f0slu e\u00f0a skipti. Til a\u00f0 vera gjaldgengur til skila \u00fearf varan \u00fe\u00edn a\u00f0 vera \u00f3notu\u00f0 og \u00ed sama \u00e1standi og \u00fe\u00fa f\u00e9kkst hana. \u00dea\u00f0 ver\u00f0ur l\u00edka a\u00f0 vera \u00ed upprunalegu [&hellip;]<\/p>\n","protected":false},"author":1,"featured_media":0,"parent":0,"menu_order":0,"comment_status":"closed","ping_status":"closed","template":"","meta":{"_monsterinsights_skip_tracking":false,"_monsterinsights_sitenote_active":false,"_monsterinsights_sitenote_note":"","_monsterinsights_sitenote_category":0,"footnotes":""},"class_list":["post-23232","page","type-page","status-publish","hentry"],"yoast_head":"<!-- This site is optimized with the Yoast SEO plugin v27.3 - https:\/\/yoast.com\/product\/yoast-seo-wordpress\/ -->\n<title>Endurgrei\u00f0sla og skilastefna - EMA Sverige<\/title>\n<meta name=\"robots\" content=\"index, follow, max-snippet:-1, max-image-preview:large, max-video-preview:-1\" \/>\n<link rel=\"canonical\" href=\"https:\/\/emasweden.com\/is\/endurgreidsla-og-skilastefna\/\" \/>\n<meta property=\"og:locale\" content=\"is_IS\" \/>\n<meta property=\"og:type\" content=\"article\" \/>\n<meta property=\"og:title\" content=\"Endurgrei\u00f0sla og skilastefna - EMA Sverige\" \/>\n<meta property=\"og:description\" content=\"\u00deetta er s\u00fdnishornss\u00ed\u00f0a. Overview Endurgrei\u00f0slu- og skilastefna okkar gildir \u00ed 30 daga. Ef 30 dagar eru li\u00f0nir fr\u00e1 kaupunum getum vi\u00f0 ekki bo\u00f0i\u00f0 \u00fe\u00e9r fulla endurgrei\u00f0slu e\u00f0a skipti. Til a\u00f0 vera gjaldgengur til skila \u00fearf varan \u00fe\u00edn a\u00f0 vera \u00f3notu\u00f0 og \u00ed sama \u00e1standi og \u00fe\u00fa f\u00e9kkst hana. \u00dea\u00f0 ver\u00f0ur l\u00edka a\u00f0 vera \u00ed upprunalegu [&hellip;]\" \/>\n<meta property=\"og:url\" content=\"https:\/\/emasweden.com\/is\/endurgreidsla-og-skilastefna\/\" \/>\n<meta property=\"og:site_name\" content=\"EMA Sverige\" \/>\n<meta property=\"article:modified_time\" content=\"2026-02-24T09:36:58+00:00\" \/>\n<meta name=\"twitter:card\" content=\"summary_large_image\" \/>\n<meta name=\"twitter:label1\" content=\"Est. reading time\" \/>\n\t<meta name=\"twitter:data1\" content=\"3 minutes\" \/>\n<script type=\"application\/ld+json\" class=\"yoast-schema-graph\">{\"@context\":\"https:\\\/\\\/schema.org\",\"@graph\":[{\"@type\":\"WebPage\",\"@id\":\"https:\\\/\\\/emasweden.com\\\/is\\\/endurgreidsla-og-skilastefna\\\/\",\"url\":\"https:\\\/\\\/emasweden.com\\\/is\\\/endurgreidsla-og-skilastefna\\\/\",\"name\":\"Endurgrei\u00f0sla og skilastefna - EMA Sverige\",\"isPartOf\":{\"@id\":\"https:\\\/\\\/emasweden.com\\\/is\\\/#website\"},\"datePublished\":\"2026-01-12T13:56:11+00:00\",\"dateModified\":\"2026-02-24T09:36:58+00:00\",\"breadcrumb\":{\"@id\":\"https:\\\/\\\/emasweden.com\\\/is\\\/endurgreidsla-og-skilastefna\\\/#breadcrumb\"},\"inLanguage\":\"is\",\"potentialAction\":[{\"@type\":\"ReadAction\",\"target\":[\"https:\\\/\\\/emasweden.com\\\/is\\\/endurgreidsla-og-skilastefna\\\/\"]}]},{\"@type\":\"BreadcrumbList\",\"@id\":\"https:\\\/\\\/emasweden.com\\\/is\\\/endurgreidsla-og-skilastefna\\\/#breadcrumb\",\"itemListElement\":[{\"@type\":\"ListItem\",\"position\":1,\"name\":\"Hem\",\"item\":\"https:\\\/\\\/emasweden.com\\\/is\\\/\"},{\"@type\":\"ListItem\",\"position\":2,\"name\":\"Endurgrei\u00f0sla og skilastefna\"}]},{\"@type\":\"WebSite\",\"@id\":\"https:\\\/\\\/emasweden.com\\\/is\\\/#website\",\"url\":\"https:\\\/\\\/emasweden.com\\\/is\\\/\",\"name\":\"EMA Sverige\",\"description\":\"\",\"potentialAction\":[{\"@type\":\"SearchAction\",\"target\":{\"@type\":\"EntryPoint\",\"urlTemplate\":\"https:\\\/\\\/emasweden.com\\\/is\\\/?s={search_term_string}\"},\"query-input\":{\"@type\":\"PropertyValueSpecification\",\"valueRequired\":true,\"valueName\":\"search_term_string\"}}],\"inLanguage\":\"is\"}]}<\/script>\n<!-- \/ Yoast SEO plugin. -->","yoast_head_json":{"title":"Endurgrei\u00f0sla og skilastefna - EMA Sverige","robots":{"index":"index","follow":"follow","max-snippet":"max-snippet:-1","max-image-preview":"max-image-preview:large","max-video-preview":"max-video-preview:-1"},"canonical":"https:\/\/emasweden.com\/is\/endurgreidsla-og-skilastefna\/","og_locale":"is_IS","og_type":"article","og_title":"Endurgrei\u00f0sla og skilastefna - EMA Sverige","og_description":"\u00deetta er s\u00fdnishornss\u00ed\u00f0a. Overview Endurgrei\u00f0slu- og skilastefna okkar gildir \u00ed 30 daga. Ef 30 dagar eru li\u00f0nir fr\u00e1 kaupunum getum vi\u00f0 ekki bo\u00f0i\u00f0 \u00fe\u00e9r fulla endurgrei\u00f0slu e\u00f0a skipti. Til a\u00f0 vera gjaldgengur til skila \u00fearf varan \u00fe\u00edn a\u00f0 vera \u00f3notu\u00f0 og \u00ed sama \u00e1standi og \u00fe\u00fa f\u00e9kkst hana. \u00dea\u00f0 ver\u00f0ur l\u00edka a\u00f0 vera \u00ed upprunalegu [&hellip;]","og_url":"https:\/\/emasweden.com\/is\/endurgreidsla-og-skilastefna\/","og_site_name":"EMA Sverige","article_modified_time":"2026-02-24T09:36:58+00:00","twitter_card":"summary_large_image","twitter_misc":{"Est. reading time":"3 minutes"},"schema":{"@context":"https:\/\/schema.org","@graph":[{"@type":"WebPage","@id":"https:\/\/emasweden.com\/is\/endurgreidsla-og-skilastefna\/","url":"https:\/\/emasweden.com\/is\/endurgreidsla-og-skilastefna\/","name":"Endurgrei\u00f0sla og skilastefna - EMA Sverige","isPartOf":{"@id":"https:\/\/emasweden.com\/is\/#website"},"datePublished":"2026-01-12T13:56:11+00:00","dateModified":"2026-02-24T09:36:58+00:00","breadcrumb":{"@id":"https:\/\/emasweden.com\/is\/endurgreidsla-og-skilastefna\/#breadcrumb"},"inLanguage":"is","potentialAction":[{"@type":"ReadAction","target":["https:\/\/emasweden.com\/is\/endurgreidsla-og-skilastefna\/"]}]},{"@type":"BreadcrumbList","@id":"https:\/\/emasweden.com\/is\/endurgreidsla-og-skilastefna\/#breadcrumb","itemListElement":[{"@type":"ListItem","position":1,"name":"Hem","item":"https:\/\/emasweden.com\/is\/"},{"@type":"ListItem","position":2,"name":"Endurgrei\u00f0sla og skilastefna"}]},{"@type":"WebSite","@id":"https:\/\/emasweden.com\/is\/#website","url":"https:\/\/emasweden.com\/is\/","name":"EMA Sverige","description":"","potentialAction":[{"@type":"SearchAction","target":{"@type":"EntryPoint","urlTemplate":"https:\/\/emasweden.com\/is\/?s={search_term_string}"},"query-input":{"@type":"PropertyValueSpecification","valueRequired":true,"valueName":"search_term_string"}}],"inLanguage":"is"}]}},"_links":{"self":[{"href":"https:\/\/emasweden.com\/is\/wp-json\/wp\/v2\/pages\/23232","targetHints":{"allow":["GET"]}}],"collection":[{"href":"https:\/\/emasweden.com\/is\/wp-json\/wp\/v2\/pages"}],"about":[{"href":"https:\/\/emasweden.com\/is\/wp-json\/wp\/v2\/types\/page"}],"author":[{"embeddable":true,"href":"https:\/\/emasweden.com\/is\/wp-json\/wp\/v2\/users\/1"}],"replies":[{"embeddable":true,"href":"https:\/\/emasweden.com\/is\/wp-json\/wp\/v2\/comments?post=23232"}],"version-history":[{"count":9,"href":"https:\/\/emasweden.com\/is\/wp-json\/wp\/v2\/pages\/23232\/revisions"}],"predecessor-version":[{"id":25852,"href":"https:\/\/emasweden.com\/is\/wp-json\/wp\/v2\/pages\/23232\/revisions\/25852"}],"wp:attachment":[{"href":"https:\/\/emasweden.com\/is\/wp-json\/wp\/v2\/media?parent=23232"}],"curies":[{"name":"wp","href":"https:\/\/api.w.org\/{rel}","templated":true}]}}