{"id":23242,"date":"2026-01-12T14:56:18","date_gmt":"2026-01-12T13:56:18","guid":{"rendered":"https:\/\/emasweden.com\/vagn\/"},"modified":"2026-01-12T14:56:19","modified_gmt":"2026-01-12T13:56:19","slug":"vagn","status":"publish","type":"page","link":"https:\/\/emasweden.com\/is\/vagn\/","title":{"rendered":"Vagn"},"content":{"rendered":"\t\t<div data-elementor-type=\"wp-page\" data-elementor-id=\"23242\" class=\"elementor elementor-23242 elementor-10410\" data-elementor-post-type=\"page\">\n\t\t\t\t\t\t<section class=\"elementor-section elementor-top-section elementor-element elementor-element-7bc609f elementor-section-boxed elementor-section-height-default elementor-section-height-default\" data-id=\"7bc609f\" data-element_type=\"section\" data-e-type=\"section\" data-settings=\"{&quot;background_background&quot;:&quot;classic&quot;,&quot;jet_parallax_layout_list&quot;:[]}\">\n\t\t\t\t\t\t<div class=\"elementor-container elementor-column-gap-no\">\n\t\t\t\t\t<div class=\"elementor-column elementor-col-33 elementor-top-column elementor-element elementor-element-50aeae1\" data-id=\"50aeae1\" data-element_type=\"column\" data-e-type=\"column\">\n\t\t\t<div class=\"elementor-widget-wrap elementor-element-populated\">\n\t\t\t\t\t\t<div class=\"elementor-element elementor-element-bfa1232 elementor-widget__width-inherit shop-stages-nbr elementor-widget elementor-widget-heading\" data-id=\"bfa1232\" data-element_type=\"widget\" data-e-type=\"widget\" data-widget_type=\"heading.default\">\n\t\t\t\t<div class=\"elementor-widget-container\">\n\t\t\t\t\t<h2 class=\"elementor-heading-title elementor-size-default\">01<\/h2>\t\t\t\t<\/div>\n\t\t\t\t<\/div>\n\t\t\t\t<div class=\"elementor-element elementor-element-15e2a3f checkout-step elementor-widget__width-inherit elementor-widget-mobile__width-auto elementor-widget elementor-widget-heading\" data-id=\"15e2a3f\" data-element_type=\"widget\" data-e-type=\"widget\" data-widget_type=\"heading.default\">\n\t\t\t\t<div class=\"elementor-widget-container\">\n\t\t\t\t\t<h4 class=\"elementor-heading-title elementor-size-default\"><b>CART<\/b><br>Kl\u00e1ra\u00f0u p\u00f6ntunina \u00fe\u00edna<\/h4>\t\t\t\t<\/div>\n\t\t\t\t<\/div>\n\t\t\t\t\t<\/div>\n\t\t<\/div>\n\t\t\t\t<div class=\"elementor-column elementor-col-33 elementor-top-column elementor-element elementor-element-777cb7b\" data-id=\"777cb7b\" data-element_type=\"column\" data-e-type=\"column\">\n\t\t\t<div class=\"elementor-widget-wrap elementor-element-populated\">\n\t\t\t\t\t\t<div class=\"elementor-element elementor-element-ab0e4f9 elementor-widget__width-inherit shop-stages-nbr elementor-widget-mobile__width-auto elementor-widget elementor-widget-heading\" data-id=\"ab0e4f9\" data-element_type=\"widget\" data-e-type=\"widget\" data-widget_type=\"heading.default\">\n\t\t\t\t<div class=\"elementor-widget-container\">\n\t\t\t\t\t<h2 class=\"elementor-heading-title elementor-size-default\">02<\/h2>\t\t\t\t<\/div>\n\t\t\t\t<\/div>\n\t\t\t\t<div class=\"elementor-element elementor-element-048e19b checkout-step elementor-widget__width-inherit elementor-widget-mobile__width-auto elementor-widget elementor-widget-heading\" data-id=\"048e19b\" data-element_type=\"widget\" data-e-type=\"widget\" data-widget_type=\"heading.default\">\n\t\t\t\t<div class=\"elementor-widget-container\">\n\t\t\t\t\t<h4 class=\"elementor-heading-title elementor-size-default\"><b>FULLKOMIN R\u00d6\u00d0<\/b><br>Kl\u00e1ra\u00f0u p\u00f6ntunina \u00fe\u00edna<\/h4>\t\t\t\t<\/div>\n\t\t\t\t<\/div>\n\t\t\t\t\t<\/div>\n\t\t<\/div>\n\t\t\t\t<div class=\"elementor-column elementor-col-33 elementor-top-column elementor-element elementor-element-38861f2\" data-id=\"38861f2\" data-element_type=\"column\" data-e-type=\"column\">\n\t\t\t<div class=\"elementor-widget-wrap elementor-element-populated\">\n\t\t\t\t\t\t<div class=\"elementor-element elementor-element-9c75ef4 elementor-widget__width-inherit shop-stages-nbr elementor-widget elementor-widget-heading\" data-id=\"9c75ef4\" data-element_type=\"widget\" data-e-type=\"widget\" data-widget_type=\"heading.default\">\n\t\t\t\t<div class=\"elementor-widget-container\">\n\t\t\t\t\t<h2 class=\"elementor-heading-title elementor-size-default\">03<\/h2>\t\t\t\t<\/div>\n\t\t\t\t<\/div>\n\t\t\t\t<div class=\"elementor-element elementor-element-c3fd3ac checkout-step elementor-widget__width-inherit elementor-widget elementor-widget-heading\" data-id=\"c3fd3ac\" data-element_type=\"widget\" data-e-type=\"widget\" data-widget_type=\"heading.default\">\n\t\t\t\t<div class=\"elementor-widget-container\">\n\t\t\t\t\t<h4 class=\"elementor-heading-title elementor-size-default\"><b>FULLKOMIN R\u00d6\u00d0<\/b><br>Sko\u00f0a\u00f0u yfirlit p\u00f6ntunarinnar \u00feinnar<\/h4>\t\t\t\t<\/div>\n\t\t\t\t<\/div>\n\t\t\t\t\t<\/div>\n\t\t<\/div>\n\t\t\t\t\t<\/div>\n\t\t<\/section>\n\t\t\t\t<section class=\"elementor-section elementor-top-section elementor-element elementor-element-5a0a6b88 elementor-section-boxed elementor-section-height-default elementor-section-height-default\" data-id=\"5a0a6b88\" data-element_type=\"section\" data-e-type=\"section\" data-settings=\"{&quot;background_background&quot;:&quot;classic&quot;,&quot;jet_parallax_layout_list&quot;:[]}\">\n\t\t\t\t\t\t<div class=\"elementor-container elementor-column-gap-no\">\n\t\t\t\t\t<div class=\"elementor-column elementor-col-100 elementor-top-column elementor-element elementor-element-206c5f23\" data-id=\"206c5f23\" data-element_type=\"column\" data-e-type=\"column\">\n\t\t\t<div class=\"elementor-widget-wrap elementor-element-populated\">\n\t\t\t\t\t\t<div class=\"elementor-element elementor-element-5dcd03d e-cart-layout-one-column elementor-widget elementor-widget-woocommerce-cart\" data-id=\"5dcd03d\" data-element_type=\"widget\" data-e-type=\"widget\" data-settings=\"{&quot;update_cart_automatically&quot;:&quot;yes&quot;}\" data-widget_type=\"woocommerce-cart.default\">\n\t\t\t\t<div class=\"elementor-widget-container\">\n\t\t\t\t\t<div class=\"woocommerce\"><div class=\"woocommerce-notices-wrapper\"><\/div><div class=\"wc-empty-cart-message\">\n\t<div class=\"cart-empty woocommerce-info\" role=\"status\">\n\t\tDein Warenkorb ist gegenw\u00e4rtig leer.\t<\/div>\n<\/div>\t<p class=\"return-to-shop\">\n\t\t<a class=\"button wc-backward\" href=\"https:\/\/emasweden.com\/is\/voruurval\/\">\n\t\t\tZur\u00fcck zum Shop\t\t<\/a>\n\t<\/p>\n<\/div>\t\t\t\t<\/div>\n\t\t\t\t<\/div>\n\t\t\t\t\t<\/div>\n\t\t<\/div>\n\t\t\t\t\t<\/div>\n\t\t<\/section>\n\t\t\t\t<\/div>\n\t\t","protected":false},"excerpt":{"rendered":"<p>01 CARTKl\u00e1ra\u00f0u p\u00f6ntunina \u00fe\u00edna 02 FULLKOMIN R\u00d6\u00d0Kl\u00e1ra\u00f0u p\u00f6ntunina \u00fe\u00edna 03 FULLKOMIN R\u00d6\u00d0Sko\u00f0a\u00f0u yfirlit p\u00f6ntunarinnar \u00feinnar Din varukorg \u00e4r f\u00f6r n\u00e4rvarande tom. G\u00e5 tillbaka till butiken<\/p>\n","protected":false},"author":177,"featured_media":0,"parent":0,"menu_order":0,"comment_status":"closed","ping_status":"closed","template":"","meta":{"_monsterinsights_skip_tracking":false,"_monsterinsights_sitenote_active":false,"_monsterinsights_sitenote_note":"","_monsterinsights_sitenote_category":0,"footnotes":""},"class_list":["post-23242","page","type-page","status-publish","hentry"],"yoast_head":"<!-- This site is optimized with the Yoast SEO plugin v27.3 - https:\/\/yoast.com\/product\/yoast-seo-wordpress\/ -->\n<title>Vagn - EMA Sverige<\/title>\n<meta name=\"robots\" content=\"index, follow, max-snippet:-1, max-image-preview:large, max-video-preview:-1\" \/>\n<link rel=\"canonical\" href=\"https:\/\/emasweden.com\/is\/vagn\/\" \/>\n<meta property=\"og:locale\" content=\"is_IS\" \/>\n<meta property=\"og:type\" content=\"article\" \/>\n<meta property=\"og:title\" content=\"Vagn - EMA Sverige\" \/>\n<meta property=\"og:description\" content=\"01 CARTKl\u00e1ra\u00f0u p\u00f6ntunina \u00fe\u00edna 02 FULLKOMIN R\u00d6\u00d0Kl\u00e1ra\u00f0u p\u00f6ntunina \u00fe\u00edna 03 FULLKOMIN R\u00d6\u00d0Sko\u00f0a\u00f0u yfirlit p\u00f6ntunarinnar \u00feinnar Din varukorg \u00e4r f\u00f6r n\u00e4rvarande tom. G\u00e5 tillbaka till butiken\" \/>\n<meta property=\"og:url\" content=\"https:\/\/emasweden.com\/is\/vagn\/\" \/>\n<meta property=\"og:site_name\" content=\"EMA Sverige\" \/>\n<meta property=\"article:modified_time\" content=\"2026-01-12T13:56:19+00:00\" \/>\n<meta name=\"twitter:card\" content=\"summary_large_image\" \/>\n<script type=\"application\/ld+json\" class=\"yoast-schema-graph\">{\"@context\":\"https:\\\/\\\/schema.org\",\"@graph\":[{\"@type\":\"WebPage\",\"@id\":\"https:\\\/\\\/emasweden.com\\\/is\\\/vagn\\\/\",\"url\":\"https:\\\/\\\/emasweden.com\\\/is\\\/vagn\\\/\",\"name\":\"Vagn - EMA Sverige\",\"isPartOf\":{\"@id\":\"https:\\\/\\\/emasweden.com\\\/is\\\/#website\"},\"datePublished\":\"2026-01-12T13:56:18+00:00\",\"dateModified\":\"2026-01-12T13:56:19+00:00\",\"breadcrumb\":{\"@id\":\"https:\\\/\\\/emasweden.com\\\/is\\\/vagn\\\/#breadcrumb\"},\"inLanguage\":\"is\",\"potentialAction\":[{\"@type\":\"ReadAction\",\"target\":[\"https:\\\/\\\/emasweden.com\\\/is\\\/vagn\\\/\"]}]},{\"@type\":\"BreadcrumbList\",\"@id\":\"https:\\\/\\\/emasweden.com\\\/is\\\/vagn\\\/#breadcrumb\",\"itemListElement\":[{\"@type\":\"ListItem\",\"position\":1,\"name\":\"Hem\",\"item\":\"https:\\\/\\\/emasweden.com\\\/is\\\/\"},{\"@type\":\"ListItem\",\"position\":2,\"name\":\"Vagn\"}]},{\"@type\":\"WebSite\",\"@id\":\"https:\\\/\\\/emasweden.com\\\/is\\\/#website\",\"url\":\"https:\\\/\\\/emasweden.com\\\/is\\\/\",\"name\":\"EMA Sverige\",\"description\":\"\",\"potentialAction\":[{\"@type\":\"SearchAction\",\"target\":{\"@type\":\"EntryPoint\",\"urlTemplate\":\"https:\\\/\\\/emasweden.com\\\/is\\\/?s={search_term_string}\"},\"query-input\":{\"@type\":\"PropertyValueSpecification\",\"valueRequired\":true,\"valueName\":\"search_term_string\"}}],\"inLanguage\":\"is\"}]}<\/script>\n<!-- \/ Yoast SEO plugin. -->","yoast_head_json":{"title":"Vagn - EMA Sverige","robots":{"index":"index","follow":"follow","max-snippet":"max-snippet:-1","max-image-preview":"max-image-preview:large","max-video-preview":"max-video-preview:-1"},"canonical":"https:\/\/emasweden.com\/is\/vagn\/","og_locale":"is_IS","og_type":"article","og_title":"Vagn - EMA Sverige","og_description":"01 CARTKl\u00e1ra\u00f0u p\u00f6ntunina \u00fe\u00edna 02 FULLKOMIN R\u00d6\u00d0Kl\u00e1ra\u00f0u p\u00f6ntunina \u00fe\u00edna 03 FULLKOMIN R\u00d6\u00d0Sko\u00f0a\u00f0u yfirlit p\u00f6ntunarinnar \u00feinnar Din varukorg \u00e4r f\u00f6r n\u00e4rvarande tom. G\u00e5 tillbaka till butiken","og_url":"https:\/\/emasweden.com\/is\/vagn\/","og_site_name":"EMA Sverige","article_modified_time":"2026-01-12T13:56:19+00:00","twitter_card":"summary_large_image","schema":{"@context":"https:\/\/schema.org","@graph":[{"@type":"WebPage","@id":"https:\/\/emasweden.com\/is\/vagn\/","url":"https:\/\/emasweden.com\/is\/vagn\/","name":"Vagn - EMA Sverige","isPartOf":{"@id":"https:\/\/emasweden.com\/is\/#website"},"datePublished":"2026-01-12T13:56:18+00:00","dateModified":"2026-01-12T13:56:19+00:00","breadcrumb":{"@id":"https:\/\/emasweden.com\/is\/vagn\/#breadcrumb"},"inLanguage":"is","potentialAction":[{"@type":"ReadAction","target":["https:\/\/emasweden.com\/is\/vagn\/"]}]},{"@type":"BreadcrumbList","@id":"https:\/\/emasweden.com\/is\/vagn\/#breadcrumb","itemListElement":[{"@type":"ListItem","position":1,"name":"Hem","item":"https:\/\/emasweden.com\/is\/"},{"@type":"ListItem","position":2,"name":"Vagn"}]},{"@type":"WebSite","@id":"https:\/\/emasweden.com\/is\/#website","url":"https:\/\/emasweden.com\/is\/","name":"EMA Sverige","description":"","potentialAction":[{"@type":"SearchAction","target":{"@type":"EntryPoint","urlTemplate":"https:\/\/emasweden.com\/is\/?s={search_term_string}"},"query-input":{"@type":"PropertyValueSpecification","valueRequired":true,"valueName":"search_term_string"}}],"inLanguage":"is"}]}},"_links":{"self":[{"href":"https:\/\/emasweden.com\/is\/wp-json\/wp\/v2\/pages\/23242","targetHints":{"allow":["GET"]}}],"collection":[{"href":"https:\/\/emasweden.com\/is\/wp-json\/wp\/v2\/pages"}],"about":[{"href":"https:\/\/emasweden.com\/is\/wp-json\/wp\/v2\/types\/page"}],"author":[{"embeddable":true,"href":"https:\/\/emasweden.com\/is\/wp-json\/wp\/v2\/users\/177"}],"replies":[{"embeddable":true,"href":"https:\/\/emasweden.com\/is\/wp-json\/wp\/v2\/comments?post=23242"}],"version-history":[{"count":1,"href":"https:\/\/emasweden.com\/is\/wp-json\/wp\/v2\/pages\/23242\/revisions"}],"predecessor-version":[{"id":23246,"href":"https:\/\/emasweden.com\/is\/wp-json\/wp\/v2\/pages\/23242\/revisions\/23246"}],"wp:attachment":[{"href":"https:\/\/emasweden.com\/is\/wp-json\/wp\/v2\/media?parent=23242"}],"curies":[{"name":"wp","href":"https:\/\/api.w.org\/{rel}","templated":true}]}}