{"id":23250,"date":"2026-01-12T14:56:22","date_gmt":"2026-01-12T13:56:22","guid":{"rendered":"https:\/\/emasweden.com\/hafdu-samband-vid-okkur\/"},"modified":"2026-02-26T14:55:14","modified_gmt":"2026-02-26T13:55:14","slug":"hafdu-samband-vid-okkur","status":"publish","type":"page","link":"https:\/\/emasweden.com\/is\/hafdu-samband-vid-okkur\/","title":{"rendered":"Haf\u00f0u samband vi\u00f0 okkur"},"content":{"rendered":"\t\t<div data-elementor-type=\"wp-page\" data-elementor-id=\"23250\" class=\"elementor elementor-23250 elementor-10268\" data-elementor-post-type=\"page\">\n\t\t\t\t\t\t<section class=\"elementor-section elementor-top-section elementor-element elementor-element-918f42e elementor-section-boxed elementor-section-height-default elementor-section-height-default\" data-id=\"918f42e\" data-element_type=\"section\" data-e-type=\"section\" data-settings=\"{&quot;background_background&quot;:&quot;classic&quot;,&quot;jet_parallax_layout_list&quot;:[]}\">\n\t\t\t\t\t\t<div class=\"elementor-container elementor-column-gap-no\">\n\t\t\t\t\t<div class=\"elementor-column elementor-col-100 elementor-top-column elementor-element elementor-element-a4abff4\" data-id=\"a4abff4\" data-element_type=\"column\" data-e-type=\"column\">\n\t\t\t<div class=\"elementor-widget-wrap elementor-element-populated\">\n\t\t\t\t\t\t<div class=\"elementor-element elementor-element-274bb62 elementor-widget elementor-widget-heading\" data-id=\"274bb62\" data-element_type=\"widget\" data-e-type=\"widget\" data-widget_type=\"heading.default\">\n\t\t\t\t<div class=\"elementor-widget-container\">\n\t\t\t\t\t<h2 class=\"elementor-heading-title elementor-size-default\">Haf\u00f0u samband vi\u00f0 okkur<\/h2>\t\t\t\t<\/div>\n\t\t\t\t<\/div>\n\t\t\t\t<div class=\"elementor-element elementor-element-5d199bb elementor-widget elementor-widget-woocommerce-breadcrumb\" data-id=\"5d199bb\" data-element_type=\"widget\" data-e-type=\"widget\" data-widget_type=\"woocommerce-breadcrumb.default\">\n\t\t\t\t<div class=\"elementor-widget-container\">\n\t\t\t\t\t<nav class=\"woocommerce-breadcrumb\" aria-label=\"Breadcrumb\">Startseite<\/nav>\t\t\t\t<\/div>\n\t\t\t\t<\/div>\n\t\t\t\t\t<\/div>\n\t\t<\/div>\n\t\t\t\t\t<\/div>\n\t\t<\/section>\n\t\t\t\t<section class=\"elementor-section elementor-top-section elementor-element elementor-element-74433223 elementor-section-full_width elementor-reverse-mobile elementor-section-height-default elementor-section-height-default\" data-id=\"74433223\" data-element_type=\"section\" data-e-type=\"section\" data-settings=\"{&quot;background_background&quot;:&quot;classic&quot;,&quot;jet_parallax_layout_list&quot;:[]}\">\n\t\t\t\t\t\t<div class=\"elementor-container elementor-column-gap-no\">\n\t\t\t\t\t<div class=\"elementor-column elementor-col-50 elementor-top-column elementor-element elementor-element-34fd6e5c\" data-id=\"34fd6e5c\" data-element_type=\"column\" data-e-type=\"column\">\n\t\t\t<div class=\"elementor-widget-wrap\">\n\t\t\t\t\t\t\t<\/div>\n\t\t<\/div>\n\t\t\t\t<div class=\"elementor-column elementor-col-50 elementor-top-column elementor-element elementor-element-0284d3b\" data-id=\"0284d3b\" data-element_type=\"column\" data-e-type=\"column\" data-settings=\"{&quot;background_background&quot;:&quot;classic&quot;}\">\n\t\t\t<div class=\"elementor-widget-wrap elementor-element-populated\">\n\t\t\t\t\t\t<div class=\"elementor-element elementor-element-b3ec515 elementor-widget elementor-widget-heading\" data-id=\"b3ec515\" data-element_type=\"widget\" data-e-type=\"widget\" data-widget_type=\"heading.default\">\n\t\t\t\t<div class=\"elementor-widget-container\">\n\t\t\t\t\t<h2 class=\"elementor-heading-title elementor-size-default\">CEG Sweden AB<\/h2>\t\t\t\t<\/div>\n\t\t\t\t<\/div>\n\t\t\t\t<div class=\"elementor-element elementor-element-9a32655 elementor-icon-list--layout-traditional elementor-list-item-link-full_width elementor-widget elementor-widget-icon-list\" data-id=\"9a32655\" data-element_type=\"widget\" data-e-type=\"widget\" data-widget_type=\"icon-list.default\">\n\t\t\t\t<div class=\"elementor-widget-container\">\n\t\t\t\t\t\t\t<ul class=\"elementor-icon-list-items\">\n\t\t\t\t\t\t\t<li class=\"elementor-icon-list-item\">\n\t\t\t\t\t\t\t\t\t\t\t<a href=\"https:\/\/www.google.com\/maps\/place\/Ehns+gata+6,+511+56+Kinna\/data=!4m2!3m1!1s0x465010834dc5e81d:0x1edb777a63524061?sa=X&#038;ved=2ahUKEwjDvvCJ4df2AhW6R_EDHdp-B8AQ8gF6BAgHEAE\">\n\n\t\t\t\t\t\t\t\t\t\t\t\t<span class=\"elementor-icon-list-icon\">\n\t\t\t\t\t\t\t<i aria-hidden=\"true\" class=\"fas fa-map-marker-alt\"><\/i>\t\t\t\t\t\t<\/span>\n\t\t\t\t\t\t\t\t\t\t<span class=\"elementor-icon-list-text\">Ehns gata 6, 51156 Kinna<\/span>\n\t\t\t\t\t\t\t\t\t\t\t<\/a>\n\t\t\t\t\t\t\t\t\t<\/li>\n\t\t\t\t\t\t\t\t<li class=\"elementor-icon-list-item\">\n\t\t\t\t\t\t\t\t\t\t\t<a href=\"tel:020-55%2060%2000\">\n\n\t\t\t\t\t\t\t\t\t\t\t\t<span class=\"elementor-icon-list-icon\">\n\t\t\t\t\t\t\t<i aria-hidden=\"true\" class=\"fas fa-phone\"><\/i>\t\t\t\t\t\t<\/span>\n\t\t\t\t\t\t\t\t\t\t<span class=\"elementor-icon-list-text\">020-55 60 00<\/span>\n\t\t\t\t\t\t\t\t\t\t\t<\/a>\n\t\t\t\t\t\t\t\t\t<\/li>\n\t\t\t\t\t\t\t\t<li class=\"elementor-icon-list-item\">\n\t\t\t\t\t\t\t\t\t\t\t<a href=\"mailto:order@cegroup.se\">\n\n\t\t\t\t\t\t\t\t\t\t\t\t<span class=\"elementor-icon-list-icon\">\n\t\t\t\t\t\t\t<i aria-hidden=\"true\" class=\"far fa-envelope\"><\/i>\t\t\t\t\t\t<\/span>\n\t\t\t\t\t\t\t\t\t\t<span class=\"elementor-icon-list-text\">order@cegroup.se<\/span>\n\t\t\t\t\t\t\t\t\t\t\t<\/a>\n\t\t\t\t\t\t\t\t\t<\/li>\n\t\t\t\t\t\t<\/ul>\n\t\t\t\t\t\t<\/div>\n\t\t\t\t<\/div>\n\t\t\t\t<div class=\"elementor-element elementor-element-fa08f55 elementor-widget elementor-widget-heading\" data-id=\"fa08f55\" data-element_type=\"widget\" data-e-type=\"widget\" data-widget_type=\"heading.default\">\n\t\t\t\t<div class=\"elementor-widget-container\">\n\t\t\t\t\t<h2 class=\"elementor-heading-title elementor-size-default\">Hvernig komast hinga\u00f0<\/h2>\t\t\t\t<\/div>\n\t\t\t\t<\/div>\n\t\t\t\t<div class=\"elementor-element elementor-element-56785fc elementor-widget elementor-widget-text-editor\" data-id=\"56785fc\" data-element_type=\"widget\" data-e-type=\"widget\" data-widget_type=\"text-editor.default\">\n\t\t\t\t<div class=\"elementor-widget-container\">\n\t\t\t\t\t\t\t\t\t<p>RV 41 milli Bor\u00e5s og Varberg.<br>N\u00e4s i\u00f0na\u00f0arsv\u00e6\u00f0i\u00f0 sem er sta\u00f0sett \u00ed Kinna.<\/p>\t\t\t\t\t\t\t\t<\/div>\n\t\t\t\t<\/div>\n\t\t\t\t<section class=\"elementor-section elementor-inner-section elementor-element elementor-element-7bfb4ae elementor-hidden-desktop elementor-hidden-tablet elementor-hidden-mobile elementor-section-boxed elementor-section-height-default elementor-section-height-default\" data-id=\"7bfb4ae\" data-element_type=\"section\" data-e-type=\"section\" data-settings=\"{&quot;jet_parallax_layout_list&quot;:[]}\">\n\t\t\t\t\t\t<div class=\"elementor-container elementor-column-gap-default\">\n\t\t\t\t\t<div class=\"elementor-column elementor-col-100 elementor-inner-column elementor-element elementor-element-967e589\" data-id=\"967e589\" data-element_type=\"column\" data-e-type=\"column\">\n\t\t\t<div class=\"elementor-widget-wrap elementor-element-populated\">\n\t\t\t\t\t\t<div class=\"elementor-element elementor-element-6f634d2 elementor-widget elementor-widget-image\" data-id=\"6f634d2\" data-element_type=\"widget\" data-e-type=\"widget\" data-widget_type=\"image.default\">\n\t\t\t\t<div class=\"elementor-widget-container\">\n\t\t\t\t\t\t\t\t\t\t\t\t\t\t\t<img fetchpriority=\"high\" decoding=\"async\" width=\"768\" height=\"768\" src=\"https:\/\/emasweden.com\/wp-content\/uploads\/2023\/05\/2023-02-01_Cropped_015-768x768-1.jpg\" class=\"attachment-large size-large wp-image-23251\" alt=\"\" srcset=\"https:\/\/emasweden.com\/wp-content\/uploads\/2023\/05\/2023-02-01_Cropped_015-768x768-1.jpg 768w, https:\/\/emasweden.com\/wp-content\/uploads\/2023\/05\/2023-02-01_Cropped_015-768x768-1-500x500.jpg 500w, https:\/\/emasweden.com\/wp-content\/uploads\/2023\/05\/2023-02-01_Cropped_015-768x768-1-150x150.jpg 150w, https:\/\/emasweden.com\/wp-content\/uploads\/2023\/05\/2023-02-01_Cropped_015-768x768-1-400x400.jpg 400w, https:\/\/emasweden.com\/wp-content\/uploads\/2023\/05\/2023-02-01_Cropped_015-768x768-1-600x600.jpg 600w, https:\/\/emasweden.com\/wp-content\/uploads\/2023\/05\/2023-02-01_Cropped_015-768x768-1-100x100.jpg 100w, https:\/\/emasweden.com\/wp-content\/uploads\/2023\/05\/2023-02-01_Cropped_015-768x768-1-64x64.jpg 64w\" sizes=\"(max-width: 768px) 100vw, 768px\" \/>\t\t\t\t\t\t\t\t\t\t\t\t\t\t\t<\/div>\n\t\t\t\t<\/div>\n\t\t\t\t<div class=\"elementor-element elementor-element-fea8f06 elementor-widget__width-inherit elementor-widget elementor-widget-button\" data-id=\"fea8f06\" data-element_type=\"widget\" data-e-type=\"widget\" data-widget_type=\"button.default\">\n\t\t\t\t<div class=\"elementor-widget-container\">\n\t\t\t\t\t\t\t\t\t<div class=\"elementor-button-wrapper\">\n\t\t\t\t\t<a class=\"elementor-button elementor-button-link elementor-size-sm\" href=\"#\">\n\t\t\t\t\t\t<span class=\"elementor-button-content-wrapper\">\n\t\t\t\t\t\t<span class=\"elementor-button-icon\">\n\t\t\t\t<i aria-hidden=\"true\" class=\"fas fa-chevron-right\"><\/i>\t\t\t<\/span>\n\t\t\t\t\t\t\t\t\t<span class=\"elementor-button-text\">J\u00f8rgen Bundegaard Randa<\/span>\n\t\t\t\t\t<\/span>\n\t\t\t\t\t<\/a>\n\t\t\t\t<\/div>\n\t\t\t\t\t\t\t\t<\/div>\n\t\t\t\t<\/div>\n\t\t\t\t\t<\/div>\n\t\t<\/div>\n\t\t\t\t\t<\/div>\n\t\t<\/section>\n\t\t\t\t\t<\/div>\n\t\t<\/div>\n\t\t\t\t\t<\/div>\n\t\t<\/section>\n\t\t\t\t<section class=\"elementor-section elementor-top-section elementor-element elementor-element-8ff8867 elementor-section-boxed elementor-section-height-default elementor-section-height-default\" data-id=\"8ff8867\" data-element_type=\"section\" data-e-type=\"section\" data-settings=\"{&quot;background_background&quot;:&quot;classic&quot;,&quot;jet_parallax_layout_list&quot;:[]}\">\n\t\t\t\t\t\t<div class=\"elementor-container elementor-column-gap-no\">\n\t\t\t\t\t<div class=\"elementor-column elementor-col-100 elementor-top-column elementor-element elementor-element-1e1983e\" data-id=\"1e1983e\" data-element_type=\"column\" data-e-type=\"column\">\n\t\t\t<div class=\"elementor-widget-wrap elementor-element-populated\">\n\t\t\t\t\t\t<div class=\"elementor-element elementor-element-77337cf elementor-align-justify elementor-widget__width-inherit elementor-widget elementor-widget-button\" data-id=\"77337cf\" data-element_type=\"widget\" data-e-type=\"widget\" data-widget_type=\"button.default\">\n\t\t\t\t<div class=\"elementor-widget-container\">\n\t\t\t\t\t\t\t\t\t<div class=\"elementor-button-wrapper\">\n\t\t\t\t\t<a class=\"elementor-button elementor-button-link elementor-size-sm\" href=\"https:\/\/cegroup.no\/about-us\/#section-529-625\">\n\t\t\t\t\t\t<span class=\"elementor-button-content-wrapper\">\n\t\t\t\t\t\t\t\t\t<span class=\"elementor-button-text\">Tengili\u00f0auppl\u00fdsingar fyrir okkur h\u00e9r hj\u00e1 CEG Sweden<\/span>\n\t\t\t\t\t<\/span>\n\t\t\t\t\t<\/a>\n\t\t\t\t<\/div>\n\t\t\t\t\t\t\t\t<\/div>\n\t\t\t\t<\/div>\n\t\t\t\t\t<\/div>\n\t\t<\/div>\n\t\t\t\t\t<\/div>\n\t\t<\/section>\n\t\t\t\t<\/div>\n\t\t","protected":false},"excerpt":{"rendered":"<p>Haf\u00f0u samband vi\u00f0 okkur CEG Sweden AB Ehns gata 6, 51156 Kinna 020-55 60 00 order@cegroup.se Hvernig komast hinga\u00f0 RV 41 milli Bor\u00e5s og Varberg. N\u00e4s i\u00f0na\u00f0arsv\u00e6\u00f0i\u00f0 sem er sta\u00f0sett \u00ed Kinna. J\u00f8rgen Bundegaard Randa Tengili\u00f0auppl\u00fdsingar fyrir okkur h\u00e9r hj\u00e1 CEG Sweden<\/p>\n","protected":false},"author":177,"featured_media":0,"parent":0,"menu_order":0,"comment_status":"closed","ping_status":"closed","template":"","meta":{"_monsterinsights_skip_tracking":false,"_monsterinsights_sitenote_active":false,"_monsterinsights_sitenote_note":"","_monsterinsights_sitenote_category":0,"footnotes":""},"class_list":["post-23250","page","type-page","status-publish","hentry"],"yoast_head":"<!-- This site is optimized with the Yoast SEO plugin v27.3 - https:\/\/yoast.com\/product\/yoast-seo-wordpress\/ -->\n<title>Haf\u00f0u samband vi\u00f0 okkur - EMA Sverige<\/title>\n<meta name=\"description\" content=\"Umbo\u00f0sa\u00f0ili \u00e1 \u00cdslandi fyrir EMA er V\u00e9lavit, Gar\u00f0ab\u00e6. Ef \u00fe\u00fa vilt hafa samband vi\u00f0 okkur getur \u00fe\u00fa gert \u00fea\u00f0 l\u00edka h\u00e9r.\" \/>\n<meta name=\"robots\" content=\"index, follow, max-snippet:-1, max-image-preview:large, max-video-preview:-1\" \/>\n<link rel=\"canonical\" href=\"https:\/\/emasweden.com\/is\/hafdu-samband-vid-okkur\/\" \/>\n<meta property=\"og:locale\" content=\"is_IS\" \/>\n<meta property=\"og:type\" content=\"article\" \/>\n<meta property=\"og:title\" content=\"Haf\u00f0u samband vi\u00f0 okkur - EMA Sverige\" \/>\n<meta property=\"og:description\" content=\"Umbo\u00f0sa\u00f0ili \u00e1 \u00cdslandi fyrir EMA er V\u00e9lavit, Gar\u00f0ab\u00e6. Ef \u00fe\u00fa vilt hafa samband vi\u00f0 okkur getur \u00fe\u00fa gert \u00fea\u00f0 l\u00edka h\u00e9r.\" \/>\n<meta property=\"og:url\" content=\"https:\/\/emasweden.com\/is\/hafdu-samband-vid-okkur\/\" \/>\n<meta property=\"og:site_name\" content=\"EMA Sverige\" \/>\n<meta property=\"article:modified_time\" content=\"2026-02-26T13:55:14+00:00\" \/>\n<meta property=\"og:image\" content=\"https:\/\/emasweden.com\/wp-content\/uploads\/2023\/05\/2023-02-01_Cropped_015-768x768-1.jpg\" \/>\n<meta name=\"twitter:card\" content=\"summary_large_image\" \/>\n<meta name=\"twitter:label1\" content=\"Est. reading time\" \/>\n\t<meta name=\"twitter:data1\" content=\"1 minute\" \/>\n<script type=\"application\/ld+json\" class=\"yoast-schema-graph\">{\"@context\":\"https:\\\/\\\/schema.org\",\"@graph\":[{\"@type\":\"WebPage\",\"@id\":\"https:\\\/\\\/emasweden.com\\\/is\\\/hafdu-samband-vid-okkur\\\/\",\"url\":\"https:\\\/\\\/emasweden.com\\\/is\\\/hafdu-samband-vid-okkur\\\/\",\"name\":\"Haf\u00f0u samband vi\u00f0 okkur - EMA Sverige\",\"isPartOf\":{\"@id\":\"https:\\\/\\\/emasweden.com\\\/is\\\/#website\"},\"primaryImageOfPage\":{\"@id\":\"https:\\\/\\\/emasweden.com\\\/is\\\/hafdu-samband-vid-okkur\\\/#primaryimage\"},\"image\":{\"@id\":\"https:\\\/\\\/emasweden.com\\\/is\\\/hafdu-samband-vid-okkur\\\/#primaryimage\"},\"thumbnailUrl\":\"https:\\\/\\\/emasweden.com\\\/wp-content\\\/uploads\\\/2023\\\/05\\\/2023-02-01_Cropped_015-768x768-1.jpg\",\"datePublished\":\"2026-01-12T13:56:22+00:00\",\"dateModified\":\"2026-02-26T13:55:14+00:00\",\"description\":\"Umbo\u00f0sa\u00f0ili \u00e1 \u00cdslandi fyrir EMA er V\u00e9lavit, Gar\u00f0ab\u00e6. Ef \u00fe\u00fa vilt hafa samband vi\u00f0 okkur getur \u00fe\u00fa gert \u00fea\u00f0 l\u00edka h\u00e9r.\",\"breadcrumb\":{\"@id\":\"https:\\\/\\\/emasweden.com\\\/is\\\/hafdu-samband-vid-okkur\\\/#breadcrumb\"},\"inLanguage\":\"is\",\"potentialAction\":[{\"@type\":\"ReadAction\",\"target\":[\"https:\\\/\\\/emasweden.com\\\/is\\\/hafdu-samband-vid-okkur\\\/\"]}]},{\"@type\":\"ImageObject\",\"inLanguage\":\"is\",\"@id\":\"https:\\\/\\\/emasweden.com\\\/is\\\/hafdu-samband-vid-okkur\\\/#primaryimage\",\"url\":\"https:\\\/\\\/emasweden.com\\\/wp-content\\\/uploads\\\/2023\\\/05\\\/2023-02-01_Cropped_015-768x768-1.jpg\",\"contentUrl\":\"https:\\\/\\\/emasweden.com\\\/wp-content\\\/uploads\\\/2023\\\/05\\\/2023-02-01_Cropped_015-768x768-1.jpg\"},{\"@type\":\"BreadcrumbList\",\"@id\":\"https:\\\/\\\/emasweden.com\\\/is\\\/hafdu-samband-vid-okkur\\\/#breadcrumb\",\"itemListElement\":[{\"@type\":\"ListItem\",\"position\":1,\"name\":\"Hem\",\"item\":\"https:\\\/\\\/emasweden.com\\\/is\\\/\"},{\"@type\":\"ListItem\",\"position\":2,\"name\":\"Haf\u00f0u samband vi\u00f0 okkur\"}]},{\"@type\":\"WebSite\",\"@id\":\"https:\\\/\\\/emasweden.com\\\/is\\\/#website\",\"url\":\"https:\\\/\\\/emasweden.com\\\/is\\\/\",\"name\":\"EMA Sverige\",\"description\":\"\",\"potentialAction\":[{\"@type\":\"SearchAction\",\"target\":{\"@type\":\"EntryPoint\",\"urlTemplate\":\"https:\\\/\\\/emasweden.com\\\/is\\\/?s={search_term_string}\"},\"query-input\":{\"@type\":\"PropertyValueSpecification\",\"valueRequired\":true,\"valueName\":\"search_term_string\"}}],\"inLanguage\":\"is\"}]}<\/script>\n<!-- \/ Yoast SEO plugin. -->","yoast_head_json":{"title":"Haf\u00f0u samband vi\u00f0 okkur - EMA Sverige","description":"Umbo\u00f0sa\u00f0ili \u00e1 \u00cdslandi fyrir EMA er V\u00e9lavit, Gar\u00f0ab\u00e6. Ef \u00fe\u00fa vilt hafa samband vi\u00f0 okkur getur \u00fe\u00fa gert \u00fea\u00f0 l\u00edka h\u00e9r.","robots":{"index":"index","follow":"follow","max-snippet":"max-snippet:-1","max-image-preview":"max-image-preview:large","max-video-preview":"max-video-preview:-1"},"canonical":"https:\/\/emasweden.com\/is\/hafdu-samband-vid-okkur\/","og_locale":"is_IS","og_type":"article","og_title":"Haf\u00f0u samband vi\u00f0 okkur - EMA Sverige","og_description":"Umbo\u00f0sa\u00f0ili \u00e1 \u00cdslandi fyrir EMA er V\u00e9lavit, Gar\u00f0ab\u00e6. Ef \u00fe\u00fa vilt hafa samband vi\u00f0 okkur getur \u00fe\u00fa gert \u00fea\u00f0 l\u00edka h\u00e9r.","og_url":"https:\/\/emasweden.com\/is\/hafdu-samband-vid-okkur\/","og_site_name":"EMA Sverige","article_modified_time":"2026-02-26T13:55:14+00:00","og_image":[{"url":"https:\/\/emasweden.com\/wp-content\/uploads\/2023\/05\/2023-02-01_Cropped_015-768x768-1.jpg","type":"","width":"","height":""}],"twitter_card":"summary_large_image","twitter_misc":{"Est. reading time":"1 minute"},"schema":{"@context":"https:\/\/schema.org","@graph":[{"@type":"WebPage","@id":"https:\/\/emasweden.com\/is\/hafdu-samband-vid-okkur\/","url":"https:\/\/emasweden.com\/is\/hafdu-samband-vid-okkur\/","name":"Haf\u00f0u samband vi\u00f0 okkur - EMA Sverige","isPartOf":{"@id":"https:\/\/emasweden.com\/is\/#website"},"primaryImageOfPage":{"@id":"https:\/\/emasweden.com\/is\/hafdu-samband-vid-okkur\/#primaryimage"},"image":{"@id":"https:\/\/emasweden.com\/is\/hafdu-samband-vid-okkur\/#primaryimage"},"thumbnailUrl":"https:\/\/emasweden.com\/wp-content\/uploads\/2023\/05\/2023-02-01_Cropped_015-768x768-1.jpg","datePublished":"2026-01-12T13:56:22+00:00","dateModified":"2026-02-26T13:55:14+00:00","description":"Umbo\u00f0sa\u00f0ili \u00e1 \u00cdslandi fyrir EMA er V\u00e9lavit, Gar\u00f0ab\u00e6. Ef \u00fe\u00fa vilt hafa samband vi\u00f0 okkur getur \u00fe\u00fa gert \u00fea\u00f0 l\u00edka h\u00e9r.","breadcrumb":{"@id":"https:\/\/emasweden.com\/is\/hafdu-samband-vid-okkur\/#breadcrumb"},"inLanguage":"is","potentialAction":[{"@type":"ReadAction","target":["https:\/\/emasweden.com\/is\/hafdu-samband-vid-okkur\/"]}]},{"@type":"ImageObject","inLanguage":"is","@id":"https:\/\/emasweden.com\/is\/hafdu-samband-vid-okkur\/#primaryimage","url":"https:\/\/emasweden.com\/wp-content\/uploads\/2023\/05\/2023-02-01_Cropped_015-768x768-1.jpg","contentUrl":"https:\/\/emasweden.com\/wp-content\/uploads\/2023\/05\/2023-02-01_Cropped_015-768x768-1.jpg"},{"@type":"BreadcrumbList","@id":"https:\/\/emasweden.com\/is\/hafdu-samband-vid-okkur\/#breadcrumb","itemListElement":[{"@type":"ListItem","position":1,"name":"Hem","item":"https:\/\/emasweden.com\/is\/"},{"@type":"ListItem","position":2,"name":"Haf\u00f0u samband vi\u00f0 okkur"}]},{"@type":"WebSite","@id":"https:\/\/emasweden.com\/is\/#website","url":"https:\/\/emasweden.com\/is\/","name":"EMA Sverige","description":"","potentialAction":[{"@type":"SearchAction","target":{"@type":"EntryPoint","urlTemplate":"https:\/\/emasweden.com\/is\/?s={search_term_string}"},"query-input":{"@type":"PropertyValueSpecification","valueRequired":true,"valueName":"search_term_string"}}],"inLanguage":"is"}]}},"_links":{"self":[{"href":"https:\/\/emasweden.com\/is\/wp-json\/wp\/v2\/pages\/23250","targetHints":{"allow":["GET"]}}],"collection":[{"href":"https:\/\/emasweden.com\/is\/wp-json\/wp\/v2\/pages"}],"about":[{"href":"https:\/\/emasweden.com\/is\/wp-json\/wp\/v2\/types\/page"}],"author":[{"embeddable":true,"href":"https:\/\/emasweden.com\/is\/wp-json\/wp\/v2\/users\/177"}],"replies":[{"embeddable":true,"href":"https:\/\/emasweden.com\/is\/wp-json\/wp\/v2\/comments?post=23250"}],"version-history":[{"count":5,"href":"https:\/\/emasweden.com\/is\/wp-json\/wp\/v2\/pages\/23250\/revisions"}],"predecessor-version":[{"id":25859,"href":"https:\/\/emasweden.com\/is\/wp-json\/wp\/v2\/pages\/23250\/revisions\/25859"}],"wp:attachment":[{"href":"https:\/\/emasweden.com\/is\/wp-json\/wp\/v2\/media?parent=23250"}],"curies":[{"name":"wp","href":"https:\/\/api.w.org\/{rel}","templated":true}]}}