{"id":23413,"date":"2021-01-20T15:37:53","date_gmt":"2022-12-15T10:06:41","guid":{"rendered":"https:\/\/emasweden.com\/produkt\/hd-kuokkakauha-1050l-kynsilla-1100mm-s70\/"},"modified":"2026-01-12T14:57:29","modified_gmt":"2026-01-12T13:57:29","slug":"hd-kuokkakauha-1050l-kynsilla-1100mm-s70","status":"publish","type":"product","link":"https:\/\/emasweden.com\/is\/produkt\/hd-kuokkakauha-1050l-kynsilla-1100mm-s70\/","title":{"rendered":"HD Kuokkakauha 1050L kynsill\u00e4 &#8211; 1100mm &#8211; S70"},"content":{"rendered":"<p>Kuokkakauha\u2013 Heavy Duty (HD) on tuotevalikoimamme voimapes\u00e4. T\u00e4m\u00e4n kanssa ei materiaalien suhteen tehd\u00e4 compromise seja. Laitteet on varustettu pohjan kulutuskiskoilla ja ne on usein normaalia paksumpia. T\u00e4t\u00e4 tehopakettia k\u00e4ytt\u00e4v\u00e4t enimm\u00e4kseen k\u00e4ytt\u00e4j\u00e4t, jotka asettavat tuotteilleen eritt\u00e4in korkeat vaatimukset. He ty\u00f6skentelev\u00e4t usein materiaaleilla ja ymp\u00e4rist\u00f6iss\u00e4, jotka vaativat hieman ylim\u00e4\u00e4r\u00e4ist\u00e4 kest\u00e4vyyden suhteen. T\u00e4m\u00e4n luokan kauhat ovat usein raskaampia, koska k\u00e4ytet\u00e4\u00e4n ylim\u00e4\u00e4r\u00e4ist\u00e4 ter\u00e4st\u00e4. Tuloksena on eritt\u00e4in kest\u00e4v\u00e4 kauha.      <\/p>\n<p>\u2022 Huulilevy 500 Brinell Borox<br \/>\n<br \/>\u2022 Kulutussuojat kyljiss\u00e4, pohja ja kulutussuojat 450 HARDOX<br \/>\n<br \/>\u2022 CAT-kynsij\u00e4rjestelm\u00e4<br \/>\n<br \/>\u2022 Kauha on kehitetty yhdess\u00e4 koneenk\u00e4ytt\u00e4jien kanssa<br \/>\n<\/br><\/p>\n","protected":false},"excerpt":{"rendered":"<p>Kuokkakauha\u2013 Heavy Duty (HD) on tuotevalikoimamme voimapes\u00e4. T\u00e4m\u00e4n kanssa ei materiaalien suhteen tehd\u00e4 compromise seja. Laitteet on varustettu pohjan kulutuskiskoilla ja ne on usein normaalia paksumpia. T\u00e4t\u00e4 tehopakettia k\u00e4ytt\u00e4v\u00e4t enimm\u00e4kseen k\u00e4ytt\u00e4j\u00e4t, jotka asettavat tuotteilleen eritt\u00e4in korkeat vaatimukset. He ty\u00f6skentelev\u00e4t usein materiaaleilla ja ymp\u00e4rist\u00f6iss\u00e4, jotka vaativat hieman ylim\u00e4\u00e4r\u00e4ist\u00e4 kest\u00e4vyyden suhteen. T\u00e4m\u00e4n luokan kauhat ovat usein raskaampia, [&hellip;]<\/p>\n","protected":false},"featured_media":0,"template":"","meta":{"_monsterinsights_skip_tracking":false,"_monsterinsights_sitenote_active":false,"_monsterinsights_sitenote_note":"","_monsterinsights_sitenote_category":0},"product_brand":[],"product_cat":[5615],"product_tag":[],"faste-y":[],"class_list":{"0":"post-23413","1":"product","2":"type-product","3":"status-publish","5":"product_cat-dyptarskal","6":"pa_antal-tander-5632","7":"pa_max-bredd-1100mm","8":"pa_skar-40x400mm","9":"pa_tand-j450","10":"pa_vikt-1160-kg","12":"first","13":"instock","14":"purchasable","15":"product-type-simple"},"yoast_head":"<!-- This site is optimized with the Yoast SEO plugin v27.3 - https:\/\/yoast.com\/product\/yoast-seo-wordpress\/ -->\n<title>HD Kuokkakauha 1050L kynsill\u00e4 - 1100mm - S70 - EMA Sverige<\/title>\n<meta name=\"robots\" content=\"index, follow, max-snippet:-1, max-image-preview:large, max-video-preview:-1\" \/>\n<link rel=\"canonical\" href=\"https:\/\/emasweden.com\/is\/produkt\/hd-kuokkakauha-1050l-kynsilla-1100mm-s70\/\" \/>\n<meta property=\"og:locale\" content=\"is_IS\" \/>\n<meta property=\"og:type\" content=\"article\" \/>\n<meta property=\"og:title\" content=\"HD Kuokkakauha 1050L kynsill\u00e4 - 1100mm - S70 - EMA Sverige\" \/>\n<meta property=\"og:description\" content=\"Kuokkakauha\u2013 Heavy Duty (HD) on tuotevalikoimamme voimapes\u00e4. T\u00e4m\u00e4n kanssa ei materiaalien suhteen tehd\u00e4 compromise seja. Laitteet on varustettu pohjan kulutuskiskoilla ja ne on usein normaalia paksumpia. T\u00e4t\u00e4 tehopakettia k\u00e4ytt\u00e4v\u00e4t enimm\u00e4kseen k\u00e4ytt\u00e4j\u00e4t, jotka asettavat tuotteilleen eritt\u00e4in korkeat vaatimukset. He ty\u00f6skentelev\u00e4t usein materiaaleilla ja ymp\u00e4rist\u00f6iss\u00e4, jotka vaativat hieman ylim\u00e4\u00e4r\u00e4ist\u00e4 kest\u00e4vyyden suhteen. T\u00e4m\u00e4n luokan kauhat ovat usein raskaampia, [&hellip;]\" \/>\n<meta property=\"og:url\" content=\"https:\/\/emasweden.com\/is\/produkt\/hd-kuokkakauha-1050l-kynsilla-1100mm-s70\/\" \/>\n<meta property=\"og:site_name\" content=\"EMA Sverige\" \/>\n<meta property=\"article:modified_time\" content=\"2026-01-12T13:57:29+00:00\" \/>\n<meta name=\"twitter:card\" content=\"summary_large_image\" \/>\n<meta name=\"twitter:label1\" content=\"Est. reading time\" \/>\n\t<meta name=\"twitter:data1\" content=\"1 minute\" \/>\n<script type=\"application\/ld+json\" class=\"yoast-schema-graph\">{\"@context\":\"https:\\\/\\\/schema.org\",\"@graph\":[{\"@type\":\"WebPage\",\"@id\":\"https:\\\/\\\/emasweden.com\\\/is\\\/produkt\\\/hd-kuokkakauha-1050l-kynsilla-1100mm-s70\\\/\",\"url\":\"https:\\\/\\\/emasweden.com\\\/is\\\/produkt\\\/hd-kuokkakauha-1050l-kynsilla-1100mm-s70\\\/\",\"name\":\"HD Kuokkakauha 1050L kynsill\u00e4 - 1100mm - S70 - EMA Sverige\",\"isPartOf\":{\"@id\":\"https:\\\/\\\/emasweden.com\\\/is\\\/#website\"},\"datePublished\":\"2022-12-15T10:06:41+00:00\",\"dateModified\":\"2026-01-12T13:57:29+00:00\",\"breadcrumb\":{\"@id\":\"https:\\\/\\\/emasweden.com\\\/is\\\/produkt\\\/hd-kuokkakauha-1050l-kynsilla-1100mm-s70\\\/#breadcrumb\"},\"inLanguage\":\"is\",\"potentialAction\":[{\"@type\":\"ReadAction\",\"target\":[\"https:\\\/\\\/emasweden.com\\\/is\\\/produkt\\\/hd-kuokkakauha-1050l-kynsilla-1100mm-s70\\\/\"]}]},{\"@type\":\"BreadcrumbList\",\"@id\":\"https:\\\/\\\/emasweden.com\\\/is\\\/produkt\\\/hd-kuokkakauha-1050l-kynsilla-1100mm-s70\\\/#breadcrumb\",\"itemListElement\":[{\"@type\":\"ListItem\",\"position\":1,\"name\":\"Hem\",\"item\":\"https:\\\/\\\/emasweden.com\\\/is\\\/\"},{\"@type\":\"ListItem\",\"position\":2,\"name\":\"V\u00f6ru\u00farval\",\"item\":\"https:\\\/\\\/emasweden.com\\\/is\\\/voruurval\\\/\"},{\"@type\":\"ListItem\",\"position\":3,\"name\":\"HD Kuokkakauha 1050L kynsill\u00e4 &#8211; 1100mm &#8211; S70\"}]},{\"@type\":\"WebSite\",\"@id\":\"https:\\\/\\\/emasweden.com\\\/is\\\/#website\",\"url\":\"https:\\\/\\\/emasweden.com\\\/is\\\/\",\"name\":\"EMA Sverige\",\"description\":\"\",\"potentialAction\":[{\"@type\":\"SearchAction\",\"target\":{\"@type\":\"EntryPoint\",\"urlTemplate\":\"https:\\\/\\\/emasweden.com\\\/is\\\/?s={search_term_string}\"},\"query-input\":{\"@type\":\"PropertyValueSpecification\",\"valueRequired\":true,\"valueName\":\"search_term_string\"}}],\"inLanguage\":\"is\"}]}<\/script>\n<!-- \/ Yoast SEO plugin. -->","yoast_head_json":{"title":"HD Kuokkakauha 1050L kynsill\u00e4 - 1100mm - S70 - EMA Sverige","robots":{"index":"index","follow":"follow","max-snippet":"max-snippet:-1","max-image-preview":"max-image-preview:large","max-video-preview":"max-video-preview:-1"},"canonical":"https:\/\/emasweden.com\/is\/produkt\/hd-kuokkakauha-1050l-kynsilla-1100mm-s70\/","og_locale":"is_IS","og_type":"article","og_title":"HD Kuokkakauha 1050L kynsill\u00e4 - 1100mm - S70 - EMA Sverige","og_description":"Kuokkakauha\u2013 Heavy Duty (HD) on tuotevalikoimamme voimapes\u00e4. T\u00e4m\u00e4n kanssa ei materiaalien suhteen tehd\u00e4 compromise seja. Laitteet on varustettu pohjan kulutuskiskoilla ja ne on usein normaalia paksumpia. T\u00e4t\u00e4 tehopakettia k\u00e4ytt\u00e4v\u00e4t enimm\u00e4kseen k\u00e4ytt\u00e4j\u00e4t, jotka asettavat tuotteilleen eritt\u00e4in korkeat vaatimukset. He ty\u00f6skentelev\u00e4t usein materiaaleilla ja ymp\u00e4rist\u00f6iss\u00e4, jotka vaativat hieman ylim\u00e4\u00e4r\u00e4ist\u00e4 kest\u00e4vyyden suhteen. T\u00e4m\u00e4n luokan kauhat ovat usein raskaampia, [&hellip;]","og_url":"https:\/\/emasweden.com\/is\/produkt\/hd-kuokkakauha-1050l-kynsilla-1100mm-s70\/","og_site_name":"EMA Sverige","article_modified_time":"2026-01-12T13:57:29+00:00","twitter_card":"summary_large_image","twitter_misc":{"Est. reading time":"1 minute"},"schema":{"@context":"https:\/\/schema.org","@graph":[{"@type":"WebPage","@id":"https:\/\/emasweden.com\/is\/produkt\/hd-kuokkakauha-1050l-kynsilla-1100mm-s70\/","url":"https:\/\/emasweden.com\/is\/produkt\/hd-kuokkakauha-1050l-kynsilla-1100mm-s70\/","name":"HD Kuokkakauha 1050L kynsill\u00e4 - 1100mm - S70 - EMA Sverige","isPartOf":{"@id":"https:\/\/emasweden.com\/is\/#website"},"datePublished":"2022-12-15T10:06:41+00:00","dateModified":"2026-01-12T13:57:29+00:00","breadcrumb":{"@id":"https:\/\/emasweden.com\/is\/produkt\/hd-kuokkakauha-1050l-kynsilla-1100mm-s70\/#breadcrumb"},"inLanguage":"is","potentialAction":[{"@type":"ReadAction","target":["https:\/\/emasweden.com\/is\/produkt\/hd-kuokkakauha-1050l-kynsilla-1100mm-s70\/"]}]},{"@type":"BreadcrumbList","@id":"https:\/\/emasweden.com\/is\/produkt\/hd-kuokkakauha-1050l-kynsilla-1100mm-s70\/#breadcrumb","itemListElement":[{"@type":"ListItem","position":1,"name":"Hem","item":"https:\/\/emasweden.com\/is\/"},{"@type":"ListItem","position":2,"name":"V\u00f6ru\u00farval","item":"https:\/\/emasweden.com\/is\/voruurval\/"},{"@type":"ListItem","position":3,"name":"HD Kuokkakauha 1050L kynsill\u00e4 &#8211; 1100mm &#8211; S70"}]},{"@type":"WebSite","@id":"https:\/\/emasweden.com\/is\/#website","url":"https:\/\/emasweden.com\/is\/","name":"EMA Sverige","description":"","potentialAction":[{"@type":"SearchAction","target":{"@type":"EntryPoint","urlTemplate":"https:\/\/emasweden.com\/is\/?s={search_term_string}"},"query-input":{"@type":"PropertyValueSpecification","valueRequired":true,"valueName":"search_term_string"}}],"inLanguage":"is"}]}},"_links":{"self":[{"href":"https:\/\/emasweden.com\/is\/wp-json\/wp\/v2\/product\/23413","targetHints":{"allow":["GET"]}}],"collection":[{"href":"https:\/\/emasweden.com\/is\/wp-json\/wp\/v2\/product"}],"about":[{"href":"https:\/\/emasweden.com\/is\/wp-json\/wp\/v2\/types\/product"}],"wp:attachment":[{"href":"https:\/\/emasweden.com\/is\/wp-json\/wp\/v2\/media?parent=23413"}],"wp:term":[{"taxonomy":"product_brand","embeddable":true,"href":"https:\/\/emasweden.com\/is\/wp-json\/wp\/v2\/product_brand?post=23413"},{"taxonomy":"product_cat","embeddable":true,"href":"https:\/\/emasweden.com\/is\/wp-json\/wp\/v2\/product_cat?post=23413"},{"taxonomy":"product_tag","embeddable":true,"href":"https:\/\/emasweden.com\/is\/wp-json\/wp\/v2\/product_tag?post=23413"},{"taxonomy":"faste-y","embeddable":true,"href":"https:\/\/emasweden.com\/is\/wp-json\/wp\/v2\/faste-y?post=23413"}],"curies":[{"name":"wp","href":"https:\/\/api.w.org\/{rel}","templated":true}]}}