{"id":23802,"date":"2024-10-23T14:05:06","date_gmt":"2024-10-23T12:05:06","guid":{"rendered":"https:\/\/emasweden.com\/produkt\/kjarnakapalskal-keilulagdur-150l-300-500mm-s50\/"},"modified":"2026-01-12T15:00:34","modified_gmt":"2026-01-12T14:00:34","slug":"kjarnakapalskal-keilulagdur-150l-300-500mm-s50","status":"publish","type":"product","link":"https:\/\/emasweden.com\/is\/produkt\/kjarnakapalskal-keilulagdur-150l-300-500mm-s50\/","title":{"rendered":"Core Conical Cable Bucket &#8211; 150L &#8211; 300\/500mm &#8211; S50"},"content":{"rendered":"<p><sup>Kjarna kapalsk\u00e1l keilulaga 300\/500mm &#8211; S50<\/sup>_x000D_<br \/>\n\u2022 Fullkomin h\u00f6nnun fyrir skilvirka materialfl\u00f6de_x000D_<br \/>\n\u2022 Hanna\u00f0 til a\u00f0 einfalda vinnu \u00ed kringum og undir kablar._x000D_<br \/>\n\u2022 Fj\u00f6lbreytt svi\u00f0 me\u00f0 m\u00f6rgum mismunandi breiddum og designalternativ_x000D_<br \/>\n\u2022 Innsetningar \u00far HB 500 efni = Langt livsl\u00e4ngd_x000D_<br \/>\n\u2022 Sveigju-, botn- og slitv\u00f6rn \u00ed HB450 material_x000D_<br \/>\n= LANGT livsl\u00e4ngd_x000D_<br \/>\n_x000D_<br \/>\nL\u00cdFT\u00cdMA ME\u00d0 R\u00c9TTU<br \/>\n MATERIAL_x000D_Endingargeta v\u00f6runnar er mikilv\u00e6gur \u00fe\u00e1ttur \u00ed ar\u00f0semi. \u00deess vegna er EMA Core \u00far efnum sem hafa Brinell h\u00f6rku upp \u00e1 HB450._x000D_<br \/>\n_x000D_UPPT\u00c4CKSKILLNADEN_x000D_<\/p>\n<p> Uppg\u00f6tva\u00f0u muninn me\u00f0 EMA Core kapalsk\u00e1linni, sem er hanna\u00f0ur til a\u00f0 einfalda verkefnin \u00fe\u00edn og auka framlei\u00f0ni. Me\u00f0 \u00e1herslu \u00e1 sveigjanleika og frammist\u00f6\u00f0u stendur EMA Core upp \u00far sem hinn fullkomni kostur til a\u00f0 einfalda daglegt l\u00edf \u00feitt og draga \u00far rekstrarkostna\u00f0i  <\/p>\n","protected":false},"excerpt":{"rendered":"<p>Kjarna kapalsk\u00e1l keilulaga 300\/500mm &#8211; S50_x000D_ \u2022 Fullkomin h\u00f6nnun fyrir skilvirka materialfl\u00f6de_x000D_ \u2022 Hanna\u00f0 til a\u00f0 einfalda vinnu \u00ed kringum og undir kablar._x000D_ \u2022 Fj\u00f6lbreytt svi\u00f0 me\u00f0 m\u00f6rgum mismunandi breiddum og designalternativ_x000D_ \u2022 Innsetningar \u00far HB 500 efni = Langt livsl\u00e4ngd_x000D_ \u2022 Sveigju-, botn- og slitv\u00f6rn \u00ed HB450 material_x000D_ = LANGT livsl\u00e4ngd_x000D_ _x000D_ L\u00cdFT\u00cdMA ME\u00d0 [&hellip;]<\/p>\n","protected":false},"featured_media":23790,"template":"","meta":{"_monsterinsights_skip_tracking":false,"_monsterinsights_sitenote_active":false,"_monsterinsights_sitenote_note":"","_monsterinsights_sitenote_category":0},"product_brand":[],"product_cat":[5870],"product_tag":[5850],"faste-y":[],"class_list":{"0":"post-23802","1":"product","2":"type-product","3":"status-publish","4":"has-post-thumbnail","6":"product_cat-cable-bucket","7":"product_tag-kjarni","8":"pa_maskinvikt-spec-10-14-tonn","9":"pa_max-bredd-500mm","10":"pa_min-bredd-300mm","11":"pa_vikt-157-kg","13":"first","14":"instock","15":"purchasable","16":"product-type-simple"},"yoast_head":"<!-- This site is optimized with the Yoast SEO plugin v27.3 - https:\/\/yoast.com\/product\/yoast-seo-wordpress\/ -->\n<title>EMA Sv\u00ed\u00fej\u00f3\u00f0 | Jar\u00f0flutningab\u00fana\u00f0ur - gr\u00f6fu og \u00f6nnur aukahlutir<\/title>\n<meta name=\"description\" content=\"Hj\u00e1 EMA elskum vi\u00f0 f\u00f6tur og a\u00f0ra v\u00e9lab\u00fana\u00f0. H\u00e9r finnur \u00fe\u00fa l\u00edklega st\u00e6rstu f\u00f6tul\u00ednu Sv\u00ed\u00fej\u00f3\u00f0ar me\u00f0 ger\u00f0um fr\u00e1 50 til 4500 l\u00edtrum.\" \/>\n<meta name=\"robots\" content=\"index, follow, max-snippet:-1, max-image-preview:large, max-video-preview:-1\" \/>\n<link rel=\"canonical\" href=\"https:\/\/emasweden.com\/is\/produkt\/kjarnakapalskal-keilulagdur-150l-300-500mm-s50\/\" \/>\n<meta property=\"og:locale\" content=\"is_IS\" \/>\n<meta property=\"og:type\" content=\"article\" \/>\n<meta property=\"og:title\" content=\"EMA Sv\u00ed\u00fej\u00f3\u00f0 | Jar\u00f0flutningab\u00fana\u00f0ur - gr\u00f6fu og \u00f6nnur aukahlutir\" \/>\n<meta property=\"og:description\" content=\"Hj\u00e1 EMA elskum vi\u00f0 f\u00f6tur og a\u00f0ra v\u00e9lab\u00fana\u00f0. H\u00e9r finnur \u00fe\u00fa l\u00edklega st\u00e6rstu f\u00f6tul\u00ednu Sv\u00ed\u00fej\u00f3\u00f0ar me\u00f0 ger\u00f0um fr\u00e1 50 til 4500 l\u00edtrum.\" \/>\n<meta property=\"og:url\" content=\"https:\/\/emasweden.com\/is\/produkt\/kjarnakapalskal-keilulagdur-150l-300-500mm-s50\/\" \/>\n<meta property=\"og:site_name\" content=\"EMA Sverige\" \/>\n<meta property=\"article:modified_time\" content=\"2026-01-12T14:00:34+00:00\" \/>\n<meta property=\"og:image\" content=\"https:\/\/emasweden.com\/wp-content\/uploads\/2024\/10\/CABLE-BUCKET-CONICAL.50.jpg\" \/>\n\t<meta property=\"og:image:width\" content=\"1920\" \/>\n\t<meta property=\"og:image:height\" content=\"1470\" \/>\n\t<meta property=\"og:image:type\" content=\"image\/jpeg\" \/>\n<meta name=\"twitter:card\" content=\"summary_large_image\" \/>\n<meta name=\"twitter:label1\" content=\"Est. reading time\" \/>\n\t<meta name=\"twitter:data1\" content=\"1 minute\" \/>\n<script type=\"application\/ld+json\" class=\"yoast-schema-graph\">{\"@context\":\"https:\\\/\\\/schema.org\",\"@graph\":[{\"@type\":\"WebPage\",\"@id\":\"https:\\\/\\\/emasweden.com\\\/is\\\/produkt\\\/kjarnakapalskal-keilulagdur-150l-300-500mm-s50\\\/\",\"url\":\"https:\\\/\\\/emasweden.com\\\/is\\\/produkt\\\/kjarnakapalskal-keilulagdur-150l-300-500mm-s50\\\/\",\"name\":\"EMA Sv\u00ed\u00fej\u00f3\u00f0 | Jar\u00f0flutningab\u00fana\u00f0ur - gr\u00f6fu og \u00f6nnur aukahlutir\",\"isPartOf\":{\"@id\":\"https:\\\/\\\/emasweden.com\\\/is\\\/#website\"},\"primaryImageOfPage\":{\"@id\":\"https:\\\/\\\/emasweden.com\\\/is\\\/produkt\\\/kjarnakapalskal-keilulagdur-150l-300-500mm-s50\\\/#primaryimage\"},\"image\":{\"@id\":\"https:\\\/\\\/emasweden.com\\\/is\\\/produkt\\\/kjarnakapalskal-keilulagdur-150l-300-500mm-s50\\\/#primaryimage\"},\"thumbnailUrl\":\"https:\\\/\\\/emasweden.com\\\/wp-content\\\/uploads\\\/2024\\\/10\\\/CABLE-BUCKET-CONICAL.50.jpg\",\"datePublished\":\"2024-10-23T12:05:06+00:00\",\"dateModified\":\"2026-01-12T14:00:34+00:00\",\"description\":\"Hj\u00e1 EMA elskum vi\u00f0 f\u00f6tur og a\u00f0ra v\u00e9lab\u00fana\u00f0. H\u00e9r finnur \u00fe\u00fa l\u00edklega st\u00e6rstu f\u00f6tul\u00ednu Sv\u00ed\u00fej\u00f3\u00f0ar me\u00f0 ger\u00f0um fr\u00e1 50 til 4500 l\u00edtrum.\",\"breadcrumb\":{\"@id\":\"https:\\\/\\\/emasweden.com\\\/is\\\/produkt\\\/kjarnakapalskal-keilulagdur-150l-300-500mm-s50\\\/#breadcrumb\"},\"inLanguage\":\"is\",\"potentialAction\":[{\"@type\":\"ReadAction\",\"target\":[\"https:\\\/\\\/emasweden.com\\\/is\\\/produkt\\\/kjarnakapalskal-keilulagdur-150l-300-500mm-s50\\\/\"]}]},{\"@type\":\"ImageObject\",\"inLanguage\":\"is\",\"@id\":\"https:\\\/\\\/emasweden.com\\\/is\\\/produkt\\\/kjarnakapalskal-keilulagdur-150l-300-500mm-s50\\\/#primaryimage\",\"url\":\"https:\\\/\\\/emasweden.com\\\/wp-content\\\/uploads\\\/2024\\\/10\\\/CABLE-BUCKET-CONICAL.50.jpg\",\"contentUrl\":\"https:\\\/\\\/emasweden.com\\\/wp-content\\\/uploads\\\/2024\\\/10\\\/CABLE-BUCKET-CONICAL.50.jpg\",\"width\":1920,\"height\":1470},{\"@type\":\"BreadcrumbList\",\"@id\":\"https:\\\/\\\/emasweden.com\\\/is\\\/produkt\\\/kjarnakapalskal-keilulagdur-150l-300-500mm-s50\\\/#breadcrumb\",\"itemListElement\":[{\"@type\":\"ListItem\",\"position\":1,\"name\":\"Hem\",\"item\":\"https:\\\/\\\/emasweden.com\\\/is\\\/\"},{\"@type\":\"ListItem\",\"position\":2,\"name\":\"V\u00f6ru\u00farval\",\"item\":\"https:\\\/\\\/emasweden.com\\\/is\\\/voruurval\\\/\"},{\"@type\":\"ListItem\",\"position\":3,\"name\":\"Core Conical Cable Bucket &#8211; 150L &#8211; 300\\\/500mm &#8211; S50\"}]},{\"@type\":\"WebSite\",\"@id\":\"https:\\\/\\\/emasweden.com\\\/is\\\/#website\",\"url\":\"https:\\\/\\\/emasweden.com\\\/is\\\/\",\"name\":\"EMA Sverige\",\"description\":\"\",\"potentialAction\":[{\"@type\":\"SearchAction\",\"target\":{\"@type\":\"EntryPoint\",\"urlTemplate\":\"https:\\\/\\\/emasweden.com\\\/is\\\/?s={search_term_string}\"},\"query-input\":{\"@type\":\"PropertyValueSpecification\",\"valueRequired\":true,\"valueName\":\"search_term_string\"}}],\"inLanguage\":\"is\"}]}<\/script>\n<!-- \/ Yoast SEO plugin. -->","yoast_head_json":{"title":"EMA Sv\u00ed\u00fej\u00f3\u00f0 | Jar\u00f0flutningab\u00fana\u00f0ur - gr\u00f6fu og \u00f6nnur aukahlutir","description":"Hj\u00e1 EMA elskum vi\u00f0 f\u00f6tur og a\u00f0ra v\u00e9lab\u00fana\u00f0. H\u00e9r finnur \u00fe\u00fa l\u00edklega st\u00e6rstu f\u00f6tul\u00ednu Sv\u00ed\u00fej\u00f3\u00f0ar me\u00f0 ger\u00f0um fr\u00e1 50 til 4500 l\u00edtrum.","robots":{"index":"index","follow":"follow","max-snippet":"max-snippet:-1","max-image-preview":"max-image-preview:large","max-video-preview":"max-video-preview:-1"},"canonical":"https:\/\/emasweden.com\/is\/produkt\/kjarnakapalskal-keilulagdur-150l-300-500mm-s50\/","og_locale":"is_IS","og_type":"article","og_title":"EMA Sv\u00ed\u00fej\u00f3\u00f0 | Jar\u00f0flutningab\u00fana\u00f0ur - gr\u00f6fu og \u00f6nnur aukahlutir","og_description":"Hj\u00e1 EMA elskum vi\u00f0 f\u00f6tur og a\u00f0ra v\u00e9lab\u00fana\u00f0. H\u00e9r finnur \u00fe\u00fa l\u00edklega st\u00e6rstu f\u00f6tul\u00ednu Sv\u00ed\u00fej\u00f3\u00f0ar me\u00f0 ger\u00f0um fr\u00e1 50 til 4500 l\u00edtrum.","og_url":"https:\/\/emasweden.com\/is\/produkt\/kjarnakapalskal-keilulagdur-150l-300-500mm-s50\/","og_site_name":"EMA Sverige","article_modified_time":"2026-01-12T14:00:34+00:00","og_image":[{"width":1920,"height":1470,"url":"https:\/\/emasweden.com\/wp-content\/uploads\/2024\/10\/CABLE-BUCKET-CONICAL.50.jpg","type":"image\/jpeg"}],"twitter_card":"summary_large_image","twitter_misc":{"Est. reading time":"1 minute"},"schema":{"@context":"https:\/\/schema.org","@graph":[{"@type":"WebPage","@id":"https:\/\/emasweden.com\/is\/produkt\/kjarnakapalskal-keilulagdur-150l-300-500mm-s50\/","url":"https:\/\/emasweden.com\/is\/produkt\/kjarnakapalskal-keilulagdur-150l-300-500mm-s50\/","name":"EMA Sv\u00ed\u00fej\u00f3\u00f0 | Jar\u00f0flutningab\u00fana\u00f0ur - gr\u00f6fu og \u00f6nnur aukahlutir","isPartOf":{"@id":"https:\/\/emasweden.com\/is\/#website"},"primaryImageOfPage":{"@id":"https:\/\/emasweden.com\/is\/produkt\/kjarnakapalskal-keilulagdur-150l-300-500mm-s50\/#primaryimage"},"image":{"@id":"https:\/\/emasweden.com\/is\/produkt\/kjarnakapalskal-keilulagdur-150l-300-500mm-s50\/#primaryimage"},"thumbnailUrl":"https:\/\/emasweden.com\/wp-content\/uploads\/2024\/10\/CABLE-BUCKET-CONICAL.50.jpg","datePublished":"2024-10-23T12:05:06+00:00","dateModified":"2026-01-12T14:00:34+00:00","description":"Hj\u00e1 EMA elskum vi\u00f0 f\u00f6tur og a\u00f0ra v\u00e9lab\u00fana\u00f0. H\u00e9r finnur \u00fe\u00fa l\u00edklega st\u00e6rstu f\u00f6tul\u00ednu Sv\u00ed\u00fej\u00f3\u00f0ar me\u00f0 ger\u00f0um fr\u00e1 50 til 4500 l\u00edtrum.","breadcrumb":{"@id":"https:\/\/emasweden.com\/is\/produkt\/kjarnakapalskal-keilulagdur-150l-300-500mm-s50\/#breadcrumb"},"inLanguage":"is","potentialAction":[{"@type":"ReadAction","target":["https:\/\/emasweden.com\/is\/produkt\/kjarnakapalskal-keilulagdur-150l-300-500mm-s50\/"]}]},{"@type":"ImageObject","inLanguage":"is","@id":"https:\/\/emasweden.com\/is\/produkt\/kjarnakapalskal-keilulagdur-150l-300-500mm-s50\/#primaryimage","url":"https:\/\/emasweden.com\/wp-content\/uploads\/2024\/10\/CABLE-BUCKET-CONICAL.50.jpg","contentUrl":"https:\/\/emasweden.com\/wp-content\/uploads\/2024\/10\/CABLE-BUCKET-CONICAL.50.jpg","width":1920,"height":1470},{"@type":"BreadcrumbList","@id":"https:\/\/emasweden.com\/is\/produkt\/kjarnakapalskal-keilulagdur-150l-300-500mm-s50\/#breadcrumb","itemListElement":[{"@type":"ListItem","position":1,"name":"Hem","item":"https:\/\/emasweden.com\/is\/"},{"@type":"ListItem","position":2,"name":"V\u00f6ru\u00farval","item":"https:\/\/emasweden.com\/is\/voruurval\/"},{"@type":"ListItem","position":3,"name":"Core Conical Cable Bucket &#8211; 150L &#8211; 300\/500mm &#8211; S50"}]},{"@type":"WebSite","@id":"https:\/\/emasweden.com\/is\/#website","url":"https:\/\/emasweden.com\/is\/","name":"EMA Sverige","description":"","potentialAction":[{"@type":"SearchAction","target":{"@type":"EntryPoint","urlTemplate":"https:\/\/emasweden.com\/is\/?s={search_term_string}"},"query-input":{"@type":"PropertyValueSpecification","valueRequired":true,"valueName":"search_term_string"}}],"inLanguage":"is"}]}},"_links":{"self":[{"href":"https:\/\/emasweden.com\/is\/wp-json\/wp\/v2\/product\/23802","targetHints":{"allow":["GET"]}}],"collection":[{"href":"https:\/\/emasweden.com\/is\/wp-json\/wp\/v2\/product"}],"about":[{"href":"https:\/\/emasweden.com\/is\/wp-json\/wp\/v2\/types\/product"}],"wp:featuredmedia":[{"embeddable":true,"href":"https:\/\/emasweden.com\/is\/wp-json\/wp\/v2\/media\/23790"}],"wp:attachment":[{"href":"https:\/\/emasweden.com\/is\/wp-json\/wp\/v2\/media?parent=23802"}],"wp:term":[{"taxonomy":"product_brand","embeddable":true,"href":"https:\/\/emasweden.com\/is\/wp-json\/wp\/v2\/product_brand?post=23802"},{"taxonomy":"product_cat","embeddable":true,"href":"https:\/\/emasweden.com\/is\/wp-json\/wp\/v2\/product_cat?post=23802"},{"taxonomy":"product_tag","embeddable":true,"href":"https:\/\/emasweden.com\/is\/wp-json\/wp\/v2\/product_tag?post=23802"},{"taxonomy":"faste-y","embeddable":true,"href":"https:\/\/emasweden.com\/is\/wp-json\/wp\/v2\/faste-y?post=23802"}],"curies":[{"name":"wp","href":"https:\/\/api.w.org\/{rel}","templated":true}]}}