{"id":23927,"date":"2022-08-30T15:34:10","date_gmt":"2022-08-30T13:34:10","guid":{"rendered":"https:\/\/emasweden.com\/produkt\/hd-flokkunarbjalki-med-skoflu-2500mm-an-festingar\/"},"modified":"2026-01-12T15:14:36","modified_gmt":"2026-01-12T14:14:36","slug":"hd-flokkunarbjalki-med-skoflu-2500mm-an-festingar","status":"publish","type":"product","link":"https:\/\/emasweden.com\/is\/produkt\/hd-flokkunarbjalki-med-skoflu-2500mm-an-festingar\/","title":{"rendered":"HD Grading beam with roller with bucket &#8211; 2500mm &#8211; Without hitch"},"content":{"rendered":"<p><sup>HD flokkunarbj\u00e1lki me\u00f0 sk\u00f3flu &#8211; 2500mm &#8211; \u00e1n festingar<\/sup><br \/>\n\u2013 Sveigjanlegt vara til a\u00f0 stilla og skipuleggja efni me\u00f0 upph\u00e6kku\u00f0um hlutum aftan<br \/>\nog framan til a\u00f0 gera kleift a\u00f0 nota bj\u00e1lkann \u00e1 sem bestan h\u00e1tt til a\u00f0 safna og<br \/>\njafna efni. Lagningsbitinn hefur st\u00e6rri f\u00f6tu fyrir betra safnsv\u00e6\u00f0i vi\u00f0 frambr\u00fanina, sem \u00fe\u00fd\u00f0ir a\u00f0 \u00feegar \u00fe\u00fa vinnur me\u00f0 bj\u00e1lkann hefur\u00f0u alltaf<br \/>\nn\u00f3g af efni me\u00f0 \u00fe\u00e9r sem getur fyllt upp \u00ed \u00f3j\u00f6fnunina \u00ed j\u00f6r\u00f0inni. <\/p>\n<p><sup>HD flokkunarbj\u00e1lki me\u00f0 sk\u00f3flu &#8211; 2500mm &#8211; \u00e1n festingar<\/sup><\/p>\n<ul>\n<li><strong><a href=\"https:\/\/www.ssab.com\/sv-se\/varumarken-och-produkter\/hardox\/produktprogram\/450\">Hardox 450<\/a><\/strong> \u00e1 berum slithlutum<\/li>\n<li><a href=\"https:\/\/emasweden.com\/produkt-kategori\/tengsl\/faste-kabelplog\/\"><strong>Bolta\u00f0ur festing<\/strong><\/a> til a\u00f0 stilla og skipta um festingu <\/li>\n<li>Dj\u00fapa byggingin \u00fe\u00fd\u00f0ir a\u00f0 \u00fea\u00f0 fer ekki ofan \u00ed<br \/>\nefni\u00f0 heldur helst fl\u00f6t<\/li>\n<li>St\u00f3r f\u00f6tuhluti og upph\u00e6kka\u00f0ur afturbr\u00fan til a\u00f0 au\u00f0velda<br \/>\nflutning efnis<\/li>\n<\/ul>\n<p><strong><a href=\"https:\/\/emasweden.com\/produkt-kategori\/tengsl\/faste-kabelplog\/\">Sko\u00f0a\u00f0u \u00e1 milli mismunandi brackets h\u00e9r!<\/a><\/strong><\/p>\n","protected":false},"excerpt":{"rendered":"<p>HD flokkunarbj\u00e1lki me\u00f0 sk\u00f3flu &#8211; 2500mm &#8211; \u00e1n festingar \u2013 Sveigjanlegt vara til a\u00f0 stilla og skipuleggja efni me\u00f0 upph\u00e6kku\u00f0um hlutum aftan og framan til a\u00f0 gera kleift a\u00f0 nota bj\u00e1lkann \u00e1 sem bestan h\u00e1tt til a\u00f0 safna og jafna efni. Lagningsbitinn hefur st\u00e6rri f\u00f6tu fyrir betra safnsv\u00e6\u00f0i vi\u00f0 frambr\u00fanina, sem \u00fe\u00fd\u00f0ir a\u00f0 \u00feegar \u00fe\u00fa [&hellip;]<\/p>\n","protected":false},"featured_media":23928,"template":"","meta":{"_monsterinsights_skip_tracking":false,"_monsterinsights_sitenote_active":false,"_monsterinsights_sitenote_note":"","_monsterinsights_sitenote_category":0},"product_brand":[],"product_cat":[6120,5843],"product_tag":[],"faste-y":[],"class_list":{"0":"post-23927","1":"product","2":"type-product","3":"status-publish","4":"has-post-thumbnail","6":"product_cat-flokkunarbjalki-med-fotu","7":"product_cat-lagfaeringarbjalki-flokkunarbjalki","8":"pa_max-bredd-2500mm","9":"pa_skar-20x200mm","10":"pa_vikt-700-kg","12":"first","13":"instock","14":"taxable","15":"shipping-taxable","16":"purchasable","17":"product-type-simple"},"yoast_head":"<!-- This site is optimized with the Yoast SEO plugin v27.3 - https:\/\/yoast.com\/product\/yoast-seo-wordpress\/ -->\n<title>HD Grading beam with roller with bucket - 2500mm - Without hitch - EMA Sverige<\/title>\n<meta name=\"description\" content=\"Hardox 450 \u00e1 berum slithlutum - St\u00f3r sk\u00f3fluhluti og upph\u00e6kka\u00f0ur afturbr\u00fan - Bolta\u00f0ur festing.\" \/>\n<meta name=\"robots\" content=\"index, follow, max-snippet:-1, max-image-preview:large, max-video-preview:-1\" \/>\n<link rel=\"canonical\" href=\"https:\/\/emasweden.com\/is\/produkt\/hd-flokkunarbjalki-med-skoflu-2500mm-an-festingar\/\" \/>\n<meta property=\"og:locale\" content=\"is_IS\" \/>\n<meta property=\"og:type\" content=\"article\" \/>\n<meta property=\"og:title\" content=\"HD Grading beam with roller with bucket - 2500mm - Without hitch - EMA Sverige\" \/>\n<meta property=\"og:description\" content=\"Hardox 450 \u00e1 berum slithlutum - St\u00f3r sk\u00f3fluhluti og upph\u00e6kka\u00f0ur afturbr\u00fan - Bolta\u00f0ur festing.\" \/>\n<meta property=\"og:url\" content=\"https:\/\/emasweden.com\/is\/produkt\/hd-flokkunarbjalki-med-skoflu-2500mm-an-festingar\/\" \/>\n<meta property=\"og:site_name\" content=\"EMA Sverige\" \/>\n<meta property=\"article:modified_time\" content=\"2026-01-12T14:14:36+00:00\" \/>\n<meta property=\"og:image\" content=\"https:\/\/emasweden.com\/wp-content\/uploads\/2021\/03\/Gi-230GB-S-1.jpg\" \/>\n\t<meta property=\"og:image:width\" content=\"1000\" \/>\n\t<meta property=\"og:image:height\" content=\"750\" \/>\n\t<meta property=\"og:image:type\" content=\"image\/jpeg\" \/>\n<meta name=\"twitter:card\" content=\"summary_large_image\" \/>\n<meta name=\"twitter:label1\" content=\"Est. reading time\" \/>\n\t<meta name=\"twitter:data1\" content=\"1 minute\" \/>\n<script type=\"application\/ld+json\" class=\"yoast-schema-graph\">{\"@context\":\"https:\\\/\\\/schema.org\",\"@graph\":[{\"@type\":\"WebPage\",\"@id\":\"https:\\\/\\\/emasweden.com\\\/is\\\/produkt\\\/hd-flokkunarbjalki-med-skoflu-2500mm-an-festingar\\\/\",\"url\":\"https:\\\/\\\/emasweden.com\\\/is\\\/produkt\\\/hd-flokkunarbjalki-med-skoflu-2500mm-an-festingar\\\/\",\"name\":\"HD Grading beam with roller with bucket - 2500mm - Without hitch - EMA Sverige\",\"isPartOf\":{\"@id\":\"https:\\\/\\\/emasweden.com\\\/is\\\/#website\"},\"primaryImageOfPage\":{\"@id\":\"https:\\\/\\\/emasweden.com\\\/is\\\/produkt\\\/hd-flokkunarbjalki-med-skoflu-2500mm-an-festingar\\\/#primaryimage\"},\"image\":{\"@id\":\"https:\\\/\\\/emasweden.com\\\/is\\\/produkt\\\/hd-flokkunarbjalki-med-skoflu-2500mm-an-festingar\\\/#primaryimage\"},\"thumbnailUrl\":\"https:\\\/\\\/emasweden.com\\\/wp-content\\\/uploads\\\/2021\\\/03\\\/Gi-230GB-S-1.jpg\",\"datePublished\":\"2022-08-30T13:34:10+00:00\",\"dateModified\":\"2026-01-12T14:14:36+00:00\",\"description\":\"Hardox 450 \u00e1 berum slithlutum - St\u00f3r sk\u00f3fluhluti og upph\u00e6kka\u00f0ur afturbr\u00fan - Bolta\u00f0ur festing.\",\"breadcrumb\":{\"@id\":\"https:\\\/\\\/emasweden.com\\\/is\\\/produkt\\\/hd-flokkunarbjalki-med-skoflu-2500mm-an-festingar\\\/#breadcrumb\"},\"inLanguage\":\"is\",\"potentialAction\":[{\"@type\":\"ReadAction\",\"target\":[\"https:\\\/\\\/emasweden.com\\\/is\\\/produkt\\\/hd-flokkunarbjalki-med-skoflu-2500mm-an-festingar\\\/\"]}]},{\"@type\":\"ImageObject\",\"inLanguage\":\"is\",\"@id\":\"https:\\\/\\\/emasweden.com\\\/is\\\/produkt\\\/hd-flokkunarbjalki-med-skoflu-2500mm-an-festingar\\\/#primaryimage\",\"url\":\"https:\\\/\\\/emasweden.com\\\/wp-content\\\/uploads\\\/2021\\\/03\\\/Gi-230GB-S-1.jpg\",\"contentUrl\":\"https:\\\/\\\/emasweden.com\\\/wp-content\\\/uploads\\\/2021\\\/03\\\/Gi-230GB-S-1.jpg\",\"width\":1000,\"height\":750,\"caption\":\"HD Avj\u00e4mningsbalk med skopa - 2300mm - Utan f\u00e4ste\"},{\"@type\":\"BreadcrumbList\",\"@id\":\"https:\\\/\\\/emasweden.com\\\/is\\\/produkt\\\/hd-flokkunarbjalki-med-skoflu-2500mm-an-festingar\\\/#breadcrumb\",\"itemListElement\":[{\"@type\":\"ListItem\",\"position\":1,\"name\":\"Hem\",\"item\":\"https:\\\/\\\/emasweden.com\\\/is\\\/\"},{\"@type\":\"ListItem\",\"position\":2,\"name\":\"V\u00f6ru\u00farval\",\"item\":\"https:\\\/\\\/emasweden.com\\\/is\\\/voruurval\\\/\"},{\"@type\":\"ListItem\",\"position\":3,\"name\":\"HD Grading beam with roller with bucket &#8211; 2500mm &#8211; Without hitch\"}]},{\"@type\":\"WebSite\",\"@id\":\"https:\\\/\\\/emasweden.com\\\/is\\\/#website\",\"url\":\"https:\\\/\\\/emasweden.com\\\/is\\\/\",\"name\":\"EMA Sverige\",\"description\":\"\",\"potentialAction\":[{\"@type\":\"SearchAction\",\"target\":{\"@type\":\"EntryPoint\",\"urlTemplate\":\"https:\\\/\\\/emasweden.com\\\/is\\\/?s={search_term_string}\"},\"query-input\":{\"@type\":\"PropertyValueSpecification\",\"valueRequired\":true,\"valueName\":\"search_term_string\"}}],\"inLanguage\":\"is\"}]}<\/script>\n<!-- \/ Yoast SEO plugin. -->","yoast_head_json":{"title":"HD Grading beam with roller with bucket - 2500mm - Without hitch - EMA Sverige","description":"Hardox 450 \u00e1 berum slithlutum - St\u00f3r sk\u00f3fluhluti og upph\u00e6kka\u00f0ur afturbr\u00fan - Bolta\u00f0ur festing.","robots":{"index":"index","follow":"follow","max-snippet":"max-snippet:-1","max-image-preview":"max-image-preview:large","max-video-preview":"max-video-preview:-1"},"canonical":"https:\/\/emasweden.com\/is\/produkt\/hd-flokkunarbjalki-med-skoflu-2500mm-an-festingar\/","og_locale":"is_IS","og_type":"article","og_title":"HD Grading beam with roller with bucket - 2500mm - Without hitch - EMA Sverige","og_description":"Hardox 450 \u00e1 berum slithlutum - St\u00f3r sk\u00f3fluhluti og upph\u00e6kka\u00f0ur afturbr\u00fan - Bolta\u00f0ur festing.","og_url":"https:\/\/emasweden.com\/is\/produkt\/hd-flokkunarbjalki-med-skoflu-2500mm-an-festingar\/","og_site_name":"EMA Sverige","article_modified_time":"2026-01-12T14:14:36+00:00","og_image":[{"width":1000,"height":750,"url":"https:\/\/emasweden.com\/wp-content\/uploads\/2021\/03\/Gi-230GB-S-1.jpg","type":"image\/jpeg"}],"twitter_card":"summary_large_image","twitter_misc":{"Est. reading time":"1 minute"},"schema":{"@context":"https:\/\/schema.org","@graph":[{"@type":"WebPage","@id":"https:\/\/emasweden.com\/is\/produkt\/hd-flokkunarbjalki-med-skoflu-2500mm-an-festingar\/","url":"https:\/\/emasweden.com\/is\/produkt\/hd-flokkunarbjalki-med-skoflu-2500mm-an-festingar\/","name":"HD Grading beam with roller with bucket - 2500mm - Without hitch - EMA Sverige","isPartOf":{"@id":"https:\/\/emasweden.com\/is\/#website"},"primaryImageOfPage":{"@id":"https:\/\/emasweden.com\/is\/produkt\/hd-flokkunarbjalki-med-skoflu-2500mm-an-festingar\/#primaryimage"},"image":{"@id":"https:\/\/emasweden.com\/is\/produkt\/hd-flokkunarbjalki-med-skoflu-2500mm-an-festingar\/#primaryimage"},"thumbnailUrl":"https:\/\/emasweden.com\/wp-content\/uploads\/2021\/03\/Gi-230GB-S-1.jpg","datePublished":"2022-08-30T13:34:10+00:00","dateModified":"2026-01-12T14:14:36+00:00","description":"Hardox 450 \u00e1 berum slithlutum - St\u00f3r sk\u00f3fluhluti og upph\u00e6kka\u00f0ur afturbr\u00fan - Bolta\u00f0ur festing.","breadcrumb":{"@id":"https:\/\/emasweden.com\/is\/produkt\/hd-flokkunarbjalki-med-skoflu-2500mm-an-festingar\/#breadcrumb"},"inLanguage":"is","potentialAction":[{"@type":"ReadAction","target":["https:\/\/emasweden.com\/is\/produkt\/hd-flokkunarbjalki-med-skoflu-2500mm-an-festingar\/"]}]},{"@type":"ImageObject","inLanguage":"is","@id":"https:\/\/emasweden.com\/is\/produkt\/hd-flokkunarbjalki-med-skoflu-2500mm-an-festingar\/#primaryimage","url":"https:\/\/emasweden.com\/wp-content\/uploads\/2021\/03\/Gi-230GB-S-1.jpg","contentUrl":"https:\/\/emasweden.com\/wp-content\/uploads\/2021\/03\/Gi-230GB-S-1.jpg","width":1000,"height":750,"caption":"HD Avj\u00e4mningsbalk med skopa - 2300mm - Utan f\u00e4ste"},{"@type":"BreadcrumbList","@id":"https:\/\/emasweden.com\/is\/produkt\/hd-flokkunarbjalki-med-skoflu-2500mm-an-festingar\/#breadcrumb","itemListElement":[{"@type":"ListItem","position":1,"name":"Hem","item":"https:\/\/emasweden.com\/is\/"},{"@type":"ListItem","position":2,"name":"V\u00f6ru\u00farval","item":"https:\/\/emasweden.com\/is\/voruurval\/"},{"@type":"ListItem","position":3,"name":"HD Grading beam with roller with bucket &#8211; 2500mm &#8211; Without hitch"}]},{"@type":"WebSite","@id":"https:\/\/emasweden.com\/is\/#website","url":"https:\/\/emasweden.com\/is\/","name":"EMA Sverige","description":"","potentialAction":[{"@type":"SearchAction","target":{"@type":"EntryPoint","urlTemplate":"https:\/\/emasweden.com\/is\/?s={search_term_string}"},"query-input":{"@type":"PropertyValueSpecification","valueRequired":true,"valueName":"search_term_string"}}],"inLanguage":"is"}]}},"_links":{"self":[{"href":"https:\/\/emasweden.com\/is\/wp-json\/wp\/v2\/product\/23927","targetHints":{"allow":["GET"]}}],"collection":[{"href":"https:\/\/emasweden.com\/is\/wp-json\/wp\/v2\/product"}],"about":[{"href":"https:\/\/emasweden.com\/is\/wp-json\/wp\/v2\/types\/product"}],"wp:featuredmedia":[{"embeddable":true,"href":"https:\/\/emasweden.com\/is\/wp-json\/wp\/v2\/media\/23928"}],"wp:attachment":[{"href":"https:\/\/emasweden.com\/is\/wp-json\/wp\/v2\/media?parent=23927"}],"wp:term":[{"taxonomy":"product_brand","embeddable":true,"href":"https:\/\/emasweden.com\/is\/wp-json\/wp\/v2\/product_brand?post=23927"},{"taxonomy":"product_cat","embeddable":true,"href":"https:\/\/emasweden.com\/is\/wp-json\/wp\/v2\/product_cat?post=23927"},{"taxonomy":"product_tag","embeddable":true,"href":"https:\/\/emasweden.com\/is\/wp-json\/wp\/v2\/product_tag?post=23927"},{"taxonomy":"faste-y","embeddable":true,"href":"https:\/\/emasweden.com\/is\/wp-json\/wp\/v2\/faste-y?post=23927"}],"curies":[{"name":"wp","href":"https:\/\/api.w.org\/{rel}","templated":true}]}}