{"id":23933,"date":"2022-01-05T14:19:09","date_gmt":"2022-01-05T13:19:09","guid":{"rendered":"https:\/\/emasweden.com\/produkt\/hd-stigunarskal-300l-1300mm-s45\/"},"modified":"2026-01-12T15:14:42","modified_gmt":"2026-01-12T14:14:42","slug":"hd-stigunarskal-300l-1300mm-s45","status":"publish","type":"product","link":"https:\/\/emasweden.com\/is\/produkt\/hd-stigunarskal-300l-1300mm-s45\/","title":{"rendered":"HD Grading bucket 300L &#8211; 1300mm &#8211; S40"},"content":{"rendered":"<p><sup>HD Stigunarsk\u00e1l 300L &#8211; 1300mm &#8211; S45<\/sup><br \/>\nFlokkun k\u00f6rfa Heavy Duty<\/p>\n<p>&#8222;Heavy duty (HD) er afl v\u00f6ru\u00farvalsins okkar. \u00dea\u00f0 er engin m\u00e1lami\u00f0lun \u00feegar kemur a\u00f0 efnum. V\u00f6rurnar eru b\u00fanar slitrifum ne\u00f0st og v\u00f6rurnar eru oft gr\u00f3fari a\u00f0 st\u00e6r\u00f0.   \u00deessi kraftmikli er a\u00f0allega nota\u00f0ur af notendum sem setja mj\u00f6g miklar kr\u00f6fur til vara sinna og \u00fear sem oft er unni\u00f0 \u00ed efnum og umhverfi sem krefjast \u00feess litla auka hva\u00f0 var\u00f0ar endingu. \u00deessi flokkur f\u00f6tu er oft \u00feyngri \u00feegar nota\u00f0 er auka st\u00e1l, en \u00fea\u00f0 skilar mj\u00f6g endingarg\u00f3\u00f0um f\u00f6tu. <\/p>\n<p>\u2022 Skera \u00ed 500 Brinell <a href=\"https:\/\/www.borox.se\/produkter\/skopst%C3%A5l\" target=\"_blank\" rel=\"noopener\">BOROX<\/a><\/p>\n<p>\u2022 Ber\u00f0u vernd \u00e1 hli\u00f0um, framenda, ne\u00f0ri hluta og slitna rifjum \u00ed <a href=\"https:\/\/www.ssab.com\/products\/brands\/hardox\/products\/hardox-450\" target=\"_blank\" rel=\"noopener\">HARDOX 450<\/a><\/p>\n<p>\u2022 A\u00f0laga\u00f0 fyrir tiltrotator<\/p>\n<p>\u2022 Sk\u00f3flan er \u00fer\u00f3u\u00f0 \u00ed samstarfi vi\u00f0 v\u00e9lstj\u00f3rann<\/p>\n","protected":false},"excerpt":{"rendered":"<p>HD Stigunarsk\u00e1l 300L &#8211; 1300mm &#8211; S45 Flokkun k\u00f6rfa Heavy Duty &#8222;Heavy duty (HD) er afl v\u00f6ru\u00farvalsins okkar. \u00dea\u00f0 er engin m\u00e1lami\u00f0lun \u00feegar kemur a\u00f0 efnum. V\u00f6rurnar eru b\u00fanar slitrifum ne\u00f0st og v\u00f6rurnar eru oft gr\u00f3fari a\u00f0 st\u00e6r\u00f0. \u00deessi kraftmikli er a\u00f0allega nota\u00f0ur af notendum sem setja mj\u00f6g miklar kr\u00f6fur til vara sinna og \u00fear [&hellip;]<\/p>\n","protected":false},"featured_media":23936,"template":"","meta":{"_monsterinsights_skip_tracking":false,"_monsterinsights_sitenote_active":false,"_monsterinsights_sitenote_note":"","_monsterinsights_sitenote_category":0},"product_brand":[],"product_cat":[5848],"product_tag":[],"faste-y":[],"class_list":{"0":"post-23933","1":"product","2":"type-product","3":"status-publish","4":"has-post-thumbnail","6":"product_cat-flokkunarholf","7":"pa_max-bredd-1300mm","8":"pa_skar-16x150mm","9":"pa_vikt-165-kg","11":"first","12":"instock","13":"purchasable","14":"product-type-simple"},"yoast_head":"<!-- This site is optimized with the Yoast SEO plugin v27.3 - https:\/\/yoast.com\/product\/yoast-seo-wordpress\/ -->\n<title>HD Grading bucket 300L - 1300mm - S40 - EMA Sverige<\/title>\n<meta name=\"description\" content=\"HD flokkunarsk\u00e1l 300L - 1300mm - S45 innsetning \u00ed 500 Brinell BOROX. Nota\u00f0u vernd \u00e1 hli\u00f0um, framenda, ne\u00f0ri hluta og slit rif \u00ed 450 HARDOX\" \/>\n<meta name=\"robots\" content=\"index, follow, max-snippet:-1, max-image-preview:large, max-video-preview:-1\" \/>\n<link rel=\"canonical\" href=\"https:\/\/emasweden.com\/is\/produkt\/hd-stigunarskal-300l-1300mm-s45\/\" \/>\n<meta property=\"og:locale\" content=\"is_IS\" \/>\n<meta property=\"og:type\" content=\"article\" \/>\n<meta property=\"og:title\" content=\"HD Grading bucket 300L - 1300mm - S40 - EMA Sverige\" \/>\n<meta property=\"og:description\" content=\"HD flokkunarsk\u00e1l 300L - 1300mm - S45 innsetning \u00ed 500 Brinell BOROX. Nota\u00f0u vernd \u00e1 hli\u00f0um, framenda, ne\u00f0ri hluta og slit rif \u00ed 450 HARDOX\" \/>\n<meta property=\"og:url\" content=\"https:\/\/emasweden.com\/is\/produkt\/hd-stigunarskal-300l-1300mm-s45\/\" \/>\n<meta property=\"og:site_name\" content=\"EMA Sverige\" \/>\n<meta property=\"article:modified_time\" content=\"2026-01-12T14:14:42+00:00\" \/>\n<meta property=\"og:image\" content=\"https:\/\/emasweden.com\/wp-content\/uploads\/2021\/01\/7294025_1.jpg\" \/>\n\t<meta property=\"og:image:width\" content=\"1000\" \/>\n\t<meta property=\"og:image:height\" content=\"750\" \/>\n\t<meta property=\"og:image:type\" content=\"image\/jpeg\" \/>\n<meta name=\"twitter:card\" content=\"summary_large_image\" \/>\n<meta name=\"twitter:label1\" content=\"Est. reading time\" \/>\n\t<meta name=\"twitter:data1\" content=\"1 minute\" \/>\n<script type=\"application\/ld+json\" class=\"yoast-schema-graph\">{\"@context\":\"https:\\\/\\\/schema.org\",\"@graph\":[{\"@type\":\"WebPage\",\"@id\":\"https:\\\/\\\/emasweden.com\\\/is\\\/produkt\\\/hd-stigunarskal-300l-1300mm-s45\\\/\",\"url\":\"https:\\\/\\\/emasweden.com\\\/is\\\/produkt\\\/hd-stigunarskal-300l-1300mm-s45\\\/\",\"name\":\"HD Grading bucket 300L - 1300mm - S40 - EMA Sverige\",\"isPartOf\":{\"@id\":\"https:\\\/\\\/emasweden.com\\\/is\\\/#website\"},\"primaryImageOfPage\":{\"@id\":\"https:\\\/\\\/emasweden.com\\\/is\\\/produkt\\\/hd-stigunarskal-300l-1300mm-s45\\\/#primaryimage\"},\"image\":{\"@id\":\"https:\\\/\\\/emasweden.com\\\/is\\\/produkt\\\/hd-stigunarskal-300l-1300mm-s45\\\/#primaryimage\"},\"thumbnailUrl\":\"https:\\\/\\\/emasweden.com\\\/wp-content\\\/uploads\\\/2021\\\/01\\\/7294025_1.jpg\",\"datePublished\":\"2022-01-05T13:19:09+00:00\",\"dateModified\":\"2026-01-12T14:14:42+00:00\",\"description\":\"HD flokkunarsk\u00e1l 300L - 1300mm - S45 innsetning \u00ed 500 Brinell BOROX. Nota\u00f0u vernd \u00e1 hli\u00f0um, framenda, ne\u00f0ri hluta og slit rif \u00ed 450 HARDOX\",\"breadcrumb\":{\"@id\":\"https:\\\/\\\/emasweden.com\\\/is\\\/produkt\\\/hd-stigunarskal-300l-1300mm-s45\\\/#breadcrumb\"},\"inLanguage\":\"is\",\"potentialAction\":[{\"@type\":\"ReadAction\",\"target\":[\"https:\\\/\\\/emasweden.com\\\/is\\\/produkt\\\/hd-stigunarskal-300l-1300mm-s45\\\/\"]}]},{\"@type\":\"ImageObject\",\"inLanguage\":\"is\",\"@id\":\"https:\\\/\\\/emasweden.com\\\/is\\\/produkt\\\/hd-stigunarskal-300l-1300mm-s45\\\/#primaryimage\",\"url\":\"https:\\\/\\\/emasweden.com\\\/wp-content\\\/uploads\\\/2021\\\/01\\\/7294025_1.jpg\",\"contentUrl\":\"https:\\\/\\\/emasweden.com\\\/wp-content\\\/uploads\\\/2021\\\/01\\\/7294025_1.jpg\",\"width\":1000,\"height\":750,\"caption\":\"HD Planeringsskopa 400L - 1400mm - S50\"},{\"@type\":\"BreadcrumbList\",\"@id\":\"https:\\\/\\\/emasweden.com\\\/is\\\/produkt\\\/hd-stigunarskal-300l-1300mm-s45\\\/#breadcrumb\",\"itemListElement\":[{\"@type\":\"ListItem\",\"position\":1,\"name\":\"Hem\",\"item\":\"https:\\\/\\\/emasweden.com\\\/is\\\/\"},{\"@type\":\"ListItem\",\"position\":2,\"name\":\"V\u00f6ru\u00farval\",\"item\":\"https:\\\/\\\/emasweden.com\\\/is\\\/voruurval\\\/\"},{\"@type\":\"ListItem\",\"position\":3,\"name\":\"HD Grading bucket 300L &#8211; 1300mm &#8211; S40\"}]},{\"@type\":\"WebSite\",\"@id\":\"https:\\\/\\\/emasweden.com\\\/is\\\/#website\",\"url\":\"https:\\\/\\\/emasweden.com\\\/is\\\/\",\"name\":\"EMA Sverige\",\"description\":\"\",\"potentialAction\":[{\"@type\":\"SearchAction\",\"target\":{\"@type\":\"EntryPoint\",\"urlTemplate\":\"https:\\\/\\\/emasweden.com\\\/is\\\/?s={search_term_string}\"},\"query-input\":{\"@type\":\"PropertyValueSpecification\",\"valueRequired\":true,\"valueName\":\"search_term_string\"}}],\"inLanguage\":\"is\"}]}<\/script>\n<!-- \/ Yoast SEO plugin. -->","yoast_head_json":{"title":"HD Grading bucket 300L - 1300mm - S40 - EMA Sverige","description":"HD flokkunarsk\u00e1l 300L - 1300mm - S45 innsetning \u00ed 500 Brinell BOROX. Nota\u00f0u vernd \u00e1 hli\u00f0um, framenda, ne\u00f0ri hluta og slit rif \u00ed 450 HARDOX","robots":{"index":"index","follow":"follow","max-snippet":"max-snippet:-1","max-image-preview":"max-image-preview:large","max-video-preview":"max-video-preview:-1"},"canonical":"https:\/\/emasweden.com\/is\/produkt\/hd-stigunarskal-300l-1300mm-s45\/","og_locale":"is_IS","og_type":"article","og_title":"HD Grading bucket 300L - 1300mm - S40 - EMA Sverige","og_description":"HD flokkunarsk\u00e1l 300L - 1300mm - S45 innsetning \u00ed 500 Brinell BOROX. Nota\u00f0u vernd \u00e1 hli\u00f0um, framenda, ne\u00f0ri hluta og slit rif \u00ed 450 HARDOX","og_url":"https:\/\/emasweden.com\/is\/produkt\/hd-stigunarskal-300l-1300mm-s45\/","og_site_name":"EMA Sverige","article_modified_time":"2026-01-12T14:14:42+00:00","og_image":[{"width":1000,"height":750,"url":"https:\/\/emasweden.com\/wp-content\/uploads\/2021\/01\/7294025_1.jpg","type":"image\/jpeg"}],"twitter_card":"summary_large_image","twitter_misc":{"Est. reading time":"1 minute"},"schema":{"@context":"https:\/\/schema.org","@graph":[{"@type":"WebPage","@id":"https:\/\/emasweden.com\/is\/produkt\/hd-stigunarskal-300l-1300mm-s45\/","url":"https:\/\/emasweden.com\/is\/produkt\/hd-stigunarskal-300l-1300mm-s45\/","name":"HD Grading bucket 300L - 1300mm - S40 - EMA Sverige","isPartOf":{"@id":"https:\/\/emasweden.com\/is\/#website"},"primaryImageOfPage":{"@id":"https:\/\/emasweden.com\/is\/produkt\/hd-stigunarskal-300l-1300mm-s45\/#primaryimage"},"image":{"@id":"https:\/\/emasweden.com\/is\/produkt\/hd-stigunarskal-300l-1300mm-s45\/#primaryimage"},"thumbnailUrl":"https:\/\/emasweden.com\/wp-content\/uploads\/2021\/01\/7294025_1.jpg","datePublished":"2022-01-05T13:19:09+00:00","dateModified":"2026-01-12T14:14:42+00:00","description":"HD flokkunarsk\u00e1l 300L - 1300mm - S45 innsetning \u00ed 500 Brinell BOROX. Nota\u00f0u vernd \u00e1 hli\u00f0um, framenda, ne\u00f0ri hluta og slit rif \u00ed 450 HARDOX","breadcrumb":{"@id":"https:\/\/emasweden.com\/is\/produkt\/hd-stigunarskal-300l-1300mm-s45\/#breadcrumb"},"inLanguage":"is","potentialAction":[{"@type":"ReadAction","target":["https:\/\/emasweden.com\/is\/produkt\/hd-stigunarskal-300l-1300mm-s45\/"]}]},{"@type":"ImageObject","inLanguage":"is","@id":"https:\/\/emasweden.com\/is\/produkt\/hd-stigunarskal-300l-1300mm-s45\/#primaryimage","url":"https:\/\/emasweden.com\/wp-content\/uploads\/2021\/01\/7294025_1.jpg","contentUrl":"https:\/\/emasweden.com\/wp-content\/uploads\/2021\/01\/7294025_1.jpg","width":1000,"height":750,"caption":"HD Planeringsskopa 400L - 1400mm - S50"},{"@type":"BreadcrumbList","@id":"https:\/\/emasweden.com\/is\/produkt\/hd-stigunarskal-300l-1300mm-s45\/#breadcrumb","itemListElement":[{"@type":"ListItem","position":1,"name":"Hem","item":"https:\/\/emasweden.com\/is\/"},{"@type":"ListItem","position":2,"name":"V\u00f6ru\u00farval","item":"https:\/\/emasweden.com\/is\/voruurval\/"},{"@type":"ListItem","position":3,"name":"HD Grading bucket 300L &#8211; 1300mm &#8211; S40"}]},{"@type":"WebSite","@id":"https:\/\/emasweden.com\/is\/#website","url":"https:\/\/emasweden.com\/is\/","name":"EMA Sverige","description":"","potentialAction":[{"@type":"SearchAction","target":{"@type":"EntryPoint","urlTemplate":"https:\/\/emasweden.com\/is\/?s={search_term_string}"},"query-input":{"@type":"PropertyValueSpecification","valueRequired":true,"valueName":"search_term_string"}}],"inLanguage":"is"}]}},"_links":{"self":[{"href":"https:\/\/emasweden.com\/is\/wp-json\/wp\/v2\/product\/23933","targetHints":{"allow":["GET"]}}],"collection":[{"href":"https:\/\/emasweden.com\/is\/wp-json\/wp\/v2\/product"}],"about":[{"href":"https:\/\/emasweden.com\/is\/wp-json\/wp\/v2\/types\/product"}],"wp:featuredmedia":[{"embeddable":true,"href":"https:\/\/emasweden.com\/is\/wp-json\/wp\/v2\/media\/23936"}],"wp:attachment":[{"href":"https:\/\/emasweden.com\/is\/wp-json\/wp\/v2\/media?parent=23933"}],"wp:term":[{"taxonomy":"product_brand","embeddable":true,"href":"https:\/\/emasweden.com\/is\/wp-json\/wp\/v2\/product_brand?post=23933"},{"taxonomy":"product_cat","embeddable":true,"href":"https:\/\/emasweden.com\/is\/wp-json\/wp\/v2\/product_cat?post=23933"},{"taxonomy":"product_tag","embeddable":true,"href":"https:\/\/emasweden.com\/is\/wp-json\/wp\/v2\/product_tag?post=23933"},{"taxonomy":"faste-y","embeddable":true,"href":"https:\/\/emasweden.com\/is\/wp-json\/wp\/v2\/faste-y?post=23933"}],"curies":[{"name":"wp","href":"https:\/\/api.w.org\/{rel}","templated":true}]}}