{"id":24308,"date":"2021-01-20T15:33:11","date_gmt":"2021-01-20T14:33:11","guid":{"rendered":"https:\/\/emasweden.com\/produkt\/hd-500-flokkunarskal-650l-1500mm-s60\/"},"modified":"2026-01-12T16:14:13","modified_gmt":"2026-01-12T15:14:13","slug":"hd-500-flokkunarskal-650l-1500mm-s60","status":"publish","type":"product","link":"https:\/\/emasweden.com\/is\/produkt\/hd-500-flokkunarskal-650l-1500mm-s60\/","title":{"rendered":"HD 500 Grading bucket 650L &#8211; 1500mm &#8211; S60"},"content":{"rendered":"<p><sup>HD 500 flokkunarsk\u00e1l 650L me\u00f0 loki &#8211; 1500mm &#8211; S60<\/sup><br \/>Einkunnarh\u00f3lf HD500<br \/>\n<br \/>&#8222;Heavy Duty 500 (HD500) er r\u00f6\u00f0 af g\u00f3lff\u00f6tum fr\u00e1 EMA, sem eru a\u00f0 mestu sm\u00ed\u00f0a\u00f0ar \u00far endingarg\u00f3\u00f0u efninu HARDOX 500. Me\u00f0 HARDOX 500, samkv\u00e6mt SSAB og pr\u00f3fum \u00feeirra, eykur \u00fe\u00fa l\u00edft\u00edma f\u00f6tunnar um allt a\u00f0 50%. K\u00f6rfurnar eru traustar me\u00f0 slitrifum og styrkingum gegn festingunni.  <\/p>\n<p>\u2022 Innsetningin \u00ed 500 Brinell <a href=\"https:\/\/www.borox.se\/produkter\/skopst%C3%A5l\" target=\"_blank\" rel=\"noopener\">BOROX<\/a><br \/>\n<br \/>\u2022 Botn, br\u00fanir, slitrif og hli\u00f0ar <a href=\"https:\/\/www.ssab.com\/products\/brands\/hardox\/products\/hardox-500\" target=\"_blank\" rel=\"noopener\">HARDOX 500<\/a><br \/>\n<br \/>\u2022 Verndarlok fyrir framan f\u00f6tufestinguna til a\u00f0 koma \u00ed veg fyrir a\u00f0 efni komist inn \u00ed v\u00e9lartengi\u00f0<\/p>\n","protected":false},"excerpt":{"rendered":"<p>HD 500 flokkunarsk\u00e1l 650L me\u00f0 loki &#8211; 1500mm &#8211; S60Einkunnarh\u00f3lf HD500 &#8222;Heavy Duty 500 (HD500) er r\u00f6\u00f0 af g\u00f3lff\u00f6tum fr\u00e1 EMA, sem eru a\u00f0 mestu sm\u00ed\u00f0a\u00f0ar \u00far endingarg\u00f3\u00f0u efninu HARDOX 500. Me\u00f0 HARDOX 500, samkv\u00e6mt SSAB og pr\u00f3fum \u00feeirra, eykur \u00fe\u00fa l\u00edft\u00edma f\u00f6tunnar um allt a\u00f0 50%. K\u00f6rfurnar eru traustar me\u00f0 slitrifum og styrkingum gegn [&hellip;]<\/p>\n","protected":false},"featured_media":24316,"template":"","meta":{"_monsterinsights_skip_tracking":false,"_monsterinsights_sitenote_active":false,"_monsterinsights_sitenote_note":"","_monsterinsights_sitenote_category":0},"product_brand":[],"product_cat":[5848],"product_tag":[],"faste-y":[],"class_list":{"0":"post-24308","1":"product","2":"type-product","3":"status-publish","4":"has-post-thumbnail","6":"product_cat-flokkunarholf","7":"pa_maskinvikt-spec-14-18-tonn","8":"pa_max-bredd-1500mm","9":"pa_vikt-500-kg","11":"first","12":"instock","13":"purchasable","14":"product-type-simple"},"yoast_head":"<!-- This site is optimized with the Yoast SEO plugin v27.3 - https:\/\/yoast.com\/product\/yoast-seo-wordpress\/ -->\n<title>EMA Sv\u00ed\u00fej\u00f3\u00f0 | Jar\u00f0flutningab\u00fana\u00f0ur - gr\u00f6fu og \u00f6nnur aukahlutir<\/title>\n<meta name=\"description\" content=\"Hj\u00e1 EMA elskum vi\u00f0 f\u00f6tur og a\u00f0ra v\u00e9lab\u00fana\u00f0. H\u00e9r finnur \u00fe\u00fa l\u00edklega st\u00e6rstu f\u00f6tul\u00ednu Sv\u00ed\u00fej\u00f3\u00f0ar me\u00f0 ger\u00f0um fr\u00e1 50 til 4500 l\u00edtrum.\" \/>\n<meta name=\"robots\" content=\"index, follow, max-snippet:-1, max-image-preview:large, max-video-preview:-1\" \/>\n<link rel=\"canonical\" href=\"https:\/\/emasweden.com\/is\/produkt\/hd-500-flokkunarskal-650l-1500mm-s60\/\" \/>\n<meta property=\"og:locale\" content=\"is_IS\" \/>\n<meta property=\"og:type\" content=\"article\" \/>\n<meta property=\"og:title\" content=\"EMA Sv\u00ed\u00fej\u00f3\u00f0 | Jar\u00f0flutningab\u00fana\u00f0ur - gr\u00f6fu og \u00f6nnur aukahlutir\" \/>\n<meta property=\"og:description\" content=\"Hj\u00e1 EMA elskum vi\u00f0 f\u00f6tur og a\u00f0ra v\u00e9lab\u00fana\u00f0. H\u00e9r finnur \u00fe\u00fa l\u00edklega st\u00e6rstu f\u00f6tul\u00ednu Sv\u00ed\u00fej\u00f3\u00f0ar me\u00f0 ger\u00f0um fr\u00e1 50 til 4500 l\u00edtrum.\" \/>\n<meta property=\"og:url\" content=\"https:\/\/emasweden.com\/is\/produkt\/hd-500-flokkunarskal-650l-1500mm-s60\/\" \/>\n<meta property=\"og:site_name\" content=\"EMA Sverige\" \/>\n<meta property=\"article:modified_time\" content=\"2026-01-12T15:14:13+00:00\" \/>\n<meta property=\"og:image\" content=\"https:\/\/emasweden.com\/wp-content\/uploads\/2021\/01\/PRO-003873_1-5-scaled.jpg\" \/>\n\t<meta property=\"og:image:width\" content=\"2560\" \/>\n\t<meta property=\"og:image:height\" content=\"1920\" \/>\n\t<meta property=\"og:image:type\" content=\"image\/jpeg\" \/>\n<meta name=\"twitter:card\" content=\"summary_large_image\" \/>\n<script type=\"application\/ld+json\" class=\"yoast-schema-graph\">{\"@context\":\"https:\\\/\\\/schema.org\",\"@graph\":[{\"@type\":\"WebPage\",\"@id\":\"https:\\\/\\\/emasweden.com\\\/is\\\/produkt\\\/hd-500-flokkunarskal-650l-1500mm-s60\\\/\",\"url\":\"https:\\\/\\\/emasweden.com\\\/is\\\/produkt\\\/hd-500-flokkunarskal-650l-1500mm-s60\\\/\",\"name\":\"EMA Sv\u00ed\u00fej\u00f3\u00f0 | Jar\u00f0flutningab\u00fana\u00f0ur - gr\u00f6fu og \u00f6nnur aukahlutir\",\"isPartOf\":{\"@id\":\"https:\\\/\\\/emasweden.com\\\/is\\\/#website\"},\"primaryImageOfPage\":{\"@id\":\"https:\\\/\\\/emasweden.com\\\/is\\\/produkt\\\/hd-500-flokkunarskal-650l-1500mm-s60\\\/#primaryimage\"},\"image\":{\"@id\":\"https:\\\/\\\/emasweden.com\\\/is\\\/produkt\\\/hd-500-flokkunarskal-650l-1500mm-s60\\\/#primaryimage\"},\"thumbnailUrl\":\"https:\\\/\\\/emasweden.com\\\/wp-content\\\/uploads\\\/2021\\\/01\\\/PRO-003873_1-5-scaled.jpg\",\"datePublished\":\"2021-01-20T14:33:11+00:00\",\"dateModified\":\"2026-01-12T15:14:13+00:00\",\"description\":\"Hj\u00e1 EMA elskum vi\u00f0 f\u00f6tur og a\u00f0ra v\u00e9lab\u00fana\u00f0. H\u00e9r finnur \u00fe\u00fa l\u00edklega st\u00e6rstu f\u00f6tul\u00ednu Sv\u00ed\u00fej\u00f3\u00f0ar me\u00f0 ger\u00f0um fr\u00e1 50 til 4500 l\u00edtrum.\",\"breadcrumb\":{\"@id\":\"https:\\\/\\\/emasweden.com\\\/is\\\/produkt\\\/hd-500-flokkunarskal-650l-1500mm-s60\\\/#breadcrumb\"},\"inLanguage\":\"is\",\"potentialAction\":[{\"@type\":\"ReadAction\",\"target\":[\"https:\\\/\\\/emasweden.com\\\/is\\\/produkt\\\/hd-500-flokkunarskal-650l-1500mm-s60\\\/\"]}]},{\"@type\":\"ImageObject\",\"inLanguage\":\"is\",\"@id\":\"https:\\\/\\\/emasweden.com\\\/is\\\/produkt\\\/hd-500-flokkunarskal-650l-1500mm-s60\\\/#primaryimage\",\"url\":\"https:\\\/\\\/emasweden.com\\\/wp-content\\\/uploads\\\/2021\\\/01\\\/PRO-003873_1-5-scaled.jpg\",\"contentUrl\":\"https:\\\/\\\/emasweden.com\\\/wp-content\\\/uploads\\\/2021\\\/01\\\/PRO-003873_1-5-scaled.jpg\",\"width\":2560,\"height\":1920,\"caption\":\"HD 500 Planeringsskopa 650L - 1500mm - S60\"},{\"@type\":\"BreadcrumbList\",\"@id\":\"https:\\\/\\\/emasweden.com\\\/is\\\/produkt\\\/hd-500-flokkunarskal-650l-1500mm-s60\\\/#breadcrumb\",\"itemListElement\":[{\"@type\":\"ListItem\",\"position\":1,\"name\":\"Hem\",\"item\":\"https:\\\/\\\/emasweden.com\\\/is\\\/\"},{\"@type\":\"ListItem\",\"position\":2,\"name\":\"V\u00f6ru\u00farval\",\"item\":\"https:\\\/\\\/emasweden.com\\\/is\\\/voruurval\\\/\"},{\"@type\":\"ListItem\",\"position\":3,\"name\":\"HD 500 Grading bucket 650L &#8211; 1500mm &#8211; S60\"}]},{\"@type\":\"WebSite\",\"@id\":\"https:\\\/\\\/emasweden.com\\\/is\\\/#website\",\"url\":\"https:\\\/\\\/emasweden.com\\\/is\\\/\",\"name\":\"EMA Sverige\",\"description\":\"\",\"potentialAction\":[{\"@type\":\"SearchAction\",\"target\":{\"@type\":\"EntryPoint\",\"urlTemplate\":\"https:\\\/\\\/emasweden.com\\\/is\\\/?s={search_term_string}\"},\"query-input\":{\"@type\":\"PropertyValueSpecification\",\"valueRequired\":true,\"valueName\":\"search_term_string\"}}],\"inLanguage\":\"is\"}]}<\/script>\n<!-- \/ Yoast SEO plugin. -->","yoast_head_json":{"title":"EMA Sv\u00ed\u00fej\u00f3\u00f0 | Jar\u00f0flutningab\u00fana\u00f0ur - gr\u00f6fu og \u00f6nnur aukahlutir","description":"Hj\u00e1 EMA elskum vi\u00f0 f\u00f6tur og a\u00f0ra v\u00e9lab\u00fana\u00f0. H\u00e9r finnur \u00fe\u00fa l\u00edklega st\u00e6rstu f\u00f6tul\u00ednu Sv\u00ed\u00fej\u00f3\u00f0ar me\u00f0 ger\u00f0um fr\u00e1 50 til 4500 l\u00edtrum.","robots":{"index":"index","follow":"follow","max-snippet":"max-snippet:-1","max-image-preview":"max-image-preview:large","max-video-preview":"max-video-preview:-1"},"canonical":"https:\/\/emasweden.com\/is\/produkt\/hd-500-flokkunarskal-650l-1500mm-s60\/","og_locale":"is_IS","og_type":"article","og_title":"EMA Sv\u00ed\u00fej\u00f3\u00f0 | Jar\u00f0flutningab\u00fana\u00f0ur - gr\u00f6fu og \u00f6nnur aukahlutir","og_description":"Hj\u00e1 EMA elskum vi\u00f0 f\u00f6tur og a\u00f0ra v\u00e9lab\u00fana\u00f0. H\u00e9r finnur \u00fe\u00fa l\u00edklega st\u00e6rstu f\u00f6tul\u00ednu Sv\u00ed\u00fej\u00f3\u00f0ar me\u00f0 ger\u00f0um fr\u00e1 50 til 4500 l\u00edtrum.","og_url":"https:\/\/emasweden.com\/is\/produkt\/hd-500-flokkunarskal-650l-1500mm-s60\/","og_site_name":"EMA Sverige","article_modified_time":"2026-01-12T15:14:13+00:00","og_image":[{"width":2560,"height":1920,"url":"https:\/\/emasweden.com\/wp-content\/uploads\/2021\/01\/PRO-003873_1-5-scaled.jpg","type":"image\/jpeg"}],"twitter_card":"summary_large_image","schema":{"@context":"https:\/\/schema.org","@graph":[{"@type":"WebPage","@id":"https:\/\/emasweden.com\/is\/produkt\/hd-500-flokkunarskal-650l-1500mm-s60\/","url":"https:\/\/emasweden.com\/is\/produkt\/hd-500-flokkunarskal-650l-1500mm-s60\/","name":"EMA Sv\u00ed\u00fej\u00f3\u00f0 | Jar\u00f0flutningab\u00fana\u00f0ur - gr\u00f6fu og \u00f6nnur aukahlutir","isPartOf":{"@id":"https:\/\/emasweden.com\/is\/#website"},"primaryImageOfPage":{"@id":"https:\/\/emasweden.com\/is\/produkt\/hd-500-flokkunarskal-650l-1500mm-s60\/#primaryimage"},"image":{"@id":"https:\/\/emasweden.com\/is\/produkt\/hd-500-flokkunarskal-650l-1500mm-s60\/#primaryimage"},"thumbnailUrl":"https:\/\/emasweden.com\/wp-content\/uploads\/2021\/01\/PRO-003873_1-5-scaled.jpg","datePublished":"2021-01-20T14:33:11+00:00","dateModified":"2026-01-12T15:14:13+00:00","description":"Hj\u00e1 EMA elskum vi\u00f0 f\u00f6tur og a\u00f0ra v\u00e9lab\u00fana\u00f0. H\u00e9r finnur \u00fe\u00fa l\u00edklega st\u00e6rstu f\u00f6tul\u00ednu Sv\u00ed\u00fej\u00f3\u00f0ar me\u00f0 ger\u00f0um fr\u00e1 50 til 4500 l\u00edtrum.","breadcrumb":{"@id":"https:\/\/emasweden.com\/is\/produkt\/hd-500-flokkunarskal-650l-1500mm-s60\/#breadcrumb"},"inLanguage":"is","potentialAction":[{"@type":"ReadAction","target":["https:\/\/emasweden.com\/is\/produkt\/hd-500-flokkunarskal-650l-1500mm-s60\/"]}]},{"@type":"ImageObject","inLanguage":"is","@id":"https:\/\/emasweden.com\/is\/produkt\/hd-500-flokkunarskal-650l-1500mm-s60\/#primaryimage","url":"https:\/\/emasweden.com\/wp-content\/uploads\/2021\/01\/PRO-003873_1-5-scaled.jpg","contentUrl":"https:\/\/emasweden.com\/wp-content\/uploads\/2021\/01\/PRO-003873_1-5-scaled.jpg","width":2560,"height":1920,"caption":"HD 500 Planeringsskopa 650L - 1500mm - S60"},{"@type":"BreadcrumbList","@id":"https:\/\/emasweden.com\/is\/produkt\/hd-500-flokkunarskal-650l-1500mm-s60\/#breadcrumb","itemListElement":[{"@type":"ListItem","position":1,"name":"Hem","item":"https:\/\/emasweden.com\/is\/"},{"@type":"ListItem","position":2,"name":"V\u00f6ru\u00farval","item":"https:\/\/emasweden.com\/is\/voruurval\/"},{"@type":"ListItem","position":3,"name":"HD 500 Grading bucket 650L &#8211; 1500mm &#8211; S60"}]},{"@type":"WebSite","@id":"https:\/\/emasweden.com\/is\/#website","url":"https:\/\/emasweden.com\/is\/","name":"EMA Sverige","description":"","potentialAction":[{"@type":"SearchAction","target":{"@type":"EntryPoint","urlTemplate":"https:\/\/emasweden.com\/is\/?s={search_term_string}"},"query-input":{"@type":"PropertyValueSpecification","valueRequired":true,"valueName":"search_term_string"}}],"inLanguage":"is"}]}},"_links":{"self":[{"href":"https:\/\/emasweden.com\/is\/wp-json\/wp\/v2\/product\/24308","targetHints":{"allow":["GET"]}}],"collection":[{"href":"https:\/\/emasweden.com\/is\/wp-json\/wp\/v2\/product"}],"about":[{"href":"https:\/\/emasweden.com\/is\/wp-json\/wp\/v2\/types\/product"}],"wp:featuredmedia":[{"embeddable":true,"href":"https:\/\/emasweden.com\/is\/wp-json\/wp\/v2\/media\/24316"}],"wp:attachment":[{"href":"https:\/\/emasweden.com\/is\/wp-json\/wp\/v2\/media?parent=24308"}],"wp:term":[{"taxonomy":"product_brand","embeddable":true,"href":"https:\/\/emasweden.com\/is\/wp-json\/wp\/v2\/product_brand?post=24308"},{"taxonomy":"product_cat","embeddable":true,"href":"https:\/\/emasweden.com\/is\/wp-json\/wp\/v2\/product_cat?post=24308"},{"taxonomy":"product_tag","embeddable":true,"href":"https:\/\/emasweden.com\/is\/wp-json\/wp\/v2\/product_tag?post=24308"},{"taxonomy":"faste-y","embeddable":true,"href":"https:\/\/emasweden.com\/is\/wp-json\/wp\/v2\/faste-y?post=24308"}],"curies":[{"name":"wp","href":"https:\/\/api.w.org\/{rel}","templated":true}]}}