{"id":24396,"date":"2026-01-12T16:14:32","date_gmt":"2026-01-12T15:14:32","guid":{"rendered":"https:\/\/emasweden.com\/produkt\/hd-jafnvaegisbjalki-med-bladi-2000mm-an-festingar\/"},"modified":"2026-01-12T16:14:35","modified_gmt":"2026-01-12T15:14:35","slug":"hd-jafnvaegisbjalki-med-bladi-2000mm-an-festingar","status":"publish","type":"product","link":"https:\/\/emasweden.com\/is\/produkt\/hd-jafnvaegisbjalki-med-bladi-2000mm-an-festingar\/","title":{"rendered":"HD Leveling beam with blade &#8211; 2000mm &#8211; Without bracket"},"content":{"rendered":"<p><sup>HD Avj\u00e4mningsbalk med blad &#8211; 2000mm &#8211; Utan f\u00e4ste<\/sup><br \/>\n\u2013 Vi har valt att ha skurna kanter p\u00e5 framsidan av avj\u00e4mningsbalken f\u00f6r att skapa en skopdel vilket m\u00f6jligg\u00f6r att enkelt f\u00e5 med sig material, vi har \u00e4ven tagit fram en modell med \u00e4n st\u00f6rre skopdel f\u00f6r maskinisten som vill f\u00e5 med sig \u00e4n mer material, v\u00e4nligen l\u00e4s om Avj\u00e4mningsbalk Med Skopa.<\/p>\n<p>Avj\u00e4mningsbalken har \u00e4ven en stor uppsamlingsyta i framkant vilket medf\u00f6r att n\u00e4r du jobbar med balken s\u00e5 har du hela tiden med dig gott om material som kan fylla ut oj\u00e4mnheter i marken. Balken f\u00f6ljer i tv\u00e5 alternativ med svetsat f\u00e4ste eller bultade f\u00e4sten, detta g\u00f6r att man kan montera olika f\u00e4sten samt justera f\u00e4stet hur du vill att det skall sitta.<\/p>\n<p><sup>HD Avj\u00e4mningsbalk med blad &#8211; 2000mm &#8211; Utan f\u00e4ste<\/sup><\/p>\n<p>&#8211; Smidig produkt f\u00f6r justering och planering av material<\/p>\n<p>&#8211; <a href=\"https:\/\/www.ssab.com\/sv-se\/varumarken-och-produkter\/hardox\"><strong>Hardox<\/strong><\/a> p\u00e5 utsatta slitdelar<\/p>\n<p>&#8211; Den djupa konstruktionen g\u00f6r att den inte dyker ner i materialet utan h\u00e5ller sig plan<\/p>\n<p>&nbsp;<\/p>\n<p>Bl\u00e4ddra bland olika f\u00e4sten <a href=\"https:\/\/emasweden.com\/is\/produkt-kategori\/festingarkapalplogur-jafnvaegisbjalki\/\"><strong>h\u00e4r!<\/strong><\/a><\/p>\n","protected":false},"excerpt":{"rendered":"<p>HD Avj\u00e4mningsbalk med blad &#8211; 2000mm &#8211; Utan f\u00e4ste \u2013 Vi har valt att ha skurna kanter p\u00e5 framsidan av avj\u00e4mningsbalken f\u00f6r att skapa en skopdel vilket m\u00f6jligg\u00f6r att enkelt f\u00e5 med sig material, vi har \u00e4ven tagit fram en modell med \u00e4n st\u00f6rre skopdel f\u00f6r maskinisten som vill f\u00e5 med sig \u00e4n mer material, [&hellip;]<\/p>\n","protected":false},"featured_media":23665,"template":"","meta":{"_monsterinsights_skip_tracking":false,"_monsterinsights_sitenote_active":false,"_monsterinsights_sitenote_note":"","_monsterinsights_sitenote_category":0},"product_brand":[],"product_cat":[5847,5843],"product_tag":[],"faste-y":[],"class_list":{"0":"post-24396","1":"product","2":"type-product","3":"status-publish","4":"has-post-thumbnail","6":"product_cat-jafnvaegisbjalki-med-bladi","7":"product_cat-lagfaeringarbjalki-flokkunarbjalki","8":"pa_max-bredd-2000mm","9":"pa_vikt-400-kg","11":"first","12":"instock","13":"purchasable","14":"product-type-simple"},"yoast_head":"<!-- This site is optimized with the Yoast SEO plugin v27.3 - https:\/\/yoast.com\/product\/yoast-seo-wordpress\/ -->\n<title>EMA Sv\u00ed\u00fej\u00f3\u00f0 | Jar\u00f0flutningab\u00fana\u00f0ur - gr\u00f6fu og \u00f6nnur aukahlutir<\/title>\n<meta name=\"description\" content=\"Hj\u00e1 EMA elskum vi\u00f0 f\u00f6tur og a\u00f0ra v\u00e9lab\u00fana\u00f0. H\u00e9r finnur \u00fe\u00fa l\u00edklega st\u00e6rstu f\u00f6tul\u00ednu Sv\u00ed\u00fej\u00f3\u00f0ar me\u00f0 ger\u00f0um fr\u00e1 50 til 4500 l\u00edtrum.\" \/>\n<meta name=\"robots\" content=\"index, follow, max-snippet:-1, max-image-preview:large, max-video-preview:-1\" \/>\n<link rel=\"canonical\" href=\"https:\/\/emasweden.com\/is\/produkt\/hd-jafnvaegisbjalki-med-bladi-2000mm-an-festingar\/\" \/>\n<meta property=\"og:locale\" content=\"is_IS\" \/>\n<meta property=\"og:type\" content=\"article\" \/>\n<meta property=\"og:title\" content=\"EMA Sv\u00ed\u00fej\u00f3\u00f0 | Jar\u00f0flutningab\u00fana\u00f0ur - gr\u00f6fu og \u00f6nnur aukahlutir\" \/>\n<meta property=\"og:description\" content=\"Hj\u00e1 EMA elskum vi\u00f0 f\u00f6tur og a\u00f0ra v\u00e9lab\u00fana\u00f0. H\u00e9r finnur \u00fe\u00fa l\u00edklega st\u00e6rstu f\u00f6tul\u00ednu Sv\u00ed\u00fej\u00f3\u00f0ar me\u00f0 ger\u00f0um fr\u00e1 50 til 4500 l\u00edtrum.\" \/>\n<meta property=\"og:url\" content=\"https:\/\/emasweden.com\/is\/produkt\/hd-jafnvaegisbjalki-med-bladi-2000mm-an-festingar\/\" \/>\n<meta property=\"og:site_name\" content=\"EMA Sverige\" \/>\n<meta property=\"article:modified_time\" content=\"2026-01-12T15:14:35+00:00\" \/>\n<meta property=\"og:image\" content=\"https:\/\/emasweden.com\/wp-content\/uploads\/2021\/01\/Gi-250GB-1.jpg\" \/>\n\t<meta property=\"og:image:width\" content=\"1000\" \/>\n\t<meta property=\"og:image:height\" content=\"750\" \/>\n\t<meta property=\"og:image:type\" content=\"image\/jpeg\" \/>\n<meta name=\"twitter:card\" content=\"summary_large_image\" \/>\n<meta name=\"twitter:label1\" content=\"Est. reading time\" \/>\n\t<meta name=\"twitter:data1\" content=\"1 minute\" \/>\n<script type=\"application\/ld+json\" class=\"yoast-schema-graph\">{\"@context\":\"https:\\\/\\\/schema.org\",\"@graph\":[{\"@type\":\"WebPage\",\"@id\":\"https:\\\/\\\/emasweden.com\\\/is\\\/produkt\\\/hd-jafnvaegisbjalki-med-bladi-2000mm-an-festingar\\\/\",\"url\":\"https:\\\/\\\/emasweden.com\\\/is\\\/produkt\\\/hd-jafnvaegisbjalki-med-bladi-2000mm-an-festingar\\\/\",\"name\":\"EMA Sv\u00ed\u00fej\u00f3\u00f0 | Jar\u00f0flutningab\u00fana\u00f0ur - gr\u00f6fu og \u00f6nnur aukahlutir\",\"isPartOf\":{\"@id\":\"https:\\\/\\\/emasweden.com\\\/is\\\/#website\"},\"primaryImageOfPage\":{\"@id\":\"https:\\\/\\\/emasweden.com\\\/is\\\/produkt\\\/hd-jafnvaegisbjalki-med-bladi-2000mm-an-festingar\\\/#primaryimage\"},\"image\":{\"@id\":\"https:\\\/\\\/emasweden.com\\\/is\\\/produkt\\\/hd-jafnvaegisbjalki-med-bladi-2000mm-an-festingar\\\/#primaryimage\"},\"thumbnailUrl\":\"https:\\\/\\\/emasweden.com\\\/wp-content\\\/uploads\\\/2021\\\/01\\\/Gi-250GB-1.jpg\",\"datePublished\":\"2026-01-12T15:14:32+00:00\",\"dateModified\":\"2026-01-12T15:14:35+00:00\",\"description\":\"Hj\u00e1 EMA elskum vi\u00f0 f\u00f6tur og a\u00f0ra v\u00e9lab\u00fana\u00f0. H\u00e9r finnur \u00fe\u00fa l\u00edklega st\u00e6rstu f\u00f6tul\u00ednu Sv\u00ed\u00fej\u00f3\u00f0ar me\u00f0 ger\u00f0um fr\u00e1 50 til 4500 l\u00edtrum.\",\"breadcrumb\":{\"@id\":\"https:\\\/\\\/emasweden.com\\\/is\\\/produkt\\\/hd-jafnvaegisbjalki-med-bladi-2000mm-an-festingar\\\/#breadcrumb\"},\"inLanguage\":\"is\",\"potentialAction\":[{\"@type\":\"ReadAction\",\"target\":[\"https:\\\/\\\/emasweden.com\\\/is\\\/produkt\\\/hd-jafnvaegisbjalki-med-bladi-2000mm-an-festingar\\\/\"]}]},{\"@type\":\"ImageObject\",\"inLanguage\":\"is\",\"@id\":\"https:\\\/\\\/emasweden.com\\\/is\\\/produkt\\\/hd-jafnvaegisbjalki-med-bladi-2000mm-an-festingar\\\/#primaryimage\",\"url\":\"https:\\\/\\\/emasweden.com\\\/wp-content\\\/uploads\\\/2021\\\/01\\\/Gi-250GB-1.jpg\",\"contentUrl\":\"https:\\\/\\\/emasweden.com\\\/wp-content\\\/uploads\\\/2021\\\/01\\\/Gi-250GB-1.jpg\",\"width\":1000,\"height\":750,\"caption\":\"HD Avj\u00e4mningsbalk med blad - 2000mm - Utan f\u00e4ste\"},{\"@type\":\"BreadcrumbList\",\"@id\":\"https:\\\/\\\/emasweden.com\\\/is\\\/produkt\\\/hd-jafnvaegisbjalki-med-bladi-2000mm-an-festingar\\\/#breadcrumb\",\"itemListElement\":[{\"@type\":\"ListItem\",\"position\":1,\"name\":\"Hem\",\"item\":\"https:\\\/\\\/emasweden.com\\\/is\\\/\"},{\"@type\":\"ListItem\",\"position\":2,\"name\":\"V\u00f6ru\u00farval\",\"item\":\"https:\\\/\\\/emasweden.com\\\/is\\\/voruurval\\\/\"},{\"@type\":\"ListItem\",\"position\":3,\"name\":\"HD Leveling beam with blade &#8211; 2000mm &#8211; Without bracket\"}]},{\"@type\":\"WebSite\",\"@id\":\"https:\\\/\\\/emasweden.com\\\/is\\\/#website\",\"url\":\"https:\\\/\\\/emasweden.com\\\/is\\\/\",\"name\":\"EMA Sverige\",\"description\":\"\",\"potentialAction\":[{\"@type\":\"SearchAction\",\"target\":{\"@type\":\"EntryPoint\",\"urlTemplate\":\"https:\\\/\\\/emasweden.com\\\/is\\\/?s={search_term_string}\"},\"query-input\":{\"@type\":\"PropertyValueSpecification\",\"valueRequired\":true,\"valueName\":\"search_term_string\"}}],\"inLanguage\":\"is\"}]}<\/script>\n<!-- \/ Yoast SEO plugin. -->","yoast_head_json":{"title":"EMA Sv\u00ed\u00fej\u00f3\u00f0 | Jar\u00f0flutningab\u00fana\u00f0ur - gr\u00f6fu og \u00f6nnur aukahlutir","description":"Hj\u00e1 EMA elskum vi\u00f0 f\u00f6tur og a\u00f0ra v\u00e9lab\u00fana\u00f0. H\u00e9r finnur \u00fe\u00fa l\u00edklega st\u00e6rstu f\u00f6tul\u00ednu Sv\u00ed\u00fej\u00f3\u00f0ar me\u00f0 ger\u00f0um fr\u00e1 50 til 4500 l\u00edtrum.","robots":{"index":"index","follow":"follow","max-snippet":"max-snippet:-1","max-image-preview":"max-image-preview:large","max-video-preview":"max-video-preview:-1"},"canonical":"https:\/\/emasweden.com\/is\/produkt\/hd-jafnvaegisbjalki-med-bladi-2000mm-an-festingar\/","og_locale":"is_IS","og_type":"article","og_title":"EMA Sv\u00ed\u00fej\u00f3\u00f0 | Jar\u00f0flutningab\u00fana\u00f0ur - gr\u00f6fu og \u00f6nnur aukahlutir","og_description":"Hj\u00e1 EMA elskum vi\u00f0 f\u00f6tur og a\u00f0ra v\u00e9lab\u00fana\u00f0. H\u00e9r finnur \u00fe\u00fa l\u00edklega st\u00e6rstu f\u00f6tul\u00ednu Sv\u00ed\u00fej\u00f3\u00f0ar me\u00f0 ger\u00f0um fr\u00e1 50 til 4500 l\u00edtrum.","og_url":"https:\/\/emasweden.com\/is\/produkt\/hd-jafnvaegisbjalki-med-bladi-2000mm-an-festingar\/","og_site_name":"EMA Sverige","article_modified_time":"2026-01-12T15:14:35+00:00","og_image":[{"width":1000,"height":750,"url":"https:\/\/emasweden.com\/wp-content\/uploads\/2021\/01\/Gi-250GB-1.jpg","type":"image\/jpeg"}],"twitter_card":"summary_large_image","twitter_misc":{"Est. reading time":"1 minute"},"schema":{"@context":"https:\/\/schema.org","@graph":[{"@type":"WebPage","@id":"https:\/\/emasweden.com\/is\/produkt\/hd-jafnvaegisbjalki-med-bladi-2000mm-an-festingar\/","url":"https:\/\/emasweden.com\/is\/produkt\/hd-jafnvaegisbjalki-med-bladi-2000mm-an-festingar\/","name":"EMA Sv\u00ed\u00fej\u00f3\u00f0 | Jar\u00f0flutningab\u00fana\u00f0ur - gr\u00f6fu og \u00f6nnur aukahlutir","isPartOf":{"@id":"https:\/\/emasweden.com\/is\/#website"},"primaryImageOfPage":{"@id":"https:\/\/emasweden.com\/is\/produkt\/hd-jafnvaegisbjalki-med-bladi-2000mm-an-festingar\/#primaryimage"},"image":{"@id":"https:\/\/emasweden.com\/is\/produkt\/hd-jafnvaegisbjalki-med-bladi-2000mm-an-festingar\/#primaryimage"},"thumbnailUrl":"https:\/\/emasweden.com\/wp-content\/uploads\/2021\/01\/Gi-250GB-1.jpg","datePublished":"2026-01-12T15:14:32+00:00","dateModified":"2026-01-12T15:14:35+00:00","description":"Hj\u00e1 EMA elskum vi\u00f0 f\u00f6tur og a\u00f0ra v\u00e9lab\u00fana\u00f0. H\u00e9r finnur \u00fe\u00fa l\u00edklega st\u00e6rstu f\u00f6tul\u00ednu Sv\u00ed\u00fej\u00f3\u00f0ar me\u00f0 ger\u00f0um fr\u00e1 50 til 4500 l\u00edtrum.","breadcrumb":{"@id":"https:\/\/emasweden.com\/is\/produkt\/hd-jafnvaegisbjalki-med-bladi-2000mm-an-festingar\/#breadcrumb"},"inLanguage":"is","potentialAction":[{"@type":"ReadAction","target":["https:\/\/emasweden.com\/is\/produkt\/hd-jafnvaegisbjalki-med-bladi-2000mm-an-festingar\/"]}]},{"@type":"ImageObject","inLanguage":"is","@id":"https:\/\/emasweden.com\/is\/produkt\/hd-jafnvaegisbjalki-med-bladi-2000mm-an-festingar\/#primaryimage","url":"https:\/\/emasweden.com\/wp-content\/uploads\/2021\/01\/Gi-250GB-1.jpg","contentUrl":"https:\/\/emasweden.com\/wp-content\/uploads\/2021\/01\/Gi-250GB-1.jpg","width":1000,"height":750,"caption":"HD Avj\u00e4mningsbalk med blad - 2000mm - Utan f\u00e4ste"},{"@type":"BreadcrumbList","@id":"https:\/\/emasweden.com\/is\/produkt\/hd-jafnvaegisbjalki-med-bladi-2000mm-an-festingar\/#breadcrumb","itemListElement":[{"@type":"ListItem","position":1,"name":"Hem","item":"https:\/\/emasweden.com\/is\/"},{"@type":"ListItem","position":2,"name":"V\u00f6ru\u00farval","item":"https:\/\/emasweden.com\/is\/voruurval\/"},{"@type":"ListItem","position":3,"name":"HD Leveling beam with blade &#8211; 2000mm &#8211; Without bracket"}]},{"@type":"WebSite","@id":"https:\/\/emasweden.com\/is\/#website","url":"https:\/\/emasweden.com\/is\/","name":"EMA Sverige","description":"","potentialAction":[{"@type":"SearchAction","target":{"@type":"EntryPoint","urlTemplate":"https:\/\/emasweden.com\/is\/?s={search_term_string}"},"query-input":{"@type":"PropertyValueSpecification","valueRequired":true,"valueName":"search_term_string"}}],"inLanguage":"is"}]}},"_links":{"self":[{"href":"https:\/\/emasweden.com\/is\/wp-json\/wp\/v2\/product\/24396","targetHints":{"allow":["GET"]}}],"collection":[{"href":"https:\/\/emasweden.com\/is\/wp-json\/wp\/v2\/product"}],"about":[{"href":"https:\/\/emasweden.com\/is\/wp-json\/wp\/v2\/types\/product"}],"wp:featuredmedia":[{"embeddable":true,"href":"https:\/\/emasweden.com\/is\/wp-json\/wp\/v2\/media\/23665"}],"wp:attachment":[{"href":"https:\/\/emasweden.com\/is\/wp-json\/wp\/v2\/media?parent=24396"}],"wp:term":[{"taxonomy":"product_brand","embeddable":true,"href":"https:\/\/emasweden.com\/is\/wp-json\/wp\/v2\/product_brand?post=24396"},{"taxonomy":"product_cat","embeddable":true,"href":"https:\/\/emasweden.com\/is\/wp-json\/wp\/v2\/product_cat?post=24396"},{"taxonomy":"product_tag","embeddable":true,"href":"https:\/\/emasweden.com\/is\/wp-json\/wp\/v2\/product_tag?post=24396"},{"taxonomy":"faste-y","embeddable":true,"href":"https:\/\/emasweden.com\/is\/wp-json\/wp\/v2\/faste-y?post=24396"}],"curies":[{"name":"wp","href":"https:\/\/api.w.org\/{rel}","templated":true}]}}