{"id":24449,"date":"2021-01-20T15:38:14","date_gmt":"2021-01-20T14:38:14","guid":{"rendered":"https:\/\/emasweden.com\/produkt\/hdrp-mountain-bucket-armor-2800l-delta-innlegg-5-stykki-j550-teeth-2040mm-s90\/"},"modified":"2026-01-12T16:14:56","modified_gmt":"2026-01-12T15:14:56","slug":"hdrp-mountain-bucket-armor-2800l-delta-innlegg-5-stykki-j550-teeth-2040mm-s90","status":"publish","type":"product","link":"https:\/\/emasweden.com\/is\/produkt\/hdrp-mountain-bucket-armor-2800l-delta-innlegg-5-stykki-j550-teeth-2040mm-s90\/","title":{"rendered":"HDRP Mountain Bucket Armor 2800L delta insert &#8211; 5 pcs J550 teeth &#8211; 2040mm &#8211; S90"},"content":{"rendered":"<p><sup>HDRP Mountain Bucket Armor 2800L Delta innlegg &#8211; 5 stykki J550 Teeth &#8211; 2040mm &#8211; S90<\/sup><br \/>\n<br \/>\u2013 \u00deungur steinbrynja \u2013<br \/>\n<br \/>Ema 500 brynjur eru a\u00f0 mestu bygg\u00f0ar \u00far mj\u00f6g endingarg\u00f3\u00f0u efni HARDOX 500, sem \u00fe\u00fd\u00f0ir a\u00f0 v\u00f6rurnar \u00ed \u00feessari r\u00f6\u00f0 hafa mj\u00f6g langan l\u00edft\u00edma, jafnvel \u00ed erfi\u00f0ustu a\u00f0st\u00e6\u00f0um.<br \/>\n<br \/>  PANSAR-r\u00f6\u00f0in er b\u00fain innri og ytri slitrifum, h\u00e6lv\u00f6rnum, mj\u00f3lkurt\u00f6nnum, slitp\u00fakkum og chocko-st\u00f6ngum og m\u00e1 einnig \u00fatb\u00faa eftir einstaklingsbundnum \u00fe\u00f6rfum.  <br \/>A\u00f0 velja Hardox 500 sem efni \u00fe\u00fd\u00f0ir einnig a\u00f0 \u00fe\u00fa getur fjarl\u00e6gt slithluti, eins og endahl\u00edfar, sem \u00fe\u00fd\u00f0ir minni \u00feyngd og minni eldsneytisnotkun. <\/p>\n<p>\u2022 Innsetningar, br\u00fanir, slitrif og grind \u00ed <a href=\"https:\/\/www.ssab.com\/products\/brands\/hardox\/products\/hardox-500\" target=\"_blank\" rel=\"noopener\">HARDOX 500<\/a><br \/>\n<br \/>\u2022 Ne\u00f0ri hluti og hli\u00f0ar <a href=\"https:\/\/www.ssab.com\/products\/brands\/hardox\/products\/hardox-450\" target=\"_blank\" rel=\"noopener\">HARDOX 450<\/a><br \/>\n<br \/>\u2022 Aukin slitv\u00f6rn b\u00e6\u00f0i fyrir ofan og ne\u00f0an spelkurnar<br \/>\n<br \/>\u2022 Mj\u00f3lkurtennur sem sta\u00f0alb\u00fana\u00f0ur<br \/>\n<br \/>\u2022 Bein e\u00f0a delta innsetningar\n<\/ul>\n","protected":false},"excerpt":{"rendered":"<p>HDRP Mountain Bucket Armor 2800L Delta innlegg &#8211; 5 stykki J550 Teeth &#8211; 2040mm &#8211; S90 \u2013 \u00deungur steinbrynja \u2013 Ema 500 brynjur eru a\u00f0 mestu bygg\u00f0ar \u00far mj\u00f6g endingarg\u00f3\u00f0u efni HARDOX 500, sem \u00fe\u00fd\u00f0ir a\u00f0 v\u00f6rurnar \u00ed \u00feessari r\u00f6\u00f0 hafa mj\u00f6g langan l\u00edft\u00edma, jafnvel \u00ed erfi\u00f0ustu a\u00f0st\u00e6\u00f0um. PANSAR-r\u00f6\u00f0in er b\u00fain innri og ytri slitrifum, [&hellip;]<\/p>\n","protected":false},"featured_media":23377,"template":"","meta":{"_monsterinsights_skip_tracking":false,"_monsterinsights_sitenote_active":false,"_monsterinsights_sitenote_note":"","_monsterinsights_sitenote_category":0},"product_brand":[],"product_cat":[5600],"product_tag":[],"faste-y":[],"class_list":{"0":"post-24449","1":"product","2":"type-product","3":"status-publish","4":"has-post-thumbnail","6":"product_cat-rock-scoop-2","7":"pa_antal-tander-5584","8":"pa_maskinvikt-spec-yfir-40-tonn","9":"pa_max-bredd-2040mm","10":"pa_tand-j550","11":"pa_vikt-3595-kg","13":"first","14":"instock","15":"purchasable","16":"product-type-simple"},"yoast_head":"<!-- This site is optimized with the Yoast SEO plugin v27.3 - https:\/\/yoast.com\/product\/yoast-seo-wordpress\/ -->\n<title>EMA Sv\u00ed\u00fej\u00f3\u00f0 | Jar\u00f0flutningab\u00fana\u00f0ur - gr\u00f6fu og \u00f6nnur aukahlutir<\/title>\n<meta name=\"description\" content=\"Hj\u00e1 EMA elskum vi\u00f0 f\u00f6tur og a\u00f0ra v\u00e9lab\u00fana\u00f0. H\u00e9r finnur \u00fe\u00fa l\u00edklega st\u00e6rstu f\u00f6tul\u00ednu Sv\u00ed\u00fej\u00f3\u00f0ar me\u00f0 ger\u00f0um fr\u00e1 50 til 4500 l\u00edtrum.\" \/>\n<meta name=\"robots\" content=\"index, follow, max-snippet:-1, max-image-preview:large, max-video-preview:-1\" \/>\n<link rel=\"canonical\" href=\"https:\/\/emasweden.com\/is\/produkt\/hdrp-mountain-bucket-armor-2800l-delta-innlegg-5-stykki-j550-teeth-2040mm-s90\/\" \/>\n<meta property=\"og:locale\" content=\"is_IS\" \/>\n<meta property=\"og:type\" content=\"article\" \/>\n<meta property=\"og:title\" content=\"EMA Sv\u00ed\u00fej\u00f3\u00f0 | Jar\u00f0flutningab\u00fana\u00f0ur - gr\u00f6fu og \u00f6nnur aukahlutir\" \/>\n<meta property=\"og:description\" content=\"Hj\u00e1 EMA elskum vi\u00f0 f\u00f6tur og a\u00f0ra v\u00e9lab\u00fana\u00f0. H\u00e9r finnur \u00fe\u00fa l\u00edklega st\u00e6rstu f\u00f6tul\u00ednu Sv\u00ed\u00fej\u00f3\u00f0ar me\u00f0 ger\u00f0um fr\u00e1 50 til 4500 l\u00edtrum.\" \/>\n<meta property=\"og:url\" content=\"https:\/\/emasweden.com\/is\/produkt\/hdrp-mountain-bucket-armor-2800l-delta-innlegg-5-stykki-j550-teeth-2040mm-s90\/\" \/>\n<meta property=\"og:site_name\" content=\"EMA Sverige\" \/>\n<meta property=\"article:modified_time\" content=\"2026-01-12T15:14:56+00:00\" \/>\n<meta property=\"og:image\" content=\"https:\/\/emasweden.com\/wp-content\/uploads\/2021\/01\/7291303_1.jpg\" \/>\n\t<meta property=\"og:image:width\" content=\"1000\" \/>\n\t<meta property=\"og:image:height\" content=\"750\" \/>\n\t<meta property=\"og:image:type\" content=\"image\/jpeg\" \/>\n<meta name=\"twitter:card\" content=\"summary_large_image\" \/>\n<meta name=\"twitter:label1\" content=\"Est. reading time\" \/>\n\t<meta name=\"twitter:data1\" content=\"1 minute\" \/>\n<script type=\"application\/ld+json\" class=\"yoast-schema-graph\">{\"@context\":\"https:\\\/\\\/schema.org\",\"@graph\":[{\"@type\":\"WebPage\",\"@id\":\"https:\\\/\\\/emasweden.com\\\/is\\\/produkt\\\/hdrp-mountain-bucket-armor-2800l-delta-innlegg-5-stykki-j550-teeth-2040mm-s90\\\/\",\"url\":\"https:\\\/\\\/emasweden.com\\\/is\\\/produkt\\\/hdrp-mountain-bucket-armor-2800l-delta-innlegg-5-stykki-j550-teeth-2040mm-s90\\\/\",\"name\":\"EMA Sv\u00ed\u00fej\u00f3\u00f0 | Jar\u00f0flutningab\u00fana\u00f0ur - gr\u00f6fu og \u00f6nnur aukahlutir\",\"isPartOf\":{\"@id\":\"https:\\\/\\\/emasweden.com\\\/is\\\/#website\"},\"primaryImageOfPage\":{\"@id\":\"https:\\\/\\\/emasweden.com\\\/is\\\/produkt\\\/hdrp-mountain-bucket-armor-2800l-delta-innlegg-5-stykki-j550-teeth-2040mm-s90\\\/#primaryimage\"},\"image\":{\"@id\":\"https:\\\/\\\/emasweden.com\\\/is\\\/produkt\\\/hdrp-mountain-bucket-armor-2800l-delta-innlegg-5-stykki-j550-teeth-2040mm-s90\\\/#primaryimage\"},\"thumbnailUrl\":\"https:\\\/\\\/emasweden.com\\\/wp-content\\\/uploads\\\/2021\\\/01\\\/7291303_1.jpg\",\"datePublished\":\"2021-01-20T14:38:14+00:00\",\"dateModified\":\"2026-01-12T15:14:56+00:00\",\"description\":\"Hj\u00e1 EMA elskum vi\u00f0 f\u00f6tur og a\u00f0ra v\u00e9lab\u00fana\u00f0. H\u00e9r finnur \u00fe\u00fa l\u00edklega st\u00e6rstu f\u00f6tul\u00ednu Sv\u00ed\u00fej\u00f3\u00f0ar me\u00f0 ger\u00f0um fr\u00e1 50 til 4500 l\u00edtrum.\",\"breadcrumb\":{\"@id\":\"https:\\\/\\\/emasweden.com\\\/is\\\/produkt\\\/hdrp-mountain-bucket-armor-2800l-delta-innlegg-5-stykki-j550-teeth-2040mm-s90\\\/#breadcrumb\"},\"inLanguage\":\"is\",\"potentialAction\":[{\"@type\":\"ReadAction\",\"target\":[\"https:\\\/\\\/emasweden.com\\\/is\\\/produkt\\\/hdrp-mountain-bucket-armor-2800l-delta-innlegg-5-stykki-j550-teeth-2040mm-s90\\\/\"]}]},{\"@type\":\"ImageObject\",\"inLanguage\":\"is\",\"@id\":\"https:\\\/\\\/emasweden.com\\\/is\\\/produkt\\\/hdrp-mountain-bucket-armor-2800l-delta-innlegg-5-stykki-j550-teeth-2040mm-s90\\\/#primaryimage\",\"url\":\"https:\\\/\\\/emasweden.com\\\/wp-content\\\/uploads\\\/2021\\\/01\\\/7291303_1.jpg\",\"contentUrl\":\"https:\\\/\\\/emasweden.com\\\/wp-content\\\/uploads\\\/2021\\\/01\\\/7291303_1.jpg\",\"width\":1000,\"height\":750},{\"@type\":\"BreadcrumbList\",\"@id\":\"https:\\\/\\\/emasweden.com\\\/is\\\/produkt\\\/hdrp-mountain-bucket-armor-2800l-delta-innlegg-5-stykki-j550-teeth-2040mm-s90\\\/#breadcrumb\",\"itemListElement\":[{\"@type\":\"ListItem\",\"position\":1,\"name\":\"Hem\",\"item\":\"https:\\\/\\\/emasweden.com\\\/is\\\/\"},{\"@type\":\"ListItem\",\"position\":2,\"name\":\"V\u00f6ru\u00farval\",\"item\":\"https:\\\/\\\/emasweden.com\\\/is\\\/voruurval\\\/\"},{\"@type\":\"ListItem\",\"position\":3,\"name\":\"HDRP Mountain Bucket Armor 2800L delta insert &#8211; 5 pcs J550 teeth &#8211; 2040mm &#8211; S90\"}]},{\"@type\":\"WebSite\",\"@id\":\"https:\\\/\\\/emasweden.com\\\/is\\\/#website\",\"url\":\"https:\\\/\\\/emasweden.com\\\/is\\\/\",\"name\":\"EMA Sverige\",\"description\":\"\",\"potentialAction\":[{\"@type\":\"SearchAction\",\"target\":{\"@type\":\"EntryPoint\",\"urlTemplate\":\"https:\\\/\\\/emasweden.com\\\/is\\\/?s={search_term_string}\"},\"query-input\":{\"@type\":\"PropertyValueSpecification\",\"valueRequired\":true,\"valueName\":\"search_term_string\"}}],\"inLanguage\":\"is\"}]}<\/script>\n<!-- \/ Yoast SEO plugin. -->","yoast_head_json":{"title":"EMA Sv\u00ed\u00fej\u00f3\u00f0 | Jar\u00f0flutningab\u00fana\u00f0ur - gr\u00f6fu og \u00f6nnur aukahlutir","description":"Hj\u00e1 EMA elskum vi\u00f0 f\u00f6tur og a\u00f0ra v\u00e9lab\u00fana\u00f0. H\u00e9r finnur \u00fe\u00fa l\u00edklega st\u00e6rstu f\u00f6tul\u00ednu Sv\u00ed\u00fej\u00f3\u00f0ar me\u00f0 ger\u00f0um fr\u00e1 50 til 4500 l\u00edtrum.","robots":{"index":"index","follow":"follow","max-snippet":"max-snippet:-1","max-image-preview":"max-image-preview:large","max-video-preview":"max-video-preview:-1"},"canonical":"https:\/\/emasweden.com\/is\/produkt\/hdrp-mountain-bucket-armor-2800l-delta-innlegg-5-stykki-j550-teeth-2040mm-s90\/","og_locale":"is_IS","og_type":"article","og_title":"EMA Sv\u00ed\u00fej\u00f3\u00f0 | Jar\u00f0flutningab\u00fana\u00f0ur - gr\u00f6fu og \u00f6nnur aukahlutir","og_description":"Hj\u00e1 EMA elskum vi\u00f0 f\u00f6tur og a\u00f0ra v\u00e9lab\u00fana\u00f0. H\u00e9r finnur \u00fe\u00fa l\u00edklega st\u00e6rstu f\u00f6tul\u00ednu Sv\u00ed\u00fej\u00f3\u00f0ar me\u00f0 ger\u00f0um fr\u00e1 50 til 4500 l\u00edtrum.","og_url":"https:\/\/emasweden.com\/is\/produkt\/hdrp-mountain-bucket-armor-2800l-delta-innlegg-5-stykki-j550-teeth-2040mm-s90\/","og_site_name":"EMA Sverige","article_modified_time":"2026-01-12T15:14:56+00:00","og_image":[{"width":1000,"height":750,"url":"https:\/\/emasweden.com\/wp-content\/uploads\/2021\/01\/7291303_1.jpg","type":"image\/jpeg"}],"twitter_card":"summary_large_image","twitter_misc":{"Est. reading time":"1 minute"},"schema":{"@context":"https:\/\/schema.org","@graph":[{"@type":"WebPage","@id":"https:\/\/emasweden.com\/is\/produkt\/hdrp-mountain-bucket-armor-2800l-delta-innlegg-5-stykki-j550-teeth-2040mm-s90\/","url":"https:\/\/emasweden.com\/is\/produkt\/hdrp-mountain-bucket-armor-2800l-delta-innlegg-5-stykki-j550-teeth-2040mm-s90\/","name":"EMA Sv\u00ed\u00fej\u00f3\u00f0 | Jar\u00f0flutningab\u00fana\u00f0ur - gr\u00f6fu og \u00f6nnur aukahlutir","isPartOf":{"@id":"https:\/\/emasweden.com\/is\/#website"},"primaryImageOfPage":{"@id":"https:\/\/emasweden.com\/is\/produkt\/hdrp-mountain-bucket-armor-2800l-delta-innlegg-5-stykki-j550-teeth-2040mm-s90\/#primaryimage"},"image":{"@id":"https:\/\/emasweden.com\/is\/produkt\/hdrp-mountain-bucket-armor-2800l-delta-innlegg-5-stykki-j550-teeth-2040mm-s90\/#primaryimage"},"thumbnailUrl":"https:\/\/emasweden.com\/wp-content\/uploads\/2021\/01\/7291303_1.jpg","datePublished":"2021-01-20T14:38:14+00:00","dateModified":"2026-01-12T15:14:56+00:00","description":"Hj\u00e1 EMA elskum vi\u00f0 f\u00f6tur og a\u00f0ra v\u00e9lab\u00fana\u00f0. H\u00e9r finnur \u00fe\u00fa l\u00edklega st\u00e6rstu f\u00f6tul\u00ednu Sv\u00ed\u00fej\u00f3\u00f0ar me\u00f0 ger\u00f0um fr\u00e1 50 til 4500 l\u00edtrum.","breadcrumb":{"@id":"https:\/\/emasweden.com\/is\/produkt\/hdrp-mountain-bucket-armor-2800l-delta-innlegg-5-stykki-j550-teeth-2040mm-s90\/#breadcrumb"},"inLanguage":"is","potentialAction":[{"@type":"ReadAction","target":["https:\/\/emasweden.com\/is\/produkt\/hdrp-mountain-bucket-armor-2800l-delta-innlegg-5-stykki-j550-teeth-2040mm-s90\/"]}]},{"@type":"ImageObject","inLanguage":"is","@id":"https:\/\/emasweden.com\/is\/produkt\/hdrp-mountain-bucket-armor-2800l-delta-innlegg-5-stykki-j550-teeth-2040mm-s90\/#primaryimage","url":"https:\/\/emasweden.com\/wp-content\/uploads\/2021\/01\/7291303_1.jpg","contentUrl":"https:\/\/emasweden.com\/wp-content\/uploads\/2021\/01\/7291303_1.jpg","width":1000,"height":750},{"@type":"BreadcrumbList","@id":"https:\/\/emasweden.com\/is\/produkt\/hdrp-mountain-bucket-armor-2800l-delta-innlegg-5-stykki-j550-teeth-2040mm-s90\/#breadcrumb","itemListElement":[{"@type":"ListItem","position":1,"name":"Hem","item":"https:\/\/emasweden.com\/is\/"},{"@type":"ListItem","position":2,"name":"V\u00f6ru\u00farval","item":"https:\/\/emasweden.com\/is\/voruurval\/"},{"@type":"ListItem","position":3,"name":"HDRP Mountain Bucket Armor 2800L delta insert &#8211; 5 pcs J550 teeth &#8211; 2040mm &#8211; S90"}]},{"@type":"WebSite","@id":"https:\/\/emasweden.com\/is\/#website","url":"https:\/\/emasweden.com\/is\/","name":"EMA Sverige","description":"","potentialAction":[{"@type":"SearchAction","target":{"@type":"EntryPoint","urlTemplate":"https:\/\/emasweden.com\/is\/?s={search_term_string}"},"query-input":{"@type":"PropertyValueSpecification","valueRequired":true,"valueName":"search_term_string"}}],"inLanguage":"is"}]}},"_links":{"self":[{"href":"https:\/\/emasweden.com\/is\/wp-json\/wp\/v2\/product\/24449","targetHints":{"allow":["GET"]}}],"collection":[{"href":"https:\/\/emasweden.com\/is\/wp-json\/wp\/v2\/product"}],"about":[{"href":"https:\/\/emasweden.com\/is\/wp-json\/wp\/v2\/types\/product"}],"wp:featuredmedia":[{"embeddable":true,"href":"https:\/\/emasweden.com\/is\/wp-json\/wp\/v2\/media\/23377"}],"wp:attachment":[{"href":"https:\/\/emasweden.com\/is\/wp-json\/wp\/v2\/media?parent=24449"}],"wp:term":[{"taxonomy":"product_brand","embeddable":true,"href":"https:\/\/emasweden.com\/is\/wp-json\/wp\/v2\/product_brand?post=24449"},{"taxonomy":"product_cat","embeddable":true,"href":"https:\/\/emasweden.com\/is\/wp-json\/wp\/v2\/product_cat?post=24449"},{"taxonomy":"product_tag","embeddable":true,"href":"https:\/\/emasweden.com\/is\/wp-json\/wp\/v2\/product_tag?post=24449"},{"taxonomy":"faste-y","embeddable":true,"href":"https:\/\/emasweden.com\/is\/wp-json\/wp\/v2\/faste-y?post=24449"}],"curies":[{"name":"wp","href":"https:\/\/api.w.org\/{rel}","templated":true}]}}