{"id":24519,"date":"2021-01-20T15:38:31","date_gmt":"2021-01-20T14:38:31","guid":{"rendered":"https:\/\/emasweden.com\/produkt\/std-mesh-skofla-350l-med-bladi-1300mm-s40\/"},"modified":"2026-01-12T16:15:18","modified_gmt":"2026-01-12T15:15:18","slug":"std-mesh-skofla-350l-med-bladi-1300mm-s40","status":"publish","type":"product","link":"https:\/\/emasweden.com\/is\/produkt\/std-mesh-skofla-350l-med-bladi-1300mm-s40\/","title":{"rendered":"Std Sorting bucket 350L with blade &#8211; 1300mm &#8211; S40"},"content":{"rendered":"<p><sup>Std mesh sk\u00f3fla 350L me\u00f0 bla\u00f0i &#8211; 1300mm &#8211; S40<\/sup><br \/>&#8222;Grindarf\u00f6turnar okkar eru \u00ed laginu eins og vins\u00e6lar flokkunark\u00f6rfur okkar, \u00fe.e. me\u00f0 l\u00f6ngum botni. Vi\u00f0 h\u00f6fum vali\u00f0 kringl\u00f3ttar stangir fyrir bestu sigtunargetu og \u00fej\u00f3nustut\u00edma.<br \/>\nSt\u00f3ra bla\u00f0i\u00f0 veitir st\u00f6\u00f0ugleika \u00ed allri f\u00f6tuh\u00f6nnuninni. <\/p>\n<p>\u2022 Sterkur og einstakur h\u00f6nnun me\u00f0 lengdum botni sem veitir skilvirkt s\u00f3layfirbor\u00f0.<br \/>\n<br \/>\u2022 Sker\u00f0u \u00ed 500 brinell <a href=\"https:\/\/www.borox.se\/produkter\/skopst%C3%A5l\" target=\"_blank\" rel=\"noopener\">BOROX<\/a>.<br \/>\n<br \/>\u2022 Slitfl\u00f6tur styrktir me\u00f0 <a href=\"https:\/\/www.ssab.com\/products\/brands\/hardox\/products\/hardox-450\" target=\"_blank\" rel=\"noopener\">HARDOX 450<\/a>.<br \/>\n<br \/>\u2022 \u00d6xlar innbygg\u00f0ir \u00ed bygginguna fyrir betri endingu og st\u00f6\u00f0ugleika.<\/p>\n","protected":false},"excerpt":{"rendered":"<p>Std mesh sk\u00f3fla 350L me\u00f0 bla\u00f0i &#8211; 1300mm &#8211; S40&#8222;Grindarf\u00f6turnar okkar eru \u00ed laginu eins og vins\u00e6lar flokkunark\u00f6rfur okkar, \u00fe.e. me\u00f0 l\u00f6ngum botni. Vi\u00f0 h\u00f6fum vali\u00f0 kringl\u00f3ttar stangir fyrir bestu sigtunargetu og \u00fej\u00f3nustut\u00edma. St\u00f3ra bla\u00f0i\u00f0 veitir st\u00f6\u00f0ugleika \u00ed allri f\u00f6tuh\u00f6nnuninni. \u2022 Sterkur og einstakur h\u00f6nnun me\u00f0 lengdum botni sem veitir skilvirkt s\u00f3layfirbor\u00f0. \u2022 Sker\u00f0u \u00ed [&hellip;]<\/p>\n","protected":false},"featured_media":24528,"template":"","meta":{"_monsterinsights_skip_tracking":false,"_monsterinsights_sitenote_active":false,"_monsterinsights_sitenote_note":"","_monsterinsights_sitenote_category":0},"product_brand":[],"product_cat":[5842],"product_tag":[],"faste-y":[],"class_list":{"0":"post-24519","1":"product","2":"type-product","3":"status-publish","4":"has-post-thumbnail","6":"product_cat-grindarfata","7":"pa_maskinvikt-spec-25-3-tonn","8":"pa_max-bredd-1300mm","9":"pa_tand-ja","10":"pa_vikt-160-kg","12":"first","13":"instock","14":"purchasable","15":"product-type-simple"},"yoast_head":"<!-- This site is optimized with the Yoast SEO plugin v27.3 - https:\/\/yoast.com\/product\/yoast-seo-wordpress\/ -->\n<title>EMA Sv\u00ed\u00fej\u00f3\u00f0 | Jar\u00f0flutningab\u00fana\u00f0ur - gr\u00f6fu og \u00f6nnur aukahlutir<\/title>\n<meta name=\"description\" content=\"Hj\u00e1 EMA elskum vi\u00f0 f\u00f6tur og a\u00f0ra v\u00e9lab\u00fana\u00f0. H\u00e9r finnur \u00fe\u00fa l\u00edklega st\u00e6rstu f\u00f6tul\u00ednu Sv\u00ed\u00fej\u00f3\u00f0ar me\u00f0 ger\u00f0um fr\u00e1 50 til 4500 l\u00edtrum.\" \/>\n<meta name=\"robots\" content=\"index, follow, max-snippet:-1, max-image-preview:large, max-video-preview:-1\" \/>\n<link rel=\"canonical\" href=\"https:\/\/emasweden.com\/is\/produkt\/std-mesh-skofla-350l-med-bladi-1300mm-s40\/\" \/>\n<meta property=\"og:locale\" content=\"is_IS\" \/>\n<meta property=\"og:type\" content=\"article\" \/>\n<meta property=\"og:title\" content=\"EMA Sv\u00ed\u00fej\u00f3\u00f0 | Jar\u00f0flutningab\u00fana\u00f0ur - gr\u00f6fu og \u00f6nnur aukahlutir\" \/>\n<meta property=\"og:description\" content=\"Hj\u00e1 EMA elskum vi\u00f0 f\u00f6tur og a\u00f0ra v\u00e9lab\u00fana\u00f0. H\u00e9r finnur \u00fe\u00fa l\u00edklega st\u00e6rstu f\u00f6tul\u00ednu Sv\u00ed\u00fej\u00f3\u00f0ar me\u00f0 ger\u00f0um fr\u00e1 50 til 4500 l\u00edtrum.\" \/>\n<meta property=\"og:url\" content=\"https:\/\/emasweden.com\/is\/produkt\/std-mesh-skofla-350l-med-bladi-1300mm-s40\/\" \/>\n<meta property=\"og:site_name\" content=\"EMA Sverige\" \/>\n<meta property=\"article:modified_time\" content=\"2026-01-12T15:15:18+00:00\" \/>\n<meta property=\"og:image\" content=\"https:\/\/emasweden.com\/wp-content\/uploads\/2021\/01\/7292032_1-1.jpg\" \/>\n\t<meta property=\"og:image:width\" content=\"1000\" \/>\n\t<meta property=\"og:image:height\" content=\"750\" \/>\n\t<meta property=\"og:image:type\" content=\"image\/jpeg\" \/>\n<meta name=\"twitter:card\" content=\"summary_large_image\" \/>\n<script type=\"application\/ld+json\" class=\"yoast-schema-graph\">{\"@context\":\"https:\\\/\\\/schema.org\",\"@graph\":[{\"@type\":\"WebPage\",\"@id\":\"https:\\\/\\\/emasweden.com\\\/is\\\/produkt\\\/std-mesh-skofla-350l-med-bladi-1300mm-s40\\\/\",\"url\":\"https:\\\/\\\/emasweden.com\\\/is\\\/produkt\\\/std-mesh-skofla-350l-med-bladi-1300mm-s40\\\/\",\"name\":\"EMA Sv\u00ed\u00fej\u00f3\u00f0 | Jar\u00f0flutningab\u00fana\u00f0ur - gr\u00f6fu og \u00f6nnur aukahlutir\",\"isPartOf\":{\"@id\":\"https:\\\/\\\/emasweden.com\\\/is\\\/#website\"},\"primaryImageOfPage\":{\"@id\":\"https:\\\/\\\/emasweden.com\\\/is\\\/produkt\\\/std-mesh-skofla-350l-med-bladi-1300mm-s40\\\/#primaryimage\"},\"image\":{\"@id\":\"https:\\\/\\\/emasweden.com\\\/is\\\/produkt\\\/std-mesh-skofla-350l-med-bladi-1300mm-s40\\\/#primaryimage\"},\"thumbnailUrl\":\"https:\\\/\\\/emasweden.com\\\/wp-content\\\/uploads\\\/2021\\\/01\\\/7292032_1-1.jpg\",\"datePublished\":\"2021-01-20T14:38:31+00:00\",\"dateModified\":\"2026-01-12T15:15:18+00:00\",\"description\":\"Hj\u00e1 EMA elskum vi\u00f0 f\u00f6tur og a\u00f0ra v\u00e9lab\u00fana\u00f0. H\u00e9r finnur \u00fe\u00fa l\u00edklega st\u00e6rstu f\u00f6tul\u00ednu Sv\u00ed\u00fej\u00f3\u00f0ar me\u00f0 ger\u00f0um fr\u00e1 50 til 4500 l\u00edtrum.\",\"breadcrumb\":{\"@id\":\"https:\\\/\\\/emasweden.com\\\/is\\\/produkt\\\/std-mesh-skofla-350l-med-bladi-1300mm-s40\\\/#breadcrumb\"},\"inLanguage\":\"is\",\"potentialAction\":[{\"@type\":\"ReadAction\",\"target\":[\"https:\\\/\\\/emasweden.com\\\/is\\\/produkt\\\/std-mesh-skofla-350l-med-bladi-1300mm-s40\\\/\"]}]},{\"@type\":\"ImageObject\",\"inLanguage\":\"is\",\"@id\":\"https:\\\/\\\/emasweden.com\\\/is\\\/produkt\\\/std-mesh-skofla-350l-med-bladi-1300mm-s40\\\/#primaryimage\",\"url\":\"https:\\\/\\\/emasweden.com\\\/wp-content\\\/uploads\\\/2021\\\/01\\\/7292032_1-1.jpg\",\"contentUrl\":\"https:\\\/\\\/emasweden.com\\\/wp-content\\\/uploads\\\/2021\\\/01\\\/7292032_1-1.jpg\",\"width\":1000,\"height\":750,\"caption\":\"Std Gallerskopa 350L med blad - 1300mm - S40\"},{\"@type\":\"BreadcrumbList\",\"@id\":\"https:\\\/\\\/emasweden.com\\\/is\\\/produkt\\\/std-mesh-skofla-350l-med-bladi-1300mm-s40\\\/#breadcrumb\",\"itemListElement\":[{\"@type\":\"ListItem\",\"position\":1,\"name\":\"Hem\",\"item\":\"https:\\\/\\\/emasweden.com\\\/is\\\/\"},{\"@type\":\"ListItem\",\"position\":2,\"name\":\"V\u00f6ru\u00farval\",\"item\":\"https:\\\/\\\/emasweden.com\\\/is\\\/voruurval\\\/\"},{\"@type\":\"ListItem\",\"position\":3,\"name\":\"Std Sorting bucket 350L with blade &#8211; 1300mm &#8211; S40\"}]},{\"@type\":\"WebSite\",\"@id\":\"https:\\\/\\\/emasweden.com\\\/is\\\/#website\",\"url\":\"https:\\\/\\\/emasweden.com\\\/is\\\/\",\"name\":\"EMA Sverige\",\"description\":\"\",\"potentialAction\":[{\"@type\":\"SearchAction\",\"target\":{\"@type\":\"EntryPoint\",\"urlTemplate\":\"https:\\\/\\\/emasweden.com\\\/is\\\/?s={search_term_string}\"},\"query-input\":{\"@type\":\"PropertyValueSpecification\",\"valueRequired\":true,\"valueName\":\"search_term_string\"}}],\"inLanguage\":\"is\"}]}<\/script>\n<!-- \/ Yoast SEO plugin. -->","yoast_head_json":{"title":"EMA Sv\u00ed\u00fej\u00f3\u00f0 | Jar\u00f0flutningab\u00fana\u00f0ur - gr\u00f6fu og \u00f6nnur aukahlutir","description":"Hj\u00e1 EMA elskum vi\u00f0 f\u00f6tur og a\u00f0ra v\u00e9lab\u00fana\u00f0. H\u00e9r finnur \u00fe\u00fa l\u00edklega st\u00e6rstu f\u00f6tul\u00ednu Sv\u00ed\u00fej\u00f3\u00f0ar me\u00f0 ger\u00f0um fr\u00e1 50 til 4500 l\u00edtrum.","robots":{"index":"index","follow":"follow","max-snippet":"max-snippet:-1","max-image-preview":"max-image-preview:large","max-video-preview":"max-video-preview:-1"},"canonical":"https:\/\/emasweden.com\/is\/produkt\/std-mesh-skofla-350l-med-bladi-1300mm-s40\/","og_locale":"is_IS","og_type":"article","og_title":"EMA Sv\u00ed\u00fej\u00f3\u00f0 | Jar\u00f0flutningab\u00fana\u00f0ur - gr\u00f6fu og \u00f6nnur aukahlutir","og_description":"Hj\u00e1 EMA elskum vi\u00f0 f\u00f6tur og a\u00f0ra v\u00e9lab\u00fana\u00f0. H\u00e9r finnur \u00fe\u00fa l\u00edklega st\u00e6rstu f\u00f6tul\u00ednu Sv\u00ed\u00fej\u00f3\u00f0ar me\u00f0 ger\u00f0um fr\u00e1 50 til 4500 l\u00edtrum.","og_url":"https:\/\/emasweden.com\/is\/produkt\/std-mesh-skofla-350l-med-bladi-1300mm-s40\/","og_site_name":"EMA Sverige","article_modified_time":"2026-01-12T15:15:18+00:00","og_image":[{"width":1000,"height":750,"url":"https:\/\/emasweden.com\/wp-content\/uploads\/2021\/01\/7292032_1-1.jpg","type":"image\/jpeg"}],"twitter_card":"summary_large_image","schema":{"@context":"https:\/\/schema.org","@graph":[{"@type":"WebPage","@id":"https:\/\/emasweden.com\/is\/produkt\/std-mesh-skofla-350l-med-bladi-1300mm-s40\/","url":"https:\/\/emasweden.com\/is\/produkt\/std-mesh-skofla-350l-med-bladi-1300mm-s40\/","name":"EMA Sv\u00ed\u00fej\u00f3\u00f0 | Jar\u00f0flutningab\u00fana\u00f0ur - gr\u00f6fu og \u00f6nnur aukahlutir","isPartOf":{"@id":"https:\/\/emasweden.com\/is\/#website"},"primaryImageOfPage":{"@id":"https:\/\/emasweden.com\/is\/produkt\/std-mesh-skofla-350l-med-bladi-1300mm-s40\/#primaryimage"},"image":{"@id":"https:\/\/emasweden.com\/is\/produkt\/std-mesh-skofla-350l-med-bladi-1300mm-s40\/#primaryimage"},"thumbnailUrl":"https:\/\/emasweden.com\/wp-content\/uploads\/2021\/01\/7292032_1-1.jpg","datePublished":"2021-01-20T14:38:31+00:00","dateModified":"2026-01-12T15:15:18+00:00","description":"Hj\u00e1 EMA elskum vi\u00f0 f\u00f6tur og a\u00f0ra v\u00e9lab\u00fana\u00f0. H\u00e9r finnur \u00fe\u00fa l\u00edklega st\u00e6rstu f\u00f6tul\u00ednu Sv\u00ed\u00fej\u00f3\u00f0ar me\u00f0 ger\u00f0um fr\u00e1 50 til 4500 l\u00edtrum.","breadcrumb":{"@id":"https:\/\/emasweden.com\/is\/produkt\/std-mesh-skofla-350l-med-bladi-1300mm-s40\/#breadcrumb"},"inLanguage":"is","potentialAction":[{"@type":"ReadAction","target":["https:\/\/emasweden.com\/is\/produkt\/std-mesh-skofla-350l-med-bladi-1300mm-s40\/"]}]},{"@type":"ImageObject","inLanguage":"is","@id":"https:\/\/emasweden.com\/is\/produkt\/std-mesh-skofla-350l-med-bladi-1300mm-s40\/#primaryimage","url":"https:\/\/emasweden.com\/wp-content\/uploads\/2021\/01\/7292032_1-1.jpg","contentUrl":"https:\/\/emasweden.com\/wp-content\/uploads\/2021\/01\/7292032_1-1.jpg","width":1000,"height":750,"caption":"Std Gallerskopa 350L med blad - 1300mm - S40"},{"@type":"BreadcrumbList","@id":"https:\/\/emasweden.com\/is\/produkt\/std-mesh-skofla-350l-med-bladi-1300mm-s40\/#breadcrumb","itemListElement":[{"@type":"ListItem","position":1,"name":"Hem","item":"https:\/\/emasweden.com\/is\/"},{"@type":"ListItem","position":2,"name":"V\u00f6ru\u00farval","item":"https:\/\/emasweden.com\/is\/voruurval\/"},{"@type":"ListItem","position":3,"name":"Std Sorting bucket 350L with blade &#8211; 1300mm &#8211; S40"}]},{"@type":"WebSite","@id":"https:\/\/emasweden.com\/is\/#website","url":"https:\/\/emasweden.com\/is\/","name":"EMA Sverige","description":"","potentialAction":[{"@type":"SearchAction","target":{"@type":"EntryPoint","urlTemplate":"https:\/\/emasweden.com\/is\/?s={search_term_string}"},"query-input":{"@type":"PropertyValueSpecification","valueRequired":true,"valueName":"search_term_string"}}],"inLanguage":"is"}]}},"_links":{"self":[{"href":"https:\/\/emasweden.com\/is\/wp-json\/wp\/v2\/product\/24519","targetHints":{"allow":["GET"]}}],"collection":[{"href":"https:\/\/emasweden.com\/is\/wp-json\/wp\/v2\/product"}],"about":[{"href":"https:\/\/emasweden.com\/is\/wp-json\/wp\/v2\/types\/product"}],"wp:featuredmedia":[{"embeddable":true,"href":"https:\/\/emasweden.com\/is\/wp-json\/wp\/v2\/media\/24528"}],"wp:attachment":[{"href":"https:\/\/emasweden.com\/is\/wp-json\/wp\/v2\/media?parent=24519"}],"wp:term":[{"taxonomy":"product_brand","embeddable":true,"href":"https:\/\/emasweden.com\/is\/wp-json\/wp\/v2\/product_brand?post=24519"},{"taxonomy":"product_cat","embeddable":true,"href":"https:\/\/emasweden.com\/is\/wp-json\/wp\/v2\/product_cat?post=24519"},{"taxonomy":"product_tag","embeddable":true,"href":"https:\/\/emasweden.com\/is\/wp-json\/wp\/v2\/product_tag?post=24519"},{"taxonomy":"faste-y","embeddable":true,"href":"https:\/\/emasweden.com\/is\/wp-json\/wp\/v2\/faste-y?post=24519"}],"curies":[{"name":"wp","href":"https:\/\/api.w.org\/{rel}","templated":true}]}}