{"id":24756,"date":"2021-03-16T10:51:55","date_gmt":"2021-03-16T09:51:55","guid":{"rendered":"https:\/\/emasweden.com\/produkt\/ema-s50-tengibolti-kapalplogur-jafnvaegisgeisli\/"},"modified":"2026-01-12T16:16:41","modified_gmt":"2026-01-12T15:16:41","slug":"ema-s50-tengibolti-kapalplogur-jafnvaegisgeisli","status":"publish","type":"product","link":"https:\/\/emasweden.com\/is\/produkt\/ema-s50-tengibolti-kapalplogur-jafnvaegisgeisli\/","title":{"rendered":"EMA Mounting Bolt S50 (Cable Plow \/ Leveling Bar)"},"content":{"rendered":"<p>EMA S50 tengibolti (kapalpl\u00f3gur\/jafnv\u00e6gisgeisli)<\/p>\n<p>Festingin v\u00edsar til kapalpl\u00f3gs og jafnv\u00e6gisbj\u00e1lka<\/p>\n<ul>\n<li><strong><a href=\"\/?product_cat=avjamningsbalk\">Sko\u00f0a\u00f0u \u00e1 milli mismunandi flokkunarbj\u00e1lka h\u00e9r!<\/a><\/strong><\/li>\n<li><strong><a href=\"https:\/\/emasweden.com\/is\/produkt-kategori\/kapalplogur-2\/\">Sko\u00f0a\u00f0u \u00e1 milli mismunandi kapalpl\u00f3ga h\u00e9r!<\/a><\/strong><\/li>\n<\/ul>\n","protected":false},"excerpt":{"rendered":"<p>EMA S50 tengibolti (kapalpl\u00f3gur\/jafnv\u00e6gisgeisli) Festingin v\u00edsar til kapalpl\u00f3gs og jafnv\u00e6gisbj\u00e1lka Sko\u00f0a\u00f0u \u00e1 milli mismunandi flokkunarbj\u00e1lka h\u00e9r! Sko\u00f0a\u00f0u \u00e1 milli mismunandi kapalpl\u00f3ga h\u00e9r!<\/p>\n","protected":false},"featured_media":24760,"template":"","meta":{"_monsterinsights_skip_tracking":false,"_monsterinsights_sitenote_active":false,"_monsterinsights_sitenote_note":"","_monsterinsights_sitenote_category":0},"product_brand":[],"product_cat":[6267],"product_tag":[],"faste-y":[],"class_list":{"0":"post-24756","1":"product","2":"type-product","3":"status-publish","4":"has-post-thumbnail","6":"product_cat-festingarkapalplogur-jafnvaegisbjalki","8":"first","9":"instock","10":"purchasable","11":"product-type-simple"},"yoast_head":"<!-- This site is optimized with the Yoast SEO plugin v27.3 - https:\/\/yoast.com\/product\/yoast-seo-wordpress\/ -->\n<title>EMA Sv\u00ed\u00fej\u00f3\u00f0 | Jar\u00f0flutningab\u00fana\u00f0ur - gr\u00f6fu og \u00f6nnur aukahlutir<\/title>\n<meta name=\"description\" content=\"Hj\u00e1 EMA elskum vi\u00f0 f\u00f6tur og a\u00f0ra v\u00e9lab\u00fana\u00f0. H\u00e9r finnur \u00fe\u00fa l\u00edklega st\u00e6rstu f\u00f6tul\u00ednu Sv\u00ed\u00fej\u00f3\u00f0ar me\u00f0 ger\u00f0um fr\u00e1 50 til 4500 l\u00edtrum.\" \/>\n<meta name=\"robots\" content=\"index, follow, max-snippet:-1, max-image-preview:large, max-video-preview:-1\" \/>\n<link rel=\"canonical\" href=\"https:\/\/emasweden.com\/is\/produkt\/ema-s50-tengibolti-kapalplogur-jafnvaegisgeisli\/\" \/>\n<meta property=\"og:locale\" content=\"is_IS\" \/>\n<meta property=\"og:type\" content=\"article\" \/>\n<meta property=\"og:title\" content=\"EMA Sv\u00ed\u00fej\u00f3\u00f0 | Jar\u00f0flutningab\u00fana\u00f0ur - gr\u00f6fu og \u00f6nnur aukahlutir\" \/>\n<meta property=\"og:description\" content=\"Hj\u00e1 EMA elskum vi\u00f0 f\u00f6tur og a\u00f0ra v\u00e9lab\u00fana\u00f0. H\u00e9r finnur \u00fe\u00fa l\u00edklega st\u00e6rstu f\u00f6tul\u00ednu Sv\u00ed\u00fej\u00f3\u00f0ar me\u00f0 ger\u00f0um fr\u00e1 50 til 4500 l\u00edtrum.\" \/>\n<meta property=\"og:url\" content=\"https:\/\/emasweden.com\/is\/produkt\/ema-s50-tengibolti-kapalplogur-jafnvaegisgeisli\/\" \/>\n<meta property=\"og:site_name\" content=\"EMA Sverige\" \/>\n<meta property=\"article:modified_time\" content=\"2026-01-12T15:16:41+00:00\" \/>\n<meta property=\"og:image\" content=\"https:\/\/emasweden.com\/wp-content\/uploads\/2021\/03\/PRO-000356-07270004a.jpg\" \/>\n\t<meta property=\"og:image:width\" content=\"1000\" \/>\n\t<meta property=\"og:image:height\" content=\"750\" \/>\n\t<meta property=\"og:image:type\" content=\"image\/jpeg\" \/>\n<meta name=\"twitter:card\" content=\"summary_large_image\" \/>\n<script type=\"application\/ld+json\" class=\"yoast-schema-graph\">{\"@context\":\"https:\\\/\\\/schema.org\",\"@graph\":[{\"@type\":\"WebPage\",\"@id\":\"https:\\\/\\\/emasweden.com\\\/is\\\/produkt\\\/ema-s50-tengibolti-kapalplogur-jafnvaegisgeisli\\\/\",\"url\":\"https:\\\/\\\/emasweden.com\\\/is\\\/produkt\\\/ema-s50-tengibolti-kapalplogur-jafnvaegisgeisli\\\/\",\"name\":\"EMA Sv\u00ed\u00fej\u00f3\u00f0 | Jar\u00f0flutningab\u00fana\u00f0ur - gr\u00f6fu og \u00f6nnur aukahlutir\",\"isPartOf\":{\"@id\":\"https:\\\/\\\/emasweden.com\\\/is\\\/#website\"},\"primaryImageOfPage\":{\"@id\":\"https:\\\/\\\/emasweden.com\\\/is\\\/produkt\\\/ema-s50-tengibolti-kapalplogur-jafnvaegisgeisli\\\/#primaryimage\"},\"image\":{\"@id\":\"https:\\\/\\\/emasweden.com\\\/is\\\/produkt\\\/ema-s50-tengibolti-kapalplogur-jafnvaegisgeisli\\\/#primaryimage\"},\"thumbnailUrl\":\"https:\\\/\\\/emasweden.com\\\/wp-content\\\/uploads\\\/2021\\\/03\\\/PRO-000356-07270004a.jpg\",\"datePublished\":\"2021-03-16T09:51:55+00:00\",\"dateModified\":\"2026-01-12T15:16:41+00:00\",\"description\":\"Hj\u00e1 EMA elskum vi\u00f0 f\u00f6tur og a\u00f0ra v\u00e9lab\u00fana\u00f0. H\u00e9r finnur \u00fe\u00fa l\u00edklega st\u00e6rstu f\u00f6tul\u00ednu Sv\u00ed\u00fej\u00f3\u00f0ar me\u00f0 ger\u00f0um fr\u00e1 50 til 4500 l\u00edtrum.\",\"breadcrumb\":{\"@id\":\"https:\\\/\\\/emasweden.com\\\/is\\\/produkt\\\/ema-s50-tengibolti-kapalplogur-jafnvaegisgeisli\\\/#breadcrumb\"},\"inLanguage\":\"is\",\"potentialAction\":[{\"@type\":\"ReadAction\",\"target\":[\"https:\\\/\\\/emasweden.com\\\/is\\\/produkt\\\/ema-s50-tengibolti-kapalplogur-jafnvaegisgeisli\\\/\"]}]},{\"@type\":\"ImageObject\",\"inLanguage\":\"is\",\"@id\":\"https:\\\/\\\/emasweden.com\\\/is\\\/produkt\\\/ema-s50-tengibolti-kapalplogur-jafnvaegisgeisli\\\/#primaryimage\",\"url\":\"https:\\\/\\\/emasweden.com\\\/wp-content\\\/uploads\\\/2021\\\/03\\\/PRO-000356-07270004a.jpg\",\"contentUrl\":\"https:\\\/\\\/emasweden.com\\\/wp-content\\\/uploads\\\/2021\\\/03\\\/PRO-000356-07270004a.jpg\",\"width\":1000,\"height\":750,\"caption\":\"EMA F\u00e4ste-Bultat S50 (Kabelplog\\\/Planeringsbalk)\"},{\"@type\":\"BreadcrumbList\",\"@id\":\"https:\\\/\\\/emasweden.com\\\/is\\\/produkt\\\/ema-s50-tengibolti-kapalplogur-jafnvaegisgeisli\\\/#breadcrumb\",\"itemListElement\":[{\"@type\":\"ListItem\",\"position\":1,\"name\":\"Hem\",\"item\":\"https:\\\/\\\/emasweden.com\\\/is\\\/\"},{\"@type\":\"ListItem\",\"position\":2,\"name\":\"V\u00f6ru\u00farval\",\"item\":\"https:\\\/\\\/emasweden.com\\\/is\\\/voruurval\\\/\"},{\"@type\":\"ListItem\",\"position\":3,\"name\":\"EMA Mounting Bolt S50 (Cable Plow \\\/ Leveling Bar)\"}]},{\"@type\":\"WebSite\",\"@id\":\"https:\\\/\\\/emasweden.com\\\/is\\\/#website\",\"url\":\"https:\\\/\\\/emasweden.com\\\/is\\\/\",\"name\":\"EMA Sverige\",\"description\":\"\",\"potentialAction\":[{\"@type\":\"SearchAction\",\"target\":{\"@type\":\"EntryPoint\",\"urlTemplate\":\"https:\\\/\\\/emasweden.com\\\/is\\\/?s={search_term_string}\"},\"query-input\":{\"@type\":\"PropertyValueSpecification\",\"valueRequired\":true,\"valueName\":\"search_term_string\"}}],\"inLanguage\":\"is\"}]}<\/script>\n<!-- \/ Yoast SEO plugin. -->","yoast_head_json":{"title":"EMA Sv\u00ed\u00fej\u00f3\u00f0 | Jar\u00f0flutningab\u00fana\u00f0ur - gr\u00f6fu og \u00f6nnur aukahlutir","description":"Hj\u00e1 EMA elskum vi\u00f0 f\u00f6tur og a\u00f0ra v\u00e9lab\u00fana\u00f0. H\u00e9r finnur \u00fe\u00fa l\u00edklega st\u00e6rstu f\u00f6tul\u00ednu Sv\u00ed\u00fej\u00f3\u00f0ar me\u00f0 ger\u00f0um fr\u00e1 50 til 4500 l\u00edtrum.","robots":{"index":"index","follow":"follow","max-snippet":"max-snippet:-1","max-image-preview":"max-image-preview:large","max-video-preview":"max-video-preview:-1"},"canonical":"https:\/\/emasweden.com\/is\/produkt\/ema-s50-tengibolti-kapalplogur-jafnvaegisgeisli\/","og_locale":"is_IS","og_type":"article","og_title":"EMA Sv\u00ed\u00fej\u00f3\u00f0 | Jar\u00f0flutningab\u00fana\u00f0ur - gr\u00f6fu og \u00f6nnur aukahlutir","og_description":"Hj\u00e1 EMA elskum vi\u00f0 f\u00f6tur og a\u00f0ra v\u00e9lab\u00fana\u00f0. H\u00e9r finnur \u00fe\u00fa l\u00edklega st\u00e6rstu f\u00f6tul\u00ednu Sv\u00ed\u00fej\u00f3\u00f0ar me\u00f0 ger\u00f0um fr\u00e1 50 til 4500 l\u00edtrum.","og_url":"https:\/\/emasweden.com\/is\/produkt\/ema-s50-tengibolti-kapalplogur-jafnvaegisgeisli\/","og_site_name":"EMA Sverige","article_modified_time":"2026-01-12T15:16:41+00:00","og_image":[{"width":1000,"height":750,"url":"https:\/\/emasweden.com\/wp-content\/uploads\/2021\/03\/PRO-000356-07270004a.jpg","type":"image\/jpeg"}],"twitter_card":"summary_large_image","schema":{"@context":"https:\/\/schema.org","@graph":[{"@type":"WebPage","@id":"https:\/\/emasweden.com\/is\/produkt\/ema-s50-tengibolti-kapalplogur-jafnvaegisgeisli\/","url":"https:\/\/emasweden.com\/is\/produkt\/ema-s50-tengibolti-kapalplogur-jafnvaegisgeisli\/","name":"EMA Sv\u00ed\u00fej\u00f3\u00f0 | Jar\u00f0flutningab\u00fana\u00f0ur - gr\u00f6fu og \u00f6nnur aukahlutir","isPartOf":{"@id":"https:\/\/emasweden.com\/is\/#website"},"primaryImageOfPage":{"@id":"https:\/\/emasweden.com\/is\/produkt\/ema-s50-tengibolti-kapalplogur-jafnvaegisgeisli\/#primaryimage"},"image":{"@id":"https:\/\/emasweden.com\/is\/produkt\/ema-s50-tengibolti-kapalplogur-jafnvaegisgeisli\/#primaryimage"},"thumbnailUrl":"https:\/\/emasweden.com\/wp-content\/uploads\/2021\/03\/PRO-000356-07270004a.jpg","datePublished":"2021-03-16T09:51:55+00:00","dateModified":"2026-01-12T15:16:41+00:00","description":"Hj\u00e1 EMA elskum vi\u00f0 f\u00f6tur og a\u00f0ra v\u00e9lab\u00fana\u00f0. H\u00e9r finnur \u00fe\u00fa l\u00edklega st\u00e6rstu f\u00f6tul\u00ednu Sv\u00ed\u00fej\u00f3\u00f0ar me\u00f0 ger\u00f0um fr\u00e1 50 til 4500 l\u00edtrum.","breadcrumb":{"@id":"https:\/\/emasweden.com\/is\/produkt\/ema-s50-tengibolti-kapalplogur-jafnvaegisgeisli\/#breadcrumb"},"inLanguage":"is","potentialAction":[{"@type":"ReadAction","target":["https:\/\/emasweden.com\/is\/produkt\/ema-s50-tengibolti-kapalplogur-jafnvaegisgeisli\/"]}]},{"@type":"ImageObject","inLanguage":"is","@id":"https:\/\/emasweden.com\/is\/produkt\/ema-s50-tengibolti-kapalplogur-jafnvaegisgeisli\/#primaryimage","url":"https:\/\/emasweden.com\/wp-content\/uploads\/2021\/03\/PRO-000356-07270004a.jpg","contentUrl":"https:\/\/emasweden.com\/wp-content\/uploads\/2021\/03\/PRO-000356-07270004a.jpg","width":1000,"height":750,"caption":"EMA F\u00e4ste-Bultat S50 (Kabelplog\/Planeringsbalk)"},{"@type":"BreadcrumbList","@id":"https:\/\/emasweden.com\/is\/produkt\/ema-s50-tengibolti-kapalplogur-jafnvaegisgeisli\/#breadcrumb","itemListElement":[{"@type":"ListItem","position":1,"name":"Hem","item":"https:\/\/emasweden.com\/is\/"},{"@type":"ListItem","position":2,"name":"V\u00f6ru\u00farval","item":"https:\/\/emasweden.com\/is\/voruurval\/"},{"@type":"ListItem","position":3,"name":"EMA Mounting Bolt S50 (Cable Plow \/ Leveling Bar)"}]},{"@type":"WebSite","@id":"https:\/\/emasweden.com\/is\/#website","url":"https:\/\/emasweden.com\/is\/","name":"EMA Sverige","description":"","potentialAction":[{"@type":"SearchAction","target":{"@type":"EntryPoint","urlTemplate":"https:\/\/emasweden.com\/is\/?s={search_term_string}"},"query-input":{"@type":"PropertyValueSpecification","valueRequired":true,"valueName":"search_term_string"}}],"inLanguage":"is"}]}},"_links":{"self":[{"href":"https:\/\/emasweden.com\/is\/wp-json\/wp\/v2\/product\/24756","targetHints":{"allow":["GET"]}}],"collection":[{"href":"https:\/\/emasweden.com\/is\/wp-json\/wp\/v2\/product"}],"about":[{"href":"https:\/\/emasweden.com\/is\/wp-json\/wp\/v2\/types\/product"}],"wp:featuredmedia":[{"embeddable":true,"href":"https:\/\/emasweden.com\/is\/wp-json\/wp\/v2\/media\/24760"}],"wp:attachment":[{"href":"https:\/\/emasweden.com\/is\/wp-json\/wp\/v2\/media?parent=24756"}],"wp:term":[{"taxonomy":"product_brand","embeddable":true,"href":"https:\/\/emasweden.com\/is\/wp-json\/wp\/v2\/product_brand?post=24756"},{"taxonomy":"product_cat","embeddable":true,"href":"https:\/\/emasweden.com\/is\/wp-json\/wp\/v2\/product_cat?post=24756"},{"taxonomy":"product_tag","embeddable":true,"href":"https:\/\/emasweden.com\/is\/wp-json\/wp\/v2\/product_tag?post=24756"},{"taxonomy":"faste-y","embeddable":true,"href":"https:\/\/emasweden.com\/is\/wp-json\/wp\/v2\/faste-y?post=24756"}],"curies":[{"name":"wp","href":"https:\/\/api.w.org\/{rel}","templated":true}]}}