{"id":24919,"date":"2021-03-16T11:08:45","date_gmt":"2021-03-16T10:08:45","guid":{"rendered":"https:\/\/emasweden.com\/produkt\/hd-kapalskal-med-keilulaga-110l-300-420mm-s40\/"},"modified":"2026-01-12T16:22:37","modified_gmt":"2026-01-12T15:22:37","slug":"hd-kapalskal-med-keilulaga-110l-300-420mm-s40","status":"publish","type":"product","link":"https:\/\/emasweden.com\/is\/produkt\/hd-kapalskal-med-keilulaga-110l-300-420mm-s40\/","title":{"rendered":"HD Cable Bucket Conical 110L &#8211; 300 \/ 420mm &#8211; S40"},"content":{"rendered":"<p>Cable Bucket Heavy Duty. Heavy Duty (HD) er aflst\u00f6\u00f0in \u00ed v\u00f6ru\u00farvalinu okkar. \u00dea\u00f0 er engin m\u00e1lami\u00f0lun \u00feegar kemur a\u00f0 efnum. V\u00f6rurnar eru b\u00fanar slitrifum ne\u00f0st og v\u00f6rurnar eru oft gr\u00f3fari a\u00f0 st\u00e6r\u00f0.    \u00deessi kraftmikli er a\u00f0allega nota\u00f0ur af notendum sem setja mj\u00f6g miklar kr\u00f6fur til vara sinna og \u00fear sem oft er unni\u00f0 \u00ed efnum og umhverfi sem krefjast \u00feess litla auka hva\u00f0 var\u00f0ar endingu. \u00deessi flokkur f\u00f6tu er oft \u00feyngri \u00feegar nota\u00f0 er auka st\u00e1l, en \u00fea\u00f0 skilar mj\u00f6g endingarg\u00f3\u00f0um f\u00f6tu.  Sker\u00f0u \u00ed 500 Brinell BOROX. Nota\u00f0u vernd \u00e1 hli\u00f0um, framenda, ne\u00f0ri hluta og nota\u00f0u rif \u00ed 450 HARDOX. Sk\u00f3flan er \u00fer\u00f3u\u00f0 \u00ed samstarfi vi\u00f0 v\u00e9lstj\u00f3ra. N\u00fat\u00edmaleg h\u00f6nnun me\u00f0 l\u00f6ngum botni. Keilulaga kapalsk\u00e1l \u00fe\u00fd\u00f0ir a\u00f0 efni\u00f0 festist ekki eins au\u00f0veldlega vi\u00f0 f\u00f6tuna. \u00dea\u00f0 veitir einnig brei\u00f0ari og st\u00f6\u00f0ugri skaft.  <\/p>\n","protected":false},"excerpt":{"rendered":"<p>Cable Bucket Heavy Duty. Heavy Duty (HD) er aflst\u00f6\u00f0in \u00ed v\u00f6ru\u00farvalinu okkar. \u00dea\u00f0 er engin m\u00e1lami\u00f0lun \u00feegar kemur a\u00f0 efnum. V\u00f6rurnar eru b\u00fanar slitrifum ne\u00f0st og v\u00f6rurnar eru oft gr\u00f3fari a\u00f0 st\u00e6r\u00f0. \u00deessi kraftmikli er a\u00f0allega nota\u00f0ur af notendum sem setja mj\u00f6g miklar kr\u00f6fur til vara sinna og \u00fear sem oft er unni\u00f0 \u00ed efnum [&hellip;]<\/p>\n","protected":false},"featured_media":24925,"template":"","meta":{"_monsterinsights_skip_tracking":false,"_monsterinsights_sitenote_active":false,"_monsterinsights_sitenote_note":"","_monsterinsights_sitenote_category":0},"product_brand":[],"product_cat":[5870],"product_tag":[],"faste-y":[],"class_list":{"0":"post-24919","1":"product","2":"type-product","3":"status-publish","4":"has-post-thumbnail","6":"product_cat-cable-bucket","7":"pa_maskinvikt-spec-25-3-tonn","8":"pa_max-bredd-420mm","9":"pa_min-bredd-300mm","10":"pa_vikt-89-kg","12":"first","13":"instock","14":"purchasable","15":"product-type-simple"},"yoast_head":"<!-- This site is optimized with the Yoast SEO plugin v27.3 - https:\/\/yoast.com\/product\/yoast-seo-wordpress\/ -->\n<title>EMA Sv\u00ed\u00fej\u00f3\u00f0 | Jar\u00f0flutningab\u00fana\u00f0ur - gr\u00f6fu og \u00f6nnur aukahlutir<\/title>\n<meta name=\"description\" content=\"Hj\u00e1 EMA elskum vi\u00f0 f\u00f6tur og a\u00f0ra v\u00e9lab\u00fana\u00f0. H\u00e9r finnur \u00fe\u00fa l\u00edklega st\u00e6rstu f\u00f6tul\u00ednu Sv\u00ed\u00fej\u00f3\u00f0ar me\u00f0 ger\u00f0um fr\u00e1 50 til 4500 l\u00edtrum.\" \/>\n<meta name=\"robots\" content=\"index, follow, max-snippet:-1, max-image-preview:large, max-video-preview:-1\" \/>\n<link rel=\"canonical\" href=\"https:\/\/emasweden.com\/is\/produkt\/hd-kapalskal-med-keilulaga-110l-300-420mm-s40\/\" \/>\n<meta property=\"og:locale\" content=\"is_IS\" \/>\n<meta property=\"og:type\" content=\"article\" \/>\n<meta property=\"og:title\" content=\"EMA Sv\u00ed\u00fej\u00f3\u00f0 | Jar\u00f0flutningab\u00fana\u00f0ur - gr\u00f6fu og \u00f6nnur aukahlutir\" \/>\n<meta property=\"og:description\" content=\"Hj\u00e1 EMA elskum vi\u00f0 f\u00f6tur og a\u00f0ra v\u00e9lab\u00fana\u00f0. H\u00e9r finnur \u00fe\u00fa l\u00edklega st\u00e6rstu f\u00f6tul\u00ednu Sv\u00ed\u00fej\u00f3\u00f0ar me\u00f0 ger\u00f0um fr\u00e1 50 til 4500 l\u00edtrum.\" \/>\n<meta property=\"og:url\" content=\"https:\/\/emasweden.com\/is\/produkt\/hd-kapalskal-med-keilulaga-110l-300-420mm-s40\/\" \/>\n<meta property=\"og:site_name\" content=\"EMA Sverige\" \/>\n<meta property=\"article:modified_time\" content=\"2026-01-12T15:22:37+00:00\" \/>\n<meta property=\"og:image\" content=\"https:\/\/emasweden.com\/wp-content\/uploads\/2021\/01\/7293028_1.jpg\" \/>\n\t<meta property=\"og:image:width\" content=\"1000\" \/>\n\t<meta property=\"og:image:height\" content=\"750\" \/>\n\t<meta property=\"og:image:type\" content=\"image\/jpeg\" \/>\n<meta name=\"twitter:card\" content=\"summary_large_image\" \/>\n<meta name=\"twitter:label1\" content=\"Est. reading time\" \/>\n\t<meta name=\"twitter:data1\" content=\"1 minute\" \/>\n<script type=\"application\/ld+json\" class=\"yoast-schema-graph\">{\"@context\":\"https:\\\/\\\/schema.org\",\"@graph\":[{\"@type\":\"WebPage\",\"@id\":\"https:\\\/\\\/emasweden.com\\\/is\\\/produkt\\\/hd-kapalskal-med-keilulaga-110l-300-420mm-s40\\\/\",\"url\":\"https:\\\/\\\/emasweden.com\\\/is\\\/produkt\\\/hd-kapalskal-med-keilulaga-110l-300-420mm-s40\\\/\",\"name\":\"EMA Sv\u00ed\u00fej\u00f3\u00f0 | Jar\u00f0flutningab\u00fana\u00f0ur - gr\u00f6fu og \u00f6nnur aukahlutir\",\"isPartOf\":{\"@id\":\"https:\\\/\\\/emasweden.com\\\/is\\\/#website\"},\"primaryImageOfPage\":{\"@id\":\"https:\\\/\\\/emasweden.com\\\/is\\\/produkt\\\/hd-kapalskal-med-keilulaga-110l-300-420mm-s40\\\/#primaryimage\"},\"image\":{\"@id\":\"https:\\\/\\\/emasweden.com\\\/is\\\/produkt\\\/hd-kapalskal-med-keilulaga-110l-300-420mm-s40\\\/#primaryimage\"},\"thumbnailUrl\":\"https:\\\/\\\/emasweden.com\\\/wp-content\\\/uploads\\\/2021\\\/01\\\/7293028_1.jpg\",\"datePublished\":\"2021-03-16T10:08:45+00:00\",\"dateModified\":\"2026-01-12T15:22:37+00:00\",\"description\":\"Hj\u00e1 EMA elskum vi\u00f0 f\u00f6tur og a\u00f0ra v\u00e9lab\u00fana\u00f0. H\u00e9r finnur \u00fe\u00fa l\u00edklega st\u00e6rstu f\u00f6tul\u00ednu Sv\u00ed\u00fej\u00f3\u00f0ar me\u00f0 ger\u00f0um fr\u00e1 50 til 4500 l\u00edtrum.\",\"breadcrumb\":{\"@id\":\"https:\\\/\\\/emasweden.com\\\/is\\\/produkt\\\/hd-kapalskal-med-keilulaga-110l-300-420mm-s40\\\/#breadcrumb\"},\"inLanguage\":\"is\",\"potentialAction\":[{\"@type\":\"ReadAction\",\"target\":[\"https:\\\/\\\/emasweden.com\\\/is\\\/produkt\\\/hd-kapalskal-med-keilulaga-110l-300-420mm-s40\\\/\"]}]},{\"@type\":\"ImageObject\",\"inLanguage\":\"is\",\"@id\":\"https:\\\/\\\/emasweden.com\\\/is\\\/produkt\\\/hd-kapalskal-med-keilulaga-110l-300-420mm-s40\\\/#primaryimage\",\"url\":\"https:\\\/\\\/emasweden.com\\\/wp-content\\\/uploads\\\/2021\\\/01\\\/7293028_1.jpg\",\"contentUrl\":\"https:\\\/\\\/emasweden.com\\\/wp-content\\\/uploads\\\/2021\\\/01\\\/7293028_1.jpg\",\"width\":1000,\"height\":750},{\"@type\":\"BreadcrumbList\",\"@id\":\"https:\\\/\\\/emasweden.com\\\/is\\\/produkt\\\/hd-kapalskal-med-keilulaga-110l-300-420mm-s40\\\/#breadcrumb\",\"itemListElement\":[{\"@type\":\"ListItem\",\"position\":1,\"name\":\"Hem\",\"item\":\"https:\\\/\\\/emasweden.com\\\/is\\\/\"},{\"@type\":\"ListItem\",\"position\":2,\"name\":\"V\u00f6ru\u00farval\",\"item\":\"https:\\\/\\\/emasweden.com\\\/is\\\/voruurval\\\/\"},{\"@type\":\"ListItem\",\"position\":3,\"name\":\"HD Cable Bucket Conical 110L &#8211; 300 \\\/ 420mm &#8211; S40\"}]},{\"@type\":\"WebSite\",\"@id\":\"https:\\\/\\\/emasweden.com\\\/is\\\/#website\",\"url\":\"https:\\\/\\\/emasweden.com\\\/is\\\/\",\"name\":\"EMA Sverige\",\"description\":\"\",\"potentialAction\":[{\"@type\":\"SearchAction\",\"target\":{\"@type\":\"EntryPoint\",\"urlTemplate\":\"https:\\\/\\\/emasweden.com\\\/is\\\/?s={search_term_string}\"},\"query-input\":{\"@type\":\"PropertyValueSpecification\",\"valueRequired\":true,\"valueName\":\"search_term_string\"}}],\"inLanguage\":\"is\"}]}<\/script>\n<!-- \/ Yoast SEO plugin. -->","yoast_head_json":{"title":"EMA Sv\u00ed\u00fej\u00f3\u00f0 | Jar\u00f0flutningab\u00fana\u00f0ur - gr\u00f6fu og \u00f6nnur aukahlutir","description":"Hj\u00e1 EMA elskum vi\u00f0 f\u00f6tur og a\u00f0ra v\u00e9lab\u00fana\u00f0. H\u00e9r finnur \u00fe\u00fa l\u00edklega st\u00e6rstu f\u00f6tul\u00ednu Sv\u00ed\u00fej\u00f3\u00f0ar me\u00f0 ger\u00f0um fr\u00e1 50 til 4500 l\u00edtrum.","robots":{"index":"index","follow":"follow","max-snippet":"max-snippet:-1","max-image-preview":"max-image-preview:large","max-video-preview":"max-video-preview:-1"},"canonical":"https:\/\/emasweden.com\/is\/produkt\/hd-kapalskal-med-keilulaga-110l-300-420mm-s40\/","og_locale":"is_IS","og_type":"article","og_title":"EMA Sv\u00ed\u00fej\u00f3\u00f0 | Jar\u00f0flutningab\u00fana\u00f0ur - gr\u00f6fu og \u00f6nnur aukahlutir","og_description":"Hj\u00e1 EMA elskum vi\u00f0 f\u00f6tur og a\u00f0ra v\u00e9lab\u00fana\u00f0. H\u00e9r finnur \u00fe\u00fa l\u00edklega st\u00e6rstu f\u00f6tul\u00ednu Sv\u00ed\u00fej\u00f3\u00f0ar me\u00f0 ger\u00f0um fr\u00e1 50 til 4500 l\u00edtrum.","og_url":"https:\/\/emasweden.com\/is\/produkt\/hd-kapalskal-med-keilulaga-110l-300-420mm-s40\/","og_site_name":"EMA Sverige","article_modified_time":"2026-01-12T15:22:37+00:00","og_image":[{"width":1000,"height":750,"url":"https:\/\/emasweden.com\/wp-content\/uploads\/2021\/01\/7293028_1.jpg","type":"image\/jpeg"}],"twitter_card":"summary_large_image","twitter_misc":{"Est. reading time":"1 minute"},"schema":{"@context":"https:\/\/schema.org","@graph":[{"@type":"WebPage","@id":"https:\/\/emasweden.com\/is\/produkt\/hd-kapalskal-med-keilulaga-110l-300-420mm-s40\/","url":"https:\/\/emasweden.com\/is\/produkt\/hd-kapalskal-med-keilulaga-110l-300-420mm-s40\/","name":"EMA Sv\u00ed\u00fej\u00f3\u00f0 | Jar\u00f0flutningab\u00fana\u00f0ur - gr\u00f6fu og \u00f6nnur aukahlutir","isPartOf":{"@id":"https:\/\/emasweden.com\/is\/#website"},"primaryImageOfPage":{"@id":"https:\/\/emasweden.com\/is\/produkt\/hd-kapalskal-med-keilulaga-110l-300-420mm-s40\/#primaryimage"},"image":{"@id":"https:\/\/emasweden.com\/is\/produkt\/hd-kapalskal-med-keilulaga-110l-300-420mm-s40\/#primaryimage"},"thumbnailUrl":"https:\/\/emasweden.com\/wp-content\/uploads\/2021\/01\/7293028_1.jpg","datePublished":"2021-03-16T10:08:45+00:00","dateModified":"2026-01-12T15:22:37+00:00","description":"Hj\u00e1 EMA elskum vi\u00f0 f\u00f6tur og a\u00f0ra v\u00e9lab\u00fana\u00f0. H\u00e9r finnur \u00fe\u00fa l\u00edklega st\u00e6rstu f\u00f6tul\u00ednu Sv\u00ed\u00fej\u00f3\u00f0ar me\u00f0 ger\u00f0um fr\u00e1 50 til 4500 l\u00edtrum.","breadcrumb":{"@id":"https:\/\/emasweden.com\/is\/produkt\/hd-kapalskal-med-keilulaga-110l-300-420mm-s40\/#breadcrumb"},"inLanguage":"is","potentialAction":[{"@type":"ReadAction","target":["https:\/\/emasweden.com\/is\/produkt\/hd-kapalskal-med-keilulaga-110l-300-420mm-s40\/"]}]},{"@type":"ImageObject","inLanguage":"is","@id":"https:\/\/emasweden.com\/is\/produkt\/hd-kapalskal-med-keilulaga-110l-300-420mm-s40\/#primaryimage","url":"https:\/\/emasweden.com\/wp-content\/uploads\/2021\/01\/7293028_1.jpg","contentUrl":"https:\/\/emasweden.com\/wp-content\/uploads\/2021\/01\/7293028_1.jpg","width":1000,"height":750},{"@type":"BreadcrumbList","@id":"https:\/\/emasweden.com\/is\/produkt\/hd-kapalskal-med-keilulaga-110l-300-420mm-s40\/#breadcrumb","itemListElement":[{"@type":"ListItem","position":1,"name":"Hem","item":"https:\/\/emasweden.com\/is\/"},{"@type":"ListItem","position":2,"name":"V\u00f6ru\u00farval","item":"https:\/\/emasweden.com\/is\/voruurval\/"},{"@type":"ListItem","position":3,"name":"HD Cable Bucket Conical 110L &#8211; 300 \/ 420mm &#8211; S40"}]},{"@type":"WebSite","@id":"https:\/\/emasweden.com\/is\/#website","url":"https:\/\/emasweden.com\/is\/","name":"EMA Sverige","description":"","potentialAction":[{"@type":"SearchAction","target":{"@type":"EntryPoint","urlTemplate":"https:\/\/emasweden.com\/is\/?s={search_term_string}"},"query-input":{"@type":"PropertyValueSpecification","valueRequired":true,"valueName":"search_term_string"}}],"inLanguage":"is"}]}},"_links":{"self":[{"href":"https:\/\/emasweden.com\/is\/wp-json\/wp\/v2\/product\/24919","targetHints":{"allow":["GET"]}}],"collection":[{"href":"https:\/\/emasweden.com\/is\/wp-json\/wp\/v2\/product"}],"about":[{"href":"https:\/\/emasweden.com\/is\/wp-json\/wp\/v2\/types\/product"}],"wp:featuredmedia":[{"embeddable":true,"href":"https:\/\/emasweden.com\/is\/wp-json\/wp\/v2\/media\/24925"}],"wp:attachment":[{"href":"https:\/\/emasweden.com\/is\/wp-json\/wp\/v2\/media?parent=24919"}],"wp:term":[{"taxonomy":"product_brand","embeddable":true,"href":"https:\/\/emasweden.com\/is\/wp-json\/wp\/v2\/product_brand?post=24919"},{"taxonomy":"product_cat","embeddable":true,"href":"https:\/\/emasweden.com\/is\/wp-json\/wp\/v2\/product_cat?post=24919"},{"taxonomy":"product_tag","embeddable":true,"href":"https:\/\/emasweden.com\/is\/wp-json\/wp\/v2\/product_tag?post=24919"},{"taxonomy":"faste-y","embeddable":true,"href":"https:\/\/emasweden.com\/is\/wp-json\/wp\/v2\/faste-y?post=24919"}],"curies":[{"name":"wp","href":"https:\/\/api.w.org\/{rel}","templated":true}]}}