{"id":13191,"date":"2022-12-22T14:14:41","date_gmt":"2022-12-22T13:14:41","guid":{"rendered":"https:\/\/emasweden.com\/varukorg-2\/"},"modified":"2022-12-22T14:14:41","modified_gmt":"2022-12-22T13:14:41","slug":"varukorg-2","status":"publish","type":"page","link":"https:\/\/emasweden.com\/no\/varukorg-2\/","title":{"rendered":"Varukorg"},"content":{"rendered":"\t\t<div data-elementor-type=\"wp-page\" data-elementor-id=\"13191\" class=\"elementor elementor-13191 elementor-10410\" data-elementor-post-type=\"page\">\n\t\t\t\t\t\t<section class=\"elementor-section elementor-top-section elementor-element elementor-element-7bc609f elementor-section-boxed elementor-section-height-default elementor-section-height-default\" data-id=\"7bc609f\" data-element_type=\"section\" data-e-type=\"section\" data-settings=\"{&quot;background_background&quot;:&quot;classic&quot;,&quot;jet_parallax_layout_list&quot;:[]}\">\n\t\t\t\t\t\t<div class=\"elementor-container elementor-column-gap-no\">\n\t\t\t\t\t<div class=\"elementor-column elementor-col-33 elementor-top-column elementor-element elementor-element-50aeae1\" data-id=\"50aeae1\" data-element_type=\"column\" data-e-type=\"column\">\n\t\t\t<div class=\"elementor-widget-wrap elementor-element-populated\">\n\t\t\t\t\t\t<div class=\"elementor-element elementor-element-bfa1232 elementor-widget__width-inherit shop-stages-nbr elementor-widget elementor-widget-heading\" data-id=\"bfa1232\" data-element_type=\"widget\" data-e-type=\"widget\" data-widget_type=\"heading.default\">\n\t\t\t\t<div class=\"elementor-widget-container\">\n\t\t\t\t\t<h2 class=\"elementor-heading-title elementor-size-default\">01<\/h2>\t\t\t\t<\/div>\n\t\t\t\t<\/div>\n\t\t\t\t<div class=\"elementor-element elementor-element-15e2a3f checkout-step elementor-widget__width-inherit elementor-widget-mobile__width-auto elementor-widget elementor-widget-heading\" data-id=\"15e2a3f\" data-element_type=\"widget\" data-e-type=\"widget\" data-widget_type=\"heading.default\">\n\t\t\t\t<div class=\"elementor-widget-container\">\n\t\t\t\t\t<h4 class=\"elementor-heading-title elementor-size-default\"><b>VARUKORG<\/b><br>F\u00e4rdigst\u00e4ll din order<\/h4>\t\t\t\t<\/div>\n\t\t\t\t<\/div>\n\t\t\t\t\t<\/div>\n\t\t<\/div>\n\t\t\t\t<div class=\"elementor-column elementor-col-33 elementor-top-column elementor-element elementor-element-777cb7b\" data-id=\"777cb7b\" data-element_type=\"column\" data-e-type=\"column\">\n\t\t\t<div class=\"elementor-widget-wrap elementor-element-populated\">\n\t\t\t\t\t\t<div class=\"elementor-element elementor-element-ab0e4f9 elementor-widget__width-inherit shop-stages-nbr elementor-widget-mobile__width-auto elementor-widget elementor-widget-heading\" data-id=\"ab0e4f9\" data-element_type=\"widget\" data-e-type=\"widget\" data-widget_type=\"heading.default\">\n\t\t\t\t<div class=\"elementor-widget-container\">\n\t\t\t\t\t<h2 class=\"elementor-heading-title elementor-size-default\">02<\/h2>\t\t\t\t<\/div>\n\t\t\t\t<\/div>\n\t\t\t\t<div class=\"elementor-element elementor-element-048e19b checkout-step elementor-widget__width-inherit elementor-widget-mobile__width-auto elementor-widget elementor-widget-heading\" data-id=\"048e19b\" data-element_type=\"widget\" data-e-type=\"widget\" data-widget_type=\"heading.default\">\n\t\t\t\t<div class=\"elementor-widget-container\">\n\t\t\t\t\t<h4 class=\"elementor-heading-title elementor-size-default\"><b>SLUTF\u00d6R BEST\u00c4LLNING<\/b><br>Slutf\u00f6r din best\u00e4llning<\/h4>\t\t\t\t<\/div>\n\t\t\t\t<\/div>\n\t\t\t\t\t<\/div>\n\t\t<\/div>\n\t\t\t\t<div class=\"elementor-column elementor-col-33 elementor-top-column elementor-element elementor-element-38861f2\" data-id=\"38861f2\" data-element_type=\"column\" data-e-type=\"column\">\n\t\t\t<div class=\"elementor-widget-wrap elementor-element-populated\">\n\t\t\t\t\t\t<div class=\"elementor-element elementor-element-9c75ef4 elementor-widget__width-inherit shop-stages-nbr elementor-widget elementor-widget-heading\" data-id=\"9c75ef4\" data-element_type=\"widget\" data-e-type=\"widget\" data-widget_type=\"heading.default\">\n\t\t\t\t<div class=\"elementor-widget-container\">\n\t\t\t\t\t<h2 class=\"elementor-heading-title elementor-size-default\">03<\/h2>\t\t\t\t<\/div>\n\t\t\t\t<\/div>\n\t\t\t\t<div class=\"elementor-element elementor-element-c3fd3ac checkout-step elementor-widget__width-inherit elementor-widget elementor-widget-heading\" data-id=\"c3fd3ac\" data-element_type=\"widget\" data-e-type=\"widget\" data-widget_type=\"heading.default\">\n\t\t\t\t<div class=\"elementor-widget-container\">\n\t\t\t\t\t<h4 class=\"elementor-heading-title elementor-size-default\"><b>F\u00c4RDIGST\u00c4LL BEST\u00c4LLNING<\/b><br>Se din ordersammanfattning<\/h4>\t\t\t\t<\/div>\n\t\t\t\t<\/div>\n\t\t\t\t\t<\/div>\n\t\t<\/div>\n\t\t\t\t\t<\/div>\n\t\t<\/section>\n\t\t\t\t<section class=\"elementor-section elementor-top-section elementor-element elementor-element-5a0a6b88 elementor-section-boxed elementor-section-height-default elementor-section-height-default\" data-id=\"5a0a6b88\" data-element_type=\"section\" data-e-type=\"section\" data-settings=\"{&quot;background_background&quot;:&quot;classic&quot;,&quot;jet_parallax_layout_list&quot;:[]}\">\n\t\t\t\t\t\t<div class=\"elementor-container elementor-column-gap-no\">\n\t\t\t\t\t<div class=\"elementor-column elementor-col-100 elementor-top-column elementor-element elementor-element-206c5f23\" data-id=\"206c5f23\" data-element_type=\"column\" data-e-type=\"column\">\n\t\t\t<div class=\"elementor-widget-wrap elementor-element-populated\">\n\t\t\t\t\t\t<div class=\"elementor-element elementor-element-5dcd03d e-cart-layout-one-column elementor-widget elementor-widget-woocommerce-cart\" data-id=\"5dcd03d\" data-element_type=\"widget\" data-e-type=\"widget\" data-settings=\"{&quot;update_cart_automatically&quot;:&quot;yes&quot;}\" data-widget_type=\"woocommerce-cart.default\">\n\t\t\t\t<div class=\"elementor-widget-container\">\n\t\t\t\t\t<div class=\"woocommerce\"><div class=\"woocommerce-notices-wrapper\"><\/div><div class=\"wc-empty-cart-message\">\n\t<div class=\"cart-empty woocommerce-info\" role=\"status\">\n\t\tHandlekurven din er tom.\t<\/div>\n<\/div>\t<p class=\"return-to-shop\">\n\t\t<a class=\"button wc-backward\" href=\"https:\/\/emasweden.com\/no\/produktsortiment\/\">\n\t\t\tTilbake til butikken\t\t<\/a>\n\t<\/p>\n<\/div>\t\t\t\t<\/div>\n\t\t\t\t<\/div>\n\t\t\t\t\t<\/div>\n\t\t<\/div>\n\t\t\t\t\t<\/div>\n\t\t<\/section>\n\t\t\t\t<\/div>\n\t\t","protected":false},"excerpt":{"rendered":"<p>01 VARUKORGF\u00e4rdigst\u00e4ll din order 02 SLUTF\u00d6R BEST\u00c4LLNINGSlutf\u00f6r din best\u00e4llning 03 F\u00c4RDIGST\u00c4LL BEST\u00c4LLNINGSe din ordersammanfattning &nbsp; &nbsp; Produkt Pris Antal Delsumma &times; Asfaltsk\u00e4rare B20 Frontmonterad &#8211; 450mm 16.600&nbsp;&#107;&#114; Asfaltsk\u00e4rare B20 Frontmonterad &#8211; 450mm m\u00e4ngd 16.600&nbsp;&#107;&#114; Varukorg totalt Delsumma 16.600&nbsp;&#107;&#114; Frakt Pallavgift (Ev. emballageavgift kan tillkomma) Frakt till Kullav\u00e4gen 45, 25452 Helsingborg. Summa 16.600&nbsp;&#107;&#114; Forts\u00e4tt till kassan<\/p>\n","protected":false},"author":246,"featured_media":0,"parent":0,"menu_order":0,"comment_status":"closed","ping_status":"closed","template":"","meta":{"_monsterinsights_skip_tracking":false,"_monsterinsights_sitenote_active":false,"_monsterinsights_sitenote_note":"","_monsterinsights_sitenote_category":0,"footnotes":""},"class_list":["post-13191","page","type-page","status-publish","hentry"],"yoast_head":"<!-- This site is optimized with the Yoast SEO plugin v27.5 - https:\/\/yoast.com\/product\/yoast-seo-wordpress\/ -->\n<title>Varukorg - EMA Sverige<\/title>\n<meta name=\"robots\" content=\"index, follow, max-snippet:-1, max-image-preview:large, max-video-preview:-1\" \/>\n<link rel=\"canonical\" href=\"https:\/\/emasweden.com\/no\/varukorg-2\/\" \/>\n<meta property=\"og:locale\" content=\"nb_NO\" \/>\n<meta property=\"og:type\" content=\"article\" \/>\n<meta property=\"og:title\" content=\"Varukorg - EMA Sverige\" \/>\n<meta property=\"og:description\" content=\"01 VARUKORGF\u00e4rdigst\u00e4ll din order 02 SLUTF\u00d6R BEST\u00c4LLNINGSlutf\u00f6r din best\u00e4llning 03 F\u00c4RDIGST\u00c4LL BEST\u00c4LLNINGSe din ordersammanfattning &nbsp; &nbsp; Produkt Pris Antal Delsumma &times; Asfaltsk\u00e4rare B20 Frontmonterad &#8211; 450mm 16.600&nbsp;&#107;&#114; Asfaltsk\u00e4rare B20 Frontmonterad &#8211; 450mm m\u00e4ngd 16.600&nbsp;&#107;&#114; Varukorg totalt Delsumma 16.600&nbsp;&#107;&#114; Frakt Pallavgift (Ev. emballageavgift kan tillkomma) Frakt till Kullav\u00e4gen 45, 25452 Helsingborg. Summa 16.600&nbsp;&#107;&#114; Forts\u00e4tt till kassan\" \/>\n<meta property=\"og:url\" content=\"https:\/\/emasweden.com\/no\/varukorg-2\/\" \/>\n<meta property=\"og:site_name\" content=\"EMA Sverige\" \/>\n<meta property=\"og:image\" content=\"https:\/\/emasweden.com\/wp-content\/uploads\/2021\/01\/07273005_1-400x300.jpg\" \/>\n<meta name=\"twitter:card\" content=\"summary_large_image\" \/>\n<script type=\"application\/ld+json\" class=\"yoast-schema-graph\">{\"@context\":\"https:\\\/\\\/schema.org\",\"@graph\":[{\"@type\":\"WebPage\",\"@id\":\"https:\\\/\\\/emasweden.com\\\/no\\\/varukorg-2\\\/\",\"url\":\"https:\\\/\\\/emasweden.com\\\/no\\\/varukorg-2\\\/\",\"name\":\"Varukorg - EMA Sverige\",\"isPartOf\":{\"@id\":\"https:\\\/\\\/emasweden.com\\\/no\\\/#website\"},\"primaryImageOfPage\":{\"@id\":\"https:\\\/\\\/emasweden.com\\\/no\\\/varukorg-2\\\/#primaryimage\"},\"image\":{\"@id\":\"https:\\\/\\\/emasweden.com\\\/no\\\/varukorg-2\\\/#primaryimage\"},\"thumbnailUrl\":\"https:\\\/\\\/emasweden.com\\\/wp-content\\\/uploads\\\/2021\\\/01\\\/07273005_1-400x300.jpg\",\"datePublished\":\"2022-12-22T13:14:41+00:00\",\"breadcrumb\":{\"@id\":\"https:\\\/\\\/emasweden.com\\\/no\\\/varukorg-2\\\/#breadcrumb\"},\"inLanguage\":\"nb-NO\",\"potentialAction\":[{\"@type\":\"ReadAction\",\"target\":[\"https:\\\/\\\/emasweden.com\\\/no\\\/varukorg-2\\\/\"]}]},{\"@type\":\"ImageObject\",\"inLanguage\":\"nb-NO\",\"@id\":\"https:\\\/\\\/emasweden.com\\\/no\\\/varukorg-2\\\/#primaryimage\",\"url\":\"https:\\\/\\\/emasweden.com\\\/wp-content\\\/uploads\\\/2021\\\/01\\\/07273005_1-400x300.jpg\",\"contentUrl\":\"https:\\\/\\\/emasweden.com\\\/wp-content\\\/uploads\\\/2021\\\/01\\\/07273005_1-400x300.jpg\"},{\"@type\":\"BreadcrumbList\",\"@id\":\"https:\\\/\\\/emasweden.com\\\/no\\\/varukorg-2\\\/#breadcrumb\",\"itemListElement\":[{\"@type\":\"ListItem\",\"position\":1,\"name\":\"Hjem\",\"item\":\"https:\\\/\\\/emasweden.com\\\/no\\\/\"},{\"@type\":\"ListItem\",\"position\":2,\"name\":\"Varukorg\"}]},{\"@type\":\"WebSite\",\"@id\":\"https:\\\/\\\/emasweden.com\\\/no\\\/#website\",\"url\":\"https:\\\/\\\/emasweden.com\\\/no\\\/\",\"name\":\"EMA Sverige\",\"description\":\"\",\"potentialAction\":[{\"@type\":\"SearchAction\",\"target\":{\"@type\":\"EntryPoint\",\"urlTemplate\":\"https:\\\/\\\/emasweden.com\\\/no\\\/?s={search_term_string}\"},\"query-input\":{\"@type\":\"PropertyValueSpecification\",\"valueRequired\":true,\"valueName\":\"search_term_string\"}}],\"inLanguage\":\"nb-NO\"}]}<\/script>\n<!-- \/ Yoast SEO plugin. -->","yoast_head_json":{"title":"Varukorg - EMA Sverige","robots":{"index":"index","follow":"follow","max-snippet":"max-snippet:-1","max-image-preview":"max-image-preview:large","max-video-preview":"max-video-preview:-1"},"canonical":"https:\/\/emasweden.com\/no\/varukorg-2\/","og_locale":"nb_NO","og_type":"article","og_title":"Varukorg - EMA Sverige","og_description":"01 VARUKORGF\u00e4rdigst\u00e4ll din order 02 SLUTF\u00d6R BEST\u00c4LLNINGSlutf\u00f6r din best\u00e4llning 03 F\u00c4RDIGST\u00c4LL BEST\u00c4LLNINGSe din ordersammanfattning &nbsp; &nbsp; Produkt Pris Antal Delsumma &times; Asfaltsk\u00e4rare B20 Frontmonterad &#8211; 450mm 16.600&nbsp;&#107;&#114; Asfaltsk\u00e4rare B20 Frontmonterad &#8211; 450mm m\u00e4ngd 16.600&nbsp;&#107;&#114; Varukorg totalt Delsumma 16.600&nbsp;&#107;&#114; Frakt Pallavgift (Ev. emballageavgift kan tillkomma) Frakt till Kullav\u00e4gen 45, 25452 Helsingborg. Summa 16.600&nbsp;&#107;&#114; Forts\u00e4tt till kassan","og_url":"https:\/\/emasweden.com\/no\/varukorg-2\/","og_site_name":"EMA Sverige","og_image":[{"url":"https:\/\/emasweden.com\/wp-content\/uploads\/2021\/01\/07273005_1-400x300.jpg","type":"","width":"","height":""}],"twitter_card":"summary_large_image","schema":{"@context":"https:\/\/schema.org","@graph":[{"@type":"WebPage","@id":"https:\/\/emasweden.com\/no\/varukorg-2\/","url":"https:\/\/emasweden.com\/no\/varukorg-2\/","name":"Varukorg - EMA Sverige","isPartOf":{"@id":"https:\/\/emasweden.com\/no\/#website"},"primaryImageOfPage":{"@id":"https:\/\/emasweden.com\/no\/varukorg-2\/#primaryimage"},"image":{"@id":"https:\/\/emasweden.com\/no\/varukorg-2\/#primaryimage"},"thumbnailUrl":"https:\/\/emasweden.com\/wp-content\/uploads\/2021\/01\/07273005_1-400x300.jpg","datePublished":"2022-12-22T13:14:41+00:00","breadcrumb":{"@id":"https:\/\/emasweden.com\/no\/varukorg-2\/#breadcrumb"},"inLanguage":"nb-NO","potentialAction":[{"@type":"ReadAction","target":["https:\/\/emasweden.com\/no\/varukorg-2\/"]}]},{"@type":"ImageObject","inLanguage":"nb-NO","@id":"https:\/\/emasweden.com\/no\/varukorg-2\/#primaryimage","url":"https:\/\/emasweden.com\/wp-content\/uploads\/2021\/01\/07273005_1-400x300.jpg","contentUrl":"https:\/\/emasweden.com\/wp-content\/uploads\/2021\/01\/07273005_1-400x300.jpg"},{"@type":"BreadcrumbList","@id":"https:\/\/emasweden.com\/no\/varukorg-2\/#breadcrumb","itemListElement":[{"@type":"ListItem","position":1,"name":"Hjem","item":"https:\/\/emasweden.com\/no\/"},{"@type":"ListItem","position":2,"name":"Varukorg"}]},{"@type":"WebSite","@id":"https:\/\/emasweden.com\/no\/#website","url":"https:\/\/emasweden.com\/no\/","name":"EMA Sverige","description":"","potentialAction":[{"@type":"SearchAction","target":{"@type":"EntryPoint","urlTemplate":"https:\/\/emasweden.com\/no\/?s={search_term_string}"},"query-input":{"@type":"PropertyValueSpecification","valueRequired":true,"valueName":"search_term_string"}}],"inLanguage":"nb-NO"}]}},"_links":{"self":[{"href":"https:\/\/emasweden.com\/no\/wp-json\/wp\/v2\/pages\/13191","targetHints":{"allow":["GET"]}}],"collection":[{"href":"https:\/\/emasweden.com\/no\/wp-json\/wp\/v2\/pages"}],"about":[{"href":"https:\/\/emasweden.com\/no\/wp-json\/wp\/v2\/types\/page"}],"author":[{"embeddable":true,"href":"https:\/\/emasweden.com\/no\/wp-json\/wp\/v2\/users\/246"}],"replies":[{"embeddable":true,"href":"https:\/\/emasweden.com\/no\/wp-json\/wp\/v2\/comments?post=13191"}],"version-history":[{"count":0,"href":"https:\/\/emasweden.com\/no\/wp-json\/wp\/v2\/pages\/13191\/revisions"}],"wp:attachment":[{"href":"https:\/\/emasweden.com\/no\/wp-json\/wp\/v2\/media?parent=13191"}],"curies":[{"name":"wp","href":"https:\/\/api.w.org\/{rel}","templated":true}]}}