{"id":19397,"date":"2023-01-22T13:40:23","date_gmt":"2023-01-22T12:40:23","guid":{"rendered":"https:\/\/emasweden.com\/ema-core\/"},"modified":"2026-04-08T13:30:25","modified_gmt":"2026-04-08T11:30:25","slug":"ema-core","status":"publish","type":"page","link":"https:\/\/emasweden.com\/no\/ema-core\/","title":{"rendered":"EMA Core"},"content":{"rendered":"\t\t<div data-elementor-type=\"wp-page\" data-elementor-id=\"19397\" class=\"elementor elementor-19397 elementor-13551\" data-elementor-post-type=\"page\">\n\t\t\t\t\t\t<section class=\"elementor-section elementor-top-section elementor-element elementor-element-1ec5388b elementor-section-boxed elementor-section-height-default elementor-section-height-default\" data-id=\"1ec5388b\" data-element_type=\"section\" data-e-type=\"section\" data-settings=\"{&quot;background_background&quot;:&quot;classic&quot;,&quot;jet_parallax_layout_list&quot;:[]}\">\n\t\t\t\t\t\t<div class=\"elementor-container elementor-column-gap-no\">\n\t\t\t\t\t<div class=\"elementor-column elementor-col-100 elementor-top-column elementor-element elementor-element-43ed1269\" data-id=\"43ed1269\" data-element_type=\"column\" data-e-type=\"column\">\n\t\t\t<div class=\"elementor-widget-wrap elementor-element-populated\">\n\t\t\t\t\t\t<div class=\"elementor-element elementor-element-544d7594 elementor-widget elementor-widget-heading\" data-id=\"544d7594\" data-element_type=\"widget\" data-e-type=\"widget\" data-widget_type=\"heading.default\">\n\t\t\t\t<div class=\"elementor-widget-container\">\n\t\t\t\t\t<h2 class=\"elementor-heading-title elementor-size-default\">EMA Core<\/h2>\t\t\t\t<\/div>\n\t\t\t\t<\/div>\n\t\t\t\t<div class=\"elementor-element elementor-element-1ac5b5f5 elementor-widget elementor-widget-woocommerce-breadcrumb\" data-id=\"1ac5b5f5\" data-element_type=\"widget\" data-e-type=\"widget\" data-widget_type=\"woocommerce-breadcrumb.default\">\n\t\t\t\t<div class=\"elementor-widget-container\">\n\t\t\t\t\t<nav class=\"woocommerce-breadcrumb\" aria-label=\"Breadcrumb\">Hjem<\/nav>\t\t\t\t<\/div>\n\t\t\t\t<\/div>\n\t\t\t\t\t<\/div>\n\t\t<\/div>\n\t\t\t\t\t<\/div>\n\t\t<\/section>\n\t\t\t\t<section class=\"elementor-section elementor-top-section elementor-element elementor-element-7fcb1f02 elementor-section-boxed elementor-section-height-default elementor-section-height-default\" data-id=\"7fcb1f02\" data-element_type=\"section\" data-e-type=\"section\" data-settings=\"{&quot;background_background&quot;:&quot;classic&quot;,&quot;jet_parallax_layout_list&quot;:[]}\">\n\t\t\t\t\t\t\t<div class=\"elementor-background-overlay\"><\/div>\n\t\t\t\t\t\t\t<div class=\"elementor-container elementor-column-gap-no\">\n\t\t\t\t\t<div class=\"elementor-column elementor-col-25 elementor-top-column elementor-element elementor-element-68523085\" data-id=\"68523085\" data-element_type=\"column\" data-e-type=\"column\">\n\t\t\t<div class=\"elementor-widget-wrap elementor-element-populated\">\n\t\t\t\t\t\t<div class=\"elementor-element elementor-element-1f0017b3 elementor-widget elementor-widget-heading\" data-id=\"1f0017b3\" data-element_type=\"widget\" data-e-type=\"widget\" data-widget_type=\"heading.default\">\n\t\t\t\t<div class=\"elementor-widget-container\">\n\t\t\t\t\t<h2 class=\"elementor-heading-title elementor-size-default\">VARF\u00d6R EMA<br>\n<span class=\"accent-text\">CORE?<\/span><\/h2>\t\t\t\t<\/div>\n\t\t\t\t<\/div>\n\t\t\t\t<div class=\"elementor-element elementor-element-76a4d06c ema-sub-menu elementor-widget__width-auto elementor-hidden-mobile elementor-widget elementor-widget-heading\" data-id=\"76a4d06c\" data-element_type=\"widget\" data-e-type=\"widget\" data-widget_type=\"heading.default\">\n\t\t\t\t<div class=\"elementor-widget-container\">\n\t\t\t\t\t<h2 class=\"elementor-heading-title elementor-size-default\">V\u00c4X MED EMA CORE<\/h2>\t\t\t\t<\/div>\n\t\t\t\t<\/div>\n\t\t\t\t<div class=\"elementor-element elementor-element-24fff350 elementor-widget elementor-widget-text-editor\" data-id=\"24fff350\" data-element_type=\"widget\" data-e-type=\"widget\" data-widget_type=\"text-editor.default\">\n\t\t\t\t<div class=\"elementor-widget-container\">\n\t\t\t\t\t\t\t\t\t<p>Uppt\u00e4ck framtidens entreprenadutrustning med EMA Core! V\u00e5r senaste innovation<br \/>\u00e4r h\u00e4r f\u00f6r att f\u00f6r\u00e4ndra spelplanen inom entreprenadsutrustning. EMA Core \u00e4r det<br \/>perfekta valet f\u00f6r dig som s\u00f6ker en p\u00e5litlig och kostnadseffektiv l\u00f6sning med fokus<br \/>p\u00e5 smidighet och prestanda. Detta \u00e4r EMA Core!<\/p><p>EMA Core representerar n\u00e4sta steg i utvecklingen av entreprenadutrustning fr\u00e5n EMA. Genom att v\u00e4lja EMA Core f\u00e5r du inte bara tillg\u00e5ng till p\u00e5litliga och kostnads-<br \/>effektiva produkter, utan ocks\u00e5 redskap som \u00e4r utformade f\u00f6r att optimera och f\u00f6r-<br \/>enkla din vardag! Med fokus p\u00e5 smidighet och prestanda, \u00e4r EMA Core det perfekta valet f\u00f6r att minska driftkostnaderna.<\/p>\t\t\t\t\t\t\t\t<\/div>\n\t\t\t\t<\/div>\n\t\t\t\t<div class=\"elementor-element elementor-element-cd0765a elementor-widget__width-auto elementor-mobile-align-justify elementor-widget-mobile__width-inherit elementor-widget elementor-widget-button\" data-id=\"cd0765a\" data-element_type=\"widget\" data-e-type=\"widget\" data-widget_type=\"button.default\">\n\t\t\t\t<div class=\"elementor-widget-container\">\n\t\t\t\t\t\t\t\t\t<div class=\"elementor-button-wrapper\">\n\t\t\t\t\t<a class=\"elementor-button elementor-button-link elementor-size-sm\" href=\"#core-products\" target=\"_blank\">\n\t\t\t\t\t\t<span class=\"elementor-button-content-wrapper\">\n\t\t\t\t\t\t\t\t\t<span class=\"elementor-button-text\">SE V\u00c5RA CORE SKOPOR<\/span>\n\t\t\t\t\t<\/span>\n\t\t\t\t\t<\/a>\n\t\t\t\t<\/div>\n\t\t\t\t\t\t\t\t<\/div>\n\t\t\t\t<\/div>\n\t\t\t\t\t<\/div>\n\t\t<\/div>\n\t\t\t\t<div class=\"elementor-column elementor-col-25 elementor-top-column elementor-element elementor-element-534574d elementor-hidden-tablet elementor-hidden-mobile\" data-id=\"534574d\" data-element_type=\"column\" data-e-type=\"column\">\n\t\t\t<div class=\"elementor-widget-wrap elementor-element-populated\">\n\t\t\t\t\t\t<div class=\"elementor-element elementor-element-ee92577 elementor-widget elementor-widget-image\" data-id=\"ee92577\" data-element_type=\"widget\" data-e-type=\"widget\" data-widget_type=\"image.default\">\n\t\t\t\t<div class=\"elementor-widget-container\">\n\t\t\t\t\t\t\t\t\t\t\t\t\t\t\t<img decoding=\"async\" width=\"1\" height=\"1\" src=\"https:\/\/emasweden.com\/wp-content\/uploads\/2024\/05\/ema-core_logotyp.svg\" class=\"attachment-large size-large wp-image-15788\" alt=\"\" \/>\t\t\t\t\t\t\t\t\t\t\t\t\t\t\t<\/div>\n\t\t\t\t<\/div>\n\t\t\t\t\t<\/div>\n\t\t<\/div>\n\t\t\t\t<div class=\"elementor-column elementor-col-25 elementor-top-column elementor-element elementor-element-50061726\" data-id=\"50061726\" data-element_type=\"column\" data-e-type=\"column\" data-settings=\"{&quot;background_background&quot;:&quot;classic&quot;}\">\n\t\t\t<div class=\"elementor-widget-wrap\">\n\t\t\t\t\t\t\t<\/div>\n\t\t<\/div>\n\t\t\t\t<div class=\"elementor-column elementor-col-25 elementor-top-column elementor-element elementor-element-d3c0e3e\" data-id=\"d3c0e3e\" data-element_type=\"column\" data-e-type=\"column\">\n\t\t\t<div class=\"elementor-widget-wrap elementor-element-populated\">\n\t\t\t\t\t\t<div class=\"elementor-element elementor-element-edf25c9 elementor-widget elementor-widget-heading\" data-id=\"edf25c9\" data-element_type=\"widget\" data-e-type=\"widget\" data-widget_type=\"heading.default\">\n\t\t\t\t<div class=\"elementor-widget-container\">\n\t\t\t\t\t<h2 class=\"elementor-heading-title elementor-size-default\">LIVSL\u00c4NGD MED \n<span class=\"accent-text\">R\u00c4TT<\/span> MATERIAL<\/h2>\t\t\t\t<\/div>\n\t\t\t\t<\/div>\n\t\t\t\t<div class=\"elementor-element elementor-element-4f0351c elementor-widget elementor-widget-text-editor\" data-id=\"4f0351c\" data-element_type=\"widget\" data-e-type=\"widget\" data-widget_type=\"text-editor.default\">\n\t\t\t\t<div class=\"elementor-widget-container\">\n\t\t\t\t\t\t\t\t\t<p>Slitstyrkan i produkterna \u00e4r en stor nyckelfaktor f\u00f6r l\u00f6nsamhet. D\u00e4rf\u00f6r byggds EMA Core i material som innehar en Brinellh\u00e5rhet av HB450.<\/p><p>En skopa tillverkad i ett material med h\u00f6g Brinellh\u00e5rdhet (HB) garanterar en god\u00a0h\u00e5llbarhet och motst\u00e5r slitage under de mest kr\u00e4vande f\u00f6rh\u00e5llandena.<\/p><p>Med en l\u00e4ngre livsl\u00e4ngd och minskat behov av reparationer sparar du b\u00e5de tid och<br \/>pengar, samtidigt som du kan fokusera p\u00e5 att f\u00e5 jobbet gjort.<\/p>\t\t\t\t\t\t\t\t<\/div>\n\t\t\t\t<\/div>\n\t\t\t\t\t<\/div>\n\t\t<\/div>\n\t\t\t\t\t<\/div>\n\t\t<\/section>\n\t\t\t\t<section class=\"elementor-section elementor-top-section elementor-element elementor-element-3dee8375 section-flex elementor-section-boxed elementor-section-height-default elementor-section-height-default\" data-id=\"3dee8375\" data-element_type=\"section\" data-e-type=\"section\" id=\"core-products\" data-settings=\"{&quot;background_background&quot;:&quot;classic&quot;,&quot;jet_parallax_layout_list&quot;:[]}\">\n\t\t\t\t\t\t<div class=\"elementor-container elementor-column-gap-no\">\n\t\t\t\t\t<div class=\"elementor-column elementor-col-100 elementor-top-column elementor-element elementor-element-866c9da\" data-id=\"866c9da\" data-element_type=\"column\" data-e-type=\"column\">\n\t\t\t<div class=\"elementor-widget-wrap elementor-element-populated\">\n\t\t\t\t\t\t<div class=\"elementor-element elementor-element-aba20a0 elementor-widget elementor-widget-heading\" data-id=\"aba20a0\" data-element_type=\"widget\" data-e-type=\"widget\" data-widget_type=\"heading.default\">\n\t\t\t\t<div class=\"elementor-widget-container\">\n\t\t\t\t\t<h2 class=\"elementor-heading-title elementor-size-default\">Ett urval av v\u00e5ra CORE produkter<\/h2>\t\t\t\t<\/div>\n\t\t\t\t<\/div>\n\t\t\t\t<div class=\"elementor-element elementor-element-5150fda elementor-widget__width-inherit elementor-mobile-align-justify elementor-widget-mobile__width-inherit elementor-align-justify elementor-widget elementor-widget-button\" data-id=\"5150fda\" data-element_type=\"widget\" data-e-type=\"widget\" data-widget_type=\"button.default\">\n\t\t\t\t<div class=\"elementor-widget-container\">\n\t\t\t\t\t\t\t\t\t<div class=\"elementor-button-wrapper\">\n\t\t\t\t\t<a class=\"elementor-button elementor-button-link elementor-size-sm\" href=\"\/produkt-tagg\/core\" target=\"_blank\">\n\t\t\t\t\t\t<span class=\"elementor-button-content-wrapper\">\n\t\t\t\t\t\t\t\t\t<span class=\"elementor-button-text\">SE ALLA PRODUKTER<\/span>\n\t\t\t\t\t<\/span>\n\t\t\t\t\t<\/a>\n\t\t\t\t<\/div>\n\t\t\t\t\t\t\t\t<\/div>\n\t\t\t\t<\/div>\n\t\t\t\t\t<\/div>\n\t\t<\/div>\n\t\t\t\t\t<\/div>\n\t\t<\/section>\n\t\t\t\t<\/div>\n\t\t","protected":false},"excerpt":{"rendered":"<p>EMA Core VARF\u00d6R EMA CORE? V\u00c4X MED EMA CORE Uppt\u00e4ck framtidens entreprenadutrustning med EMA Core! V\u00e5r senaste innovation\u00e4r h\u00e4r f\u00f6r att f\u00f6r\u00e4ndra spelplanen inom entreprenadsutrustning. EMA Core \u00e4r detperfekta valet f\u00f6r dig som s\u00f6ker en p\u00e5litlig och kostnadseffektiv l\u00f6sning med fokusp\u00e5 smidighet och prestanda. Detta \u00e4r EMA Core! EMA Core representerar n\u00e4sta steg i utvecklingen [&hellip;]<\/p>\n","protected":false},"author":177,"featured_media":0,"parent":0,"menu_order":0,"comment_status":"closed","ping_status":"closed","template":"","meta":{"_monsterinsights_skip_tracking":false,"_monsterinsights_sitenote_active":false,"_monsterinsights_sitenote_note":"","_monsterinsights_sitenote_category":0,"footnotes":""},"class_list":["post-19397","page","type-page","status-publish","hentry"],"yoast_head":"<!-- This site is optimized with the Yoast SEO plugin v27.3 - https:\/\/yoast.com\/product\/yoast-seo-wordpress\/ -->\n<title>EMA Core - EMA Sverige<\/title>\n<meta name=\"robots\" content=\"noindex, follow\" \/>\n<meta property=\"og:locale\" content=\"nb_NO\" \/>\n<meta property=\"og:type\" content=\"article\" \/>\n<meta property=\"og:title\" content=\"EMA Core - EMA Sverige\" \/>\n<meta property=\"og:description\" content=\"EMA Core VARF\u00d6R EMA CORE? V\u00c4X MED EMA CORE Uppt\u00e4ck framtidens entreprenadutrustning med EMA Core! V\u00e5r senaste innovation\u00e4r h\u00e4r f\u00f6r att f\u00f6r\u00e4ndra spelplanen inom entreprenadsutrustning. EMA Core \u00e4r detperfekta valet f\u00f6r dig som s\u00f6ker en p\u00e5litlig och kostnadseffektiv l\u00f6sning med fokusp\u00e5 smidighet och prestanda. Detta \u00e4r EMA Core! EMA Core representerar n\u00e4sta steg i utvecklingen [&hellip;]\" \/>\n<meta property=\"og:url\" content=\"https:\/\/emasweden.com\/no\/ema-core\/\" \/>\n<meta property=\"og:site_name\" content=\"EMA Sverige\" \/>\n<meta property=\"article:modified_time\" content=\"2026-04-08T11:30:25+00:00\" \/>\n<meta property=\"og:image\" content=\"https:\/\/emasweden.com\/wp-content\/uploads\/2024\/05\/ema-core_logotyp.svg\" \/>\n<meta name=\"twitter:card\" content=\"summary_large_image\" \/>\n<meta name=\"twitter:label1\" content=\"Ansl. lesetid\" \/>\n\t<meta name=\"twitter:data1\" content=\"1 minutt\" \/>\n<script type=\"application\/ld+json\" class=\"yoast-schema-graph\">{\"@context\":\"https:\\\/\\\/schema.org\",\"@graph\":[{\"@type\":\"WebPage\",\"@id\":\"https:\\\/\\\/emasweden.com\\\/no\\\/ema-core\\\/\",\"url\":\"https:\\\/\\\/emasweden.com\\\/no\\\/ema-core\\\/\",\"name\":\"EMA Core - EMA Sverige\",\"isPartOf\":{\"@id\":\"https:\\\/\\\/emasweden.com\\\/no\\\/#website\"},\"primaryImageOfPage\":{\"@id\":\"https:\\\/\\\/emasweden.com\\\/no\\\/ema-core\\\/#primaryimage\"},\"image\":{\"@id\":\"https:\\\/\\\/emasweden.com\\\/no\\\/ema-core\\\/#primaryimage\"},\"thumbnailUrl\":\"https:\\\/\\\/emasweden.com\\\/wp-content\\\/uploads\\\/2024\\\/05\\\/ema-core_logotyp.svg\",\"datePublished\":\"2023-01-22T12:40:23+00:00\",\"dateModified\":\"2026-04-08T11:30:25+00:00\",\"breadcrumb\":{\"@id\":\"https:\\\/\\\/emasweden.com\\\/no\\\/ema-core\\\/#breadcrumb\"},\"inLanguage\":\"nb-NO\",\"potentialAction\":[{\"@type\":\"ReadAction\",\"target\":[\"https:\\\/\\\/emasweden.com\\\/no\\\/ema-core\\\/\"]}]},{\"@type\":\"ImageObject\",\"inLanguage\":\"nb-NO\",\"@id\":\"https:\\\/\\\/emasweden.com\\\/no\\\/ema-core\\\/#primaryimage\",\"url\":\"https:\\\/\\\/emasweden.com\\\/wp-content\\\/uploads\\\/2024\\\/05\\\/ema-core_logotyp.svg\",\"contentUrl\":\"https:\\\/\\\/emasweden.com\\\/wp-content\\\/uploads\\\/2024\\\/05\\\/ema-core_logotyp.svg\"},{\"@type\":\"BreadcrumbList\",\"@id\":\"https:\\\/\\\/emasweden.com\\\/no\\\/ema-core\\\/#breadcrumb\",\"itemListElement\":[{\"@type\":\"ListItem\",\"position\":1,\"name\":\"Hjem\",\"item\":\"https:\\\/\\\/emasweden.com\\\/no\\\/\"},{\"@type\":\"ListItem\",\"position\":2,\"name\":\"EMA Core\"}]},{\"@type\":\"WebSite\",\"@id\":\"https:\\\/\\\/emasweden.com\\\/no\\\/#website\",\"url\":\"https:\\\/\\\/emasweden.com\\\/no\\\/\",\"name\":\"EMA Sverige\",\"description\":\"\",\"potentialAction\":[{\"@type\":\"SearchAction\",\"target\":{\"@type\":\"EntryPoint\",\"urlTemplate\":\"https:\\\/\\\/emasweden.com\\\/no\\\/?s={search_term_string}\"},\"query-input\":{\"@type\":\"PropertyValueSpecification\",\"valueRequired\":true,\"valueName\":\"search_term_string\"}}],\"inLanguage\":\"nb-NO\"}]}<\/script>\n<!-- \/ Yoast SEO plugin. -->","yoast_head_json":{"title":"EMA Core - EMA Sverige","robots":{"index":"noindex","follow":"follow"},"og_locale":"nb_NO","og_type":"article","og_title":"EMA Core - EMA Sverige","og_description":"EMA Core VARF\u00d6R EMA CORE? V\u00c4X MED EMA CORE Uppt\u00e4ck framtidens entreprenadutrustning med EMA Core! V\u00e5r senaste innovation\u00e4r h\u00e4r f\u00f6r att f\u00f6r\u00e4ndra spelplanen inom entreprenadsutrustning. EMA Core \u00e4r detperfekta valet f\u00f6r dig som s\u00f6ker en p\u00e5litlig och kostnadseffektiv l\u00f6sning med fokusp\u00e5 smidighet och prestanda. Detta \u00e4r EMA Core! EMA Core representerar n\u00e4sta steg i utvecklingen [&hellip;]","og_url":"https:\/\/emasweden.com\/no\/ema-core\/","og_site_name":"EMA Sverige","article_modified_time":"2026-04-08T11:30:25+00:00","og_image":[{"url":"https:\/\/emasweden.com\/wp-content\/uploads\/2024\/05\/ema-core_logotyp.svg","type":"","width":"","height":""}],"twitter_card":"summary_large_image","twitter_misc":{"Ansl. lesetid":"1 minutt"},"schema":{"@context":"https:\/\/schema.org","@graph":[{"@type":"WebPage","@id":"https:\/\/emasweden.com\/no\/ema-core\/","url":"https:\/\/emasweden.com\/no\/ema-core\/","name":"EMA Core - EMA Sverige","isPartOf":{"@id":"https:\/\/emasweden.com\/no\/#website"},"primaryImageOfPage":{"@id":"https:\/\/emasweden.com\/no\/ema-core\/#primaryimage"},"image":{"@id":"https:\/\/emasweden.com\/no\/ema-core\/#primaryimage"},"thumbnailUrl":"https:\/\/emasweden.com\/wp-content\/uploads\/2024\/05\/ema-core_logotyp.svg","datePublished":"2023-01-22T12:40:23+00:00","dateModified":"2026-04-08T11:30:25+00:00","breadcrumb":{"@id":"https:\/\/emasweden.com\/no\/ema-core\/#breadcrumb"},"inLanguage":"nb-NO","potentialAction":[{"@type":"ReadAction","target":["https:\/\/emasweden.com\/no\/ema-core\/"]}]},{"@type":"ImageObject","inLanguage":"nb-NO","@id":"https:\/\/emasweden.com\/no\/ema-core\/#primaryimage","url":"https:\/\/emasweden.com\/wp-content\/uploads\/2024\/05\/ema-core_logotyp.svg","contentUrl":"https:\/\/emasweden.com\/wp-content\/uploads\/2024\/05\/ema-core_logotyp.svg"},{"@type":"BreadcrumbList","@id":"https:\/\/emasweden.com\/no\/ema-core\/#breadcrumb","itemListElement":[{"@type":"ListItem","position":1,"name":"Hjem","item":"https:\/\/emasweden.com\/no\/"},{"@type":"ListItem","position":2,"name":"EMA Core"}]},{"@type":"WebSite","@id":"https:\/\/emasweden.com\/no\/#website","url":"https:\/\/emasweden.com\/no\/","name":"EMA Sverige","description":"","potentialAction":[{"@type":"SearchAction","target":{"@type":"EntryPoint","urlTemplate":"https:\/\/emasweden.com\/no\/?s={search_term_string}"},"query-input":{"@type":"PropertyValueSpecification","valueRequired":true,"valueName":"search_term_string"}}],"inLanguage":"nb-NO"}]}},"_links":{"self":[{"href":"https:\/\/emasweden.com\/no\/wp-json\/wp\/v2\/pages\/19397","targetHints":{"allow":["GET"]}}],"collection":[{"href":"https:\/\/emasweden.com\/no\/wp-json\/wp\/v2\/pages"}],"about":[{"href":"https:\/\/emasweden.com\/no\/wp-json\/wp\/v2\/types\/page"}],"author":[{"embeddable":true,"href":"https:\/\/emasweden.com\/no\/wp-json\/wp\/v2\/users\/177"}],"replies":[{"embeddable":true,"href":"https:\/\/emasweden.com\/no\/wp-json\/wp\/v2\/comments?post=19397"}],"version-history":[{"count":3,"href":"https:\/\/emasweden.com\/no\/wp-json\/wp\/v2\/pages\/19397\/revisions"}],"predecessor-version":[{"id":26115,"href":"https:\/\/emasweden.com\/no\/wp-json\/wp\/v2\/pages\/19397\/revisions\/26115"}],"wp:attachment":[{"href":"https:\/\/emasweden.com\/no\/wp-json\/wp\/v2\/media?parent=19397"}],"curies":[{"name":"wp","href":"https:\/\/api.w.org\/{rel}","templated":true}]}}